{"id":4808,"date":"2023-06-19T10:03:14","date_gmt":"2023-06-19T10:03:14","guid":{"rendered":"https:\/\/cologneweb.com\/AtelierThomasPlum\/?page_id=4808"},"modified":"2023-06-21T10:47:36","modified_gmt":"2023-06-21T10:47:36","slug":"kreuzweg-ii","status":"publish","type":"page","link":"https:\/\/cologneweb.com\/AtelierThomasPlum\/ueber-mich\/ausstellungen\/kreuzweg-ii\/","title":{"rendered":"Kreuzweg II"},"content":{"rendered":"\n<p class=\"has-light-gray-background-color has-background\"><a href=\"https:\/\/cologneweb.com\/AtelierThomasPlum\/ueber-mich\/ausstellungen\/\" data-type=\"page\" data-id=\"263\">Ausstellungen<\/a><\/p>\n\n\n\n<h3 class=\"wp-block-heading\">Kreuzweg. Vierzehn mal vertikal<\/h3>\n\n\n\n<h4 class=\"wp-block-heading\"><a href=\"https:\/\/wp.kkg-hoevi.de\/events\/kunstausstellung-thomas-plum-kreuzweg-vierzehn-mal-vertikal\/\" target=\"_blank\" rel=\"noreferrer noopener\">Kunstraum St. Theodor Signale aus H\u00f6Vi<\/a><\/h4>\n\n\n\n<p class=\"has-medium-font-size\">6. Mai bis 18. Juni 2023<\/p>\n\n\n\n<figure class=\"wp-block-image size-large\"><img decoding=\"async\" src=\"https:\/\/wp.kkg-hoevi.de\/wp-content\/uploads\/2020\/01\/Logo_Kath_Kirche_small.png\" alt=\"\"\/><\/figure>\n\n\n\n<p><a rel=\"noreferrer noopener\" href=\"https:\/\/wp.kkg-hoevi.de\/\" target=\"_blank\">Katholische Pfarrkirche St. Theodor<\/a><br>Burgstra\u00dfe 42<br>51103 K\u00f6ln (Vingst)<\/p>\n\n\n\n<figure class=\"wp-block-gallery has-nested-images columns-default is-cropped wp-block-gallery-1 is-layout-flex wp-block-gallery-is-layout-flex\">\n<figure class=\"wp-block-image size-large\"><a href=\"https:\/\/cologneweb.com\/AtelierThomasPlum\/wp-content\/uploads\/2023\/05\/IMG_5352-scaled.jpg\"><img loading=\"lazy\" decoding=\"async\" width=\"1024\" height=\"768\" data-id=\"4777\" src=\"https:\/\/cologneweb.com\/AtelierThomasPlum\/wp-content\/uploads\/2023\/05\/IMG_5352-1024x768.jpg\" alt=\"\" class=\"wp-image-4777\" srcset=\"https:\/\/cologneweb.com\/AtelierThomasPlum\/wp-content\/uploads\/2023\/05\/IMG_5352-1024x768.jpg 1024w, https:\/\/cologneweb.com\/AtelierThomasPlum\/wp-content\/uploads\/2023\/05\/IMG_5352-300x225.jpg 300w, https:\/\/cologneweb.com\/AtelierThomasPlum\/wp-content\/uploads\/2023\/05\/IMG_5352-768x576.jpg 768w, https:\/\/cologneweb.com\/AtelierThomasPlum\/wp-content\/uploads\/2023\/05\/IMG_5352-1536x1152.jpg 1536w, https:\/\/cologneweb.com\/AtelierThomasPlum\/wp-content\/uploads\/2023\/05\/IMG_5352-2048x1536.jpg 2048w, https:\/\/cologneweb.com\/AtelierThomasPlum\/wp-content\/uploads\/2023\/05\/IMG_5352-1200x900.jpg 1200w\" sizes=\"(max-width: 709px) 85vw, (max-width: 909px) 67vw, (max-width: 1362px) 62vw, 840px\" \/><\/a><\/figure>\n\n\n\n<figure class=\"wp-block-image size-large\"><a href=\"https:\/\/cologneweb.com\/AtelierThomasPlum\/wp-content\/uploads\/2023\/05\/IMG_5353-scaled.jpg\"><img loading=\"lazy\" decoding=\"async\" width=\"1024\" height=\"768\" data-id=\"4775\" src=\"https:\/\/cologneweb.com\/AtelierThomasPlum\/wp-content\/uploads\/2023\/05\/IMG_5353-1024x768.jpg\" alt=\"\" class=\"wp-image-4775\" srcset=\"https:\/\/cologneweb.com\/AtelierThomasPlum\/wp-content\/uploads\/2023\/05\/IMG_5353-1024x768.jpg 1024w, https:\/\/cologneweb.com\/AtelierThomasPlum\/wp-content\/uploads\/2023\/05\/IMG_5353-300x225.jpg 300w, https:\/\/cologneweb.com\/AtelierThomasPlum\/wp-content\/uploads\/2023\/05\/IMG_5353-768x576.jpg 768w, https:\/\/cologneweb.com\/AtelierThomasPlum\/wp-content\/uploads\/2023\/05\/IMG_5353-1536x1152.jpg 1536w, https:\/\/cologneweb.com\/AtelierThomasPlum\/wp-content\/uploads\/2023\/05\/IMG_5353-2048x1536.jpg 2048w, https:\/\/cologneweb.com\/AtelierThomasPlum\/wp-content\/uploads\/2023\/05\/IMG_5353-1200x900.jpg 1200w\" sizes=\"(max-width: 709px) 85vw, (max-width: 909px) 67vw, (max-width: 1362px) 62vw, 840px\" \/><\/a><\/figure>\n\n\n\n<figure class=\"wp-block-image size-large\"><a href=\"https:\/\/cologneweb.com\/AtelierThomasPlum\/wp-content\/uploads\/2023\/05\/IMG_5355-scaled.jpg\"><img loading=\"lazy\" decoding=\"async\" width=\"768\" height=\"1024\" data-id=\"4774\" src=\"https:\/\/cologneweb.com\/AtelierThomasPlum\/wp-content\/uploads\/2023\/05\/IMG_5355-768x1024.jpg\" alt=\"\" class=\"wp-image-4774\" srcset=\"https:\/\/cologneweb.com\/AtelierThomasPlum\/wp-content\/uploads\/2023\/05\/IMG_5355-768x1024.jpg 768w, https:\/\/cologneweb.com\/AtelierThomasPlum\/wp-content\/uploads\/2023\/05\/IMG_5355-225x300.jpg 225w, https:\/\/cologneweb.com\/AtelierThomasPlum\/wp-content\/uploads\/2023\/05\/IMG_5355-1152x1536.jpg 1152w, https:\/\/cologneweb.com\/AtelierThomasPlum\/wp-content\/uploads\/2023\/05\/IMG_5355-1536x2048.jpg 1536w, https:\/\/cologneweb.com\/AtelierThomasPlum\/wp-content\/uploads\/2023\/05\/IMG_5355-1200x1600.jpg 1200w, https:\/\/cologneweb.com\/AtelierThomasPlum\/wp-content\/uploads\/2023\/05\/IMG_5355-scaled.jpg 1920w\" sizes=\"(max-width: 768px) 85vw, 768px\" \/><\/a><\/figure>\n\n\n\n<figure class=\"wp-block-image size-large\"><a href=\"https:\/\/cologneweb.com\/AtelierThomasPlum\/wp-content\/uploads\/2023\/05\/IMG_5358-scaled.jpg\"><img loading=\"lazy\" decoding=\"async\" width=\"1024\" height=\"768\" data-id=\"4779\" src=\"https:\/\/cologneweb.com\/AtelierThomasPlum\/wp-content\/uploads\/2023\/05\/IMG_5358-1024x768.jpg\" alt=\"\" class=\"wp-image-4779\" srcset=\"https:\/\/cologneweb.com\/AtelierThomasPlum\/wp-content\/uploads\/2023\/05\/IMG_5358-1024x768.jpg 1024w, https:\/\/cologneweb.com\/AtelierThomasPlum\/wp-content\/uploads\/2023\/05\/IMG_5358-300x225.jpg 300w, https:\/\/cologneweb.com\/AtelierThomasPlum\/wp-content\/uploads\/2023\/05\/IMG_5358-768x576.jpg 768w, https:\/\/cologneweb.com\/AtelierThomasPlum\/wp-content\/uploads\/2023\/05\/IMG_5358-1536x1152.jpg 1536w, https:\/\/cologneweb.com\/AtelierThomasPlum\/wp-content\/uploads\/2023\/05\/IMG_5358-2048x1536.jpg 2048w, https:\/\/cologneweb.com\/AtelierThomasPlum\/wp-content\/uploads\/2023\/05\/IMG_5358-1200x900.jpg 1200w\" sizes=\"(max-width: 709px) 85vw, (max-width: 909px) 67vw, (max-width: 1362px) 62vw, 840px\" \/><\/a><\/figure>\n\n\n\n<figure class=\"wp-block-image size-large\"><a href=\"https:\/\/cologneweb.com\/AtelierThomasPlum\/wp-content\/uploads\/2023\/05\/IMG_5359-scaled.jpg\"><img loading=\"lazy\" decoding=\"async\" width=\"1024\" height=\"768\" data-id=\"4778\" src=\"https:\/\/cologneweb.com\/AtelierThomasPlum\/wp-content\/uploads\/2023\/05\/IMG_5359-1024x768.jpg\" alt=\"\" class=\"wp-image-4778\" srcset=\"https:\/\/cologneweb.com\/AtelierThomasPlum\/wp-content\/uploads\/2023\/05\/IMG_5359-1024x768.jpg 1024w, https:\/\/cologneweb.com\/AtelierThomasPlum\/wp-content\/uploads\/2023\/05\/IMG_5359-300x225.jpg 300w, https:\/\/cologneweb.com\/AtelierThomasPlum\/wp-content\/uploads\/2023\/05\/IMG_5359-768x576.jpg 768w, https:\/\/cologneweb.com\/AtelierThomasPlum\/wp-content\/uploads\/2023\/05\/IMG_5359-1536x1152.jpg 1536w, https:\/\/cologneweb.com\/AtelierThomasPlum\/wp-content\/uploads\/2023\/05\/IMG_5359-2048x1536.jpg 2048w, https:\/\/cologneweb.com\/AtelierThomasPlum\/wp-content\/uploads\/2023\/05\/IMG_5359-1200x900.jpg 1200w\" sizes=\"(max-width: 709px) 85vw, (max-width: 909px) 67vw, (max-width: 1362px) 62vw, 840px\" \/><\/a><\/figure>\n<\/figure>\n\n\n\n<figure class=\"wp-block-image size-large\"><a href=\"https:\/\/cologneweb.com\/AtelierThomasPlum\/malerei\/galerie\/vierzehn-mal-vertikal\/\"><img loading=\"lazy\" decoding=\"async\" width=\"1024\" height=\"146\" src=\"https:\/\/cologneweb.com\/AtelierThomasPlum\/wp-content\/uploads\/2020\/11\/vertikal-serie-4-1024x146.jpg\" alt=\"Eine Serie von 14 Hochformaten, Pigmente, Gummi arabicum auf Leinwand, je 100*50 cm, 2019-2020\nA series of 14 vertical formats, pigments, gum arabic on canvas, each 100*50 cm, 2019-2020\" class=\"wp-image-3020\" srcset=\"https:\/\/cologneweb.com\/AtelierThomasPlum\/wp-content\/uploads\/2020\/11\/vertikal-serie-4-1024x146.jpg 1024w, https:\/\/cologneweb.com\/AtelierThomasPlum\/wp-content\/uploads\/2020\/11\/vertikal-serie-4-300x43.jpg 300w, https:\/\/cologneweb.com\/AtelierThomasPlum\/wp-content\/uploads\/2020\/11\/vertikal-serie-4-768x109.jpg 768w, https:\/\/cologneweb.com\/AtelierThomasPlum\/wp-content\/uploads\/2020\/11\/vertikal-serie-4-1536x219.jpg 1536w, https:\/\/cologneweb.com\/AtelierThomasPlum\/wp-content\/uploads\/2020\/11\/vertikal-serie-4-2048x292.jpg 2048w, https:\/\/cologneweb.com\/AtelierThomasPlum\/wp-content\/uploads\/2020\/11\/vertikal-serie-4-1200x171.jpg 1200w\" sizes=\"(max-width: 709px) 85vw, (max-width: 909px) 67vw, (max-width: 1362px) 62vw, 840px\" \/><\/a><\/figure>\n\n\n\n<figure class=\"wp-block-image size-large\"><a href=\"https:\/\/cologneweb.com\/AtelierThomasPlum\/wp-content\/uploads\/2021\/01\/altar.jpg\"><img loading=\"lazy\" decoding=\"async\" width=\"1024\" height=\"766\" src=\"https:\/\/cologneweb.com\/AtelierThomasPlum\/wp-content\/uploads\/2021\/01\/altar-1024x766.jpg\" alt=\"[Retabel]\nVorderseite: Pigmente, Tusche, Gummi arabicum auf Lw.\nR\u00fcckseite: Pigmente (Caput Mortuum), Gummi arabicum auf Rupfen, Messing.\nMitteltafel 100*70 cm, Fl\u00fcgel je 100*30 cm. 2020\/2021\" class=\"wp-image-3350\" srcset=\"https:\/\/cologneweb.com\/AtelierThomasPlum\/wp-content\/uploads\/2021\/01\/altar-1024x766.jpg 1024w, https:\/\/cologneweb.com\/AtelierThomasPlum\/wp-content\/uploads\/2021\/01\/altar-300x224.jpg 300w, https:\/\/cologneweb.com\/AtelierThomasPlum\/wp-content\/uploads\/2021\/01\/altar-768x575.jpg 768w, https:\/\/cologneweb.com\/AtelierThomasPlum\/wp-content\/uploads\/2021\/01\/altar-1536x1149.jpg 1536w, https:\/\/cologneweb.com\/AtelierThomasPlum\/wp-content\/uploads\/2021\/01\/altar-2048x1532.jpg 2048w, https:\/\/cologneweb.com\/AtelierThomasPlum\/wp-content\/uploads\/2021\/01\/altar-1200x898.jpg 1200w\" sizes=\"(max-width: 709px) 85vw, (max-width: 909px) 67vw, (max-width: 1362px) 62vw, 840px\" \/><\/a><\/figure>\n\n\n\n<div data-wp-interactive=\"core\/file\" class=\"wp-block-file\"><object data-wp-bind--hidden=\"!state.hasPdfPreview\"  class=\"wp-block-file__embed\" data=\"https:\/\/cologneweb.com\/AbisZ\/wp-content\/uploads\/2023\/04\/Thomas-Plum-Flyer02.pdf\" type=\"application\/pdf\" style=\"width:100%;height:600px\" aria-label=\"Einbettung von Einbettung von Einladung..\"><\/object><a id=\"wp-block-file--media-9de25745-3398-4880-a91f-4f0fc920a59e\" href=\"https:\/\/cologneweb.com\/AbisZ\/wp-content\/uploads\/2023\/04\/Thomas-Plum-Flyer02.pdf\">Einladung<\/a><a href=\"https:\/\/cologneweb.com\/AbisZ\/wp-content\/uploads\/2023\/04\/Thomas-Plum-Flyer02.pdf\" class=\"wp-block-file__button\" download aria-describedby=\"wp-block-file--media-9de25745-3398-4880-a91f-4f0fc920a59e\">Herunterladen<\/a><\/div>\n\n\n\n<div data-wp-interactive=\"core\/file\" class=\"wp-block-file\"><object data-wp-bind--hidden=\"!state.hasPdfPreview\"  class=\"wp-block-file__embed\" data=\"https:\/\/cologneweb.com\/AtelierThomasPlum\/wp-content\/uploads\/2023\/05\/Einfuehrung_Kreuzweg_St.-Theodor.pdf\" type=\"application\/pdf\" style=\"width:100%;height:600px\" aria-label=\"Einbettung von Einbettung von Einf\u00fchrung in die Ausstellung &quot;Kreuzweg. Vierzehn mal vertikal.&quot;..\"><\/object><a id=\"wp-block-file--media-87803edb-a12c-4b5b-a6b9-d62a9f98e4cc\" href=\"https:\/\/cologneweb.com\/AtelierThomasPlum\/wp-content\/uploads\/2023\/05\/Einfuehrung_Kreuzweg_St.-Theodor.pdf\">Einf\u00fchrung in die Ausstellung &#8220;Kreuzweg. Vierzehn mal vertikal.&#8221;<\/a><a href=\"https:\/\/cologneweb.com\/AtelierThomasPlum\/wp-content\/uploads\/2023\/05\/Einfuehrung_Kreuzweg_St.-Theodor.pdf\" class=\"wp-block-file__button\" download aria-describedby=\"wp-block-file--media-87803edb-a12c-4b5b-a6b9-d62a9f98e4cc\">Herunterladen<\/a><\/div>\n\n\n\n<figure class=\"wp-block-image size-large\"><a href=\"https:\/\/cologneweb.com\/AtelierThomasPlum\/wp-content\/uploads\/2023\/05\/KR_2023.05.25.jpg\"><img loading=\"lazy\" decoding=\"async\" width=\"1024\" height=\"771\" src=\"https:\/\/cologneweb.com\/AtelierThomasPlum\/wp-content\/uploads\/2023\/05\/KR_2023.05.25-1024x771.jpg\" alt=\"K\u00f6lnische Rundschau 25.05.2023\" class=\"wp-image-4795\" srcset=\"https:\/\/cologneweb.com\/AtelierThomasPlum\/wp-content\/uploads\/2023\/05\/KR_2023.05.25-1024x771.jpg 1024w, https:\/\/cologneweb.com\/AtelierThomasPlum\/wp-content\/uploads\/2023\/05\/KR_2023.05.25-300x226.jpg 300w, https:\/\/cologneweb.com\/AtelierThomasPlum\/wp-content\/uploads\/2023\/05\/KR_2023.05.25-768x578.jpg 768w, https:\/\/cologneweb.com\/AtelierThomasPlum\/wp-content\/uploads\/2023\/05\/KR_2023.05.25-1536x1156.jpg 1536w, https:\/\/cologneweb.com\/AtelierThomasPlum\/wp-content\/uploads\/2023\/05\/KR_2023.05.25-2048x1541.jpg 2048w, https:\/\/cologneweb.com\/AtelierThomasPlum\/wp-content\/uploads\/2023\/05\/KR_2023.05.25-1200x903.jpg 1200w\" sizes=\"(max-width: 709px) 85vw, (max-width: 909px) 67vw, (max-width: 1362px) 62vw, 840px\" \/><\/a><figcaption>K\u00f6lnische Rundschau 25.05.2023<\/figcaption><\/figure>\n\n\n\n<div data-wp-interactive=\"core\/file\" class=\"wp-block-file\"><object data-wp-bind--hidden=\"!state.hasPdfPreview\"  class=\"wp-block-file__embed\" data=\"https:\/\/cologneweb.com\/AtelierThomasPlum\/wp-content\/uploads\/2023\/05\/KStA_2023.05.25.pdf\" type=\"application\/pdf\" style=\"width:100%;height:600px\" aria-label=\"Einbettung von Einbettung von K\u00f6lner Stadt-Anzeiger 25.05.2023..\"><\/object><a id=\"wp-block-file--media-75539338-6399-4800-80a2-125a0cf3870c\" href=\"https:\/\/cologneweb.com\/AtelierThomasPlum\/wp-content\/uploads\/2023\/05\/KStA_2023.05.25.pdf\">K\u00f6lner Stadt-Anzeiger 25.05.2023<\/a><a href=\"https:\/\/cologneweb.com\/AtelierThomasPlum\/wp-content\/uploads\/2023\/05\/KStA_2023.05.25.pdf\" class=\"wp-block-file__button\" download aria-describedby=\"wp-block-file--media-75539338-6399-4800-80a2-125a0cf3870c\">Herunterladen<\/a><\/div>\n","protected":false},"excerpt":{"rendered":"<p>Ausstellungen Kreuzweg. Vierzehn mal vertikal Kunstraum St. Theodor Signale aus H\u00f6Vi 6. Mai bis 18. Juni 2023 Katholische Pfarrkirche St. TheodorBurgstra\u00dfe 4251103 K\u00f6ln (Vingst)<\/p>\n","protected":false},"author":1,"featured_media":0,"parent":263,"menu_order":0,"comment_status":"closed","ping_status":"closed","template":"","meta":{"footnotes":""},"_links":{"self":[{"href":"https:\/\/cologneweb.com\/AtelierThomasPlum\/wp-json\/wp\/v2\/pages\/4808"}],"collection":[{"href":"https:\/\/cologneweb.com\/AtelierThomasPlum\/wp-json\/wp\/v2\/pages"}],"about":[{"href":"https:\/\/cologneweb.com\/AtelierThomasPlum\/wp-json\/wp\/v2\/types\/page"}],"author":[{"embeddable":true,"href":"https:\/\/cologneweb.com\/AtelierThomasPlum\/wp-json\/wp\/v2\/users\/1"}],"replies":[{"embeddable":true,"href":"https:\/\/cologneweb.com\/AtelierThomasPlum\/wp-json\/wp\/v2\/comments?post=4808"}],"version-history":[{"count":4,"href":"https:\/\/cologneweb.com\/AtelierThomasPlum\/wp-json\/wp\/v2\/pages\/4808\/revisions"}],"predecessor-version":[{"id":4815,"href":"https:\/\/cologneweb.com\/AtelierThomasPlum\/wp-json\/wp\/v2\/pages\/4808\/revisions\/4815"}],"up":[{"embeddable":true,"href":"https:\/\/cologneweb.com\/AtelierThomasPlum\/wp-json\/wp\/v2\/pages\/263"}],"wp:attachment":[{"href":"https:\/\/cologneweb.com\/AtelierThomasPlum\/wp-json\/wp\/v2\/media?parent=4808"}],"curies":[{"name":"wp","href":"https:\/\/api.w.org\/{rel}","templated":true}]}}