{"id":3291,"date":"2021-01-04T12:41:17","date_gmt":"2021-01-04T12:41:17","guid":{"rendered":"https:\/\/cologneweb.com\/AtelierThomasPlum\/?page_id=3291"},"modified":"2021-01-04T20:29:19","modified_gmt":"2021-01-04T20:29:19","slug":"grafik","status":"publish","type":"page","link":"https:\/\/cologneweb.com\/AtelierThomasPlum\/grafik\/","title":{"rendered":"Grafik"},"content":{"rendered":"\n<figure class=\"wp-block-image size-medium is-style-default\"><a href=\"https:\/\/cologneweb.com\/AtelierThomasPlum\/wp-content\/uploads\/2021\/01\/Linolschnitt_Auge-Kopie.jpg\"><img loading=\"lazy\" decoding=\"async\" width=\"300\" height=\"213\" src=\"https:\/\/cologneweb.com\/AtelierThomasPlum\/wp-content\/uploads\/2021\/01\/Linolschnitt_Auge-Kopie-300x213.jpg\" alt=\"\" class=\"wp-image-3280\" srcset=\"https:\/\/cologneweb.com\/AtelierThomasPlum\/wp-content\/uploads\/2021\/01\/Linolschnitt_Auge-Kopie-300x213.jpg 300w, https:\/\/cologneweb.com\/AtelierThomasPlum\/wp-content\/uploads\/2021\/01\/Linolschnitt_Auge-Kopie-1024x729.jpg 1024w, https:\/\/cologneweb.com\/AtelierThomasPlum\/wp-content\/uploads\/2021\/01\/Linolschnitt_Auge-Kopie-768x546.jpg 768w, https:\/\/cologneweb.com\/AtelierThomasPlum\/wp-content\/uploads\/2021\/01\/Linolschnitt_Auge-Kopie-1200x854.jpg 1200w, https:\/\/cologneweb.com\/AtelierThomasPlum\/wp-content\/uploads\/2021\/01\/Linolschnitt_Auge-Kopie.jpg 1407w\" sizes=\"(max-width: 300px) 85vw, 300px\" \/><\/a><figcaption>[Das Auge] Linoldruck, 7,8*11,8 cm, 1974<\/figcaption><\/figure>\n\n\n\n<figure class=\"wp-block-image size-medium is-style-default\"><a href=\"https:\/\/cologneweb.com\/AtelierThomasPlum\/wp-content\/uploads\/2021\/01\/Radierung_Schleierbaum1.jpg\"><img loading=\"lazy\" decoding=\"async\" width=\"230\" height=\"300\" src=\"https:\/\/cologneweb.com\/AtelierThomasPlum\/wp-content\/uploads\/2021\/01\/Radierung_Schleierbaum1-230x300.jpg\" alt=\"\" class=\"wp-image-3298\" srcset=\"https:\/\/cologneweb.com\/AtelierThomasPlum\/wp-content\/uploads\/2021\/01\/Radierung_Schleierbaum1-230x300.jpg 230w, https:\/\/cologneweb.com\/AtelierThomasPlum\/wp-content\/uploads\/2021\/01\/Radierung_Schleierbaum1.jpg 586w\" sizes=\"(max-width: 230px) 85vw, 230px\" \/><\/a><figcaption>[Schleierbaum], \u00c4tzradierung, 8,7*6,4 cm, 1975<\/figcaption><\/figure>\n\n\n\n<figure class=\"wp-block-image size-medium is-style-default\"><a href=\"https:\/\/cologneweb.com\/AtelierThomasPlum\/wp-content\/uploads\/2021\/01\/Radierung_Paar-Kopie.jpg\"><img loading=\"lazy\" decoding=\"async\" width=\"219\" height=\"300\" src=\"https:\/\/cologneweb.com\/AtelierThomasPlum\/wp-content\/uploads\/2021\/01\/Radierung_Paar-Kopie-219x300.jpg\" alt=\"\" class=\"wp-image-3281\" srcset=\"https:\/\/cologneweb.com\/AtelierThomasPlum\/wp-content\/uploads\/2021\/01\/Radierung_Paar-Kopie-219x300.jpg 219w, https:\/\/cologneweb.com\/AtelierThomasPlum\/wp-content\/uploads\/2021\/01\/Radierung_Paar-Kopie.jpg 452w\" sizes=\"(max-width: 219px) 85vw, 219px\" \/><\/a><figcaption>[Paar] \u00c4tzradierung, 6,1*4,2 cm, 1975<\/figcaption><\/figure>\n\n\n\n<figure class=\"wp-block-image size-medium is-style-default\"><a href=\"https:\/\/cologneweb.com\/AtelierThomasPlum\/wp-content\/uploads\/2021\/01\/Radierung_Zyklop-1.jpg\"><img loading=\"lazy\" decoding=\"async\" width=\"300\" height=\"239\" src=\"https:\/\/cologneweb.com\/AtelierThomasPlum\/wp-content\/uploads\/2021\/01\/Radierung_Zyklop-1-300x239.jpg\" alt=\"\" class=\"wp-image-3302\" srcset=\"https:\/\/cologneweb.com\/AtelierThomasPlum\/wp-content\/uploads\/2021\/01\/Radierung_Zyklop-1-300x239.jpg 300w, https:\/\/cologneweb.com\/AtelierThomasPlum\/wp-content\/uploads\/2021\/01\/Radierung_Zyklop-1.jpg 736w\" sizes=\"(max-width: 300px) 85vw, 300px\" \/><\/a><figcaption>[Zyklop] Kaltnadelradierung, 1,8*8,2 cm, 1976<\/figcaption><\/figure>\n\n\n\n<figure class=\"wp-block-image size-medium is-style-default\"><a href=\"https:\/\/cologneweb.com\/AtelierThomasPlum\/wp-content\/uploads\/2021\/01\/Radierung_OrientalischesPaar_Ausschnitt-Kopie.jpg\"><img loading=\"lazy\" decoding=\"async\" width=\"300\" height=\"214\" src=\"https:\/\/cologneweb.com\/AtelierThomasPlum\/wp-content\/uploads\/2021\/01\/Radierung_OrientalischesPaar_Ausschnitt-Kopie-300x214.jpg\" alt=\"\" class=\"wp-image-3282\" srcset=\"https:\/\/cologneweb.com\/AtelierThomasPlum\/wp-content\/uploads\/2021\/01\/Radierung_OrientalischesPaar_Ausschnitt-Kopie-300x214.jpg 300w, https:\/\/cologneweb.com\/AtelierThomasPlum\/wp-content\/uploads\/2021\/01\/Radierung_OrientalischesPaar_Ausschnitt-Kopie-768x547.jpg 768w, https:\/\/cologneweb.com\/AtelierThomasPlum\/wp-content\/uploads\/2021\/01\/Radierung_OrientalischesPaar_Ausschnitt-Kopie.jpg 1017w\" sizes=\"(max-width: 300px) 85vw, 300px\" \/><\/a><figcaption>[Orientalisches Paar] \u00c4tzradierung, 7,5*10,9 cm, 1975<\/figcaption><\/figure>\n\n\n\n<figure class=\"wp-block-image size-medium is-style-default\"><a href=\"https:\/\/cologneweb.com\/AtelierThomasPlum\/wp-content\/uploads\/2021\/01\/Radierung_Auge1.jpg\"><img loading=\"lazy\" decoding=\"async\" width=\"205\" height=\"300\" src=\"https:\/\/cologneweb.com\/AtelierThomasPlum\/wp-content\/uploads\/2021\/01\/Radierung_Auge1-205x300.jpg\" alt=\"\" class=\"wp-image-3299\" srcset=\"https:\/\/cologneweb.com\/AtelierThomasPlum\/wp-content\/uploads\/2021\/01\/Radierung_Auge1-205x300.jpg 205w, https:\/\/cologneweb.com\/AtelierThomasPlum\/wp-content\/uploads\/2021\/01\/Radierung_Auge1.jpg 508w\" sizes=\"(max-width: 205px) 85vw, 205px\" \/><\/a><figcaption>[Auge] \u00c4tzradierung, 7,8*5,2 cm, 1977<\/figcaption><\/figure>\n\n\n\n<figure class=\"wp-block-image size-medium is-style-default\"><a href=\"https:\/\/cologneweb.com\/AtelierThomasPlum\/wp-content\/uploads\/2021\/01\/Radierung_UnterWasser1.jpg\"><img loading=\"lazy\" decoding=\"async\" width=\"300\" height=\"210\" src=\"https:\/\/cologneweb.com\/AtelierThomasPlum\/wp-content\/uploads\/2021\/01\/Radierung_UnterWasser1-300x210.jpg\" alt=\"\" class=\"wp-image-3301\" srcset=\"https:\/\/cologneweb.com\/AtelierThomasPlum\/wp-content\/uploads\/2021\/01\/Radierung_UnterWasser1-300x210.jpg 300w, https:\/\/cologneweb.com\/AtelierThomasPlum\/wp-content\/uploads\/2021\/01\/Radierung_UnterWasser1-768x537.jpg 768w, https:\/\/cologneweb.com\/AtelierThomasPlum\/wp-content\/uploads\/2021\/01\/Radierung_UnterWasser1.jpg 1025w\" sizes=\"(max-width: 300px) 85vw, 300px\" \/><\/a><figcaption>[Unter Wasser] 7,8*12 cm, 1976\/77<\/figcaption><\/figure>\n\n\n\n<figure class=\"wp-block-image size-medium is-style-default\"><a href=\"https:\/\/cologneweb.com\/AtelierThomasPlum\/wp-content\/uploads\/2020\/04\/IMG_0085.jpg\"><img loading=\"lazy\" decoding=\"async\" width=\"200\" height=\"300\" src=\"https:\/\/cologneweb.com\/AtelierThomasPlum\/wp-content\/uploads\/2020\/04\/IMG_0085-200x300.jpg\" alt=\"\" class=\"wp-image-1836\" srcset=\"https:\/\/cologneweb.com\/AtelierThomasPlum\/wp-content\/uploads\/2020\/04\/IMG_0085-200x300.jpg 200w, https:\/\/cologneweb.com\/AtelierThomasPlum\/wp-content\/uploads\/2020\/04\/IMG_0085.jpg 640w\" sizes=\"(max-width: 200px) 85vw, 200px\" \/><\/a><figcaption>[Gr\u00e4ser mit Klatschmohn und G\u00e4nsebl\u00fcmchen] Digitalgrafik, 2013<\/figcaption><\/figure>\n\n\n\n<p><a href=\"https:\/\/cologneweb.com\/AtelierThomasPlum\/malerei\/galerie\/2000-2\/\">Mehr Digitalgrafiken<\/a><\/p>\n","protected":false},"excerpt":{"rendered":"<p>Mehr Digitalgrafiken<\/p>\n","protected":false},"author":1,"featured_media":0,"parent":0,"menu_order":0,"comment_status":"closed","ping_status":"closed","template":"","meta":{"footnotes":""},"_links":{"self":[{"href":"https:\/\/cologneweb.com\/AtelierThomasPlum\/wp-json\/wp\/v2\/pages\/3291"}],"collection":[{"href":"https:\/\/cologneweb.com\/AtelierThomasPlum\/wp-json\/wp\/v2\/pages"}],"about":[{"href":"https:\/\/cologneweb.com\/AtelierThomasPlum\/wp-json\/wp\/v2\/types\/page"}],"author":[{"embeddable":true,"href":"https:\/\/cologneweb.com\/AtelierThomasPlum\/wp-json\/wp\/v2\/users\/1"}],"replies":[{"embeddable":true,"href":"https:\/\/cologneweb.com\/AtelierThomasPlum\/wp-json\/wp\/v2\/comments?post=3291"}],"version-history":[{"count":7,"href":"https:\/\/cologneweb.com\/AtelierThomasPlum\/wp-json\/wp\/v2\/pages\/3291\/revisions"}],"predecessor-version":[{"id":3343,"href":"https:\/\/cologneweb.com\/AtelierThomasPlum\/wp-json\/wp\/v2\/pages\/3291\/revisions\/3343"}],"wp:attachment":[{"href":"https:\/\/cologneweb.com\/AtelierThomasPlum\/wp-json\/wp\/v2\/media?parent=3291"}],"curies":[{"name":"wp","href":"https:\/\/api.w.org\/{rel}","templated":true}]}}