{"id":3025,"date":"2020-11-19T11:51:13","date_gmt":"2020-11-19T11:51:13","guid":{"rendered":"https:\/\/cologneweb.com\/AtelierThomasPlum\/?page_id=3025"},"modified":"2022-11-22T11:35:14","modified_gmt":"2022-11-22T11:35:14","slug":"vierzehn-mal-vertikal","status":"publish","type":"page","link":"https:\/\/cologneweb.com\/AtelierThomasPlum\/malerei\/galerie\/vierzehn-mal-vertikal\/","title":{"rendered":"Vierzehn mal vertikal"},"content":{"rendered":"\n<p><a href=\"https:\/\/cologneweb.com\/AtelierThomasPlum\/neue-arbeiten\">Neue Arbeiten<\/a> | <a href=\"https:\/\/cologneweb.com\/AtelierThomasPlum\/malerei\/galerie\/\">Galerie<\/a><\/p>\n\n\n\n<hr class=\"wp-block-separator has-css-opacity\"\/>\n\n\n\n<figure class=\"wp-block-image size-large is-style-default\"><a href=\"https:\/\/cologneweb.com\/AtelierThomasPlum\/wp-content\/uploads\/2020\/11\/vertikal-serie-4-scaled.jpg\"><img loading=\"lazy\" decoding=\"async\" width=\"1024\" height=\"146\" src=\"https:\/\/cologneweb.com\/AtelierThomasPlum\/wp-content\/uploads\/2020\/11\/vertikal-serie-4-1024x146.jpg\" alt=\"\" class=\"wp-image-3020\" srcset=\"https:\/\/cologneweb.com\/AtelierThomasPlum\/wp-content\/uploads\/2020\/11\/vertikal-serie-4-1024x146.jpg 1024w, https:\/\/cologneweb.com\/AtelierThomasPlum\/wp-content\/uploads\/2020\/11\/vertikal-serie-4-300x43.jpg 300w, https:\/\/cologneweb.com\/AtelierThomasPlum\/wp-content\/uploads\/2020\/11\/vertikal-serie-4-768x109.jpg 768w, https:\/\/cologneweb.com\/AtelierThomasPlum\/wp-content\/uploads\/2020\/11\/vertikal-serie-4-1536x219.jpg 1536w, https:\/\/cologneweb.com\/AtelierThomasPlum\/wp-content\/uploads\/2020\/11\/vertikal-serie-4-2048x292.jpg 2048w, https:\/\/cologneweb.com\/AtelierThomasPlum\/wp-content\/uploads\/2020\/11\/vertikal-serie-4-1200x171.jpg 1200w\" sizes=\"(max-width: 709px) 85vw, (max-width: 909px) 67vw, (max-width: 1362px) 62vw, 840px\" \/><\/a><figcaption><em>Eine Serie von 14 Hochformaten, Pigmente, Gummi arabicum auf Leinwand, je 100 x 50 cm, 2019-2020<\/em><br>A series of 14 vertical formats, pigments, gum arabic on canvas, each 100 x 50 cm, 2019-2020<\/figcaption><\/figure>\n\n\n\n<blockquote class=\"wp-block-quote is-style-default is-layout-flow wp-block-quote-is-layout-flow\"><p>There is a crack, a crack, in everything.<br>That\u2019s how the light gets in.<\/p><cite><a href=\"https:\/\/youtu.be\/c8-BT6y_wYg\" target=\"_blank\" rel=\"noreferrer noopener\">Leonard Cohen<\/a><\/cite><\/blockquote>\n\n\n\n<blockquote class=\"wp-block-quote is-layout-flow wp-block-quote-is-layout-flow\"><p>Die Serie \u201eVierzehn mal vertikal\u201c [&#8230;] l\u00e4sst sich als Einladung zur Meditation verstehen. Weitgehend monochrom gehaltene hochformatige Farbfl\u00e4chen leiten den Blick in die Tiefenstruktur der Arbeiten. [&#8230;] Ein Netz aus Narben und Flecken f\u00fchrt ein betrachtendes Gegen\u00fcber ins je eigene Innere.<\/p><cite>Ass.-Prof. Mag. Dr.theol. Hans-Walter Ruckenbauer<br><a href=\"https:\/\/kunst-medien-theologie.uni-graz.at\/de\/zeitkunst-ausstellung-thomas-plum\/\">Institut f\u00fcr Philosophie an der Katholisch-Theologischen Fakult\u00e4t der Universit\u00e4t Graz<\/a><\/cite><\/blockquote>\n\n\n\n<p class=\"has-medium-gray-color has-light-gray-background-color has-text-color has-background\">Die Farbe wird in mehreren Durchg\u00e4ngen aufgetragen, wobei sich die unteren Schichten teilweise wieder abl\u00f6sen.<\/p>\n\n\n\n<p class=\"has-medium-gray-color has-light-gray-background-color has-text-color has-background\">Durch das Trocknen wird die Leinwand wie bei einer Trommel gespannt und die Farbfl\u00e4che rei\u00dft an vielen Stellen auf, bis ein feines Craquel\u00e9 wie ein Netz die gesamte Fl\u00e4che \u00fcberzieht. Oft ist der Vorgang erst nach mehreren Tagen abgeschlossen.<\/p>\n\n\n\n<p class=\"has-medium-gray-color has-light-gray-background-color has-text-color has-background\">Die fast monochrome Fl\u00e4che  erinnert an rissige Haut &#8211; nicht glatt und gef\u00e4llig, sondern \u00fcbers\u00e4t mit Narben und Flecken. <\/p>\n\n\n\n<figure class=\"wp-block-gallery has-nested-images columns-7 is-cropped wp-block-gallery-1 is-layout-flex wp-block-gallery-is-layout-flex\">\n<figure class=\"wp-block-image size-large\"><a href=\"https:\/\/cologneweb.com\/AtelierThomasPlum\/wp-content\/uploads\/2020\/11\/01_Titanweiss_Gelb_Vertikal-8.jpg\"><img loading=\"lazy\" decoding=\"async\" width=\"512\" height=\"1024\" data-id=\"3058\" src=\"https:\/\/cologneweb.com\/AtelierThomasPlum\/wp-content\/uploads\/2020\/11\/01_Titanweiss_Gelb_Vertikal-8-512x1024.jpg\" alt=\"01_Titanweiss_Gelb_Vertikal\" class=\"wp-image-3058\" srcset=\"https:\/\/cologneweb.com\/AtelierThomasPlum\/wp-content\/uploads\/2020\/11\/01_Titanweiss_Gelb_Vertikal-8-512x1024.jpg 512w, https:\/\/cologneweb.com\/AtelierThomasPlum\/wp-content\/uploads\/2020\/11\/01_Titanweiss_Gelb_Vertikal-8-150x300.jpg 150w, https:\/\/cologneweb.com\/AtelierThomasPlum\/wp-content\/uploads\/2020\/11\/01_Titanweiss_Gelb_Vertikal-8-768x1536.jpg 768w, https:\/\/cologneweb.com\/AtelierThomasPlum\/wp-content\/uploads\/2020\/11\/01_Titanweiss_Gelb_Vertikal-8-1024x2048.jpg 1024w, https:\/\/cologneweb.com\/AtelierThomasPlum\/wp-content\/uploads\/2020\/11\/01_Titanweiss_Gelb_Vertikal-8.jpg 1100w\" sizes=\"(max-width: 512px) 85vw, 512px\" \/><\/a><\/figure>\n\n\n\n<figure class=\"wp-block-image size-large\"><a href=\"https:\/\/cologneweb.com\/AtelierThomasPlum\/wp-content\/uploads\/2020\/11\/02_Gelb_Rot_Vertikal.jpg\"><img loading=\"lazy\" decoding=\"async\" width=\"512\" height=\"1024\" data-id=\"3059\" src=\"https:\/\/cologneweb.com\/AtelierThomasPlum\/wp-content\/uploads\/2020\/11\/02_Gelb_Rot_Vertikal-512x1024.jpg\" alt=\"02_Gelb_Rot_Vertikal\" class=\"wp-image-3059\" srcset=\"https:\/\/cologneweb.com\/AtelierThomasPlum\/wp-content\/uploads\/2020\/11\/02_Gelb_Rot_Vertikal-512x1024.jpg 512w, https:\/\/cologneweb.com\/AtelierThomasPlum\/wp-content\/uploads\/2020\/11\/02_Gelb_Rot_Vertikal-150x300.jpg 150w, https:\/\/cologneweb.com\/AtelierThomasPlum\/wp-content\/uploads\/2020\/11\/02_Gelb_Rot_Vertikal-768x1536.jpg 768w, https:\/\/cologneweb.com\/AtelierThomasPlum\/wp-content\/uploads\/2020\/11\/02_Gelb_Rot_Vertikal-1024x2048.jpg 1024w, https:\/\/cologneweb.com\/AtelierThomasPlum\/wp-content\/uploads\/2020\/11\/02_Gelb_Rot_Vertikal.jpg 1100w\" sizes=\"(max-width: 512px) 85vw, 512px\" \/><\/a><\/figure>\n\n\n\n<figure class=\"wp-block-image size-large\"><a href=\"https:\/\/cologneweb.com\/AtelierThomasPlum\/wp-content\/uploads\/2020\/11\/03_Orange_Gelb_Krapplack_Vertikal.jpg\"><img loading=\"lazy\" decoding=\"async\" width=\"512\" height=\"1024\" data-id=\"3060\" src=\"https:\/\/cologneweb.com\/AtelierThomasPlum\/wp-content\/uploads\/2020\/11\/03_Orange_Gelb_Krapplack_Vertikal-512x1024.jpg\" alt=\"03_Orange_Gelb_Krapplack_Vertikal\" class=\"wp-image-3060\" srcset=\"https:\/\/cologneweb.com\/AtelierThomasPlum\/wp-content\/uploads\/2020\/11\/03_Orange_Gelb_Krapplack_Vertikal-512x1024.jpg 512w, https:\/\/cologneweb.com\/AtelierThomasPlum\/wp-content\/uploads\/2020\/11\/03_Orange_Gelb_Krapplack_Vertikal-150x300.jpg 150w, https:\/\/cologneweb.com\/AtelierThomasPlum\/wp-content\/uploads\/2020\/11\/03_Orange_Gelb_Krapplack_Vertikal-768x1536.jpg 768w, https:\/\/cologneweb.com\/AtelierThomasPlum\/wp-content\/uploads\/2020\/11\/03_Orange_Gelb_Krapplack_Vertikal-1024x2048.jpg 1024w, https:\/\/cologneweb.com\/AtelierThomasPlum\/wp-content\/uploads\/2020\/11\/03_Orange_Gelb_Krapplack_Vertikal.jpg 1100w\" sizes=\"(max-width: 512px) 85vw, 512px\" \/><\/a><\/figure>\n\n\n\n<figure class=\"wp-block-image size-large\"><a href=\"https:\/\/cologneweb.com\/AtelierThomasPlum\/wp-content\/uploads\/2020\/11\/04_Krapplack_Gold_Vertikal.jpg\"><img loading=\"lazy\" decoding=\"async\" width=\"512\" height=\"1024\" data-id=\"3061\" src=\"https:\/\/cologneweb.com\/AtelierThomasPlum\/wp-content\/uploads\/2020\/11\/04_Krapplack_Gold_Vertikal-512x1024.jpg\" alt=\"04_Krapplack_Gold_Vertikal\" class=\"wp-image-3061\" srcset=\"https:\/\/cologneweb.com\/AtelierThomasPlum\/wp-content\/uploads\/2020\/11\/04_Krapplack_Gold_Vertikal-512x1024.jpg 512w, https:\/\/cologneweb.com\/AtelierThomasPlum\/wp-content\/uploads\/2020\/11\/04_Krapplack_Gold_Vertikal-150x300.jpg 150w, https:\/\/cologneweb.com\/AtelierThomasPlum\/wp-content\/uploads\/2020\/11\/04_Krapplack_Gold_Vertikal-768x1536.jpg 768w, https:\/\/cologneweb.com\/AtelierThomasPlum\/wp-content\/uploads\/2020\/11\/04_Krapplack_Gold_Vertikal-1024x2048.jpg 1024w, https:\/\/cologneweb.com\/AtelierThomasPlum\/wp-content\/uploads\/2020\/11\/04_Krapplack_Gold_Vertikal.jpg 1100w\" sizes=\"(max-width: 512px) 85vw, 512px\" \/><\/a><\/figure>\n\n\n\n<figure class=\"wp-block-image size-large\"><a href=\"https:\/\/cologneweb.com\/AtelierThomasPlum\/wp-content\/uploads\/2020\/11\/05_Indigo_Marineblau_Vertikal-1.jpg\"><img loading=\"lazy\" decoding=\"async\" width=\"512\" height=\"1024\" data-id=\"3062\" src=\"https:\/\/cologneweb.com\/AtelierThomasPlum\/wp-content\/uploads\/2020\/11\/05_Indigo_Marineblau_Vertikal-1-512x1024.jpg\" alt=\"05_Indigo_Marineblau_Vertikal\" class=\"wp-image-3062\" srcset=\"https:\/\/cologneweb.com\/AtelierThomasPlum\/wp-content\/uploads\/2020\/11\/05_Indigo_Marineblau_Vertikal-1-512x1024.jpg 512w, https:\/\/cologneweb.com\/AtelierThomasPlum\/wp-content\/uploads\/2020\/11\/05_Indigo_Marineblau_Vertikal-1-150x300.jpg 150w, https:\/\/cologneweb.com\/AtelierThomasPlum\/wp-content\/uploads\/2020\/11\/05_Indigo_Marineblau_Vertikal-1-768x1536.jpg 768w, https:\/\/cologneweb.com\/AtelierThomasPlum\/wp-content\/uploads\/2020\/11\/05_Indigo_Marineblau_Vertikal-1-1024x2048.jpg 1024w, https:\/\/cologneweb.com\/AtelierThomasPlum\/wp-content\/uploads\/2020\/11\/05_Indigo_Marineblau_Vertikal-1.jpg 1100w\" sizes=\"(max-width: 512px) 85vw, 512px\" \/><\/a><\/figure>\n\n\n\n<figure class=\"wp-block-image size-large\"><a href=\"https:\/\/cologneweb.com\/AtelierThomasPlum\/wp-content\/uploads\/2020\/11\/06_Indischrot_Echtorange_Vertikal.jpg\"><img loading=\"lazy\" decoding=\"async\" width=\"512\" height=\"1024\" data-id=\"3063\" src=\"https:\/\/cologneweb.com\/AtelierThomasPlum\/wp-content\/uploads\/2020\/11\/06_Indischrot_Echtorange_Vertikal-512x1024.jpg\" alt=\"06_Indischrot_Echtorange_Vertikal\" class=\"wp-image-3063\" srcset=\"https:\/\/cologneweb.com\/AtelierThomasPlum\/wp-content\/uploads\/2020\/11\/06_Indischrot_Echtorange_Vertikal-512x1024.jpg 512w, https:\/\/cologneweb.com\/AtelierThomasPlum\/wp-content\/uploads\/2020\/11\/06_Indischrot_Echtorange_Vertikal-150x300.jpg 150w, https:\/\/cologneweb.com\/AtelierThomasPlum\/wp-content\/uploads\/2020\/11\/06_Indischrot_Echtorange_Vertikal-768x1536.jpg 768w, https:\/\/cologneweb.com\/AtelierThomasPlum\/wp-content\/uploads\/2020\/11\/06_Indischrot_Echtorange_Vertikal-1024x2048.jpg 1024w, https:\/\/cologneweb.com\/AtelierThomasPlum\/wp-content\/uploads\/2020\/11\/06_Indischrot_Echtorange_Vertikal.jpg 1100w\" sizes=\"(max-width: 512px) 85vw, 512px\" \/><\/a><\/figure>\n\n\n\n<figure class=\"wp-block-image size-large\"><a href=\"https:\/\/cologneweb.com\/AtelierThomasPlum\/wp-content\/uploads\/2020\/11\/07_Orange_II_Vertikal.jpg\"><img loading=\"lazy\" decoding=\"async\" width=\"512\" height=\"1024\" data-id=\"3064\" src=\"https:\/\/cologneweb.com\/AtelierThomasPlum\/wp-content\/uploads\/2020\/11\/07_Orange_II_Vertikal-512x1024.jpg\" alt=\"07_Orange_II_Vertikal\" class=\"wp-image-3064\" srcset=\"https:\/\/cologneweb.com\/AtelierThomasPlum\/wp-content\/uploads\/2020\/11\/07_Orange_II_Vertikal-512x1024.jpg 512w, https:\/\/cologneweb.com\/AtelierThomasPlum\/wp-content\/uploads\/2020\/11\/07_Orange_II_Vertikal-150x300.jpg 150w, https:\/\/cologneweb.com\/AtelierThomasPlum\/wp-content\/uploads\/2020\/11\/07_Orange_II_Vertikal-768x1536.jpg 768w, https:\/\/cologneweb.com\/AtelierThomasPlum\/wp-content\/uploads\/2020\/11\/07_Orange_II_Vertikal-1024x2048.jpg 1024w, https:\/\/cologneweb.com\/AtelierThomasPlum\/wp-content\/uploads\/2020\/11\/07_Orange_II_Vertikal.jpg 1100w\" sizes=\"(max-width: 512px) 85vw, 512px\" \/><\/a><\/figure>\n\n\n\n<figure class=\"wp-block-image size-large\"><a href=\"https:\/\/cologneweb.com\/AtelierThomasPlum\/wp-content\/uploads\/2020\/11\/08_Krapplack_Echtrot_Vertikal.jpg\"><img loading=\"lazy\" decoding=\"async\" width=\"512\" height=\"1024\" data-id=\"3065\" src=\"https:\/\/cologneweb.com\/AtelierThomasPlum\/wp-content\/uploads\/2020\/11\/08_Krapplack_Echtrot_Vertikal-512x1024.jpg\" alt=\"08_Krapplack_Echtrot_Vertikal\" class=\"wp-image-3065\" srcset=\"https:\/\/cologneweb.com\/AtelierThomasPlum\/wp-content\/uploads\/2020\/11\/08_Krapplack_Echtrot_Vertikal-512x1024.jpg 512w, https:\/\/cologneweb.com\/AtelierThomasPlum\/wp-content\/uploads\/2020\/11\/08_Krapplack_Echtrot_Vertikal-150x300.jpg 150w, https:\/\/cologneweb.com\/AtelierThomasPlum\/wp-content\/uploads\/2020\/11\/08_Krapplack_Echtrot_Vertikal-768x1536.jpg 768w, https:\/\/cologneweb.com\/AtelierThomasPlum\/wp-content\/uploads\/2020\/11\/08_Krapplack_Echtrot_Vertikal-1024x2048.jpg 1024w, https:\/\/cologneweb.com\/AtelierThomasPlum\/wp-content\/uploads\/2020\/11\/08_Krapplack_Echtrot_Vertikal.jpg 1100w\" sizes=\"(max-width: 512px) 85vw, 512px\" \/><\/a><\/figure>\n\n\n\n<figure class=\"wp-block-image size-large\"><a href=\"https:\/\/cologneweb.com\/AtelierThomasPlum\/wp-content\/uploads\/2020\/11\/09_Schwarz_Grau_Gold_Vertikal-1.jpg\"><img loading=\"lazy\" decoding=\"async\" width=\"512\" height=\"1024\" data-id=\"3066\" src=\"https:\/\/cologneweb.com\/AtelierThomasPlum\/wp-content\/uploads\/2020\/11\/09_Schwarz_Grau_Gold_Vertikal-1-512x1024.jpg\" alt=\"09_Schwarz_Grau_Gold_Vertikal\" class=\"wp-image-3066\" srcset=\"https:\/\/cologneweb.com\/AtelierThomasPlum\/wp-content\/uploads\/2020\/11\/09_Schwarz_Grau_Gold_Vertikal-1-512x1024.jpg 512w, https:\/\/cologneweb.com\/AtelierThomasPlum\/wp-content\/uploads\/2020\/11\/09_Schwarz_Grau_Gold_Vertikal-1-150x300.jpg 150w, https:\/\/cologneweb.com\/AtelierThomasPlum\/wp-content\/uploads\/2020\/11\/09_Schwarz_Grau_Gold_Vertikal-1-768x1536.jpg 768w, https:\/\/cologneweb.com\/AtelierThomasPlum\/wp-content\/uploads\/2020\/11\/09_Schwarz_Grau_Gold_Vertikal-1-1024x2048.jpg 1024w, https:\/\/cologneweb.com\/AtelierThomasPlum\/wp-content\/uploads\/2020\/11\/09_Schwarz_Grau_Gold_Vertikal-1.jpg 1100w\" sizes=\"(max-width: 512px) 85vw, 512px\" \/><\/a><\/figure>\n\n\n\n<figure class=\"wp-block-image size-large\"><a href=\"https:\/\/cologneweb.com\/AtelierThomasPlum\/wp-content\/uploads\/2020\/11\/10_Gold_Gelb_Vertikal.jpg\"><img loading=\"lazy\" decoding=\"async\" width=\"512\" height=\"1024\" data-id=\"3067\" src=\"https:\/\/cologneweb.com\/AtelierThomasPlum\/wp-content\/uploads\/2020\/11\/10_Gold_Gelb_Vertikal-512x1024.jpg\" alt=\"10_Gold_Gelb_Vertikal\" class=\"wp-image-3067\" srcset=\"https:\/\/cologneweb.com\/AtelierThomasPlum\/wp-content\/uploads\/2020\/11\/10_Gold_Gelb_Vertikal-512x1024.jpg 512w, https:\/\/cologneweb.com\/AtelierThomasPlum\/wp-content\/uploads\/2020\/11\/10_Gold_Gelb_Vertikal-150x300.jpg 150w, https:\/\/cologneweb.com\/AtelierThomasPlum\/wp-content\/uploads\/2020\/11\/10_Gold_Gelb_Vertikal-768x1536.jpg 768w, https:\/\/cologneweb.com\/AtelierThomasPlum\/wp-content\/uploads\/2020\/11\/10_Gold_Gelb_Vertikal-1024x2048.jpg 1024w, https:\/\/cologneweb.com\/AtelierThomasPlum\/wp-content\/uploads\/2020\/11\/10_Gold_Gelb_Vertikal.jpg 1100w\" sizes=\"(max-width: 512px) 85vw, 512px\" \/><\/a><\/figure>\n\n\n\n<figure class=\"wp-block-image size-large\"><a href=\"https:\/\/cologneweb.com\/AtelierThomasPlum\/wp-content\/uploads\/2020\/11\/11_Umbra_Grau_Gold_Vertikal.jpg\"><img loading=\"lazy\" decoding=\"async\" width=\"512\" height=\"1024\" data-id=\"3068\" src=\"https:\/\/cologneweb.com\/AtelierThomasPlum\/wp-content\/uploads\/2020\/11\/11_Umbra_Grau_Gold_Vertikal-512x1024.jpg\" alt=\"11_Umbra_Grau_Gold_Vertikal\" class=\"wp-image-3068\" srcset=\"https:\/\/cologneweb.com\/AtelierThomasPlum\/wp-content\/uploads\/2020\/11\/11_Umbra_Grau_Gold_Vertikal-512x1024.jpg 512w, https:\/\/cologneweb.com\/AtelierThomasPlum\/wp-content\/uploads\/2020\/11\/11_Umbra_Grau_Gold_Vertikal-150x300.jpg 150w, https:\/\/cologneweb.com\/AtelierThomasPlum\/wp-content\/uploads\/2020\/11\/11_Umbra_Grau_Gold_Vertikal-768x1536.jpg 768w, https:\/\/cologneweb.com\/AtelierThomasPlum\/wp-content\/uploads\/2020\/11\/11_Umbra_Grau_Gold_Vertikal-1024x2048.jpg 1024w, https:\/\/cologneweb.com\/AtelierThomasPlum\/wp-content\/uploads\/2020\/11\/11_Umbra_Grau_Gold_Vertikal.jpg 1100w\" sizes=\"(max-width: 512px) 85vw, 512px\" \/><\/a><\/figure>\n\n\n\n<figure class=\"wp-block-image size-large\"><a href=\"https:\/\/cologneweb.com\/AtelierThomasPlum\/wp-content\/uploads\/2020\/11\/12_Umbra_Grau_Vertikal-1.jpg\"><img loading=\"lazy\" decoding=\"async\" width=\"512\" height=\"1024\" data-id=\"3069\" src=\"https:\/\/cologneweb.com\/AtelierThomasPlum\/wp-content\/uploads\/2020\/11\/12_Umbra_Grau_Vertikal-1-512x1024.jpg\" alt=\"12_Umbra_Grau_Vertikal\" class=\"wp-image-3069\" srcset=\"https:\/\/cologneweb.com\/AtelierThomasPlum\/wp-content\/uploads\/2020\/11\/12_Umbra_Grau_Vertikal-1-512x1024.jpg 512w, https:\/\/cologneweb.com\/AtelierThomasPlum\/wp-content\/uploads\/2020\/11\/12_Umbra_Grau_Vertikal-1-150x300.jpg 150w, https:\/\/cologneweb.com\/AtelierThomasPlum\/wp-content\/uploads\/2020\/11\/12_Umbra_Grau_Vertikal-1-768x1536.jpg 768w, https:\/\/cologneweb.com\/AtelierThomasPlum\/wp-content\/uploads\/2020\/11\/12_Umbra_Grau_Vertikal-1-1024x2048.jpg 1024w, https:\/\/cologneweb.com\/AtelierThomasPlum\/wp-content\/uploads\/2020\/11\/12_Umbra_Grau_Vertikal-1.jpg 1100w\" sizes=\"(max-width: 512px) 85vw, 512px\" \/><\/a><\/figure>\n\n\n\n<figure class=\"wp-block-image size-large\"><a href=\"https:\/\/cologneweb.com\/AtelierThomasPlum\/wp-content\/uploads\/2020\/11\/13_Orange_I_Vertikal.jpg\"><img loading=\"lazy\" decoding=\"async\" width=\"512\" height=\"1024\" data-id=\"3074\" src=\"https:\/\/cologneweb.com\/AtelierThomasPlum\/wp-content\/uploads\/2020\/11\/13_Orange_I_Vertikal-512x1024.jpg\" alt=\"13_Orange_I_Vertikal\" class=\"wp-image-3074\" srcset=\"https:\/\/cologneweb.com\/AtelierThomasPlum\/wp-content\/uploads\/2020\/11\/13_Orange_I_Vertikal-512x1024.jpg 512w, https:\/\/cologneweb.com\/AtelierThomasPlum\/wp-content\/uploads\/2020\/11\/13_Orange_I_Vertikal-150x300.jpg 150w, https:\/\/cologneweb.com\/AtelierThomasPlum\/wp-content\/uploads\/2020\/11\/13_Orange_I_Vertikal-768x1536.jpg 768w, https:\/\/cologneweb.com\/AtelierThomasPlum\/wp-content\/uploads\/2020\/11\/13_Orange_I_Vertikal-1024x2048.jpg 1024w, https:\/\/cologneweb.com\/AtelierThomasPlum\/wp-content\/uploads\/2020\/11\/13_Orange_I_Vertikal.jpg 1100w\" sizes=\"(max-width: 512px) 85vw, 512px\" \/><\/a><\/figure>\n\n\n\n<figure class=\"wp-block-image size-large\"><a href=\"https:\/\/cologneweb.com\/AtelierThomasPlum\/wp-content\/uploads\/2020\/11\/14_Gelb_Vertikal.jpg\"><img loading=\"lazy\" decoding=\"async\" width=\"512\" height=\"1024\" data-id=\"3071\" src=\"https:\/\/cologneweb.com\/AtelierThomasPlum\/wp-content\/uploads\/2020\/11\/14_Gelb_Vertikal-512x1024.jpg\" alt=\"14_Gelb_Vertikal\" class=\"wp-image-3071\" srcset=\"https:\/\/cologneweb.com\/AtelierThomasPlum\/wp-content\/uploads\/2020\/11\/14_Gelb_Vertikal-512x1024.jpg 512w, https:\/\/cologneweb.com\/AtelierThomasPlum\/wp-content\/uploads\/2020\/11\/14_Gelb_Vertikal-150x300.jpg 150w, https:\/\/cologneweb.com\/AtelierThomasPlum\/wp-content\/uploads\/2020\/11\/14_Gelb_Vertikal-768x1536.jpg 768w, https:\/\/cologneweb.com\/AtelierThomasPlum\/wp-content\/uploads\/2020\/11\/14_Gelb_Vertikal-1024x2048.jpg 1024w, https:\/\/cologneweb.com\/AtelierThomasPlum\/wp-content\/uploads\/2020\/11\/14_Gelb_Vertikal.jpg 1100w\" sizes=\"(max-width: 512px) 85vw, 512px\" \/><\/a><\/figure>\n<\/figure>\n\n\n\n<h2 class=\"has-medium-gray-color has-text-color wp-block-heading\" id=\"fourteen-times-vertically\">Fourteen times vertically<\/h2>\n\n\n\n<p class=\"has-medium-gray-color has-text-color has-background\" style=\"background-color:#cce4ee\">The paint is applied in several passes, with the lower layers partially peeling off again. <\/p>\n\n\n\n<p class=\"has-medium-gray-color has-text-color has-background\" style=\"background-color:#cce4ee\">As it dries, the canvas is stretched like a drum and the paint surface tears open in many places until a fine craquel\u00e9 like a net covers the entire surface. The process is often only completed after several days.<\/p>\n\n\n\n<p class=\"has-medium-gray-color has-text-color has-background\" style=\"background-color:#cce4ee\">The almost monochrome surface is reminiscent of cracked skin &#8211; not smooth and pleasing, but covered with scars and spots.<\/p>\n\n\n\n<hr class=\"wp-block-separator has-css-opacity\"\/>\n\n\n\n<p><a href=\"https:\/\/cologneweb.com\/AtelierThomasPlum\/neue-arbeiten\">Neue Arbeiten<\/a> | <a href=\"https:\/\/cologneweb.com\/AtelierThomasPlum\/malerei\/galerie\/\">Galerie<\/a><\/p>\n","protected":false},"excerpt":{"rendered":"<p>Neue Arbeiten | Galerie There is a crack, a crack, in everything.That\u2019s how the light gets in. Leonard Cohen Die Serie \u201eVierzehn mal vertikal\u201c [&#8230;] l\u00e4sst sich als Einladung zur Meditation verstehen. Weitgehend monochrom gehaltene hochformatige Farbfl\u00e4chen leiten den Blick in die Tiefenstruktur der Arbeiten. [&#8230;] Ein Netz aus Narben und Flecken f\u00fchrt ein betrachtendes &hellip; <a href=\"https:\/\/cologneweb.com\/AtelierThomasPlum\/malerei\/galerie\/vierzehn-mal-vertikal\/\" class=\"more-link\"><span class=\"screen-reader-text\">&#8220;Vierzehn mal vertikal&#8221; <\/span>weiterlesen<\/a><\/p>\n","protected":false},"author":1,"featured_media":0,"parent":305,"menu_order":0,"comment_status":"closed","ping_status":"closed","template":"","meta":{"footnotes":""},"_links":{"self":[{"href":"https:\/\/cologneweb.com\/AtelierThomasPlum\/wp-json\/wp\/v2\/pages\/3025"}],"collection":[{"href":"https:\/\/cologneweb.com\/AtelierThomasPlum\/wp-json\/wp\/v2\/pages"}],"about":[{"href":"https:\/\/cologneweb.com\/AtelierThomasPlum\/wp-json\/wp\/v2\/types\/page"}],"author":[{"embeddable":true,"href":"https:\/\/cologneweb.com\/AtelierThomasPlum\/wp-json\/wp\/v2\/users\/1"}],"replies":[{"embeddable":true,"href":"https:\/\/cologneweb.com\/AtelierThomasPlum\/wp-json\/wp\/v2\/comments?post=3025"}],"version-history":[{"count":36,"href":"https:\/\/cologneweb.com\/AtelierThomasPlum\/wp-json\/wp\/v2\/pages\/3025\/revisions"}],"predecessor-version":[{"id":4642,"href":"https:\/\/cologneweb.com\/AtelierThomasPlum\/wp-json\/wp\/v2\/pages\/3025\/revisions\/4642"}],"up":[{"embeddable":true,"href":"https:\/\/cologneweb.com\/AtelierThomasPlum\/wp-json\/wp\/v2\/pages\/305"}],"wp:attachment":[{"href":"https:\/\/cologneweb.com\/AtelierThomasPlum\/wp-json\/wp\/v2\/media?parent=3025"}],"curies":[{"name":"wp","href":"https:\/\/api.w.org\/{rel}","templated":true}]}}