{"id":2723,"date":"2020-07-30T17:00:33","date_gmt":"2020-07-30T17:00:33","guid":{"rendered":"https:\/\/cologneweb.com\/AtelierThomasPlum\/?page_id=2723"},"modified":"2020-07-30T17:00:33","modified_gmt":"2020-07-30T17:00:33","slug":"1978-2","status":"publish","type":"page","link":"https:\/\/cologneweb.com\/AtelierThomasPlum\/zeichnungen\/1978-2\/","title":{"rendered":"1978"},"content":{"rendered":"\n<figure class=\"wp-block-image\"><a href=\"https:\/\/cologneweb.com\/AtelierThomasPlum\/wp-content\/uploads\/2019\/04\/grosse_kaefer_verwandlung.jpg\"><img loading=\"lazy\" decoding=\"async\" width=\"300\" height=\"217\" src=\"https:\/\/cologneweb.com\/AtelierThomasPlum\/wp-content\/uploads\/2019\/04\/grosse_kaefer_verwandlung-300x217.jpg\" alt=\"\" class=\"wp-image-856\" srcset=\"https:\/\/cologneweb.com\/AtelierThomasPlum\/wp-content\/uploads\/2019\/04\/grosse_kaefer_verwandlung-300x217.jpg 300w, https:\/\/cologneweb.com\/AtelierThomasPlum\/wp-content\/uploads\/2019\/04\/grosse_kaefer_verwandlung-768x555.jpg 768w, https:\/\/cologneweb.com\/AtelierThomasPlum\/wp-content\/uploads\/2019\/04\/grosse_kaefer_verwandlung-1024x740.jpg 1024w, https:\/\/cologneweb.com\/AtelierThomasPlum\/wp-content\/uploads\/2019\/04\/grosse_kaefer_verwandlung-1200x867.jpg 1200w\" sizes=\"(max-width: 300px) 85vw, 300px\" \/><\/a><figcaption>[gro\u00dfe K\u00e4fer-Verwandlung] Tuschefeder auf Papier, 17*23,2 cm, 1978<\/figcaption><\/figure>\n\n\n\n<figure class=\"wp-block-image\"><a href=\"https:\/\/cologneweb.com\/AtelierThomasPlum\/wp-content\/uploads\/2019\/04\/Bleistiftzeichnung_1978.jpg\"><img loading=\"lazy\" decoding=\"async\" width=\"300\" height=\"211\" src=\"https:\/\/cologneweb.com\/AtelierThomasPlum\/wp-content\/uploads\/2019\/04\/Bleistiftzeichnung_1978-300x211.jpg\" alt=\"Man kann sich sp\u00e4ter was darauf einbilden, doch wenn man merkt, da\u00df man nicht normal ist, sondern mit den anderen nie mithalten kann, dann ist das schon eine furchtbare Erfahrung und \u00fcberhaupt nicht sch\u00f6n.\" class=\"wp-image-852\" srcset=\"https:\/\/cologneweb.com\/AtelierThomasPlum\/wp-content\/uploads\/2019\/04\/Bleistiftzeichnung_1978-300x211.jpg 300w, https:\/\/cologneweb.com\/AtelierThomasPlum\/wp-content\/uploads\/2019\/04\/Bleistiftzeichnung_1978-768x541.jpg 768w, https:\/\/cologneweb.com\/AtelierThomasPlum\/wp-content\/uploads\/2019\/04\/Bleistiftzeichnung_1978-1024x721.jpg 1024w, https:\/\/cologneweb.com\/AtelierThomasPlum\/wp-content\/uploads\/2019\/04\/Bleistiftzeichnung_1978.jpg 1200w\" sizes=\"(max-width: 300px) 85vw, 300px\" \/><\/a><figcaption>[Man kann sich sp\u00e4ter was darauf einbilden &#8230;] Bleistift auf Papier, 21*29,7 cm, 1978<\/figcaption><\/figure>\n","protected":false},"excerpt":{"rendered":"","protected":false},"author":1,"featured_media":0,"parent":232,"menu_order":0,"comment_status":"closed","ping_status":"closed","template":"","meta":{"footnotes":""},"_links":{"self":[{"href":"https:\/\/cologneweb.com\/AtelierThomasPlum\/wp-json\/wp\/v2\/pages\/2723"}],"collection":[{"href":"https:\/\/cologneweb.com\/AtelierThomasPlum\/wp-json\/wp\/v2\/pages"}],"about":[{"href":"https:\/\/cologneweb.com\/AtelierThomasPlum\/wp-json\/wp\/v2\/types\/page"}],"author":[{"embeddable":true,"href":"https:\/\/cologneweb.com\/AtelierThomasPlum\/wp-json\/wp\/v2\/users\/1"}],"replies":[{"embeddable":true,"href":"https:\/\/cologneweb.com\/AtelierThomasPlum\/wp-json\/wp\/v2\/comments?post=2723"}],"version-history":[{"count":1,"href":"https:\/\/cologneweb.com\/AtelierThomasPlum\/wp-json\/wp\/v2\/pages\/2723\/revisions"}],"predecessor-version":[{"id":2724,"href":"https:\/\/cologneweb.com\/AtelierThomasPlum\/wp-json\/wp\/v2\/pages\/2723\/revisions\/2724"}],"up":[{"embeddable":true,"href":"https:\/\/cologneweb.com\/AtelierThomasPlum\/wp-json\/wp\/v2\/pages\/232"}],"wp:attachment":[{"href":"https:\/\/cologneweb.com\/AtelierThomasPlum\/wp-json\/wp\/v2\/media?parent=2723"}],"curies":[{"name":"wp","href":"https:\/\/api.w.org\/{rel}","templated":true}]}}