{"id":250,"date":"2019-04-09T22:39:16","date_gmt":"2019-04-09T22:39:16","guid":{"rendered":"https:\/\/cologneweb.com\/AtelierThomasPlum\/?page_id=250"},"modified":"2021-07-18T06:35:09","modified_gmt":"2021-07-18T06:35:09","slug":"datenschutz","status":"publish","type":"page","link":"https:\/\/cologneweb.com\/AtelierThomasPlum\/datenschutz\/","title":{"rendered":"Datenschutz"},"content":{"rendered":"\n<h2 class=\"wp-block-heading\"><strong>Datenschutzerkl\u00e4rung<\/strong><\/h2>\n\n\n\n<h3 class=\"wp-block-heading\"><strong>Geltungsbereich<\/strong><\/h3>\n\n\n\n<p>Diese Datenschutzerkl\u00e4rung soll die Nutzer dieser Website gem\u00e4\u00df <a href=\"https:\/\/www.gesetze-im-internet.de\/bdsg_2018\/BJNR209710017.html\" target=\"_blank\" rel=\"noreferrer noopener\">Bundesdatenschutzgesetz<\/a> und <a href=\"https:\/\/www.gesetze-im-internet.de\/tmg\/\" target=\"_blank\" rel=\"noreferrer noopener\">Telemediengesetz<\/a> \u00fcber die Art, den Umfang und den Zweck der Erhebung und Verwendung personenbezogener Daten durch den Websitebetreiber informieren. Ich nehme Ihren Datenschutz sehr ernst und behandele Ihre personenbezogenen Daten vertraulich und entsprechend der gesetzlichen Vorschriften. Bedenken Sie, dass die Daten\u00fcbertragung im Internet grunds\u00e4tzlich mit Sicherheitsl\u00fccken bedacht sein kann. Ein v\u00f6lliger Schutz vor dem Zugriff durch Fremde ist nicht realisierbar. <\/p>\n\n\n\n<hr class=\"wp-block-separator\"\/>\n\n\n\n<h3 class=\"wp-block-heading\"><strong>Name und Anschrift des f\u00fcr die Verarbeitung Verantwortlichen<\/strong><\/h3>\n\n\n\n<p>Verantwortlicher im Sinne der Datenschutzgrundverordnung, sonstiger in den Mitgliedstaaten der europ\u00e4ischen Union geltenden Datenschutzgesetze und andere Bestimmungen mit datenschutzrechtlichem Charakter ist<\/p>\n\n\n\n<p>Dr. Thomas Plum  <br> D\u00fcsseldorfer Stra\u00dfe 45<br> 51063 K\u00f6ln  <br> E-Mail: mail{at}thomasplum.de <br> Tel.: +49 221 52 19 77 <\/p>\n\n\n\n<hr class=\"wp-block-separator\"\/>\n\n\n\n<h3 class=\"wp-block-heading\"><strong>Sichere Daten\u00fcbertragung durch SSL-Verschl\u00fcsselung<\/strong><\/h3>\n\n\n\n<p>Ich habe zahlreiche technische und organisatorische Ma\u00dfnahmen \numgesetzt, um einen m\u00f6glichst l\u00fcckenlosen Schutz der \u00fcber diese \nInternetseite verarbeiteten personenbezogenen Daten sicherzustellen. \nDiese Website nutzt deshalb aus Sicherheitsgr\u00fcnden und zum Schutz der \n\u00dcbertragung personenbezogene Daten und anderer vertraulicher Inhalte \n(z.B. Bestellungen oder Anfragen) eine SSL-Verschl\u00fcsselung. Sie k\u00f6nnen \neine verschl\u00fcsselte Verbindung an der Zeichenfolge &#8220;https:\/\/&#8221; und dem \nSchloss-Symbol in Ihrer Browserzeile erkennen.<br>\nDennoch k\u00f6nnen Daten\u00fcbertragungen im Internet grunds\u00e4tzlich \nSicherheitsl\u00fccken aufweisen, sodass ein absoluter Schutz nicht \ngew\u00e4hrleistet werden kann. Aus diesem Grund steht es jeder betroffenen \nPerson frei, personenbezogene Daten auch auf alternativen Wegen, \nbeispielsweise telefonisch, an uns zu \u00fcbermitteln.<\/p>\n\n\n\n<h3 class=\"wp-block-heading\"><strong>Speicherung von Zugriffsdaten<\/strong><\/h3>\n\n\n\n<p>Der Seitenprovider erhebt Daten \u00fcber Zugriffe auf die Seite und speichert diese als &#8220;Server-Logfiles&#8221; ab. Folgende Daten werden so protokolliert:<\/p>\n\n\n\n<ul><li>Besuchte Website<\/li><li>Uhrzeit zum Zeitpunkt des Zugriffes<\/li><li>Menge der gesendeten Daten in Byte<\/li><li>Quelle\/Verweis, von welchem Sie auf die Seite gelangten<\/li><li>Verwendeter Browser<\/li><li>Verwendetes Betriebssystem<\/li><li>Verwendete IP-Adresse<br> Die erhobenen Daten dienen lediglich statistischen Auswertungen. Ich behalte mir allerdings vor, die Server-Logfiles nachtr\u00e4glich zu \u00fcberpr\u00fcfen, sollten konkrete Anhaltspunkte auf eine rechtswidrige Nutzung hinweisen. <\/li><\/ul>\n\n\n\n<hr class=\"wp-block-separator\"\/>\n\n\n\n<h3 class=\"wp-block-heading\"><strong>Umgang mit personenbezogenen Daten<\/strong><\/h3>\n\n\n\n<p>Sofern auf dieser Website die M\u00f6glichkeit der Eingabe von personenbezogenen Daten besteht, erfolgt diese freiwillig. Als personenbezogene Daten gelten s\u00e4mtliche Informationen, welche dazu dienen, Ihre Person zu bestimmen und welche zu Ihnen zur\u00fcckverfolgt werden k\u00f6nnen &#8211; also beispielsweise Ihr Name, Ihre E-Mail-Adresse und Telefonnummer. Nehmen Sie mit mir durch die angebotenen Kontaktm\u00f6glichkeiten Verbindung auf, werden Ihre Angaben gespeichert, damit auf diese zur Bearbeitung und Beantwortung Ihrer Anfrage zur\u00fcckgegriffen werden kann. Ohne Ihre Einwilligung werden diese Daten nicht an Dritte weitergegeben. <\/p>\n\n\n\n<p>Sie haben jederzeit das Recht auf unentgeltliche Auskunft \u00fcber Ihre gespeicherten personenbezogenen Daten, deren Herkunft und Empf\u00e4nger und den Zweck der Datenverarbeitung sowie ein Recht auf Berichtigung, Sperrung oder L\u00f6schung dieser Daten. Hierzu sowie zu weiteren Fragen zum Thema personenbezogene Daten k\u00f6nnen Sie sich jederzeit \u00fcber meine im Impressum angegeben Adresse an mich wenden. <br> Quelle (u.a.):  <a rel=\"noreferrer noopener\" aria-label=\"eRecht24 (\u00f6ffnet in neuem Tab)\" href=\"http:\/\/www.e-recht24.de\/muster-datenschutzerklaerung.html\" target=\"_blank\">eRecht24<\/a><\/p>\n","protected":false},"excerpt":{"rendered":"<p>Datenschutzerkl\u00e4rung Geltungsbereich Diese Datenschutzerkl\u00e4rung soll die Nutzer dieser Website gem\u00e4\u00df Bundesdatenschutzgesetz und Telemediengesetz \u00fcber die Art, den Umfang und den Zweck der Erhebung und Verwendung personenbezogener Daten durch den Websitebetreiber informieren. Ich nehme Ihren Datenschutz sehr ernst und behandele Ihre personenbezogenen Daten vertraulich und entsprechend der gesetzlichen Vorschriften. Bedenken Sie, dass die Daten\u00fcbertragung im Internet &hellip; <a href=\"https:\/\/cologneweb.com\/AtelierThomasPlum\/datenschutz\/\" class=\"more-link\"><span class=\"screen-reader-text\">&#8220;Datenschutz&#8221; <\/span>weiterlesen<\/a><\/p>\n","protected":false},"author":1,"featured_media":0,"parent":0,"menu_order":0,"comment_status":"closed","ping_status":"closed","template":"","meta":{"footnotes":""},"_links":{"self":[{"href":"https:\/\/cologneweb.com\/AtelierThomasPlum\/wp-json\/wp\/v2\/pages\/250"}],"collection":[{"href":"https:\/\/cologneweb.com\/AtelierThomasPlum\/wp-json\/wp\/v2\/pages"}],"about":[{"href":"https:\/\/cologneweb.com\/AtelierThomasPlum\/wp-json\/wp\/v2\/types\/page"}],"author":[{"embeddable":true,"href":"https:\/\/cologneweb.com\/AtelierThomasPlum\/wp-json\/wp\/v2\/users\/1"}],"replies":[{"embeddable":true,"href":"https:\/\/cologneweb.com\/AtelierThomasPlum\/wp-json\/wp\/v2\/comments?post=250"}],"version-history":[{"count":9,"href":"https:\/\/cologneweb.com\/AtelierThomasPlum\/wp-json\/wp\/v2\/pages\/250\/revisions"}],"predecessor-version":[{"id":3883,"href":"https:\/\/cologneweb.com\/AtelierThomasPlum\/wp-json\/wp\/v2\/pages\/250\/revisions\/3883"}],"wp:attachment":[{"href":"https:\/\/cologneweb.com\/AtelierThomasPlum\/wp-json\/wp\/v2\/media?parent=250"}],"curies":[{"name":"wp","href":"https:\/\/api.w.org\/{rel}","templated":true}]}}