{"id":246,"date":"2019-04-09T16:46:34","date_gmt":"2019-04-09T16:46:34","guid":{"rendered":"https:\/\/cologneweb.com\/AtelierThomasPlum\/?page_id=246"},"modified":"2025-08-17T09:20:15","modified_gmt":"2025-08-17T09:20:15","slug":"impressum","status":"publish","type":"page","link":"https:\/\/cologneweb.com\/AtelierThomasPlum\/impressum\/","title":{"rendered":"Impressum"},"content":{"rendered":"\n<h2 class=\"wp-block-heading\">Websitebetreiber und  <br><strong>inhaltlich Verantwortlicher<\/strong> <\/h2>\n\n\n\n<p>Angaben gem\u00e4\u00df \u00a7 5 <a href=\"https:\/\/www.gesetze-im-internet.de\/ddg\/__1.html\" target=\"_blank\" rel=\"noreferrer noopener\"><\/a><a href=\"https:\/\/www.bfdi.bund.de\/DE\/Buerger\/Inhalte\/Telemedien\/DDG\/Digitale_Dienste_Gesetz.html\" data-type=\"link\" data-id=\"https:\/\/www.bfdi.bund.de\/DE\/Buerger\/Inhalte\/Telemedien\/DDG\/Digitale_Dienste_Gesetz.html\" target=\"_blank\" rel=\"noreferrer noopener\">Digitale Dienste Gesetz (DDG)<\/a><br> <br>Dr. Thomas Plum <br>D\u00fcsseldorfer Stra\u00dfe 45<br>51063 K\u00f6ln <br>E-Mail: mail{at}thomasplum.de <br>Tel.: +49 221 52 19 77 <br>Mobil: +49 160 825 52 77<\/p>\n\n\n\n<p>Steuer-Nr. 218\/5191\/2705<br>Ich bin Kleinunternehmer i.S. <a href=\"https:\/\/www.gesetze-im-internet.de\/ustg_1980\/__19.html\" target=\"_blank\" rel=\"noreferrer noopener\">\u00a7 19 UStG<\/a>. Es wird keine Umsatzsteuer erhoben.<\/p>\n\n\n\n<hr class=\"wp-block-separator has-css-opacity\"\/>\n\n\n\n<h3 class=\"wp-block-heading\"> <br><strong>Seitenprovider<\/strong> <\/h3>\n\n\n\n<p><a rel=\"noreferrer noopener\" href=\"https:\/\/www.is-fun.de\/\" target=\"_blank\">iS-Fun Internet Services GmbH<\/a><br> Badhausweg 8 <br> 76307 Karlsbad <br> E-Mail: info{at}is-fun.de <br> Telefon: +49 7248 \/ 932 763 <br> Telefax: +49 7248 \/ 932 76<\/p>\n\n\n\n<hr class=\"wp-block-separator has-css-opacity\"\/>\n\n\n\n<h2 class=\"wp-block-heading\">Haftungsausschluss (Disclaimer) <\/h2>\n\n\n\n<h3 class=\"wp-block-heading\">Haftung f\u00fcr Inhalte<\/h3>\n\n\n\n<p>Als Diensteanbieter bin ich gem\u00e4\u00df \u00a7 7 Abs.1 <a rel=\"noreferrer noopener\" href=\"https:\/\/www.gesetze-im-internet.de\/tmg\/\" target=\"_blank\">TMG<\/a> f\u00fcr eigene Inhalte auf diesen Seiten nach den allgemeinen Gesetzen verantwortlich. Nach \u00a7\u00a7 8 bis 10 <a href=\"https:\/\/www.gesetze-im-internet.de\/tmg\/\" target=\"_blank\" rel=\"noreferrer noopener\">TMG<\/a> bin ich als Diensteanbieter jedoch nicht verpflichtet, \u00fcbermittelte oder gespeicherte fremde Informationen zu \u00fcberwachen oder nach Umst\u00e4nden zu forschen, die auf eine rechtswidrige T\u00e4tigkeit hinweisen. Verpflichtungen zur Entfernung oder Sperrung der Nutzung von Informationen nach den allgemeinen Gesetzen bleiben hiervon unber\u00fchrt. Eine diesbez\u00fcgliche Haftung ist jedoch erst ab dem Zeitpunkt der Kenntnis einer konkreten Rechtsverletzung m\u00f6glich. Bei Bekanntwerden von entsprechenden Rechtsverletzungen werde ich diese Inhalte umgehend entfernen. <\/p>\n\n\n\n<hr class=\"wp-block-separator has-css-opacity\"\/>\n\n\n\n<h3 class=\"wp-block-heading\">Haftung f\u00fcr Links<\/h3>\n\n\n\n<p>Mein Angebot enth\u00e4lt Links zu externen Webseiten Dritter, auf deren Inhalte ich keinen Einfluss haben. Deshalb kann ich f\u00fcr diese fremden Inhalte auch keine Gew\u00e4hr \u00fcbernehmen. F\u00fcr die Inhalte der verlinkten Seiten ist stets der jeweilige Anbieter oder Betreiber der Seiten verantwortlich. Die verlinkten Seiten wurden zum Zeitpunkt der Verlinkung auf m\u00f6gliche Rechtsverst\u00f6\u00dfe \u00fcberpr\u00fcft. Rechtswidrige Inhalte waren zum Zeitpunkt der Verlinkung nicht erkennbar. Eine permanente inhaltliche Kontrolle der verlinkten Seiten ist jedoch ohne konkrete Anhaltspunkte einer Rechtsverletzung nicht zumutbar. Bei Bekanntwerden von Rechtsverletzungen werde ich derartige Links umgehend entfernen. <\/p>\n\n\n\n<hr class=\"wp-block-separator has-css-opacity\"\/>\n\n\n\n<h3 class=\"wp-block-heading\">Urheberrecht<\/h3>\n\n\n\n<p>Die durch die Websitebetreiber erstellten Inhalte und Werke auf diesen Seiten unterliegen dem deutschen Urheberrecht. Die Vervielf\u00e4ltigung, Bearbeitung, Verbreitung und jede Art der Verwertung au\u00dferhalb der Grenzen des Urheberrechtes bed\u00fcrfen meiner schriftlichen Zustimmung. Downloads und Kopien dieser Seite sind nur f\u00fcr den privaten, nicht kommerziellen Gebrauch gestattet. Soweit die Inhalte auf dieser Seite nicht von mir erstellt wurden, werden die Urheberrechte Dritter beachtet. Insbesondere werden Inhalte Dritter als solche gekennzeichnet. Sollten Sie trotzdem auf eine Urheberrechtsverletzung aufmerksam werden, bitte ich um einen entsprechenden Hinweis. Bei Bekanntwerden von Rechtsverletzungen werde ich derartige Inhalte umgehend entfernen. <\/p>\n\n\n\n<hr class=\"wp-block-separator has-css-opacity\"\/>\n\n\n\n<h3 class=\"wp-block-heading\">Gew\u00e4hrleistung<\/h3>\n\n\n\n<p>Alle in meinen Internetseiten enthaltenen Angaben und Informationen wurden von mir mit gr\u00f6\u00dfter Sorgfalt recherchiert und gepr\u00fcft. Es wird ausdr\u00fccklich darauf hingewiesen, dass keine Garantie f\u00fcr die Fehlerfreiheit der vermittelten Informationen \u00fcbernommen wird. Ein Anspruch auf Vollst\u00e4ndigkeit wird nicht erhoben. F\u00fcr Internetseiten Dritter, auf diese Website durch Hyperlinks verweist, tragen die jeweiligen Anbieter die Verantwortung. Ich bin f\u00fcr den Inhalt solcher Seiten Dritter nicht verantwortlich.<\/p>\n\n\n\n<h2 class=\"wp-block-heading\">Informationspflichten aus dem Verbraucherstreitbeilegungsgesetz (VSBG)<\/h2>\n\n\n\n<p>Ich bin nicht bereit oder verpflichtet, an Streitbeilegungsverfahren vor einer Verbraucherschlichtungsstelle teilzunehmen<\/p>\n","protected":false},"excerpt":{"rendered":"<p>Websitebetreiber und inhaltlich Verantwortlicher Angaben gem\u00e4\u00df \u00a7 5 Digitale Dienste Gesetz (DDG) Dr. Thomas Plum D\u00fcsseldorfer Stra\u00dfe 4551063 K\u00f6ln E-Mail: mail{at}thomasplum.de Tel.: +49 221 52 19 77 Mobil: +49 160 825 52 77 Steuer-Nr. 218\/5191\/2705Ich bin Kleinunternehmer i.S. \u00a7 19 UStG. Es wird keine Umsatzsteuer erhoben. Seitenprovider iS-Fun Internet Services GmbH Badhausweg 8 76307 Karlsbad &hellip; <a href=\"https:\/\/cologneweb.com\/AtelierThomasPlum\/impressum\/\" class=\"more-link\"><span class=\"screen-reader-text\">&#8220;Impressum&#8221; <\/span>weiterlesen<\/a><\/p>\n","protected":false},"author":1,"featured_media":0,"parent":0,"menu_order":0,"comment_status":"closed","ping_status":"closed","template":"","meta":{"footnotes":""},"_links":{"self":[{"href":"https:\/\/cologneweb.com\/AtelierThomasPlum\/wp-json\/wp\/v2\/pages\/246"}],"collection":[{"href":"https:\/\/cologneweb.com\/AtelierThomasPlum\/wp-json\/wp\/v2\/pages"}],"about":[{"href":"https:\/\/cologneweb.com\/AtelierThomasPlum\/wp-json\/wp\/v2\/types\/page"}],"author":[{"embeddable":true,"href":"https:\/\/cologneweb.com\/AtelierThomasPlum\/wp-json\/wp\/v2\/users\/1"}],"replies":[{"embeddable":true,"href":"https:\/\/cologneweb.com\/AtelierThomasPlum\/wp-json\/wp\/v2\/comments?post=246"}],"version-history":[{"count":14,"href":"https:\/\/cologneweb.com\/AtelierThomasPlum\/wp-json\/wp\/v2\/pages\/246\/revisions"}],"predecessor-version":[{"id":5112,"href":"https:\/\/cologneweb.com\/AtelierThomasPlum\/wp-json\/wp\/v2\/pages\/246\/revisions\/5112"}],"wp:attachment":[{"href":"https:\/\/cologneweb.com\/AtelierThomasPlum\/wp-json\/wp\/v2\/media?parent=246"}],"curies":[{"name":"wp","href":"https:\/\/api.w.org\/{rel}","templated":true}]}}