{"id":230,"date":"2019-04-09T15:56:26","date_gmt":"2019-04-09T15:56:26","guid":{"rendered":"https:\/\/cologneweb.com\/AtelierThomasPlum\/?page_id=230"},"modified":"2021-04-12T21:27:50","modified_gmt":"2021-04-12T21:27:50","slug":"malerei","status":"publish","type":"page","link":"https:\/\/cologneweb.com\/AtelierThomasPlum\/malerei\/","title":{"rendered":"Malerei"},"content":{"rendered":"\n<figure class=\"wp-block-image\"><a href=\"https:\/\/cologneweb.com\/AtelierThomasPlum\/wp-content\/uploads\/2019\/04\/12D1CAD5-335D-4702-827B-069082C22CED-e1555163563744.jpeg\"><img loading=\"lazy\" decoding=\"async\" width=\"225\" height=\"300\" src=\"https:\/\/cologneweb.com\/AtelierThomasPlum\/wp-content\/uploads\/2019\/04\/12D1CAD5-335D-4702-827B-069082C22CED-e1555163563744-225x300.jpeg\" alt=\"\" class=\"wp-image-599\" srcset=\"https:\/\/cologneweb.com\/AtelierThomasPlum\/wp-content\/uploads\/2019\/04\/12D1CAD5-335D-4702-827B-069082C22CED-e1555163563744-225x300.jpeg 225w, https:\/\/cologneweb.com\/AtelierThomasPlum\/wp-content\/uploads\/2019\/04\/12D1CAD5-335D-4702-827B-069082C22CED-e1555163563744-768x1024.jpeg 768w, https:\/\/cologneweb.com\/AtelierThomasPlum\/wp-content\/uploads\/2019\/04\/12D1CAD5-335D-4702-827B-069082C22CED-e1555163563744-1200x1600.jpeg 1200w\" sizes=\"(max-width: 225px) 85vw, 225px\" \/><\/a><\/figure>\n\n\n\n<p><a href=\"https:\/\/cologneweb.com\/AtelierThomasPlum\/malerei\/galerie\/\">Galerie<\/a><\/p>\n\n\n\n<hr class=\"wp-block-separator\"\/>\n\n\n\n<blockquote class=\"wp-block-quote is-style-default is-layout-flow wp-block-quote-is-layout-flow\"><p>Durch die Modulation wird der Materialwert  der Fl\u00e4che betont, sei es als ein Farbiges oder K\u00f6rperhaftes, und  dadurch sinnlich erfa\u00dfbar. Der Gegensatz verschiedenartiger benachbarter  Fl\u00e4chenteilchen vermittelt die Vorstellung des Erhabenen und  Vertieften, des Br\u00f6ckligen und des Glatten, des Zarten, des Groben, des  Strengen und des Gel\u00f6sten. Eine solche Oberfl\u00e4che besitzt einen von  aller Zweckbestimmung zun\u00e4chst losgel\u00f6sten Eigenwert. Sie ist in diesem  Sinne unreal wie die Lyrik, wie das M\u00e4rchen oder ein beschwingtes Spiel.  Sie r\u00fcckt in die Ebene des reinen Sehens von Form und Farbe. <\/p><p>The modulation emphasizes the material value of the surface, be it colored or corporeal, and can thus be sensed. The contrast between different neighboring surface particles conveys the idea of the sublime and the recessed, the crumbly and the smooth, the delicate, the coarse, the strict and the relaxed. Such a surface has an intrinsic value that is initially detached from any intended purpose. In this sense it is unreal like poetry, like fairy tales or a lively game. It moves to the level of pure seeing of form and color.<\/p><cite> <br>Oskar Schlemmer, Modulation und Patina <br>aus dem gleichnamigen Buch, hrsg. von Kurt Herberts. Stuttgart: Hatje, 1989 <\/cite><\/blockquote>\n\n\n\n<hr class=\"wp-block-separator\"\/>\n","protected":false},"excerpt":{"rendered":"<p>Galerie Durch die Modulation wird der Materialwert der Fl\u00e4che betont, sei es als ein Farbiges oder K\u00f6rperhaftes, und dadurch sinnlich erfa\u00dfbar. Der Gegensatz verschiedenartiger benachbarter Fl\u00e4chenteilchen vermittelt die Vorstellung des Erhabenen und Vertieften, des Br\u00f6ckligen und des Glatten, des Zarten, des Groben, des Strengen und des Gel\u00f6sten. Eine solche Oberfl\u00e4che besitzt einen von aller Zweckbestimmung &hellip; <a href=\"https:\/\/cologneweb.com\/AtelierThomasPlum\/malerei\/\" class=\"more-link\"><span class=\"screen-reader-text\">&#8220;Malerei&#8221; <\/span>weiterlesen<\/a><\/p>\n","protected":false},"author":1,"featured_media":0,"parent":0,"menu_order":0,"comment_status":"closed","ping_status":"closed","template":"","meta":{"footnotes":""},"_links":{"self":[{"href":"https:\/\/cologneweb.com\/AtelierThomasPlum\/wp-json\/wp\/v2\/pages\/230"}],"collection":[{"href":"https:\/\/cologneweb.com\/AtelierThomasPlum\/wp-json\/wp\/v2\/pages"}],"about":[{"href":"https:\/\/cologneweb.com\/AtelierThomasPlum\/wp-json\/wp\/v2\/types\/page"}],"author":[{"embeddable":true,"href":"https:\/\/cologneweb.com\/AtelierThomasPlum\/wp-json\/wp\/v2\/users\/1"}],"replies":[{"embeddable":true,"href":"https:\/\/cologneweb.com\/AtelierThomasPlum\/wp-json\/wp\/v2\/comments?post=230"}],"version-history":[{"count":20,"href":"https:\/\/cologneweb.com\/AtelierThomasPlum\/wp-json\/wp\/v2\/pages\/230\/revisions"}],"predecessor-version":[{"id":3653,"href":"https:\/\/cologneweb.com\/AtelierThomasPlum\/wp-json\/wp\/v2\/pages\/230\/revisions\/3653"}],"wp:attachment":[{"href":"https:\/\/cologneweb.com\/AtelierThomasPlum\/wp-json\/wp\/v2\/media?parent=230"}],"curies":[{"name":"wp","href":"https:\/\/api.w.org\/{rel}","templated":true}]}}