{"id":1623,"date":"2020-04-13T20:38:15","date_gmt":"2020-04-13T20:38:15","guid":{"rendered":"https:\/\/cologneweb.com\/AtelierThomasPlum\/?page_id=1623"},"modified":"2021-03-22T14:07:11","modified_gmt":"2021-03-22T14:07:11","slug":"2010-2","status":"publish","type":"page","link":"https:\/\/cologneweb.com\/AtelierThomasPlum\/malerei\/galerie\/2010-2\/","title":{"rendered":"2010"},"content":{"rendered":"\n<p><a href=\"https:\/\/cologneweb.com\/AtelierThomasPlum\/Galerie\">Galerie<\/a><\/p>\n\n\n\n<div class=\"wp-block-image\"><figure class=\"alignright size-medium\"><a href=\"https:\/\/cologneweb.com\/AtelierThomasPlum\/wp-content\/uploads\/2020\/04\/Froschkoenig3-scaled.jpg\"><img loading=\"lazy\" decoding=\"async\" width=\"300\" height=\"212\" src=\"https:\/\/cologneweb.com\/AtelierThomasPlum\/wp-content\/uploads\/2020\/04\/Froschkoenig3-300x212.jpg\" alt=\"\" class=\"wp-image-2002\" srcset=\"https:\/\/cologneweb.com\/AtelierThomasPlum\/wp-content\/uploads\/2020\/04\/Froschkoenig3-300x212.jpg 300w, https:\/\/cologneweb.com\/AtelierThomasPlum\/wp-content\/uploads\/2020\/04\/Froschkoenig3-1024x723.jpg 1024w, https:\/\/cologneweb.com\/AtelierThomasPlum\/wp-content\/uploads\/2020\/04\/Froschkoenig3-768x542.jpg 768w, https:\/\/cologneweb.com\/AtelierThomasPlum\/wp-content\/uploads\/2020\/04\/Froschkoenig3-1536x1084.jpg 1536w, https:\/\/cologneweb.com\/AtelierThomasPlum\/wp-content\/uploads\/2020\/04\/Froschkoenig3-2048x1445.jpg 2048w, https:\/\/cologneweb.com\/AtelierThomasPlum\/wp-content\/uploads\/2020\/04\/Froschkoenig3-1200x847.jpg 1200w\" sizes=\"(max-width: 300px) 85vw, 300px\" \/><\/a><figcaption>[Der Froschk\u00f6nig, von der goldenen Kugel der Prinzessin t\u00f6dlich getroffen] <br>Acryl auf Karton, 29,5*42 cm, 2010<\/figcaption><\/figure><\/div>\n\n\n\n<pre class=\"wp-block-verse\">\u2026 aber als die Prinzessin auch noch mit der goldenen Kugel nach ihr warf, da hatte der Froschk\u00f6nig endg\u00fcltig die Nase voll von ihr. Emp\u00f6rt kehrte er ihr den R\u00fccken und h\u00fcpfte nach Hause.  \n Das Schloss erzitterte bis in seine Grundfesten, als er krachend die T\u00fcr zuwarf. \u201eBl\u00f6des Weibsvolk!\u201c, quakte er.  \n Doch da stand pl\u00f6tzlich die dicke Froschk\u00f6nigin vor ihr, die er \u00fcber all dem \u00c4rger fast vergessen hatte, strahlte ihn an, wie es nur Froschk\u00f6niginnen k\u00f6nnen, und meinte: \u201eWie sch\u00f6n, dass du wieder da bist, Schatz! Ich hatte mir schon Sorgen gemacht \u2013 wo es doch bald Winter wird!\u201c \n Sie packte ihn an der Hand und f\u00fchrte ihn zu dem gro\u00dfen Seerosenblatt vor dem Kamin, wo sich beide mit einem Sto\u00dfseufzer der Erleichterung niederlie\u00dfen.  \n Und wenn es noch nicht Fr\u00fchling ist, so sitzen sie wohl noch immer dort, ganz gem\u00fctlich aneinander gekuschelt.  \n\n\u00a9 <a href=\"http:\/\/yvonneplum.de\" target=\"_blank\" rel=\"noreferrer noopener\">Yvonne Plum<\/a><\/pre>\n\n\n\n<figure class=\"wp-block-image size-medium\"><a href=\"https:\/\/cologneweb.com\/AtelierThomasPlum\/wp-content\/uploads\/2020\/04\/E0521E60-1B6D-4986-B720-DFDD13A54B7E-scaled.jpeg\"><img loading=\"lazy\" decoding=\"async\" width=\"221\" height=\"300\" src=\"https:\/\/cologneweb.com\/AtelierThomasPlum\/wp-content\/uploads\/2020\/04\/E0521E60-1B6D-4986-B720-DFDD13A54B7E-221x300.jpeg\" alt=\"\" class=\"wp-image-1862\" srcset=\"https:\/\/cologneweb.com\/AtelierThomasPlum\/wp-content\/uploads\/2020\/04\/E0521E60-1B6D-4986-B720-DFDD13A54B7E-221x300.jpeg 221w, https:\/\/cologneweb.com\/AtelierThomasPlum\/wp-content\/uploads\/2020\/04\/E0521E60-1B6D-4986-B720-DFDD13A54B7E-755x1024.jpeg 755w, https:\/\/cologneweb.com\/AtelierThomasPlum\/wp-content\/uploads\/2020\/04\/E0521E60-1B6D-4986-B720-DFDD13A54B7E-768x1041.jpeg 768w, https:\/\/cologneweb.com\/AtelierThomasPlum\/wp-content\/uploads\/2020\/04\/E0521E60-1B6D-4986-B720-DFDD13A54B7E-1133x1536.jpeg 1133w, https:\/\/cologneweb.com\/AtelierThomasPlum\/wp-content\/uploads\/2020\/04\/E0521E60-1B6D-4986-B720-DFDD13A54B7E-1510x2048.jpeg 1510w, https:\/\/cologneweb.com\/AtelierThomasPlum\/wp-content\/uploads\/2020\/04\/E0521E60-1B6D-4986-B720-DFDD13A54B7E-1200x1627.jpeg 1200w, https:\/\/cologneweb.com\/AtelierThomasPlum\/wp-content\/uploads\/2020\/04\/E0521E60-1B6D-4986-B720-DFDD13A54B7E-scaled.jpeg 1888w\" sizes=\"(max-width: 221px) 85vw, 221px\" \/><\/a><figcaption>[Froschk\u00f6nig II] Acryl auf Leinwand, 40*30 cm, 2010<\/figcaption><\/figure>\n\n\n\n<figure class=\"wp-block-image size-medium\"><a href=\"https:\/\/cologneweb.com\/AtelierThomasPlum\/wp-content\/uploads\/2020\/04\/998E5620-99F3-480C-B6C5-1912FC2F5BD8.jpeg\"><img loading=\"lazy\" decoding=\"async\" width=\"300\" height=\"288\" src=\"https:\/\/cologneweb.com\/AtelierThomasPlum\/wp-content\/uploads\/2020\/04\/998E5620-99F3-480C-B6C5-1912FC2F5BD8-300x288.jpeg\" alt=\"\" class=\"wp-image-1860\" srcset=\"https:\/\/cologneweb.com\/AtelierThomasPlum\/wp-content\/uploads\/2020\/04\/998E5620-99F3-480C-B6C5-1912FC2F5BD8-300x288.jpeg 300w, https:\/\/cologneweb.com\/AtelierThomasPlum\/wp-content\/uploads\/2020\/04\/998E5620-99F3-480C-B6C5-1912FC2F5BD8.jpeg 761w\" sizes=\"(max-width: 300px) 85vw, 300px\" \/><\/a><figcaption><em>[Froschk\u00f6nig III] Acryl auf Leinwand, 40*40 cm, 2010<\/em>, Privatsammlung<\/figcaption><\/figure>\n\n\n\n<hr class=\"wp-block-separator\"\/>\n\n\n\n<figure class=\"wp-block-image size-thumbnail\"><a href=\"https:\/\/cologneweb.com\/AtelierThomasPlum\/wp-content\/uploads\/2020\/05\/Frosch_Plastik-scaled-e1589716197190.jpg\"><img loading=\"lazy\" decoding=\"async\" width=\"150\" height=\"150\" src=\"https:\/\/cologneweb.com\/AtelierThomasPlum\/wp-content\/uploads\/2020\/05\/Frosch_Plastik-scaled-e1589716197190-150x150.jpg\" alt=\"\" class=\"wp-image-2335\"\/><\/a><figcaption>[Frosch] Gebrannter Ton, Aquarell, 1991<\/figcaption><\/figure>\n\n\n\n<hr class=\"wp-block-separator\"\/>\n\n\n\n<p><a href=\"https:\/\/cologneweb.com\/AtelierThomasPlum\/Galerie\">Galerie<\/a><\/p>\n","protected":false},"excerpt":{"rendered":"<p>Galerie \u2026 aber als die Prinzessin auch noch mit der goldenen Kugel nach ihr warf, da hatte der Froschk\u00f6nig endg\u00fcltig die Nase voll von ihr. Emp\u00f6rt kehrte er ihr den R\u00fccken und h\u00fcpfte nach Hause. Das Schloss erzitterte bis in seine Grundfesten, als er krachend die T\u00fcr zuwarf. \u201eBl\u00f6des Weibsvolk!\u201c, quakte er. Doch da stand &hellip; <a href=\"https:\/\/cologneweb.com\/AtelierThomasPlum\/malerei\/galerie\/2010-2\/\" class=\"more-link\"><span class=\"screen-reader-text\">&#8220;2010&#8221; <\/span>weiterlesen<\/a><\/p>\n","protected":false},"author":1,"featured_media":0,"parent":305,"menu_order":0,"comment_status":"closed","ping_status":"closed","template":"","meta":{"footnotes":""},"_links":{"self":[{"href":"https:\/\/cologneweb.com\/AtelierThomasPlum\/wp-json\/wp\/v2\/pages\/1623"}],"collection":[{"href":"https:\/\/cologneweb.com\/AtelierThomasPlum\/wp-json\/wp\/v2\/pages"}],"about":[{"href":"https:\/\/cologneweb.com\/AtelierThomasPlum\/wp-json\/wp\/v2\/types\/page"}],"author":[{"embeddable":true,"href":"https:\/\/cologneweb.com\/AtelierThomasPlum\/wp-json\/wp\/v2\/users\/1"}],"replies":[{"embeddable":true,"href":"https:\/\/cologneweb.com\/AtelierThomasPlum\/wp-json\/wp\/v2\/comments?post=1623"}],"version-history":[{"count":12,"href":"https:\/\/cologneweb.com\/AtelierThomasPlum\/wp-json\/wp\/v2\/pages\/1623\/revisions"}],"predecessor-version":[{"id":3587,"href":"https:\/\/cologneweb.com\/AtelierThomasPlum\/wp-json\/wp\/v2\/pages\/1623\/revisions\/3587"}],"up":[{"embeddable":true,"href":"https:\/\/cologneweb.com\/AtelierThomasPlum\/wp-json\/wp\/v2\/pages\/305"}],"wp:attachment":[{"href":"https:\/\/cologneweb.com\/AtelierThomasPlum\/wp-json\/wp\/v2\/media?parent=1623"}],"curies":[{"name":"wp","href":"https:\/\/api.w.org\/{rel}","templated":true}]}}