{"id":1367,"date":"2020-03-29T14:59:34","date_gmt":"2020-03-29T14:59:34","guid":{"rendered":"https:\/\/cologneweb.com\/AtelierThomasPlum\/?page_id=1367"},"modified":"2021-01-13T16:05:32","modified_gmt":"2021-01-13T16:05:32","slug":"1987-2","status":"publish","type":"page","link":"https:\/\/cologneweb.com\/AtelierThomasPlum\/malerei\/galerie\/1987-2\/","title":{"rendered":"1987"},"content":{"rendered":"\n<p><a href=\"https:\/\/cologneweb.com\/AtelierThomasPlum\/Galerie\">Galerie<\/a><\/p>\n\n\n\n<figure class=\"wp-block-image\"><a href=\"https:\/\/cologneweb.com\/AtelierThomasPlum\/wp-content\/uploads\/2019\/04\/torsi_verbrannt-1.jpg\"><img loading=\"lazy\" decoding=\"async\" width=\"235\" height=\"300\" src=\"https:\/\/cologneweb.com\/AtelierThomasPlum\/wp-content\/uploads\/2019\/04\/torsi_verbrannt-1-235x300.jpg\" alt=\"[Zwei verbrannte Torsi] Dammarfirnis, Schw\u00e4mme, Pigmente, Steinkohle, Vogelfedern auf Lw., 50*40 cm, 1987\nPrivatsammlung\" class=\"wp-image-702\" srcset=\"https:\/\/cologneweb.com\/AtelierThomasPlum\/wp-content\/uploads\/2019\/04\/torsi_verbrannt-1-235x300.jpg 235w, https:\/\/cologneweb.com\/AtelierThomasPlum\/wp-content\/uploads\/2019\/04\/torsi_verbrannt-1-768x980.jpg 768w, https:\/\/cologneweb.com\/AtelierThomasPlum\/wp-content\/uploads\/2019\/04\/torsi_verbrannt-1-803x1024.jpg 803w, https:\/\/cologneweb.com\/AtelierThomasPlum\/wp-content\/uploads\/2019\/04\/torsi_verbrannt-1-1200x1531.jpg 1200w, https:\/\/cologneweb.com\/AtelierThomasPlum\/wp-content\/uploads\/2019\/04\/torsi_verbrannt-1.jpg 1225w\" sizes=\"(max-width: 235px) 85vw, 235px\" \/><\/a><figcaption>[Zwei verbrannte Torsi] Dammarfirnis, Schw\u00e4mme, Pigmente, Steinkohle, Vogelfedern auf Lw., 50*40 cm, 1987, Privatsammlung<\/figcaption><\/figure>\n\n\n\n<figure class=\"wp-block-image size-medium\"><a href=\"https:\/\/cologneweb.com\/AtelierThomasPlum\/wp-content\/uploads\/2020\/04\/Blauer_Torso.jpg\"><img loading=\"lazy\" decoding=\"async\" width=\"212\" height=\"300\" src=\"https:\/\/cologneweb.com\/AtelierThomasPlum\/wp-content\/uploads\/2020\/04\/Blauer_Torso-212x300.jpg\" alt=\"\" class=\"wp-image-1481\" srcset=\"https:\/\/cologneweb.com\/AtelierThomasPlum\/wp-content\/uploads\/2020\/04\/Blauer_Torso-212x300.jpg 212w, https:\/\/cologneweb.com\/AtelierThomasPlum\/wp-content\/uploads\/2020\/04\/Blauer_Torso-725x1024.jpg 725w, https:\/\/cologneweb.com\/AtelierThomasPlum\/wp-content\/uploads\/2020\/04\/Blauer_Torso.jpg 759w\" sizes=\"(max-width: 212px) 85vw, 212px\" \/><\/a><figcaption>[Blauer Torso] Pastellkreide auf Holz, 40*30 cm, 1987, Privatsammlung<\/figcaption><\/figure>\n\n\n\n<figure class=\"wp-block-image\"><a href=\"https:\/\/cologneweb.com\/AtelierThomasPlum\/wp-content\/uploads\/2019\/04\/Drachenkoepfe-1.jpg\"><img loading=\"lazy\" decoding=\"async\" width=\"300\" height=\"229\" src=\"https:\/\/cologneweb.com\/AtelierThomasPlum\/wp-content\/uploads\/2019\/04\/Drachenkoepfe-1-300x229.jpg\" alt=\"[Drachenk\u00f6pfe] \u00d6l, Pigmente, Dammarfirnis, Holzkohle, Schw\u00e4mme auf Nessel, 40*50 cm, 1987\n\" class=\"wp-image-707\" srcset=\"https:\/\/cologneweb.com\/AtelierThomasPlum\/wp-content\/uploads\/2019\/04\/Drachenkoepfe-1-300x229.jpg 300w, https:\/\/cologneweb.com\/AtelierThomasPlum\/wp-content\/uploads\/2019\/04\/Drachenkoepfe-1-768x587.jpg 768w, https:\/\/cologneweb.com\/AtelierThomasPlum\/wp-content\/uploads\/2019\/04\/Drachenkoepfe-1.jpg 1020w\" sizes=\"(max-width: 300px) 85vw, 300px\" \/><\/a><figcaption>[Drachenk\u00f6pfe] \u00d6l, Pigmente, Dammarfirnis, Holzkohle, Schw\u00e4mme auf Nessel, 40*50 cm, 1987, Privatsammlung<\/figcaption><\/figure>\n\n\n\n<figure class=\"wp-block-image size-medium\"><a href=\"https:\/\/cologneweb.com\/AtelierThomasPlum\/wp-content\/uploads\/2020\/04\/blutung.jpg\"><img loading=\"lazy\" decoding=\"async\" width=\"300\" height=\"246\" src=\"https:\/\/cologneweb.com\/AtelierThomasPlum\/wp-content\/uploads\/2020\/04\/blutung-300x246.jpg\" alt=\"\" class=\"wp-image-1471\" srcset=\"https:\/\/cologneweb.com\/AtelierThomasPlum\/wp-content\/uploads\/2020\/04\/blutung-300x246.jpg 300w, https:\/\/cologneweb.com\/AtelierThomasPlum\/wp-content\/uploads\/2020\/04\/blutung-1024x841.jpg 1024w, https:\/\/cologneweb.com\/AtelierThomasPlum\/wp-content\/uploads\/2020\/04\/blutung-768x631.jpg 768w, https:\/\/cologneweb.com\/AtelierThomasPlum\/wp-content\/uploads\/2020\/04\/blutung-1536x1262.jpg 1536w, https:\/\/cologneweb.com\/AtelierThomasPlum\/wp-content\/uploads\/2020\/04\/blutung-1200x986.jpg 1200w, https:\/\/cologneweb.com\/AtelierThomasPlum\/wp-content\/uploads\/2020\/04\/blutung.jpg 1564w\" sizes=\"(max-width: 300px) 85vw, 300px\" \/><\/a><figcaption>[Blutung] Sand, \u00d6lfarbe, Gips, Mullbinde auf Holz, 30*36 cm, 1987, zerst\u00f6rt<\/figcaption><\/figure>\n\n\n\n<figure class=\"wp-block-image size-medium\"><a href=\"https:\/\/cologneweb.com\/AtelierThomasPlum\/wp-content\/uploads\/2019\/04\/Asche.jpg\"><img loading=\"lazy\" decoding=\"async\" width=\"175\" height=\"300\" src=\"https:\/\/cologneweb.com\/AtelierThomasPlum\/wp-content\/uploads\/2019\/04\/Asche-175x300.jpg\" alt=\"\" class=\"wp-image-76\" srcset=\"https:\/\/cologneweb.com\/AtelierThomasPlum\/wp-content\/uploads\/2019\/04\/Asche-175x300.jpg 175w, https:\/\/cologneweb.com\/AtelierThomasPlum\/wp-content\/uploads\/2019\/04\/Asche.jpg 500w\" sizes=\"(max-width: 175px) 85vw, 175px\" \/><\/a><figcaption> [Asche I]  Asche, \u00d6l auf Lw., 85*50 cm, 1987, Privatsammlung <\/figcaption><\/figure>\n\n\n\n<figure class=\"wp-block-image size-medium\"><a href=\"https:\/\/cologneweb.com\/AtelierThomasPlum\/wp-content\/uploads\/2020\/05\/Vulkan.jpg\"><img loading=\"lazy\" decoding=\"async\" width=\"218\" height=\"300\" src=\"https:\/\/cologneweb.com\/AtelierThomasPlum\/wp-content\/uploads\/2020\/05\/Vulkan-218x300.jpg\" alt=\"\" class=\"wp-image-2307\" srcset=\"https:\/\/cologneweb.com\/AtelierThomasPlum\/wp-content\/uploads\/2020\/05\/Vulkan-218x300.jpg 218w, https:\/\/cologneweb.com\/AtelierThomasPlum\/wp-content\/uploads\/2020\/05\/Vulkan-744x1024.jpg 744w, https:\/\/cologneweb.com\/AtelierThomasPlum\/wp-content\/uploads\/2020\/05\/Vulkan-768x1057.jpg 768w, https:\/\/cologneweb.com\/AtelierThomasPlum\/wp-content\/uploads\/2020\/05\/Vulkan-1116x1536.jpg 1116w, https:\/\/cologneweb.com\/AtelierThomasPlum\/wp-content\/uploads\/2020\/05\/Vulkan-1200x1652.jpg 1200w, https:\/\/cologneweb.com\/AtelierThomasPlum\/wp-content\/uploads\/2020\/05\/Vulkan.jpg 1286w\" sizes=\"(max-width: 218px) 85vw, 218px\" \/><\/a><figcaption>[Vulkan] Steinkohle, Sand, Dammarfirnis, \u00d6l auf Lw., 60*40 cm, 1987, Privatsammlung<\/figcaption><\/figure>\n\n\n\n<figure class=\"wp-block-image size-medium\"><a href=\"https:\/\/cologneweb.com\/AtelierThomasPlum\/wp-content\/uploads\/2020\/04\/Asche_Fumage.jpg\"><img loading=\"lazy\" decoding=\"async\" width=\"224\" height=\"300\" src=\"https:\/\/cologneweb.com\/AtelierThomasPlum\/wp-content\/uploads\/2020\/04\/Asche_Fumage-224x300.jpg\" alt=\"\" class=\"wp-image-1450\" srcset=\"https:\/\/cologneweb.com\/AtelierThomasPlum\/wp-content\/uploads\/2020\/04\/Asche_Fumage-224x300.jpg 224w, https:\/\/cologneweb.com\/AtelierThomasPlum\/wp-content\/uploads\/2020\/04\/Asche_Fumage-764x1024.jpg 764w, https:\/\/cologneweb.com\/AtelierThomasPlum\/wp-content\/uploads\/2020\/04\/Asche_Fumage-768x1030.jpg 768w, https:\/\/cologneweb.com\/AtelierThomasPlum\/wp-content\/uploads\/2020\/04\/Asche_Fumage-1146x1536.jpg 1146w, https:\/\/cologneweb.com\/AtelierThomasPlum\/wp-content\/uploads\/2020\/04\/Asche_Fumage.jpg 1174w\" sizes=\"(max-width: 224px) 85vw, 224px\" \/><\/a><figcaption>[Asche II] Fumage, Asche, \u00d6l auf Hartfaserplatte, 65*47,5 cm, 1987<\/figcaption><\/figure>\n\n\n\n<figure class=\"wp-block-image size-medium\"><a href=\"https:\/\/cologneweb.com\/AtelierThomasPlum\/wp-content\/uploads\/2020\/05\/Kreuzigung.jpg\"><img loading=\"lazy\" decoding=\"async\" width=\"226\" height=\"300\" src=\"https:\/\/cologneweb.com\/AtelierThomasPlum\/wp-content\/uploads\/2020\/05\/Kreuzigung-226x300.jpg\" alt=\"\" class=\"wp-image-2278\" srcset=\"https:\/\/cologneweb.com\/AtelierThomasPlum\/wp-content\/uploads\/2020\/05\/Kreuzigung-226x300.jpg 226w, https:\/\/cologneweb.com\/AtelierThomasPlum\/wp-content\/uploads\/2020\/05\/Kreuzigung.jpg 517w\" sizes=\"(max-width: 226px) 85vw, 226px\" \/><\/a><figcaption>[Kreuzigung] Collage, Feuchtt\u00fccher, Gaze, Pflaster, \u00d6l auf Lw., 39*30 cm, 1987, zerst\u00f6rt<\/figcaption><\/figure>\n\n\n\n<figure class=\"wp-block-image size-medium\"><a href=\"https:\/\/cologneweb.com\/AtelierThomasPlum\/wp-content\/uploads\/2020\/04\/barrikade.jpg\"><img loading=\"lazy\" decoding=\"async\" width=\"202\" height=\"300\" src=\"https:\/\/cologneweb.com\/AtelierThomasPlum\/wp-content\/uploads\/2020\/04\/barrikade-202x300.jpg\" alt=\"\" class=\"wp-image-1917\" srcset=\"https:\/\/cologneweb.com\/AtelierThomasPlum\/wp-content\/uploads\/2020\/04\/barrikade-202x300.jpg 202w, https:\/\/cologneweb.com\/AtelierThomasPlum\/wp-content\/uploads\/2020\/04\/barrikade-688x1024.jpg 688w, https:\/\/cologneweb.com\/AtelierThomasPlum\/wp-content\/uploads\/2020\/04\/barrikade-768x1143.jpg 768w, https:\/\/cologneweb.com\/AtelierThomasPlum\/wp-content\/uploads\/2020\/04\/barrikade.jpg 786w\" sizes=\"(max-width: 202px) 85vw, 202px\" \/><\/a><figcaption>[Barrikade (Wunde)] Sand, Pigmente, \u00d6l auf Lw., 130*98 cm, 1987, zerst\u00f6rt<\/figcaption><\/figure>\n\n\n\n<figure class=\"wp-block-image\"><a href=\"https:\/\/cologneweb.com\/AtelierThomasPlum\/wp-content\/uploads\/2019\/04\/Huetchen_Wiese_Himmel-1.jpg\"><img loading=\"lazy\" decoding=\"async\" width=\"238\" height=\"300\" src=\"https:\/\/cologneweb.com\/AtelierThomasPlum\/wp-content\/uploads\/2019\/04\/Huetchen_Wiese_Himmel-1-238x300.jpg\" alt=\"[Holl\u00e4ndische Landschaft] \u00d6l, Sand auf Lw., 60*44 cm, 1987\n\" class=\"wp-image-802\" srcset=\"https:\/\/cologneweb.com\/AtelierThomasPlum\/wp-content\/uploads\/2019\/04\/Huetchen_Wiese_Himmel-1-238x300.jpg 238w, https:\/\/cologneweb.com\/AtelierThomasPlum\/wp-content\/uploads\/2019\/04\/Huetchen_Wiese_Himmel-1-768x967.jpg 768w, https:\/\/cologneweb.com\/AtelierThomasPlum\/wp-content\/uploads\/2019\/04\/Huetchen_Wiese_Himmel-1-813x1024.jpg 813w, https:\/\/cologneweb.com\/AtelierThomasPlum\/wp-content\/uploads\/2019\/04\/Huetchen_Wiese_Himmel-1-1200x1511.jpg 1200w, https:\/\/cologneweb.com\/AtelierThomasPlum\/wp-content\/uploads\/2019\/04\/Huetchen_Wiese_Himmel-1.jpg 1249w\" sizes=\"(max-width: 238px) 85vw, 238px\" \/><\/a><figcaption>[Holl\u00e4ndische Landschaft] \u00d6l, Sand auf Lw., 60*44 cm, 1987, Privatsammlung<\/figcaption><\/figure>\n\n\n\n<figure class=\"wp-block-image size-medium\"><a href=\"https:\/\/cologneweb.com\/AtelierThomasPlum\/wp-content\/uploads\/2020\/04\/wirsing.jpg\"><img loading=\"lazy\" decoding=\"async\" width=\"193\" height=\"300\" src=\"https:\/\/cologneweb.com\/AtelierThomasPlum\/wp-content\/uploads\/2020\/04\/wirsing-193x300.jpg\" alt=\"\" class=\"wp-image-1465\" srcset=\"https:\/\/cologneweb.com\/AtelierThomasPlum\/wp-content\/uploads\/2020\/04\/wirsing-193x300.jpg 193w, https:\/\/cologneweb.com\/AtelierThomasPlum\/wp-content\/uploads\/2020\/04\/wirsing-658x1024.jpg 658w, https:\/\/cologneweb.com\/AtelierThomasPlum\/wp-content\/uploads\/2020\/04\/wirsing-768x1195.jpg 768w, https:\/\/cologneweb.com\/AtelierThomasPlum\/wp-content\/uploads\/2020\/04\/wirsing-987x1536.jpg 987w, https:\/\/cologneweb.com\/AtelierThomasPlum\/wp-content\/uploads\/2020\/04\/wirsing.jpg 1012w\" sizes=\"(max-width: 193px) 85vw, 193px\" \/><\/a><figcaption>[Wirsing untereinander] \u00d6lfarbe, Sand, Sandpapier auf Pressspanplatte, 46*28 cm, 1987<\/figcaption><\/figure>\n\n\n\n<figure class=\"wp-block-image size-medium\"><a href=\"https:\/\/cologneweb.com\/AtelierThomasPlum\/wp-content\/uploads\/2020\/04\/sonne-scaled.jpg\"><img loading=\"lazy\" decoding=\"async\" width=\"300\" height=\"227\" src=\"https:\/\/cologneweb.com\/AtelierThomasPlum\/wp-content\/uploads\/2020\/04\/sonne-300x227.jpg\" alt=\"\" class=\"wp-image-1938\" srcset=\"https:\/\/cologneweb.com\/AtelierThomasPlum\/wp-content\/uploads\/2020\/04\/sonne-300x227.jpg 300w, https:\/\/cologneweb.com\/AtelierThomasPlum\/wp-content\/uploads\/2020\/04\/sonne-1024x774.jpg 1024w, https:\/\/cologneweb.com\/AtelierThomasPlum\/wp-content\/uploads\/2020\/04\/sonne-768x580.jpg 768w, https:\/\/cologneweb.com\/AtelierThomasPlum\/wp-content\/uploads\/2020\/04\/sonne-1536x1161.jpg 1536w, https:\/\/cologneweb.com\/AtelierThomasPlum\/wp-content\/uploads\/2020\/04\/sonne-2048x1548.jpg 2048w, https:\/\/cologneweb.com\/AtelierThomasPlum\/wp-content\/uploads\/2020\/04\/sonne-1200x907.jpg 1200w\" sizes=\"(max-width: 300px) 85vw, 300px\" \/><\/a><figcaption>[W\u00fcstensonne] Sand, Kleister, Baumwolltuch collagiert, \u00d6l, Terpentinfarbe auf Hartfaserplatte, 57*76,5 cm, 1987<\/figcaption><\/figure>\n\n\n\n<figure class=\"wp-block-image size-medium\"><a href=\"https:\/\/cologneweb.com\/AtelierThomasPlum\/wp-content\/uploads\/2020\/04\/Explosion-1.jpg\"><img loading=\"lazy\" decoding=\"async\" width=\"223\" height=\"300\" src=\"https:\/\/cologneweb.com\/AtelierThomasPlum\/wp-content\/uploads\/2020\/04\/Explosion-1-223x300.jpg\" alt=\"\" class=\"wp-image-1920\" srcset=\"https:\/\/cologneweb.com\/AtelierThomasPlum\/wp-content\/uploads\/2020\/04\/Explosion-1-223x300.jpg 223w, https:\/\/cologneweb.com\/AtelierThomasPlum\/wp-content\/uploads\/2020\/04\/Explosion-1-761x1024.jpg 761w, https:\/\/cologneweb.com\/AtelierThomasPlum\/wp-content\/uploads\/2020\/04\/Explosion-1-768x1033.jpg 768w, https:\/\/cologneweb.com\/AtelierThomasPlum\/wp-content\/uploads\/2020\/04\/Explosion-1-1142x1536.jpg 1142w, https:\/\/cologneweb.com\/AtelierThomasPlum\/wp-content\/uploads\/2020\/04\/Explosion-1.jpg 1171w\" sizes=\"(max-width: 223px) 85vw, 223px\" \/><\/a><figcaption>[Wei\u00dfe Explosion] \u00d6l auf Lw., 60*44 cm, 1987, Privatsammlung<\/figcaption><\/figure>\n\n\n\n<figure class=\"wp-block-image size-medium\"><a href=\"https:\/\/cologneweb.com\/AtelierThomasPlum\/wp-content\/uploads\/2020\/05\/IMG_0384-e1589451966972.jpeg\"><img loading=\"lazy\" decoding=\"async\" width=\"237\" height=\"300\" src=\"https:\/\/cologneweb.com\/AtelierThomasPlum\/wp-content\/uploads\/2020\/05\/IMG_0384-e1589451966972-237x300.jpeg\" alt=\"\" class=\"wp-image-2200\" srcset=\"https:\/\/cologneweb.com\/AtelierThomasPlum\/wp-content\/uploads\/2020\/05\/IMG_0384-e1589451966972-237x300.jpeg 237w, https:\/\/cologneweb.com\/AtelierThomasPlum\/wp-content\/uploads\/2020\/05\/IMG_0384-e1589451966972.jpeg 574w\" sizes=\"(max-width: 237px) 85vw, 237px\" \/><\/a><figcaption>[Faltung] \u00d6l, Vliesstoff auf Lw., 53*43,5 cm, 1987, Privatsammlung<\/figcaption><\/figure>\n\n\n\n<figure class=\"wp-block-image size-medium\"><a href=\"https:\/\/cologneweb.com\/AtelierThomasPlum\/wp-content\/uploads\/2020\/04\/Halde-scaled.jpg\"><img loading=\"lazy\" decoding=\"async\" width=\"300\" height=\"227\" src=\"https:\/\/cologneweb.com\/AtelierThomasPlum\/wp-content\/uploads\/2020\/04\/Halde-300x227.jpg\" alt=\"\" class=\"wp-image-1448\" srcset=\"https:\/\/cologneweb.com\/AtelierThomasPlum\/wp-content\/uploads\/2020\/04\/Halde-300x227.jpg 300w, https:\/\/cologneweb.com\/AtelierThomasPlum\/wp-content\/uploads\/2020\/04\/Halde-1024x773.jpg 1024w, https:\/\/cologneweb.com\/AtelierThomasPlum\/wp-content\/uploads\/2020\/04\/Halde-768x580.jpg 768w, https:\/\/cologneweb.com\/AtelierThomasPlum\/wp-content\/uploads\/2020\/04\/Halde-1536x1160.jpg 1536w, https:\/\/cologneweb.com\/AtelierThomasPlum\/wp-content\/uploads\/2020\/04\/Halde-2048x1546.jpg 2048w, https:\/\/cologneweb.com\/AtelierThomasPlum\/wp-content\/uploads\/2020\/04\/Halde-1200x906.jpg 1200w\" sizes=\"(max-width: 300px) 85vw, 300px\" \/><\/a><figcaption>[Halde] Pigmente,  Steinkohle, Dammarfirnis  auf Lw., 40*50 cm, 1987, zerst\u00f6rt <\/figcaption><\/figure>\n\n\n\n<div class=\"wp-block-group\"><div class=\"wp-block-group__inner-container is-layout-flow wp-block-group-is-layout-flow\">\n<figure class=\"wp-block-image size-medium\"><a href=\"https:\/\/cologneweb.com\/AtelierThomasPlum\/wp-content\/uploads\/2020\/05\/Diptychon_Vulva_1-scaled.jpg\"><img loading=\"lazy\" decoding=\"async\" width=\"300\" height=\"241\" src=\"https:\/\/cologneweb.com\/AtelierThomasPlum\/wp-content\/uploads\/2020\/05\/Diptychon_Vulva_1-300x241.jpg\" alt=\"\" class=\"wp-image-2298\" srcset=\"https:\/\/cologneweb.com\/AtelierThomasPlum\/wp-content\/uploads\/2020\/05\/Diptychon_Vulva_1-300x241.jpg 300w, https:\/\/cologneweb.com\/AtelierThomasPlum\/wp-content\/uploads\/2020\/05\/Diptychon_Vulva_1-1024x823.jpg 1024w, https:\/\/cologneweb.com\/AtelierThomasPlum\/wp-content\/uploads\/2020\/05\/Diptychon_Vulva_1-768x617.jpg 768w, https:\/\/cologneweb.com\/AtelierThomasPlum\/wp-content\/uploads\/2020\/05\/Diptychon_Vulva_1-1536x1234.jpg 1536w, https:\/\/cologneweb.com\/AtelierThomasPlum\/wp-content\/uploads\/2020\/05\/Diptychon_Vulva_1-2048x1645.jpg 2048w, https:\/\/cologneweb.com\/AtelierThomasPlum\/wp-content\/uploads\/2020\/05\/Diptychon_Vulva_1-1200x964.jpg 1200w\" sizes=\"(max-width: 300px) 85vw, 300px\" \/><\/a><figcaption>[Vulva &#8211; Diptychon 1\/2] \u00d6l auf Lw., 40*50 cm, 1987<\/figcaption><\/figure>\n<\/div><\/div>\n\n\n\n<figure class=\"wp-block-image size-medium\"><a href=\"https:\/\/cologneweb.com\/AtelierThomasPlum\/wp-content\/uploads\/2020\/05\/Diptychon_Vulva_2-scaled.jpg\"><img loading=\"lazy\" decoding=\"async\" width=\"300\" height=\"241\" src=\"https:\/\/cologneweb.com\/AtelierThomasPlum\/wp-content\/uploads\/2020\/05\/Diptychon_Vulva_2-300x241.jpg\" alt=\"\" class=\"wp-image-2299\" srcset=\"https:\/\/cologneweb.com\/AtelierThomasPlum\/wp-content\/uploads\/2020\/05\/Diptychon_Vulva_2-300x241.jpg 300w, https:\/\/cologneweb.com\/AtelierThomasPlum\/wp-content\/uploads\/2020\/05\/Diptychon_Vulva_2-1024x823.jpg 1024w, https:\/\/cologneweb.com\/AtelierThomasPlum\/wp-content\/uploads\/2020\/05\/Diptychon_Vulva_2-768x617.jpg 768w, https:\/\/cologneweb.com\/AtelierThomasPlum\/wp-content\/uploads\/2020\/05\/Diptychon_Vulva_2-1536x1234.jpg 1536w, https:\/\/cologneweb.com\/AtelierThomasPlum\/wp-content\/uploads\/2020\/05\/Diptychon_Vulva_2-2048x1645.jpg 2048w, https:\/\/cologneweb.com\/AtelierThomasPlum\/wp-content\/uploads\/2020\/05\/Diptychon_Vulva_2-1200x964.jpg 1200w\" sizes=\"(max-width: 300px) 85vw, 300px\" \/><\/a><figcaption>[Vulva -Diptychon 2\/2] \u00d6l auf Lw., 40*50 cm, 1987<\/figcaption><\/figure>\n\n\n\n<figure class=\"wp-block-image size-medium\"><a href=\"https:\/\/cologneweb.com\/AtelierThomasPlum\/wp-content\/uploads\/2020\/04\/Zwei_Spuren_im_Schnee-1.jpg\"><img loading=\"lazy\" decoding=\"async\" width=\"179\" height=\"300\" src=\"https:\/\/cologneweb.com\/AtelierThomasPlum\/wp-content\/uploads\/2020\/04\/Zwei_Spuren_im_Schnee-1-179x300.jpg\" alt=\"\" class=\"wp-image-1809\" srcset=\"https:\/\/cologneweb.com\/AtelierThomasPlum\/wp-content\/uploads\/2020\/04\/Zwei_Spuren_im_Schnee-1-179x300.jpg 179w, https:\/\/cologneweb.com\/AtelierThomasPlum\/wp-content\/uploads\/2020\/04\/Zwei_Spuren_im_Schnee-1-611x1024.jpg 611w, https:\/\/cologneweb.com\/AtelierThomasPlum\/wp-content\/uploads\/2020\/04\/Zwei_Spuren_im_Schnee-1-768x1287.jpg 768w, https:\/\/cologneweb.com\/AtelierThomasPlum\/wp-content\/uploads\/2020\/04\/Zwei_Spuren_im_Schnee-1-917x1536.jpg 917w, https:\/\/cologneweb.com\/AtelierThomasPlum\/wp-content\/uploads\/2020\/04\/Zwei_Spuren_im_Schnee-1.jpg 940w\" sizes=\"(max-width: 179px) 85vw, 179px\" \/><\/a><figcaption>[Spuren im Schnee (Hommage \u00e0 Marcel Duchamp &#8220;<a rel=\"noreferrer noopener\" href=\"https:\/\/www.toutfait.com\/unmaking_the_museum\/Pharmacy.html\" target=\"_blank\">Pharmacie<\/a>&#8220;)] \u00d6l, Terpentinfarbe auf Rohleinwand, 95*60,5 cm, 1987<\/figcaption><\/figure>\n\n\n\n<figure class=\"wp-block-image size-medium is-style-default\"><a href=\"https:\/\/cologneweb.com\/AtelierThomasPlum\/wp-content\/uploads\/2021\/01\/kreuzigung_blaurot-1.jpg\"><img loading=\"lazy\" decoding=\"async\" width=\"208\" height=\"300\" src=\"https:\/\/cologneweb.com\/AtelierThomasPlum\/wp-content\/uploads\/2021\/01\/kreuzigung_blaurot-1-208x300.jpg\" alt=\"\" class=\"wp-image-3395\" srcset=\"https:\/\/cologneweb.com\/AtelierThomasPlum\/wp-content\/uploads\/2021\/01\/kreuzigung_blaurot-1-208x300.jpg 208w, https:\/\/cologneweb.com\/AtelierThomasPlum\/wp-content\/uploads\/2021\/01\/kreuzigung_blaurot-1-711x1024.jpg 711w, https:\/\/cologneweb.com\/AtelierThomasPlum\/wp-content\/uploads\/2021\/01\/kreuzigung_blaurot-1-768x1106.jpg 768w, https:\/\/cologneweb.com\/AtelierThomasPlum\/wp-content\/uploads\/2021\/01\/kreuzigung_blaurot-1-1067x1536.jpg 1067w, https:\/\/cologneweb.com\/AtelierThomasPlum\/wp-content\/uploads\/2021\/01\/kreuzigung_blaurot-1-1423x2048.jpg 1423w, https:\/\/cologneweb.com\/AtelierThomasPlum\/wp-content\/uploads\/2021\/01\/kreuzigung_blaurot-1-1200x1727.jpg 1200w, https:\/\/cologneweb.com\/AtelierThomasPlum\/wp-content\/uploads\/2021\/01\/kreuzigung_blaurot-1.jpg 1629w\" sizes=\"(max-width: 208px) 85vw, 208px\" \/><\/a><figcaption>\u00d6l auf Rohleinwand., 128*91 cm, 1987, zerst\u00f6rt<\/figcaption><\/figure>\n\n\n\n<figure class=\"wp-block-image size-medium is-style-default\"><a href=\"https:\/\/cologneweb.com\/AtelierThomasPlum\/wp-content\/uploads\/2020\/04\/IMG_3851-scaled.jpg\"><img loading=\"lazy\" decoding=\"async\" width=\"231\" height=\"300\" src=\"https:\/\/cologneweb.com\/AtelierThomasPlum\/wp-content\/uploads\/2020\/04\/IMG_3851-231x300.jpg\" alt=\"\" class=\"wp-image-1553\" srcset=\"https:\/\/cologneweb.com\/AtelierThomasPlum\/wp-content\/uploads\/2020\/04\/IMG_3851-231x300.jpg 231w, https:\/\/cologneweb.com\/AtelierThomasPlum\/wp-content\/uploads\/2020\/04\/IMG_3851-788x1024.jpg 788w, https:\/\/cologneweb.com\/AtelierThomasPlum\/wp-content\/uploads\/2020\/04\/IMG_3851-768x998.jpg 768w, https:\/\/cologneweb.com\/AtelierThomasPlum\/wp-content\/uploads\/2020\/04\/IMG_3851-1181x1536.jpg 1181w, https:\/\/cologneweb.com\/AtelierThomasPlum\/wp-content\/uploads\/2020\/04\/IMG_3851-1575x2048.jpg 1575w, https:\/\/cologneweb.com\/AtelierThomasPlum\/wp-content\/uploads\/2020\/04\/IMG_3851-1200x1560.jpg 1200w, https:\/\/cologneweb.com\/AtelierThomasPlum\/wp-content\/uploads\/2020\/04\/IMG_3851-scaled.jpg 1969w\" sizes=\"(max-width: 231px) 85vw, 231px\" \/><\/a><figcaption>[Mir\u00f3monde (Hommage \u00e0 Mir\u00f3)] \u00d6l auf Rohleinwand, 95*75 cm, 1987<\/figcaption><\/figure>\n\n\n\n<hr class=\"wp-block-separator\"\/>\n\n\n\n<p><a href=\"https:\/\/cologneweb.com\/AtelierThomasPlum\/Galerie\">Galerie<\/a><\/p>\n","protected":false},"excerpt":{"rendered":"<p>Galerie Galerie<\/p>\n","protected":false},"author":1,"featured_media":0,"parent":305,"menu_order":0,"comment_status":"closed","ping_status":"closed","template":"","meta":{"footnotes":""},"_links":{"self":[{"href":"https:\/\/cologneweb.com\/AtelierThomasPlum\/wp-json\/wp\/v2\/pages\/1367"}],"collection":[{"href":"https:\/\/cologneweb.com\/AtelierThomasPlum\/wp-json\/wp\/v2\/pages"}],"about":[{"href":"https:\/\/cologneweb.com\/AtelierThomasPlum\/wp-json\/wp\/v2\/types\/page"}],"author":[{"embeddable":true,"href":"https:\/\/cologneweb.com\/AtelierThomasPlum\/wp-json\/wp\/v2\/users\/1"}],"replies":[{"embeddable":true,"href":"https:\/\/cologneweb.com\/AtelierThomasPlum\/wp-json\/wp\/v2\/comments?post=1367"}],"version-history":[{"count":42,"href":"https:\/\/cologneweb.com\/AtelierThomasPlum\/wp-json\/wp\/v2\/pages\/1367\/revisions"}],"predecessor-version":[{"id":3397,"href":"https:\/\/cologneweb.com\/AtelierThomasPlum\/wp-json\/wp\/v2\/pages\/1367\/revisions\/3397"}],"up":[{"embeddable":true,"href":"https:\/\/cologneweb.com\/AtelierThomasPlum\/wp-json\/wp\/v2\/pages\/305"}],"wp:attachment":[{"href":"https:\/\/cologneweb.com\/AtelierThomasPlum\/wp-json\/wp\/v2\/media?parent=1367"}],"curies":[{"name":"wp","href":"https:\/\/api.w.org\/{rel}","templated":true}]}}