{"id":1365,"date":"2020-03-29T14:58:49","date_gmt":"2020-03-29T14:58:49","guid":{"rendered":"https:\/\/cologneweb.com\/AtelierThomasPlum\/?page_id=1365"},"modified":"2021-01-12T12:30:51","modified_gmt":"2021-01-12T12:30:51","slug":"1988-2","status":"publish","type":"page","link":"https:\/\/cologneweb.com\/AtelierThomasPlum\/malerei\/galerie\/1988-2\/","title":{"rendered":"1988"},"content":{"rendered":"\n<p><a href=\"https:\/\/cologneweb.com\/AtelierThomasPlum\/Galerie\">Galerie<\/a><\/p>\n\n\n\n<figure class=\"wp-block-image\"><a href=\"https:\/\/cologneweb.com\/AtelierThomasPlum\/wp-content\/uploads\/2019\/04\/Riss-1.jpg\"><img loading=\"lazy\" decoding=\"async\" width=\"224\" height=\"300\" src=\"https:\/\/cologneweb.com\/AtelierThomasPlum\/wp-content\/uploads\/2019\/04\/Riss-1-224x300.jpg\" alt=\"#5 [Riss] Pigmente, Graphit, Steinkohle, Dammarfirnis auf Lw., 40*30 cm, 1988\" class=\"wp-image-691\" srcset=\"https:\/\/cologneweb.com\/AtelierThomasPlum\/wp-content\/uploads\/2019\/04\/Riss-1-224x300.jpg 224w, https:\/\/cologneweb.com\/AtelierThomasPlum\/wp-content\/uploads\/2019\/04\/Riss-1-768x1029.jpg 768w, https:\/\/cologneweb.com\/AtelierThomasPlum\/wp-content\/uploads\/2019\/04\/Riss-1-765x1024.jpg 765w, https:\/\/cologneweb.com\/AtelierThomasPlum\/wp-content\/uploads\/2019\/04\/Riss-1-1200x1607.jpg 1200w\" sizes=\"(max-width: 224px) 85vw, 224px\" \/><\/a><figcaption>[Riss] Pigmente, Graphit, Steinkohle, Dammarfirnis auf Lw., 40*30 cm, 1988<\/figcaption><\/figure>\n\n\n\n<figure class=\"wp-block-image\"><a href=\"https:\/\/cologneweb.com\/AtelierThomasPlum\/wp-content\/uploads\/2019\/04\/Kellerfenster-1.jpg\"><img loading=\"lazy\" decoding=\"async\" width=\"227\" height=\"300\" src=\"https:\/\/cologneweb.com\/AtelierThomasPlum\/wp-content\/uploads\/2019\/04\/Kellerfenster-1-227x300.jpg\" alt=\"[Kellerfenster] Steinkohle, Pigmente, Dammarfirnis auf Hartfaserplatte, 20*14,5 cm, 1988\" class=\"wp-image-800\" srcset=\"https:\/\/cologneweb.com\/AtelierThomasPlum\/wp-content\/uploads\/2019\/04\/Kellerfenster-1-227x300.jpg 227w, https:\/\/cologneweb.com\/AtelierThomasPlum\/wp-content\/uploads\/2019\/04\/Kellerfenster-1-768x1015.jpg 768w, https:\/\/cologneweb.com\/AtelierThomasPlum\/wp-content\/uploads\/2019\/04\/Kellerfenster-1-775x1024.jpg 775w, https:\/\/cologneweb.com\/AtelierThomasPlum\/wp-content\/uploads\/2019\/04\/Kellerfenster-1-1200x1586.jpg 1200w, https:\/\/cologneweb.com\/AtelierThomasPlum\/wp-content\/uploads\/2019\/04\/Kellerfenster-1.jpg 1416w\" sizes=\"(max-width: 227px) 85vw, 227px\" \/><\/a><figcaption>[Kohlenkeller] Steinkohle, Pigmente, Dammarfirnis auf Hartfaserplatte, 20*14,5 cm, 1988, <br>Privatsammlung<\/figcaption><\/figure>\n\n\n\n<figure class=\"wp-block-image size-medium\"><a href=\"https:\/\/cologneweb.com\/AtelierThomasPlum\/wp-content\/uploads\/2020\/05\/Konstruktion.jpg\"><img loading=\"lazy\" decoding=\"async\" width=\"219\" height=\"300\" src=\"https:\/\/cologneweb.com\/AtelierThomasPlum\/wp-content\/uploads\/2020\/05\/Konstruktion-219x300.jpg\" alt=\"\" class=\"wp-image-2286\" srcset=\"https:\/\/cologneweb.com\/AtelierThomasPlum\/wp-content\/uploads\/2020\/05\/Konstruktion-219x300.jpg 219w, https:\/\/cologneweb.com\/AtelierThomasPlum\/wp-content\/uploads\/2020\/05\/Konstruktion-746x1024.jpg 746w, https:\/\/cologneweb.com\/AtelierThomasPlum\/wp-content\/uploads\/2020\/05\/Konstruktion-768x1054.jpg 768w, https:\/\/cologneweb.com\/AtelierThomasPlum\/wp-content\/uploads\/2020\/05\/Konstruktion.jpg 785w\" sizes=\"(max-width: 219px) 85vw, 219px\" \/><\/a><figcaption>[Konstruktion (Hommage \u00e0 Malewitsch)] Pigmente, Steinkohle, \u00d6l, Dammarfirnis auf Jute, 100*80 cm, 1988, zerst\u00f6rt<\/figcaption><\/figure>\n\n\n\n<figure class=\"wp-block-image size-medium is-style-default\"><a href=\"https:\/\/cologneweb.com\/AtelierThomasPlum\/wp-content\/uploads\/2021\/01\/ot-1.jpg\"><img loading=\"lazy\" decoding=\"async\" width=\"300\" height=\"216\" src=\"https:\/\/cologneweb.com\/AtelierThomasPlum\/wp-content\/uploads\/2021\/01\/ot-1-300x216.jpg\" alt=\"\" class=\"wp-image-3388\" srcset=\"https:\/\/cologneweb.com\/AtelierThomasPlum\/wp-content\/uploads\/2021\/01\/ot-1-300x216.jpg 300w, https:\/\/cologneweb.com\/AtelierThomasPlum\/wp-content\/uploads\/2021\/01\/ot-1-1024x737.jpg 1024w, https:\/\/cologneweb.com\/AtelierThomasPlum\/wp-content\/uploads\/2021\/01\/ot-1-768x553.jpg 768w, https:\/\/cologneweb.com\/AtelierThomasPlum\/wp-content\/uploads\/2021\/01\/ot-1-1536x1106.jpg 1536w, https:\/\/cologneweb.com\/AtelierThomasPlum\/wp-content\/uploads\/2021\/01\/ot-1-1200x864.jpg 1200w, https:\/\/cologneweb.com\/AtelierThomasPlum\/wp-content\/uploads\/2021\/01\/ot-1.jpg 1656w\" sizes=\"(max-width: 300px) 85vw, 300px\" \/><\/a><figcaption>Pigmente, Sand, Steinkohle, Dammarfirnis, \u00d6l auf Hartfaserplatte, 32*42,5 cm, 1988, zerst\u00f6rt<\/figcaption><\/figure>\n\n\n\n<figure class=\"wp-block-image\"><a href=\"https:\/\/cologneweb.com\/AtelierThomasPlum\/wp-content\/uploads\/2019\/04\/komet-1.jpg\"><img loading=\"lazy\" decoding=\"async\" width=\"300\" height=\"236\" src=\"https:\/\/cologneweb.com\/AtelierThomasPlum\/wp-content\/uploads\/2019\/04\/komet-1-300x236.jpg\" alt=\"#4 [Komet] Pigmente, Graphit, Steinkohle, Dammarfirnis auf Lw., 40*50 cm, 1988\" class=\"wp-image-795\" srcset=\"https:\/\/cologneweb.com\/AtelierThomasPlum\/wp-content\/uploads\/2019\/04\/komet-1-300x236.jpg 300w, https:\/\/cologneweb.com\/AtelierThomasPlum\/wp-content\/uploads\/2019\/04\/komet-1-768x604.jpg 768w, https:\/\/cologneweb.com\/AtelierThomasPlum\/wp-content\/uploads\/2019\/04\/komet-1-1024x805.jpg 1024w, https:\/\/cologneweb.com\/AtelierThomasPlum\/wp-content\/uploads\/2019\/04\/komet-1-1200x943.jpg 1200w\" sizes=\"(max-width: 300px) 85vw, 300px\" \/><\/a><figcaption>[Komet] Pigmente, Graphit, Steinkohle, Dammarfirnis auf Nessel, 40*50 cm, 1988<\/figcaption><\/figure>\n\n\n\n<figure class=\"wp-block-image size-medium\"><a href=\"https:\/\/cologneweb.com\/AtelierThomasPlum\/wp-content\/uploads\/2019\/04\/Vulkan_Mond.jpg\"><img loading=\"lazy\" decoding=\"async\" width=\"247\" height=\"300\" src=\"https:\/\/cologneweb.com\/AtelierThomasPlum\/wp-content\/uploads\/2019\/04\/Vulkan_Mond-247x300.jpg\" alt=\"\" class=\"wp-image-66\" srcset=\"https:\/\/cologneweb.com\/AtelierThomasPlum\/wp-content\/uploads\/2019\/04\/Vulkan_Mond-247x300.jpg 247w, https:\/\/cologneweb.com\/AtelierThomasPlum\/wp-content\/uploads\/2019\/04\/Vulkan_Mond.jpg 500w\" sizes=\"(max-width: 247px) 85vw, 247px\" \/><\/a><figcaption>[Vulkan mit Vollmond] Pigmente, Sand, Kleister, \u00d6l und Dammarfirnis auf Hartfaserplatte, 65*57,5 cm, 1988<\/figcaption><\/figure>\n\n\n\n<figure class=\"wp-block-image size-medium\"><a href=\"https:\/\/cologneweb.com\/AtelierThomasPlum\/wp-content\/uploads\/2020\/04\/torso.jpg\"><img loading=\"lazy\" decoding=\"async\" width=\"300\" height=\"230\" src=\"https:\/\/cologneweb.com\/AtelierThomasPlum\/wp-content\/uploads\/2020\/04\/torso-300x230.jpg\" alt=\"\" class=\"wp-image-1469\" srcset=\"https:\/\/cologneweb.com\/AtelierThomasPlum\/wp-content\/uploads\/2020\/04\/torso-300x230.jpg 300w, https:\/\/cologneweb.com\/AtelierThomasPlum\/wp-content\/uploads\/2020\/04\/torso-1024x787.jpg 1024w, https:\/\/cologneweb.com\/AtelierThomasPlum\/wp-content\/uploads\/2020\/04\/torso-768x590.jpg 768w, https:\/\/cologneweb.com\/AtelierThomasPlum\/wp-content\/uploads\/2020\/04\/torso-1536x1180.jpg 1536w, https:\/\/cologneweb.com\/AtelierThomasPlum\/wp-content\/uploads\/2020\/04\/torso-1200x922.jpg 1200w, https:\/\/cologneweb.com\/AtelierThomasPlum\/wp-content\/uploads\/2020\/04\/torso.jpg 1574w\" sizes=\"(max-width: 300px) 85vw, 300px\" \/><\/a><figcaption>[Torso] Assemblage: Pigmente, Steinkohle, Schw\u00e4mme, N\u00e4gel, \u00d6l, Dammarfirnis, Baumwollstoff auf Holz, 26*33 cm, 1988, zerst\u00f6rt<\/figcaption><\/figure>\n\n\n\n<figure class=\"wp-block-image size-medium\"><a href=\"https:\/\/cologneweb.com\/AtelierThomasPlum\/wp-content\/uploads\/2020\/06\/Farbkissen-scaled.jpg\"><img loading=\"lazy\" decoding=\"async\" width=\"213\" height=\"300\" src=\"https:\/\/cologneweb.com\/AtelierThomasPlum\/wp-content\/uploads\/2020\/06\/Farbkissen-213x300.jpg\" alt=\"\" class=\"wp-image-2519\" srcset=\"https:\/\/cologneweb.com\/AtelierThomasPlum\/wp-content\/uploads\/2020\/06\/Farbkissen-213x300.jpg 213w, https:\/\/cologneweb.com\/AtelierThomasPlum\/wp-content\/uploads\/2020\/06\/Farbkissen-728x1024.jpg 728w, https:\/\/cologneweb.com\/AtelierThomasPlum\/wp-content\/uploads\/2020\/06\/Farbkissen-768x1080.jpg 768w, https:\/\/cologneweb.com\/AtelierThomasPlum\/wp-content\/uploads\/2020\/06\/Farbkissen-1092x1536.jpg 1092w, https:\/\/cologneweb.com\/AtelierThomasPlum\/wp-content\/uploads\/2020\/06\/Farbkissen-1456x2048.jpg 1456w, https:\/\/cologneweb.com\/AtelierThomasPlum\/wp-content\/uploads\/2020\/06\/Farbkissen-1200x1688.jpg 1200w, https:\/\/cologneweb.com\/AtelierThomasPlum\/wp-content\/uploads\/2020\/06\/Farbkissen-scaled.jpg 1820w\" sizes=\"(max-width: 213px) 85vw, 213px\" \/><\/a><figcaption>[Wundverband] Assemblage: Pigmente, Steinkohle, Gaze, Schw\u00e4mme, Feuchtt\u00fccher, \u00d6l und Dammar auf Lw., 30*20*5 cm, 1988<\/figcaption><\/figure>\n\n\n\n<figure class=\"wp-block-image size-medium\"><a href=\"https:\/\/cologneweb.com\/AtelierThomasPlum\/wp-content\/uploads\/2020\/04\/vorhang.jpg\"><img loading=\"lazy\" decoding=\"async\" width=\"228\" height=\"300\" src=\"https:\/\/cologneweb.com\/AtelierThomasPlum\/wp-content\/uploads\/2020\/04\/vorhang-228x300.jpg\" alt=\"\" class=\"wp-image-1629\" srcset=\"https:\/\/cologneweb.com\/AtelierThomasPlum\/wp-content\/uploads\/2020\/04\/vorhang-228x300.jpg 228w, https:\/\/cologneweb.com\/AtelierThomasPlum\/wp-content\/uploads\/2020\/04\/vorhang-780x1024.jpg 780w, https:\/\/cologneweb.com\/AtelierThomasPlum\/wp-content\/uploads\/2020\/04\/vorhang-768x1009.jpg 768w, https:\/\/cologneweb.com\/AtelierThomasPlum\/wp-content\/uploads\/2020\/04\/vorhang-1169x1536.jpg 1169w, https:\/\/cologneweb.com\/AtelierThomasPlum\/wp-content\/uploads\/2020\/04\/vorhang.jpg 1199w\" sizes=\"(max-width: 228px) 85vw, 228px\" \/><\/a><figcaption>[Aufgerissene Textur] Assemblage: Pigmente, Gaze, Sandpapier, Hanffasern, \u00d6l auf Pressspanplatte, 37*29,5 cm, 1988<\/figcaption><\/figure>\n\n\n\n<figure class=\"wp-block-image size-medium\"><a href=\"https:\/\/cologneweb.com\/AtelierThomasPlum\/wp-content\/uploads\/2020\/05\/2F84D132-5FC8-4947-880D-EA50660A9AF8.jpeg\"><img loading=\"lazy\" decoding=\"async\" width=\"234\" height=\"300\" src=\"https:\/\/cologneweb.com\/AtelierThomasPlum\/wp-content\/uploads\/2020\/05\/2F84D132-5FC8-4947-880D-EA50660A9AF8-234x300.jpeg\" alt=\"\" class=\"wp-image-2418\" srcset=\"https:\/\/cologneweb.com\/AtelierThomasPlum\/wp-content\/uploads\/2020\/05\/2F84D132-5FC8-4947-880D-EA50660A9AF8-234x300.jpeg 234w, https:\/\/cologneweb.com\/AtelierThomasPlum\/wp-content\/uploads\/2020\/05\/2F84D132-5FC8-4947-880D-EA50660A9AF8-798x1024.jpeg 798w, https:\/\/cologneweb.com\/AtelierThomasPlum\/wp-content\/uploads\/2020\/05\/2F84D132-5FC8-4947-880D-EA50660A9AF8-768x986.jpeg 768w, https:\/\/cologneweb.com\/AtelierThomasPlum\/wp-content\/uploads\/2020\/05\/2F84D132-5FC8-4947-880D-EA50660A9AF8-1196x1536.jpeg 1196w, https:\/\/cologneweb.com\/AtelierThomasPlum\/wp-content\/uploads\/2020\/05\/2F84D132-5FC8-4947-880D-EA50660A9AF8-1595x2048.jpeg 1595w, https:\/\/cologneweb.com\/AtelierThomasPlum\/wp-content\/uploads\/2020\/05\/2F84D132-5FC8-4947-880D-EA50660A9AF8-1200x1541.jpeg 1200w, https:\/\/cologneweb.com\/AtelierThomasPlum\/wp-content\/uploads\/2020\/05\/2F84D132-5FC8-4947-880D-EA50660A9AF8.jpeg 1881w\" sizes=\"(max-width: 234px) 85vw, 234px\" \/><\/a><figcaption>[\u00d6lpest] Assemblage: Pigmente, Graphit, Textilfasern, Gaze, Vogelfeder, Motte, Dammarfirnis auf Lw., 100*80 cm, 1988<\/figcaption><\/figure>\n\n\n\n<hr class=\"wp-block-separator\"\/>\n\n\n\n<p><a href=\"https:\/\/cologneweb.com\/AtelierThomasPlum\/Galerie\">Galerie<\/a><\/p>\n","protected":false},"excerpt":{"rendered":"<p>Galerie Galerie<\/p>\n","protected":false},"author":1,"featured_media":0,"parent":305,"menu_order":0,"comment_status":"closed","ping_status":"closed","template":"","meta":{"footnotes":""},"_links":{"self":[{"href":"https:\/\/cologneweb.com\/AtelierThomasPlum\/wp-json\/wp\/v2\/pages\/1365"}],"collection":[{"href":"https:\/\/cologneweb.com\/AtelierThomasPlum\/wp-json\/wp\/v2\/pages"}],"about":[{"href":"https:\/\/cologneweb.com\/AtelierThomasPlum\/wp-json\/wp\/v2\/types\/page"}],"author":[{"embeddable":true,"href":"https:\/\/cologneweb.com\/AtelierThomasPlum\/wp-json\/wp\/v2\/users\/1"}],"replies":[{"embeddable":true,"href":"https:\/\/cologneweb.com\/AtelierThomasPlum\/wp-json\/wp\/v2\/comments?post=1365"}],"version-history":[{"count":28,"href":"https:\/\/cologneweb.com\/AtelierThomasPlum\/wp-json\/wp\/v2\/pages\/1365\/revisions"}],"predecessor-version":[{"id":3389,"href":"https:\/\/cologneweb.com\/AtelierThomasPlum\/wp-json\/wp\/v2\/pages\/1365\/revisions\/3389"}],"up":[{"embeddable":true,"href":"https:\/\/cologneweb.com\/AtelierThomasPlum\/wp-json\/wp\/v2\/pages\/305"}],"wp:attachment":[{"href":"https:\/\/cologneweb.com\/AtelierThomasPlum\/wp-json\/wp\/v2\/media?parent=1365"}],"curies":[{"name":"wp","href":"https:\/\/api.w.org\/{rel}","templated":true}]}}