{"id":1350,"date":"2020-03-29T14:49:47","date_gmt":"2020-03-29T14:49:47","guid":{"rendered":"https:\/\/cologneweb.com\/AtelierThomasPlum\/?page_id=1350"},"modified":"2024-04-03T19:24:52","modified_gmt":"2024-04-03T19:24:52","slug":"2013-2","status":"publish","type":"page","link":"https:\/\/cologneweb.com\/AtelierThomasPlum\/malerei\/galerie\/2013-2\/","title":{"rendered":"2013"},"content":{"rendered":"\n<p><a href=\"https:\/\/cologneweb.com\/AtelierThomasPlum\/Galerie\">Galerie<\/a><\/p>\n\n\n\n<figure class=\"wp-block-image\"><a href=\"https:\/\/cologneweb.com\/AtelierThomasPlum\/wp-content\/uploads\/2019\/04\/79B763FE-C81C-4325-AF92-A9F0DE6772C3.jpeg\"><img loading=\"lazy\" decoding=\"async\" width=\"220\" height=\"300\" src=\"https:\/\/cologneweb.com\/AtelierThomasPlum\/wp-content\/uploads\/2019\/04\/79B763FE-C81C-4325-AF92-A9F0DE6772C3-220x300.jpeg\" alt=\"27 \u00d6l, Stand\u00f6l auf Lw., 40*30 cm, 2013\" class=\"wp-image-778\" srcset=\"https:\/\/cologneweb.com\/AtelierThomasPlum\/wp-content\/uploads\/2019\/04\/79B763FE-C81C-4325-AF92-A9F0DE6772C3-220x300.jpeg 220w, https:\/\/cologneweb.com\/AtelierThomasPlum\/wp-content\/uploads\/2019\/04\/79B763FE-C81C-4325-AF92-A9F0DE6772C3-768x1047.jpeg 768w, https:\/\/cologneweb.com\/AtelierThomasPlum\/wp-content\/uploads\/2019\/04\/79B763FE-C81C-4325-AF92-A9F0DE6772C3-751x1024.jpeg 751w, https:\/\/cologneweb.com\/AtelierThomasPlum\/wp-content\/uploads\/2019\/04\/79B763FE-C81C-4325-AF92-A9F0DE6772C3-1200x1636.jpeg 1200w, https:\/\/cologneweb.com\/AtelierThomasPlum\/wp-content\/uploads\/2019\/04\/79B763FE-C81C-4325-AF92-A9F0DE6772C3.jpeg 1551w\" sizes=\"(max-width: 220px) 85vw, 220px\" \/><\/a><figcaption>[Rote Spiegelung] \u00d6l, Stand\u00f6l auf Lw., 40*30 cm, 2013, Privatsammlung<\/figcaption><\/figure>\n\n\n\n<figure class=\"wp-block-image\"><a href=\"https:\/\/cologneweb.com\/AtelierThomasPlum\/wp-content\/uploads\/2019\/04\/Nadelwald_Roter_Himmel-1.jpg\"><img loading=\"lazy\" decoding=\"async\" width=\"300\" height=\"218\" src=\"https:\/\/cologneweb.com\/AtelierThomasPlum\/wp-content\/uploads\/2019\/04\/Nadelwald_Roter_Himmel-1-300x218.jpg\" alt=\"[Nadelwald] \u00d6l, Stand\u00f6l auf Lw., 50*70 cm. 2013\n\" class=\"wp-image-709\" srcset=\"https:\/\/cologneweb.com\/AtelierThomasPlum\/wp-content\/uploads\/2019\/04\/Nadelwald_Roter_Himmel-1-300x218.jpg 300w, https:\/\/cologneweb.com\/AtelierThomasPlum\/wp-content\/uploads\/2019\/04\/Nadelwald_Roter_Himmel-1-768x557.jpg 768w, https:\/\/cologneweb.com\/AtelierThomasPlum\/wp-content\/uploads\/2019\/04\/Nadelwald_Roter_Himmel-1-1024x743.jpg 1024w, https:\/\/cologneweb.com\/AtelierThomasPlum\/wp-content\/uploads\/2019\/04\/Nadelwald_Roter_Himmel-1-1200x871.jpg 1200w\" sizes=\"(max-width: 300px) 85vw, 300px\" \/><\/a><figcaption>[Gr\u00fcner Nadelwald vor rotem Himmel] \u00d6l, Stand\u00f6l auf Lw., 50*70 cm. 2013, Privatsammlung<\/figcaption><\/figure>\n\n\n\n<figure class=\"wp-block-image size-medium\"><a href=\"https:\/\/cologneweb.com\/AtelierThomasPlum\/wp-content\/uploads\/2020\/05\/Vollmond_Waeldchen_See-scaled.jpg\"><img loading=\"lazy\" decoding=\"async\" width=\"300\" height=\"213\" src=\"https:\/\/cologneweb.com\/AtelierThomasPlum\/wp-content\/uploads\/2020\/05\/Vollmond_Waeldchen_See-300x213.jpg\" alt=\"\" class=\"wp-image-2294\" srcset=\"https:\/\/cologneweb.com\/AtelierThomasPlum\/wp-content\/uploads\/2020\/05\/Vollmond_Waeldchen_See-300x213.jpg 300w, https:\/\/cologneweb.com\/AtelierThomasPlum\/wp-content\/uploads\/2020\/05\/Vollmond_Waeldchen_See-1024x726.jpg 1024w, https:\/\/cologneweb.com\/AtelierThomasPlum\/wp-content\/uploads\/2020\/05\/Vollmond_Waeldchen_See-768x545.jpg 768w, https:\/\/cologneweb.com\/AtelierThomasPlum\/wp-content\/uploads\/2020\/05\/Vollmond_Waeldchen_See-1536x1090.jpg 1536w, https:\/\/cologneweb.com\/AtelierThomasPlum\/wp-content\/uploads\/2020\/05\/Vollmond_Waeldchen_See-2048x1453.jpg 2048w, https:\/\/cologneweb.com\/AtelierThomasPlum\/wp-content\/uploads\/2020\/05\/Vollmond_Waeldchen_See-1200x851.jpg 1200w\" sizes=\"(max-width: 300px) 85vw, 300px\" \/><\/a><figcaption> [Vollmond \u00fcberm W\u00e4ldchen am See] \u00d6l, Stand\u00f6l, Venezianisches Terpentin auf Lw., 50*70 cm, 2013<\/figcaption><\/figure>\n\n\n\n<figure class=\"wp-block-image\"><a href=\"https:\/\/cologneweb.com\/AtelierThomasPlum\/wp-content\/uploads\/2019\/04\/torso_orange.jpg\"><img loading=\"lazy\" decoding=\"async\" width=\"243\" height=\"300\" src=\"https:\/\/cologneweb.com\/AtelierThomasPlum\/wp-content\/uploads\/2019\/04\/torso_orange-243x300.jpg\" alt=\"\" class=\"wp-image-783\" srcset=\"https:\/\/cologneweb.com\/AtelierThomasPlum\/wp-content\/uploads\/2019\/04\/torso_orange-243x300.jpg 243w, https:\/\/cologneweb.com\/AtelierThomasPlum\/wp-content\/uploads\/2019\/04\/torso_orange-768x948.jpg 768w, https:\/\/cologneweb.com\/AtelierThomasPlum\/wp-content\/uploads\/2019\/04\/torso_orange-830x1024.jpg 830w, https:\/\/cologneweb.com\/AtelierThomasPlum\/wp-content\/uploads\/2019\/04\/torso_orange-1200x1481.jpg 1200w, https:\/\/cologneweb.com\/AtelierThomasPlum\/wp-content\/uploads\/2019\/04\/torso_orange.jpg 1577w\" sizes=\"(max-width: 243px) 85vw, 243px\" \/><\/a><figcaption>[Torso in strahlendem Orange] \u00d6l auf Lw., 50*40 cm, 2013<\/figcaption><\/figure>\n\n\n\n<figure class=\"wp-block-image size-medium\"><a href=\"https:\/\/cologneweb.com\/AtelierThomasPlum\/wp-content\/uploads\/2020\/11\/wasserblau.jpg\"><img loading=\"lazy\" decoding=\"async\" width=\"300\" height=\"235\" src=\"https:\/\/cologneweb.com\/AtelierThomasPlum\/wp-content\/uploads\/2020\/11\/wasserblau-300x235.jpg\" alt=\"\" class=\"wp-image-2992\" srcset=\"https:\/\/cologneweb.com\/AtelierThomasPlum\/wp-content\/uploads\/2020\/11\/wasserblau-300x235.jpg 300w, https:\/\/cologneweb.com\/AtelierThomasPlum\/wp-content\/uploads\/2020\/11\/wasserblau-1024x803.jpg 1024w, https:\/\/cologneweb.com\/AtelierThomasPlum\/wp-content\/uploads\/2020\/11\/wasserblau-768x602.jpg 768w, https:\/\/cologneweb.com\/AtelierThomasPlum\/wp-content\/uploads\/2020\/11\/wasserblau-1536x1205.jpg 1536w, https:\/\/cologneweb.com\/AtelierThomasPlum\/wp-content\/uploads\/2020\/11\/wasserblau-2048x1607.jpg 2048w, https:\/\/cologneweb.com\/AtelierThomasPlum\/wp-content\/uploads\/2020\/11\/wasserblau-1200x941.jpg 1200w\" sizes=\"(max-width: 300px) 85vw, 300px\" \/><\/a><figcaption>[Wasserblau] \u00d6l auf Lw., 40*50 cm, 2013<\/figcaption><\/figure>\n\n\n\n<figure class=\"wp-block-image size-medium\"><a href=\"https:\/\/cologneweb.com\/AtelierThomasPlum\/wp-content\/uploads\/2020\/04\/Regen_ueberm_Meer.jpg\"><img loading=\"lazy\" decoding=\"async\" width=\"300\" height=\"243\" src=\"https:\/\/cologneweb.com\/AtelierThomasPlum\/wp-content\/uploads\/2020\/04\/Regen_ueberm_Meer-300x243.jpg\" alt=\"\" class=\"wp-image-1842\" srcset=\"https:\/\/cologneweb.com\/AtelierThomasPlum\/wp-content\/uploads\/2020\/04\/Regen_ueberm_Meer-300x243.jpg 300w, https:\/\/cologneweb.com\/AtelierThomasPlum\/wp-content\/uploads\/2020\/04\/Regen_ueberm_Meer-1024x828.jpg 1024w, https:\/\/cologneweb.com\/AtelierThomasPlum\/wp-content\/uploads\/2020\/04\/Regen_ueberm_Meer-768x621.jpg 768w, https:\/\/cologneweb.com\/AtelierThomasPlum\/wp-content\/uploads\/2020\/04\/Regen_ueberm_Meer-1200x971.jpg 1200w, https:\/\/cologneweb.com\/AtelierThomasPlum\/wp-content\/uploads\/2020\/04\/Regen_ueberm_Meer.jpg 1523w\" sizes=\"(max-width: 300px) 85vw, 300px\" \/><\/a><figcaption> [Meer im Regen] Acryl + \u00d6l auf Lw. , 40*50 cm, 2011\/2013, Privatsammlung<\/figcaption><\/figure>\n\n\n\n<figure class=\"wp-block-image\"><a href=\"https:\/\/cologneweb.com\/AtelierThomasPlum\/wp-content\/uploads\/2019\/06\/Meer_Nacht.jpg\"><img loading=\"lazy\" decoding=\"async\" width=\"300\" height=\"211\" src=\"https:\/\/cologneweb.com\/AtelierThomasPlum\/wp-content\/uploads\/2019\/06\/Meer_Nacht-300x211.jpg\" alt=\"\" class=\"wp-image-1046\" srcset=\"https:\/\/cologneweb.com\/AtelierThomasPlum\/wp-content\/uploads\/2019\/06\/Meer_Nacht-300x211.jpg 300w, https:\/\/cologneweb.com\/AtelierThomasPlum\/wp-content\/uploads\/2019\/06\/Meer_Nacht-768x540.jpg 768w, https:\/\/cologneweb.com\/AtelierThomasPlum\/wp-content\/uploads\/2019\/06\/Meer_Nacht-1024x720.jpg 1024w, https:\/\/cologneweb.com\/AtelierThomasPlum\/wp-content\/uploads\/2019\/06\/Meer_Nacht-1200x844.jpg 1200w\" sizes=\"(max-width: 300px) 85vw, 300px\" \/><\/a><figcaption>[Meer bei Nacht] \u00d6l auf Lw., 50*70 cm, 2013<\/figcaption><\/figure>\n\n\n\n<figure class=\"wp-block-image size-medium\"><a href=\"https:\/\/cologneweb.com\/AtelierThomasPlum\/wp-content\/uploads\/2020\/04\/IMG_0263.jpeg\"><img loading=\"lazy\" decoding=\"async\" width=\"300\" height=\"207\" src=\"https:\/\/cologneweb.com\/AtelierThomasPlum\/wp-content\/uploads\/2020\/04\/IMG_0263-300x207.jpeg\" alt=\"\" class=\"wp-image-1848\" srcset=\"https:\/\/cologneweb.com\/AtelierThomasPlum\/wp-content\/uploads\/2020\/04\/IMG_0263-300x207.jpeg 300w, https:\/\/cologneweb.com\/AtelierThomasPlum\/wp-content\/uploads\/2020\/04\/IMG_0263-1024x706.jpeg 1024w, https:\/\/cologneweb.com\/AtelierThomasPlum\/wp-content\/uploads\/2020\/04\/IMG_0263-768x529.jpeg 768w, https:\/\/cologneweb.com\/AtelierThomasPlum\/wp-content\/uploads\/2020\/04\/IMG_0263-1536x1059.jpeg 1536w, https:\/\/cologneweb.com\/AtelierThomasPlum\/wp-content\/uploads\/2020\/04\/IMG_0263-2048x1412.jpeg 2048w, https:\/\/cologneweb.com\/AtelierThomasPlum\/wp-content\/uploads\/2020\/04\/IMG_0263-1200x827.jpeg 1200w\" sizes=\"(max-width: 300px) 85vw, 300px\" \/><\/a><figcaption>[Meer und Himmel] Acryl auf Lw., 50*70 cm, 2013, Privatsammlung<\/figcaption><\/figure>\n\n\n\n<figure class=\"wp-block-image\"><a href=\"https:\/\/cologneweb.com\/AtelierThomasPlum\/wp-content\/uploads\/2019\/05\/Roter_Wald.jpg\"><img loading=\"lazy\" decoding=\"async\" width=\"300\" height=\"210\" src=\"https:\/\/cologneweb.com\/AtelierThomasPlum\/wp-content\/uploads\/2019\/05\/Roter_Wald-300x210.jpg\" alt=\"\" class=\"wp-image-963\" srcset=\"https:\/\/cologneweb.com\/AtelierThomasPlum\/wp-content\/uploads\/2019\/05\/Roter_Wald-300x210.jpg 300w, https:\/\/cologneweb.com\/AtelierThomasPlum\/wp-content\/uploads\/2019\/05\/Roter_Wald-768x539.jpg 768w, https:\/\/cologneweb.com\/AtelierThomasPlum\/wp-content\/uploads\/2019\/05\/Roter_Wald-1024x718.jpg 1024w, https:\/\/cologneweb.com\/AtelierThomasPlum\/wp-content\/uploads\/2019\/05\/Roter_Wald-1200x842.jpg 1200w\" sizes=\"(max-width: 300px) 85vw, 300px\" \/><\/a><figcaption>[Roter Wald] \u00d6l auf Lw., 50*70 cm, 2013<\/figcaption><\/figure>\n\n\n\n<figure class=\"wp-block-image\"><a href=\"https:\/\/cologneweb.com\/AtelierThomasPlum\/wp-content\/uploads\/2019\/05\/Blauer_Wald.jpg\"><img loading=\"lazy\" decoding=\"async\" width=\"300\" height=\"214\" src=\"https:\/\/cologneweb.com\/AtelierThomasPlum\/wp-content\/uploads\/2019\/05\/Blauer_Wald-300x214.jpg\" alt=\"\" class=\"wp-image-965\" srcset=\"https:\/\/cologneweb.com\/AtelierThomasPlum\/wp-content\/uploads\/2019\/05\/Blauer_Wald-300x214.jpg 300w, https:\/\/cologneweb.com\/AtelierThomasPlum\/wp-content\/uploads\/2019\/05\/Blauer_Wald-768x548.jpg 768w, https:\/\/cologneweb.com\/AtelierThomasPlum\/wp-content\/uploads\/2019\/05\/Blauer_Wald-1024x731.jpg 1024w, https:\/\/cologneweb.com\/AtelierThomasPlum\/wp-content\/uploads\/2019\/05\/Blauer_Wald-1200x857.jpg 1200w\" sizes=\"(max-width: 300px) 85vw, 300px\" \/><\/a><figcaption>[Blauer Wald] \u00d6l auf Lw., 50*70 cm, 2013<\/figcaption><\/figure>\n\n\n\n<figure class=\"wp-block-image size-medium\"><a href=\"https:\/\/cologneweb.com\/AtelierThomasPlum\/wp-content\/uploads\/2020\/05\/Flammen-scaled.jpg\"><img loading=\"lazy\" decoding=\"async\" width=\"300\" height=\"220\" src=\"https:\/\/cologneweb.com\/AtelierThomasPlum\/wp-content\/uploads\/2020\/05\/Flammen-300x220.jpg\" alt=\"\" class=\"wp-image-2197\" srcset=\"https:\/\/cologneweb.com\/AtelierThomasPlum\/wp-content\/uploads\/2020\/05\/Flammen-300x220.jpg 300w, https:\/\/cologneweb.com\/AtelierThomasPlum\/wp-content\/uploads\/2020\/05\/Flammen-1024x752.jpg 1024w, https:\/\/cologneweb.com\/AtelierThomasPlum\/wp-content\/uploads\/2020\/05\/Flammen-768x564.jpg 768w, https:\/\/cologneweb.com\/AtelierThomasPlum\/wp-content\/uploads\/2020\/05\/Flammen-1536x1129.jpg 1536w, https:\/\/cologneweb.com\/AtelierThomasPlum\/wp-content\/uploads\/2020\/05\/Flammen-2048x1505.jpg 2048w, https:\/\/cologneweb.com\/AtelierThomasPlum\/wp-content\/uploads\/2020\/05\/Flammen-1200x882.jpg 1200w\" sizes=\"(max-width: 300px) 85vw, 300px\" \/><\/a><figcaption>[Flammen] \u00d6l auf Lw., 30*40 cm, 2013<\/figcaption><\/figure>\n\n\n\n<figure class=\"wp-block-image size-medium\"><a href=\"https:\/\/cologneweb.com\/AtelierThomasPlum\/wp-content\/uploads\/2020\/04\/IMG_2921-scaled.jpg\"><img loading=\"lazy\" decoding=\"async\" width=\"300\" height=\"212\" src=\"https:\/\/cologneweb.com\/AtelierThomasPlum\/wp-content\/uploads\/2020\/04\/IMG_2921-300x212.jpg\" alt=\"\" class=\"wp-image-1833\" srcset=\"https:\/\/cologneweb.com\/AtelierThomasPlum\/wp-content\/uploads\/2020\/04\/IMG_2921-300x212.jpg 300w, https:\/\/cologneweb.com\/AtelierThomasPlum\/wp-content\/uploads\/2020\/04\/IMG_2921-1024x724.jpg 1024w, https:\/\/cologneweb.com\/AtelierThomasPlum\/wp-content\/uploads\/2020\/04\/IMG_2921-768x543.jpg 768w, https:\/\/cologneweb.com\/AtelierThomasPlum\/wp-content\/uploads\/2020\/04\/IMG_2921-1536x1087.jpg 1536w, https:\/\/cologneweb.com\/AtelierThomasPlum\/wp-content\/uploads\/2020\/04\/IMG_2921-2048x1449.jpg 2048w, https:\/\/cologneweb.com\/AtelierThomasPlum\/wp-content\/uploads\/2020\/04\/IMG_2921-1200x849.jpg 1200w\" sizes=\"(max-width: 300px) 85vw, 300px\" \/><\/a><figcaption>[Butterblumen] Acryl auf Lw., 50*70 cm, 2013<\/figcaption><\/figure>\n\n\n\n<figure class=\"wp-block-image size-medium\"><a href=\"https:\/\/cologneweb.com\/AtelierThomasPlum\/wp-content\/uploads\/2019\/04\/Graeser_Wasser.jpg\"><img loading=\"lazy\" decoding=\"async\" width=\"300\" height=\"214\" src=\"https:\/\/cologneweb.com\/AtelierThomasPlum\/wp-content\/uploads\/2019\/04\/Graeser_Wasser-300x214.jpg\" alt=\"\" class=\"wp-image-190\" srcset=\"https:\/\/cologneweb.com\/AtelierThomasPlum\/wp-content\/uploads\/2019\/04\/Graeser_Wasser-300x214.jpg 300w, https:\/\/cologneweb.com\/AtelierThomasPlum\/wp-content\/uploads\/2019\/04\/Graeser_Wasser.jpg 700w\" sizes=\"(max-width: 300px) 85vw, 300px\" \/><\/a><figcaption>[Gras am See] Pigmente, Acryl auf Lw., 50*70 cm, 2013\/2014<\/figcaption><\/figure>\n\n\n\n<hr class=\"wp-block-separator has-css-opacity\"\/>\n\n\n\n<p><a href=\"https:\/\/cologneweb.com\/AtelierThomasPlum\/Galerie\">Galerie<\/a><\/p>\n","protected":false},"excerpt":{"rendered":"<p>Galerie Galerie<\/p>\n","protected":false},"author":1,"featured_media":0,"parent":305,"menu_order":0,"comment_status":"closed","ping_status":"closed","template":"","meta":{"footnotes":""},"_links":{"self":[{"href":"https:\/\/cologneweb.com\/AtelierThomasPlum\/wp-json\/wp\/v2\/pages\/1350"}],"collection":[{"href":"https:\/\/cologneweb.com\/AtelierThomasPlum\/wp-json\/wp\/v2\/pages"}],"about":[{"href":"https:\/\/cologneweb.com\/AtelierThomasPlum\/wp-json\/wp\/v2\/types\/page"}],"author":[{"embeddable":true,"href":"https:\/\/cologneweb.com\/AtelierThomasPlum\/wp-json\/wp\/v2\/users\/1"}],"replies":[{"embeddable":true,"href":"https:\/\/cologneweb.com\/AtelierThomasPlum\/wp-json\/wp\/v2\/comments?post=1350"}],"version-history":[{"count":34,"href":"https:\/\/cologneweb.com\/AtelierThomasPlum\/wp-json\/wp\/v2\/pages\/1350\/revisions"}],"predecessor-version":[{"id":4992,"href":"https:\/\/cologneweb.com\/AtelierThomasPlum\/wp-json\/wp\/v2\/pages\/1350\/revisions\/4992"}],"up":[{"embeddable":true,"href":"https:\/\/cologneweb.com\/AtelierThomasPlum\/wp-json\/wp\/v2\/pages\/305"}],"wp:attachment":[{"href":"https:\/\/cologneweb.com\/AtelierThomasPlum\/wp-json\/wp\/v2\/media?parent=1350"}],"curies":[{"name":"wp","href":"https:\/\/api.w.org\/{rel}","templated":true}]}}