{"id":1346,"date":"2020-03-29T14:45:20","date_gmt":"2020-03-29T14:45:20","guid":{"rendered":"https:\/\/cologneweb.com\/AtelierThomasPlum\/?page_id=1346"},"modified":"2025-01-25T09:59:10","modified_gmt":"2025-01-25T09:59:10","slug":"2015-2","status":"publish","type":"page","link":"https:\/\/cologneweb.com\/AtelierThomasPlum\/malerei\/galerie\/2015-2\/","title":{"rendered":"2015"},"content":{"rendered":"\n<p><a href=\"https:\/\/cologneweb.com\/AtelierThomasPlum\/Galerie\">Galerie<\/a><\/p>\n\n\n\n<figure class=\"wp-block-image size-medium is-style-default\"><a href=\"https:\/\/cologneweb.com\/AtelierThomasPlum\/wp-content\/uploads\/2020\/11\/Marmormehl_Stahlwolle_Papier-scaled.jpg\"><img loading=\"lazy\" decoding=\"async\" width=\"300\" height=\"220\" src=\"https:\/\/cologneweb.com\/AtelierThomasPlum\/wp-content\/uploads\/2020\/11\/Marmormehl_Stahlwolle_Papier-300x220.jpg\" alt=\"\" class=\"wp-image-3097\" srcset=\"https:\/\/cologneweb.com\/AtelierThomasPlum\/wp-content\/uploads\/2020\/11\/Marmormehl_Stahlwolle_Papier-300x220.jpg 300w, https:\/\/cologneweb.com\/AtelierThomasPlum\/wp-content\/uploads\/2020\/11\/Marmormehl_Stahlwolle_Papier-1024x752.jpg 1024w, https:\/\/cologneweb.com\/AtelierThomasPlum\/wp-content\/uploads\/2020\/11\/Marmormehl_Stahlwolle_Papier-768x564.jpg 768w, https:\/\/cologneweb.com\/AtelierThomasPlum\/wp-content\/uploads\/2020\/11\/Marmormehl_Stahlwolle_Papier-1536x1129.jpg 1536w, https:\/\/cologneweb.com\/AtelierThomasPlum\/wp-content\/uploads\/2020\/11\/Marmormehl_Stahlwolle_Papier-2048x1505.jpg 2048w, https:\/\/cologneweb.com\/AtelierThomasPlum\/wp-content\/uploads\/2020\/11\/Marmormehl_Stahlwolle_Papier-1200x882.jpg 1200w\" sizes=\"(max-width: 300px) 85vw, 300px\" \/><\/a><figcaption class=\"wp-element-caption\">Pigmente, Marmormehl, Stahlwolle, Salz, Chroma Kupfer, Gummi arabicum auf Papier, 48*65 cm, 2015<\/figcaption><\/figure>\n\n\n\n<figure class=\"wp-block-image\"><a href=\"https:\/\/cologneweb.com\/AtelierThomasPlum\/wp-content\/uploads\/2019\/05\/fontaene.jpg\"><img loading=\"lazy\" decoding=\"async\" width=\"300\" height=\"300\" src=\"https:\/\/cologneweb.com\/AtelierThomasPlum\/wp-content\/uploads\/2019\/05\/fontaene-300x300.jpg\" alt=\"\" class=\"wp-image-969\" srcset=\"https:\/\/cologneweb.com\/AtelierThomasPlum\/wp-content\/uploads\/2019\/05\/fontaene-300x300.jpg 300w, https:\/\/cologneweb.com\/AtelierThomasPlum\/wp-content\/uploads\/2019\/05\/fontaene-150x150.jpg 150w, https:\/\/cologneweb.com\/AtelierThomasPlum\/wp-content\/uploads\/2019\/05\/fontaene-768x768.jpg 768w, https:\/\/cologneweb.com\/AtelierThomasPlum\/wp-content\/uploads\/2019\/05\/fontaene-1024x1024.jpg 1024w, https:\/\/cologneweb.com\/AtelierThomasPlum\/wp-content\/uploads\/2019\/05\/fontaene-1200x1199.jpg 1200w, https:\/\/cologneweb.com\/AtelierThomasPlum\/wp-content\/uploads\/2019\/05\/fontaene.jpg 1831w\" sizes=\"(max-width: 300px) 85vw, 300px\" \/><\/a><figcaption class=\"wp-element-caption\">[Font\u00e4ne] Pigmente, Stahlwolle, Chroma Kupfer, Gummi arabicum, Acryl auf Lw., 40*40 cm, 2015<\/figcaption><\/figure>\n\n\n\n<figure class=\"wp-block-image\"><a href=\"https:\/\/cologneweb.com\/AtelierThomasPlum\/wp-content\/uploads\/2019\/04\/ultramarin_stahlwolle_chroma-1.jpg\"><img loading=\"lazy\" decoding=\"async\" width=\"300\" height=\"300\" src=\"https:\/\/cologneweb.com\/AtelierThomasPlum\/wp-content\/uploads\/2019\/04\/ultramarin_stahlwolle_chroma-1-300x300.jpg\" alt=\"#61 Pigmente, Graphit, Stahlwolle, Chroma Kupfer, Marmormehl, Gummi arabicum, Acryl auf Lw., 100*100 cm, 2015\" class=\"wp-image-677\" srcset=\"https:\/\/cologneweb.com\/AtelierThomasPlum\/wp-content\/uploads\/2019\/04\/ultramarin_stahlwolle_chroma-1-300x300.jpg 300w, https:\/\/cologneweb.com\/AtelierThomasPlum\/wp-content\/uploads\/2019\/04\/ultramarin_stahlwolle_chroma-1-150x150.jpg 150w, https:\/\/cologneweb.com\/AtelierThomasPlum\/wp-content\/uploads\/2019\/04\/ultramarin_stahlwolle_chroma-1-768x768.jpg 768w, https:\/\/cologneweb.com\/AtelierThomasPlum\/wp-content\/uploads\/2019\/04\/ultramarin_stahlwolle_chroma-1-1024x1024.jpg 1024w, https:\/\/cologneweb.com\/AtelierThomasPlum\/wp-content\/uploads\/2019\/04\/ultramarin_stahlwolle_chroma-1-1200x1200.jpg 1200w, https:\/\/cologneweb.com\/AtelierThomasPlum\/wp-content\/uploads\/2019\/04\/ultramarin_stahlwolle_chroma-1.jpg 1936w\" sizes=\"(max-width: 300px) 85vw, 300px\" \/><\/a><figcaption class=\"wp-element-caption\">[Vorhang] Pigmente, Graphit, Stahlwolle, Chroma Kupfer, Marmormehl, Gummi arabicum, Acryl auf Lw., 100*100 cm, 2015<\/figcaption><\/figure>\n\n\n\n<figure class=\"wp-block-image\"><a href=\"https:\/\/cologneweb.com\/AtelierThomasPlum\/wp-content\/uploads\/2019\/04\/rundbild4_frei.jpg\"><img loading=\"lazy\" decoding=\"async\" width=\"300\" height=\"300\" src=\"https:\/\/cologneweb.com\/AtelierThomasPlum\/wp-content\/uploads\/2019\/04\/rundbild4_frei-300x300.jpg\" alt=\"#57 Pigmente, Stahlwolle, Chroma Kupfer, Gummi arabicum auf Lw., \u00f8 30 cm, 2015 \" class=\"wp-image-667\" srcset=\"https:\/\/cologneweb.com\/AtelierThomasPlum\/wp-content\/uploads\/2019\/04\/rundbild4_frei-300x300.jpg 300w, https:\/\/cologneweb.com\/AtelierThomasPlum\/wp-content\/uploads\/2019\/04\/rundbild4_frei-150x150.jpg 150w, https:\/\/cologneweb.com\/AtelierThomasPlum\/wp-content\/uploads\/2019\/04\/rundbild4_frei.jpg 584w\" sizes=\"(max-width: 300px) 85vw, 300px\" \/><\/a><figcaption class=\"wp-element-caption\">Pigmente, Stahlwolle, Chroma Kupfer, Gummi arabicum auf Lw., \u00f8 30 cm, 2015,<br>Privatsammlung<\/figcaption><\/figure>\n\n\n\n<figure class=\"wp-block-image\"><a href=\"https:\/\/cologneweb.com\/AtelierThomasPlum\/wp-content\/uploads\/2019\/04\/rundbild2_frei-2.jpg\"><img loading=\"lazy\" decoding=\"async\" width=\"300\" height=\"300\" src=\"https:\/\/cologneweb.com\/AtelierThomasPlum\/wp-content\/uploads\/2019\/04\/rundbild2_frei-2-300x300.jpg\" alt=\"#55 Pigmente, Stahlwolle, Chroma Kupfer, Marmormehl, Essig, Salz, Acryl, Gummi arabicum auf Lw., \u00f8 50 cm,\n2015\/2017\" class=\"wp-image-705\" srcset=\"https:\/\/cologneweb.com\/AtelierThomasPlum\/wp-content\/uploads\/2019\/04\/rundbild2_frei-2-300x300.jpg 300w, https:\/\/cologneweb.com\/AtelierThomasPlum\/wp-content\/uploads\/2019\/04\/rundbild2_frei-2-150x150.jpg 150w, https:\/\/cologneweb.com\/AtelierThomasPlum\/wp-content\/uploads\/2019\/04\/rundbild2_frei-2-768x768.jpg 768w, https:\/\/cologneweb.com\/AtelierThomasPlum\/wp-content\/uploads\/2019\/04\/rundbild2_frei-2-1024x1024.jpg 1024w, https:\/\/cologneweb.com\/AtelierThomasPlum\/wp-content\/uploads\/2019\/04\/rundbild2_frei-2-1200x1200.jpg 1200w, https:\/\/cologneweb.com\/AtelierThomasPlum\/wp-content\/uploads\/2019\/04\/rundbild2_frei-2.jpg 1784w\" sizes=\"(max-width: 300px) 85vw, 300px\" \/><\/a><figcaption class=\"wp-element-caption\">Pigmente, Stahlwolle, Chroma Kupfer, Marmormehl, Essig, Salz, Acryl, Gummi arabicum auf Lw., \u00f8 50 cm, 2015\/2017, Privatsammlung<\/figcaption><\/figure>\n\n\n\n<figure class=\"wp-block-image\"><a href=\"https:\/\/cologneweb.com\/AtelierThomasPlum\/wp-content\/uploads\/2019\/04\/rundbild1_frei.jpg\"><img loading=\"lazy\" decoding=\"async\" width=\"300\" height=\"300\" src=\"https:\/\/cologneweb.com\/AtelierThomasPlum\/wp-content\/uploads\/2019\/04\/rundbild1_frei-300x300.jpg\" alt=\"#54 Pigmente, Stahlwolle, Chroma Kupfer, Gummi arabicum, Essig, Salz, Acryl auf Lw., \u00f8 40 cm,\n2015\" class=\"wp-image-668\" srcset=\"https:\/\/cologneweb.com\/AtelierThomasPlum\/wp-content\/uploads\/2019\/04\/rundbild1_frei-300x300.jpg 300w, https:\/\/cologneweb.com\/AtelierThomasPlum\/wp-content\/uploads\/2019\/04\/rundbild1_frei-150x150.jpg 150w, https:\/\/cologneweb.com\/AtelierThomasPlum\/wp-content\/uploads\/2019\/04\/rundbild1_frei-768x768.jpg 768w, https:\/\/cologneweb.com\/AtelierThomasPlum\/wp-content\/uploads\/2019\/04\/rundbild1_frei-1024x1024.jpg 1024w, https:\/\/cologneweb.com\/AtelierThomasPlum\/wp-content\/uploads\/2019\/04\/rundbild1_frei-1200x1200.jpg 1200w, https:\/\/cologneweb.com\/AtelierThomasPlum\/wp-content\/uploads\/2019\/04\/rundbild1_frei.jpg 1741w\" sizes=\"(max-width: 300px) 85vw, 300px\" \/><\/a><figcaption class=\"wp-element-caption\">Pigmente, Stahlwolle, Chroma Kupfer, Gummi arabicum, Essig, Salz, Acryl auf Lw., \u00f8 40 cm, 2015<\/figcaption><\/figure>\n\n\n\n<figure class=\"wp-block-image\"><a href=\"https:\/\/cologneweb.com\/AtelierThomasPlum\/wp-content\/uploads\/2019\/04\/rundbild13_frei.jpg\"><img loading=\"lazy\" decoding=\"async\" width=\"300\" height=\"300\" src=\"https:\/\/cologneweb.com\/AtelierThomasPlum\/wp-content\/uploads\/2019\/04\/rundbild13_frei-300x300.jpg\" alt=\"#72 Pigmente, Chroma Kupfer, Gummi arabicum auf Lw., \u00f8 20 cm, 2015\" class=\"wp-image-675\" srcset=\"https:\/\/cologneweb.com\/AtelierThomasPlum\/wp-content\/uploads\/2019\/04\/rundbild13_frei-300x300.jpg 300w, https:\/\/cologneweb.com\/AtelierThomasPlum\/wp-content\/uploads\/2019\/04\/rundbild13_frei-150x150.jpg 150w, https:\/\/cologneweb.com\/AtelierThomasPlum\/wp-content\/uploads\/2019\/04\/rundbild13_frei-768x768.jpg 768w, https:\/\/cologneweb.com\/AtelierThomasPlum\/wp-content\/uploads\/2019\/04\/rundbild13_frei-1024x1024.jpg 1024w, https:\/\/cologneweb.com\/AtelierThomasPlum\/wp-content\/uploads\/2019\/04\/rundbild13_frei-1200x1200.jpg 1200w, https:\/\/cologneweb.com\/AtelierThomasPlum\/wp-content\/uploads\/2019\/04\/rundbild13_frei.jpg 1712w\" sizes=\"(max-width: 300px) 85vw, 300px\" \/><\/a><figcaption class=\"wp-element-caption\">Pigmente, Chroma Kupfer, Gummi arabicum auf Lw., \u00f8 20 cm, 2015<\/figcaption><\/figure>\n\n\n\n<figure class=\"wp-block-image\"><a href=\"https:\/\/cologneweb.com\/AtelierThomasPlum\/wp-content\/uploads\/2019\/04\/eisen_erroetend3-1.jpg\"><img loading=\"lazy\" decoding=\"async\" width=\"300\" height=\"300\" src=\"https:\/\/cologneweb.com\/AtelierThomasPlum\/wp-content\/uploads\/2019\/04\/eisen_erroetend3-1-300x300.jpg\" alt=\"#53 Pigmente, Marmormehl, Graphit, Stahlwolle, Chroma Kupfer, Gummi arabicum, Kochsalz, Essig, Acryl auf Lw., 100*100 cm, 2015\" class=\"wp-image-670\" srcset=\"https:\/\/cologneweb.com\/AtelierThomasPlum\/wp-content\/uploads\/2019\/04\/eisen_erroetend3-1-300x300.jpg 300w, https:\/\/cologneweb.com\/AtelierThomasPlum\/wp-content\/uploads\/2019\/04\/eisen_erroetend3-1-150x150.jpg 150w, https:\/\/cologneweb.com\/AtelierThomasPlum\/wp-content\/uploads\/2019\/04\/eisen_erroetend3-1-768x768.jpg 768w, https:\/\/cologneweb.com\/AtelierThomasPlum\/wp-content\/uploads\/2019\/04\/eisen_erroetend3-1-1024x1024.jpg 1024w, https:\/\/cologneweb.com\/AtelierThomasPlum\/wp-content\/uploads\/2019\/04\/eisen_erroetend3-1-1200x1200.jpg 1200w, https:\/\/cologneweb.com\/AtelierThomasPlum\/wp-content\/uploads\/2019\/04\/eisen_erroetend3-1.jpg 1936w\" sizes=\"(max-width: 300px) 85vw, 300px\" \/><\/a><figcaption class=\"wp-element-caption\">[Eisenvogel] Pigmente, Marmormehl, Graphit, Stahlwolle, Chroma Kupfer, Gummi arabicum, Kochsalz, Essig, Acryl auf Lw., 100*100 cm, 2015<\/figcaption><\/figure>\n\n\n\n<figure class=\"wp-block-image size-medium\"><a href=\"https:\/\/cologneweb.com\/AtelierThomasPlum\/wp-content\/uploads\/2020\/04\/52.jpg\"><img loading=\"lazy\" decoding=\"async\" width=\"300\" height=\"300\" src=\"https:\/\/cologneweb.com\/AtelierThomasPlum\/wp-content\/uploads\/2020\/04\/52-300x300.jpg\" alt=\"\" class=\"wp-image-1483\" srcset=\"https:\/\/cologneweb.com\/AtelierThomasPlum\/wp-content\/uploads\/2020\/04\/52-300x300.jpg 300w, https:\/\/cologneweb.com\/AtelierThomasPlum\/wp-content\/uploads\/2020\/04\/52-1024x1022.jpg 1024w, https:\/\/cologneweb.com\/AtelierThomasPlum\/wp-content\/uploads\/2020\/04\/52-150x150.jpg 150w, https:\/\/cologneweb.com\/AtelierThomasPlum\/wp-content\/uploads\/2020\/04\/52-768x766.jpg 768w, https:\/\/cologneweb.com\/AtelierThomasPlum\/wp-content\/uploads\/2020\/04\/52-1536x1532.jpg 1536w, https:\/\/cologneweb.com\/AtelierThomasPlum\/wp-content\/uploads\/2020\/04\/52-2048x2043.jpg 2048w, https:\/\/cologneweb.com\/AtelierThomasPlum\/wp-content\/uploads\/2020\/04\/52-1200x1197.jpg 1200w\" sizes=\"(max-width: 300px) 85vw, 300px\" \/><\/a><figcaption class=\"wp-element-caption\">Pigmente, Marmormehl, Graphit, Stahlwolle, Chroma Kupfer, Gummi arabicum, Kochsalz, Essig, Acryl auf Lw., 30*30 cm, 2015, Privatsammlung<\/figcaption><\/figure>\n\n\n\n<figure class=\"wp-block-image\"><a href=\"https:\/\/cologneweb.com\/AtelierThomasPlum\/wp-content\/uploads\/2019\/04\/Auf_dem_Teppich_der_Tatsachen-1.jpg\"><img loading=\"lazy\" decoding=\"async\" width=\"300\" height=\"300\" src=\"https:\/\/cologneweb.com\/AtelierThomasPlum\/wp-content\/uploads\/2019\/04\/Auf_dem_Teppich_der_Tatsachen-1-300x300.jpg\" alt=\"#46 [Auf dem Teppich der Tatsachen] Pigmente, Marmormehl, Stahlwolle, Gummi arabicum, Kochsalz, Zitronensaft, Acryl auf Lw., 80*80 cm, 2015\" class=\"wp-image-694\" srcset=\"https:\/\/cologneweb.com\/AtelierThomasPlum\/wp-content\/uploads\/2019\/04\/Auf_dem_Teppich_der_Tatsachen-1-300x300.jpg 300w, https:\/\/cologneweb.com\/AtelierThomasPlum\/wp-content\/uploads\/2019\/04\/Auf_dem_Teppich_der_Tatsachen-1-150x150.jpg 150w, https:\/\/cologneweb.com\/AtelierThomasPlum\/wp-content\/uploads\/2019\/04\/Auf_dem_Teppich_der_Tatsachen-1-768x768.jpg 768w, https:\/\/cologneweb.com\/AtelierThomasPlum\/wp-content\/uploads\/2019\/04\/Auf_dem_Teppich_der_Tatsachen-1-1024x1024.jpg 1024w, https:\/\/cologneweb.com\/AtelierThomasPlum\/wp-content\/uploads\/2019\/04\/Auf_dem_Teppich_der_Tatsachen-1-1200x1200.jpg 1200w, https:\/\/cologneweb.com\/AtelierThomasPlum\/wp-content\/uploads\/2019\/04\/Auf_dem_Teppich_der_Tatsachen-1.jpg 1588w\" sizes=\"(max-width: 300px) 85vw, 300px\" \/><\/a><figcaption class=\"wp-element-caption\">[Auf dem Teppich der Tatsachen] Pigmente, Marmormehl, Stahlwolle, Gummi arabicum, Kochsalz, Zitronensaft, Acryl auf Lw., 80*80 cm, 2015<\/figcaption><\/figure>\n\n\n\n<figure class=\"wp-block-image size-medium\"><a href=\"https:\/\/cologneweb.com\/AtelierThomasPlum\/wp-content\/uploads\/2022\/07\/98874BEB-6566-4978-9FAA-4D628474CE28.jpeg\"><img loading=\"lazy\" decoding=\"async\" width=\"300\" height=\"213\" src=\"https:\/\/cologneweb.com\/AtelierThomasPlum\/wp-content\/uploads\/2022\/07\/98874BEB-6566-4978-9FAA-4D628474CE28-300x213.jpeg\" alt=\"\" class=\"wp-image-4412\" srcset=\"https:\/\/cologneweb.com\/AtelierThomasPlum\/wp-content\/uploads\/2022\/07\/98874BEB-6566-4978-9FAA-4D628474CE28-300x213.jpeg 300w, https:\/\/cologneweb.com\/AtelierThomasPlum\/wp-content\/uploads\/2022\/07\/98874BEB-6566-4978-9FAA-4D628474CE28-1024x726.jpeg 1024w, https:\/\/cologneweb.com\/AtelierThomasPlum\/wp-content\/uploads\/2022\/07\/98874BEB-6566-4978-9FAA-4D628474CE28-768x545.jpeg 768w, https:\/\/cologneweb.com\/AtelierThomasPlum\/wp-content\/uploads\/2022\/07\/98874BEB-6566-4978-9FAA-4D628474CE28-1536x1090.jpeg 1536w, https:\/\/cologneweb.com\/AtelierThomasPlum\/wp-content\/uploads\/2022\/07\/98874BEB-6566-4978-9FAA-4D628474CE28-2048x1453.jpeg 2048w, https:\/\/cologneweb.com\/AtelierThomasPlum\/wp-content\/uploads\/2022\/07\/98874BEB-6566-4978-9FAA-4D628474CE28-1200x851.jpeg 1200w\" sizes=\"(max-width: 300px) 85vw, 300px\" \/><\/a><figcaption class=\"wp-element-caption\">[Defloration] Pigmente, Marmormehl, Ochsengalle, Acryl auf Lw., 50*70 cm, 2015<\/figcaption><\/figure>\n\n\n\n<figure class=\"wp-block-image\"><a href=\"https:\/\/cologneweb.com\/AtelierThomasPlum\/wp-content\/uploads\/2019\/04\/Marmor_1_G-1.jpg\"><img loading=\"lazy\" decoding=\"async\" width=\"300\" height=\"223\" src=\"https:\/\/cologneweb.com\/AtelierThomasPlum\/wp-content\/uploads\/2019\/04\/Marmor_1_G-1-300x223.jpg\" alt=\"#44 Pigmente, Marmormehl, Gummi arabicum, Acryl auf Lw., 50*70 cm, 2015\" class=\"wp-image-678\" srcset=\"https:\/\/cologneweb.com\/AtelierThomasPlum\/wp-content\/uploads\/2019\/04\/Marmor_1_G-1-300x223.jpg 300w, https:\/\/cologneweb.com\/AtelierThomasPlum\/wp-content\/uploads\/2019\/04\/Marmor_1_G-1-768x570.jpg 768w, https:\/\/cologneweb.com\/AtelierThomasPlum\/wp-content\/uploads\/2019\/04\/Marmor_1_G-1.jpg 960w\" sizes=\"(max-width: 300px) 85vw, 300px\" \/><\/a><figcaption class=\"wp-element-caption\">Pigmente, Marmormehl, Gummi arabicum, Acryl auf Lw., 50*70 cm, 2015<\/figcaption><\/figure>\n\n\n\n<figure class=\"wp-block-image\"><a href=\"https:\/\/cologneweb.com\/AtelierThomasPlum\/wp-content\/uploads\/2019\/04\/Wolken_Vollmond-1.jpg\"><img loading=\"lazy\" decoding=\"async\" width=\"300\" height=\"300\" src=\"https:\/\/cologneweb.com\/AtelierThomasPlum\/wp-content\/uploads\/2019\/04\/Wolken_Vollmond-1-300x300.jpg\" alt=\"#43 Pigmente, Acryl auf Lw., 100*100 cm,\n2015,\" class=\"wp-image-680\" srcset=\"https:\/\/cologneweb.com\/AtelierThomasPlum\/wp-content\/uploads\/2019\/04\/Wolken_Vollmond-1-300x300.jpg 300w, https:\/\/cologneweb.com\/AtelierThomasPlum\/wp-content\/uploads\/2019\/04\/Wolken_Vollmond-1-150x150.jpg 150w, https:\/\/cologneweb.com\/AtelierThomasPlum\/wp-content\/uploads\/2019\/04\/Wolken_Vollmond-1-768x768.jpg 768w, https:\/\/cologneweb.com\/AtelierThomasPlum\/wp-content\/uploads\/2019\/04\/Wolken_Vollmond-1-1024x1024.jpg 1024w, https:\/\/cologneweb.com\/AtelierThomasPlum\/wp-content\/uploads\/2019\/04\/Wolken_Vollmond-1-1200x1200.jpg 1200w, https:\/\/cologneweb.com\/AtelierThomasPlum\/wp-content\/uploads\/2019\/04\/Wolken_Vollmond-1.jpg 1903w\" sizes=\"(max-width: 300px) 85vw, 300px\" \/><\/a><figcaption class=\"wp-element-caption\">[Vollmondspiegelung] Pigmente, Acryl auf Lw., 100*100 cm, 2015<\/figcaption><\/figure>\n\n\n\n<figure class=\"wp-block-image\"><a href=\"https:\/\/cologneweb.com\/AtelierThomasPlum\/wp-content\/uploads\/2019\/04\/wolken_grau.jpg\"><img loading=\"lazy\" decoding=\"async\" width=\"300\" height=\"300\" src=\"https:\/\/cologneweb.com\/AtelierThomasPlum\/wp-content\/uploads\/2019\/04\/wolken_grau-300x300.jpg\" alt=\"#42 Pigmente, Acryl auf Lw., 80*80 cm, 2015\" class=\"wp-image-681\" srcset=\"https:\/\/cologneweb.com\/AtelierThomasPlum\/wp-content\/uploads\/2019\/04\/wolken_grau-300x300.jpg 300w, https:\/\/cologneweb.com\/AtelierThomasPlum\/wp-content\/uploads\/2019\/04\/wolken_grau-150x150.jpg 150w, https:\/\/cologneweb.com\/AtelierThomasPlum\/wp-content\/uploads\/2019\/04\/wolken_grau-768x768.jpg 768w, https:\/\/cologneweb.com\/AtelierThomasPlum\/wp-content\/uploads\/2019\/04\/wolken_grau.jpg 960w\" sizes=\"(max-width: 300px) 85vw, 300px\" \/><\/a><figcaption class=\"wp-element-caption\">Pigmente, Acryl auf Lw., 80*80 cm, 2015<\/figcaption><\/figure>\n\n\n\n<figure class=\"wp-block-image size-medium\"><a href=\"https:\/\/cologneweb.com\/AtelierThomasPlum\/wp-content\/uploads\/2020\/04\/Wolken_Quadrat.jpg\"><img loading=\"lazy\" decoding=\"async\" width=\"300\" height=\"300\" src=\"https:\/\/cologneweb.com\/AtelierThomasPlum\/wp-content\/uploads\/2020\/04\/Wolken_Quadrat-300x300.jpg\" alt=\"\" class=\"wp-image-1486\" srcset=\"https:\/\/cologneweb.com\/AtelierThomasPlum\/wp-content\/uploads\/2020\/04\/Wolken_Quadrat-300x300.jpg 300w, https:\/\/cologneweb.com\/AtelierThomasPlum\/wp-content\/uploads\/2020\/04\/Wolken_Quadrat-1024x1024.jpg 1024w, https:\/\/cologneweb.com\/AtelierThomasPlum\/wp-content\/uploads\/2020\/04\/Wolken_Quadrat-150x150.jpg 150w, https:\/\/cologneweb.com\/AtelierThomasPlum\/wp-content\/uploads\/2020\/04\/Wolken_Quadrat-768x768.jpg 768w, https:\/\/cologneweb.com\/AtelierThomasPlum\/wp-content\/uploads\/2020\/04\/Wolken_Quadrat-1536x1536.jpg 1536w, https:\/\/cologneweb.com\/AtelierThomasPlum\/wp-content\/uploads\/2020\/04\/Wolken_Quadrat-1200x1200.jpg 1200w, https:\/\/cologneweb.com\/AtelierThomasPlum\/wp-content\/uploads\/2020\/04\/Wolken_Quadrat.jpg 1936w\" sizes=\"(max-width: 300px) 85vw, 300px\" \/><\/a><figcaption class=\"wp-element-caption\"> [Wolken diagonal] Pigmente, Acryl auf Lw., 100*100 cm, 2015<\/figcaption><\/figure>\n\n\n\n<figure class=\"wp-block-image size-medium\"><a href=\"https:\/\/cologneweb.com\/AtelierThomasPlum\/wp-content\/uploads\/2020\/04\/Wolken_Quadrat_2.jpg\"><img loading=\"lazy\" decoding=\"async\" width=\"300\" height=\"300\" src=\"https:\/\/cologneweb.com\/AtelierThomasPlum\/wp-content\/uploads\/2020\/04\/Wolken_Quadrat_2-300x300.jpg\" alt=\"\" class=\"wp-image-1487\" srcset=\"https:\/\/cologneweb.com\/AtelierThomasPlum\/wp-content\/uploads\/2020\/04\/Wolken_Quadrat_2-300x300.jpg 300w, https:\/\/cologneweb.com\/AtelierThomasPlum\/wp-content\/uploads\/2020\/04\/Wolken_Quadrat_2-1024x1024.jpg 1024w, https:\/\/cologneweb.com\/AtelierThomasPlum\/wp-content\/uploads\/2020\/04\/Wolken_Quadrat_2-150x150.jpg 150w, https:\/\/cologneweb.com\/AtelierThomasPlum\/wp-content\/uploads\/2020\/04\/Wolken_Quadrat_2-768x768.jpg 768w, https:\/\/cologneweb.com\/AtelierThomasPlum\/wp-content\/uploads\/2020\/04\/Wolken_Quadrat_2-1536x1536.jpg 1536w, https:\/\/cologneweb.com\/AtelierThomasPlum\/wp-content\/uploads\/2020\/04\/Wolken_Quadrat_2-1200x1200.jpg 1200w, https:\/\/cologneweb.com\/AtelierThomasPlum\/wp-content\/uploads\/2020\/04\/Wolken_Quadrat_2.jpg 1879w\" sizes=\"(max-width: 300px) 85vw, 300px\" \/><\/a><figcaption class=\"wp-element-caption\">[Wolken am Morgen] Pigmente, Acryl auf Lw., 100*100 cm, 2015<\/figcaption><\/figure>\n\n\n\n<figure class=\"wp-block-image\"><a href=\"https:\/\/cologneweb.com\/AtelierThomasPlum\/wp-content\/uploads\/2019\/04\/Rot_Orange_Schwarz-1.jpg\"><img loading=\"lazy\" decoding=\"async\" width=\"300\" height=\"300\" src=\"https:\/\/cologneweb.com\/AtelierThomasPlum\/wp-content\/uploads\/2019\/04\/Rot_Orange_Schwarz-1-300x300.jpg\" alt=\"#32 Pigmente, Graphit, Acryl auf Lw.,\n60*60 cm, 2015\" class=\"wp-image-684\" srcset=\"https:\/\/cologneweb.com\/AtelierThomasPlum\/wp-content\/uploads\/2019\/04\/Rot_Orange_Schwarz-1-300x300.jpg 300w, https:\/\/cologneweb.com\/AtelierThomasPlum\/wp-content\/uploads\/2019\/04\/Rot_Orange_Schwarz-1-150x150.jpg 150w, https:\/\/cologneweb.com\/AtelierThomasPlum\/wp-content\/uploads\/2019\/04\/Rot_Orange_Schwarz-1-768x768.jpg 768w, https:\/\/cologneweb.com\/AtelierThomasPlum\/wp-content\/uploads\/2019\/04\/Rot_Orange_Schwarz-1-1024x1024.jpg 1024w, https:\/\/cologneweb.com\/AtelierThomasPlum\/wp-content\/uploads\/2019\/04\/Rot_Orange_Schwarz-1-1200x1200.jpg 1200w, https:\/\/cologneweb.com\/AtelierThomasPlum\/wp-content\/uploads\/2019\/04\/Rot_Orange_Schwarz-1.jpg 1936w\" sizes=\"(max-width: 300px) 85vw, 300px\" \/><\/a><figcaption class=\"wp-element-caption\">Pigmente, Graphit, Acryl auf Lw., 70*70 cm, 2015, Privatsammlung<\/figcaption><\/figure>\n\n\n\n<figure class=\"wp-block-image\"><a href=\"https:\/\/cologneweb.com\/AtelierThomasPlum\/wp-content\/uploads\/2019\/04\/Eisen_Rot-1.jpg\"><img loading=\"lazy\" decoding=\"async\" width=\"219\" height=\"300\" src=\"https:\/\/cologneweb.com\/AtelierThomasPlum\/wp-content\/uploads\/2019\/04\/Eisen_Rot-1-219x300.jpg\" alt=\"#38 Pigmente, Stahlwolle, Graphit,\nAcryl auf Lw., 80*60 cm, 2015\" class=\"wp-image-682\" srcset=\"https:\/\/cologneweb.com\/AtelierThomasPlum\/wp-content\/uploads\/2019\/04\/Eisen_Rot-1-219x300.jpg 219w, https:\/\/cologneweb.com\/AtelierThomasPlum\/wp-content\/uploads\/2019\/04\/Eisen_Rot-1.jpg 700w\" sizes=\"(max-width: 219px) 85vw, 219px\" \/><\/a><figcaption class=\"wp-element-caption\">Pigmente, Stahlwolle, Graphit, Acryl auf Lw., 80*60 cm, 2015, Privatsammlung <\/figcaption><\/figure>\n\n\n\n<figure class=\"wp-block-image\"><a href=\"https:\/\/cologneweb.com\/AtelierThomasPlum\/wp-content\/uploads\/2019\/04\/Quadrat_Meer_Himmel-1.jpg\"><img loading=\"lazy\" decoding=\"async\" width=\"300\" height=\"300\" src=\"https:\/\/cologneweb.com\/AtelierThomasPlum\/wp-content\/uploads\/2019\/04\/Quadrat_Meer_Himmel-1-300x300.jpg\" alt=\"#34 Pigmente, Marmormehl, Zink, Acryl auf Lw., 70*70 cm, 2015 \" class=\"wp-image-797\" srcset=\"https:\/\/cologneweb.com\/AtelierThomasPlum\/wp-content\/uploads\/2019\/04\/Quadrat_Meer_Himmel-1-300x300.jpg 300w, https:\/\/cologneweb.com\/AtelierThomasPlum\/wp-content\/uploads\/2019\/04\/Quadrat_Meer_Himmel-1-150x150.jpg 150w, https:\/\/cologneweb.com\/AtelierThomasPlum\/wp-content\/uploads\/2019\/04\/Quadrat_Meer_Himmel-1-768x768.jpg 768w, https:\/\/cologneweb.com\/AtelierThomasPlum\/wp-content\/uploads\/2019\/04\/Quadrat_Meer_Himmel-1-1024x1024.jpg 1024w, https:\/\/cologneweb.com\/AtelierThomasPlum\/wp-content\/uploads\/2019\/04\/Quadrat_Meer_Himmel-1-1200x1200.jpg 1200w, https:\/\/cologneweb.com\/AtelierThomasPlum\/wp-content\/uploads\/2019\/04\/Quadrat_Meer_Himmel-1.jpg 1936w\" sizes=\"(max-width: 300px) 85vw, 300px\" \/><\/a><figcaption class=\"wp-element-caption\">Pigmente, Marmormehl, Zink, Acryl auf Lw., 70*70 cm, 2015<\/figcaption><\/figure>\n\n\n\n<figure class=\"wp-block-image\"><a href=\"https:\/\/cologneweb.com\/AtelierThomasPlum\/wp-content\/uploads\/2019\/04\/Orange_Fenster-1.jpg\"><img loading=\"lazy\" decoding=\"async\" width=\"297\" height=\"300\" src=\"https:\/\/cologneweb.com\/AtelierThomasPlum\/wp-content\/uploads\/2019\/04\/Orange_Fenster-1-297x300.jpg\" alt=\"#33 Pigmente, Gr\u00fcnerde, Acryl auf Lw., 60*60 cm, 2015\" class=\"wp-image-710\" srcset=\"https:\/\/cologneweb.com\/AtelierThomasPlum\/wp-content\/uploads\/2019\/04\/Orange_Fenster-1-297x300.jpg 297w, https:\/\/cologneweb.com\/AtelierThomasPlum\/wp-content\/uploads\/2019\/04\/Orange_Fenster-1-768x775.jpg 768w, https:\/\/cologneweb.com\/AtelierThomasPlum\/wp-content\/uploads\/2019\/04\/Orange_Fenster-1-1015x1024.jpg 1015w, https:\/\/cologneweb.com\/AtelierThomasPlum\/wp-content\/uploads\/2019\/04\/Orange_Fenster-1-1200x1210.jpg 1200w, https:\/\/cologneweb.com\/AtelierThomasPlum\/wp-content\/uploads\/2019\/04\/Orange_Fenster-1.jpg 1640w\" sizes=\"(max-width: 297px) 85vw, 297px\" \/><\/a><figcaption class=\"wp-element-caption\">Pigmente, Gr\u00fcnerde, Acryl auf Lw., 60*60 cm, 2015,<br>Sammlung Praxis Dres. med. Sch\u00f6nfelder, G\u00f6bel, Pape &#8211; Bonn<\/figcaption><\/figure>\n\n\n\n<hr class=\"wp-block-separator has-css-opacity\"\/>\n\n\n\n<p><a href=\"https:\/\/cologneweb.com\/AtelierThomasPlum\/Galerie\">Galerie<\/a><\/p>\n","protected":false},"excerpt":{"rendered":"<p>Galerie Galerie<\/p>\n","protected":false},"author":1,"featured_media":0,"parent":305,"menu_order":0,"comment_status":"closed","ping_status":"closed","template":"","meta":{"footnotes":""},"_links":{"self":[{"href":"https:\/\/cologneweb.com\/AtelierThomasPlum\/wp-json\/wp\/v2\/pages\/1346"}],"collection":[{"href":"https:\/\/cologneweb.com\/AtelierThomasPlum\/wp-json\/wp\/v2\/pages"}],"about":[{"href":"https:\/\/cologneweb.com\/AtelierThomasPlum\/wp-json\/wp\/v2\/types\/page"}],"author":[{"embeddable":true,"href":"https:\/\/cologneweb.com\/AtelierThomasPlum\/wp-json\/wp\/v2\/users\/1"}],"replies":[{"embeddable":true,"href":"https:\/\/cologneweb.com\/AtelierThomasPlum\/wp-json\/wp\/v2\/comments?post=1346"}],"version-history":[{"count":17,"href":"https:\/\/cologneweb.com\/AtelierThomasPlum\/wp-json\/wp\/v2\/pages\/1346\/revisions"}],"predecessor-version":[{"id":5076,"href":"https:\/\/cologneweb.com\/AtelierThomasPlum\/wp-json\/wp\/v2\/pages\/1346\/revisions\/5076"}],"up":[{"embeddable":true,"href":"https:\/\/cologneweb.com\/AtelierThomasPlum\/wp-json\/wp\/v2\/pages\/305"}],"wp:attachment":[{"href":"https:\/\/cologneweb.com\/AtelierThomasPlum\/wp-json\/wp\/v2\/media?parent=1346"}],"curies":[{"name":"wp","href":"https:\/\/api.w.org\/{rel}","templated":true}]}}