{"id":1326,"date":"2020-03-29T14:17:16","date_gmt":"2020-03-29T14:17:16","guid":{"rendered":"https:\/\/cologneweb.com\/AtelierThomasPlum\/?page_id=1326"},"modified":"2023-02-06T13:11:12","modified_gmt":"2023-02-06T13:11:12","slug":"2020-2","status":"publish","type":"page","link":"https:\/\/cologneweb.com\/AtelierThomasPlum\/malerei\/galerie\/2020-2\/","title":{"rendered":"2020"},"content":{"rendered":"\n<p><a href=\"https:\/\/cologneweb.com\/AtelierThomasPlum\/Galerie\">Galerie<\/a><\/p>\n\n\n\n<figure class=\"wp-block-image size-medium is-style-default\"><a href=\"https:\/\/cologneweb.com\/AtelierThomasPlum\/wp-content\/uploads\/2020\/12\/IMG_8014-scaled.jpg\"><img loading=\"lazy\" decoding=\"async\" width=\"300\" height=\"136\" src=\"https:\/\/cologneweb.com\/AtelierThomasPlum\/wp-content\/uploads\/2020\/12\/IMG_8014-300x136.jpg\" alt=\"\" class=\"wp-image-3120\" srcset=\"https:\/\/cologneweb.com\/AtelierThomasPlum\/wp-content\/uploads\/2020\/12\/IMG_8014-300x136.jpg 300w, https:\/\/cologneweb.com\/AtelierThomasPlum\/wp-content\/uploads\/2020\/12\/IMG_8014-1024x463.jpg 1024w, https:\/\/cologneweb.com\/AtelierThomasPlum\/wp-content\/uploads\/2020\/12\/IMG_8014-768x347.jpg 768w, https:\/\/cologneweb.com\/AtelierThomasPlum\/wp-content\/uploads\/2020\/12\/IMG_8014-1536x695.jpg 1536w, https:\/\/cologneweb.com\/AtelierThomasPlum\/wp-content\/uploads\/2020\/12\/IMG_8014-2048x926.jpg 2048w, https:\/\/cologneweb.com\/AtelierThomasPlum\/wp-content\/uploads\/2020\/12\/IMG_8014-1200x543.jpg 1200w\" sizes=\"(max-width: 300px) 85vw, 300px\" \/><\/a><figcaption>[Orange auf orange] Pigmente, Gouache, Gummi arabicum auf Papier, D\u00e9calcomanie, je 32*24 cm, 2020<\/figcaption><\/figure>\n\n\n\n<figure class=\"wp-block-image size-medium is-style-default\"><a href=\"https:\/\/cologneweb.com\/AtelierThomasPlum\/wp-content\/uploads\/2020\/12\/IMG_8002-scaled.jpg\"><img loading=\"lazy\" decoding=\"async\" width=\"214\" height=\"300\" src=\"https:\/\/cologneweb.com\/AtelierThomasPlum\/wp-content\/uploads\/2020\/12\/IMG_8002-214x300.jpg\" alt=\"\" class=\"wp-image-3119\" srcset=\"https:\/\/cologneweb.com\/AtelierThomasPlum\/wp-content\/uploads\/2020\/12\/IMG_8002-214x300.jpg 214w, https:\/\/cologneweb.com\/AtelierThomasPlum\/wp-content\/uploads\/2020\/12\/IMG_8002-729x1024.jpg 729w, https:\/\/cologneweb.com\/AtelierThomasPlum\/wp-content\/uploads\/2020\/12\/IMG_8002-768x1079.jpg 768w, https:\/\/cologneweb.com\/AtelierThomasPlum\/wp-content\/uploads\/2020\/12\/IMG_8002-1094x1536.jpg 1094w, https:\/\/cologneweb.com\/AtelierThomasPlum\/wp-content\/uploads\/2020\/12\/IMG_8002-1458x2048.jpg 1458w, https:\/\/cologneweb.com\/AtelierThomasPlum\/wp-content\/uploads\/2020\/12\/IMG_8002-1200x1685.jpg 1200w, https:\/\/cologneweb.com\/AtelierThomasPlum\/wp-content\/uploads\/2020\/12\/IMG_8002-scaled.jpg 1823w\" sizes=\"(max-width: 214px) 85vw, 214px\" \/><\/a><figcaption>[Orange auf grau] Pigmente, Farbstift, Gouache, Gummi arabicum auf Stoff, 70*50 cm, 2020<\/figcaption><\/figure>\n\n\n\n<figure class=\"wp-block-image size-medium\"><a href=\"https:\/\/cologneweb.com\/AtelierThomasPlum\/wp-content\/uploads\/2020\/08\/gelb-grau-scaled.jpg\"><img loading=\"lazy\" decoding=\"async\" width=\"300\" height=\"212\" src=\"https:\/\/cologneweb.com\/AtelierThomasPlum\/wp-content\/uploads\/2020\/08\/gelb-grau-300x212.jpg\" alt=\"\" class=\"wp-image-2806\" srcset=\"https:\/\/cologneweb.com\/AtelierThomasPlum\/wp-content\/uploads\/2020\/08\/gelb-grau-300x212.jpg 300w, https:\/\/cologneweb.com\/AtelierThomasPlum\/wp-content\/uploads\/2020\/08\/gelb-grau-1024x724.jpg 1024w, https:\/\/cologneweb.com\/AtelierThomasPlum\/wp-content\/uploads\/2020\/08\/gelb-grau-768x543.jpg 768w, https:\/\/cologneweb.com\/AtelierThomasPlum\/wp-content\/uploads\/2020\/08\/gelb-grau-1536x1085.jpg 1536w, https:\/\/cologneweb.com\/AtelierThomasPlum\/wp-content\/uploads\/2020\/08\/gelb-grau-2048x1447.jpg 2048w, https:\/\/cologneweb.com\/AtelierThomasPlum\/wp-content\/uploads\/2020\/08\/gelb-grau-1200x848.jpg 1200w\" sizes=\"(max-width: 300px) 85vw, 300px\" \/><\/a><figcaption>Pigmente (Kadmiumgelb\/Titanwei\u00df, Diamantgrau), Graphitstift, Gummi arabicum auf Lw., 70*100 cm<\/figcaption><\/figure>\n\n\n\n<figure class=\"wp-block-image size-medium\"><a href=\"https:\/\/cologneweb.com\/AtelierThomasPlum\/wp-content\/uploads\/2020\/07\/grau1-scaled.jpg\"><img loading=\"lazy\" decoding=\"async\" width=\"300\" height=\"209\" src=\"https:\/\/cologneweb.com\/AtelierThomasPlum\/wp-content\/uploads\/2020\/07\/grau1-300x209.jpg\" alt=\"\" class=\"wp-image-2550\" srcset=\"https:\/\/cologneweb.com\/AtelierThomasPlum\/wp-content\/uploads\/2020\/07\/grau1-300x209.jpg 300w, https:\/\/cologneweb.com\/AtelierThomasPlum\/wp-content\/uploads\/2020\/07\/grau1-1024x714.jpg 1024w, https:\/\/cologneweb.com\/AtelierThomasPlum\/wp-content\/uploads\/2020\/07\/grau1-768x536.jpg 768w, https:\/\/cologneweb.com\/AtelierThomasPlum\/wp-content\/uploads\/2020\/07\/grau1-1536x1071.jpg 1536w, https:\/\/cologneweb.com\/AtelierThomasPlum\/wp-content\/uploads\/2020\/07\/grau1-2048x1429.jpg 2048w, https:\/\/cologneweb.com\/AtelierThomasPlum\/wp-content\/uploads\/2020\/07\/grau1-1200x837.jpg 1200w\" sizes=\"(max-width: 300px) 85vw, 300px\" \/><\/a><figcaption>Pigmente (Chromoxidschwarz, Mangangrau), Acryl und Gummi arabicum auf Lw., 70*100 cm, 2020<\/figcaption><\/figure>\n\n\n\n<figure class=\"wp-block-image size-medium\"><a href=\"https:\/\/cologneweb.com\/AtelierThomasPlum\/wp-content\/uploads\/2020\/08\/IMG_6741-scaled.jpg\"><img loading=\"lazy\" decoding=\"async\" width=\"300\" height=\"204\" src=\"https:\/\/cologneweb.com\/AtelierThomasPlum\/wp-content\/uploads\/2020\/08\/IMG_6741-300x204.jpg\" alt=\"\" class=\"wp-image-2801\" srcset=\"https:\/\/cologneweb.com\/AtelierThomasPlum\/wp-content\/uploads\/2020\/08\/IMG_6741-300x204.jpg 300w, https:\/\/cologneweb.com\/AtelierThomasPlum\/wp-content\/uploads\/2020\/08\/IMG_6741-1024x698.jpg 1024w, https:\/\/cologneweb.com\/AtelierThomasPlum\/wp-content\/uploads\/2020\/08\/IMG_6741-768x523.jpg 768w, https:\/\/cologneweb.com\/AtelierThomasPlum\/wp-content\/uploads\/2020\/08\/IMG_6741-1536x1046.jpg 1536w, https:\/\/cologneweb.com\/AtelierThomasPlum\/wp-content\/uploads\/2020\/08\/IMG_6741-2048x1395.jpg 2048w, https:\/\/cologneweb.com\/AtelierThomasPlum\/wp-content\/uploads\/2020\/08\/IMG_6741-1200x818.jpg 1200w\" sizes=\"(max-width: 300px) 85vw, 300px\" \/><\/a><figcaption>Pigmente (Chromoxidschwarz, Mangangrau), Graphitstift, Farbstift, Acryl und Gummi arabicum auf Lw., 70*100 cm, 2020<\/figcaption><\/figure>\n\n\n\n<figure class=\"wp-block-image size-medium is-style-default\"><a href=\"https:\/\/cologneweb.com\/AtelierThomasPlum\/wp-content\/uploads\/2020\/09\/Meer_mit_Wolkenhimmel-scaled.jpg\"><img loading=\"lazy\" decoding=\"async\" width=\"300\" height=\"216\" src=\"https:\/\/cologneweb.com\/AtelierThomasPlum\/wp-content\/uploads\/2020\/09\/Meer_mit_Wolkenhimmel-300x216.jpg\" alt=\"\" class=\"wp-image-2883\" srcset=\"https:\/\/cologneweb.com\/AtelierThomasPlum\/wp-content\/uploads\/2020\/09\/Meer_mit_Wolkenhimmel-300x216.jpg 300w, https:\/\/cologneweb.com\/AtelierThomasPlum\/wp-content\/uploads\/2020\/09\/Meer_mit_Wolkenhimmel-1024x738.jpg 1024w, https:\/\/cologneweb.com\/AtelierThomasPlum\/wp-content\/uploads\/2020\/09\/Meer_mit_Wolkenhimmel-768x554.jpg 768w, https:\/\/cologneweb.com\/AtelierThomasPlum\/wp-content\/uploads\/2020\/09\/Meer_mit_Wolkenhimmel-1536x1108.jpg 1536w, https:\/\/cologneweb.com\/AtelierThomasPlum\/wp-content\/uploads\/2020\/09\/Meer_mit_Wolkenhimmel-2048x1477.jpg 2048w, https:\/\/cologneweb.com\/AtelierThomasPlum\/wp-content\/uploads\/2020\/09\/Meer_mit_Wolkenhimmel-1200x865.jpg 1200w\" sizes=\"(max-width: 300px) 85vw, 300px\" \/><\/a><figcaption>Aquarell, Graphitstift, Farbstift auf Lw., 70*100 cm, 2016\/2020<\/figcaption><\/figure>\n\n\n\n<figure class=\"wp-block-image size-medium\"><a href=\"https:\/\/cologneweb.com\/AtelierThomasPlum\/wp-content\/uploads\/2020\/06\/Primitivo-scaled.jpg\"><img loading=\"lazy\" decoding=\"async\" width=\"300\" height=\"147\" src=\"https:\/\/cologneweb.com\/AtelierThomasPlum\/wp-content\/uploads\/2020\/06\/Primitivo-300x147.jpg\" alt=\"\" class=\"wp-image-2495\" srcset=\"https:\/\/cologneweb.com\/AtelierThomasPlum\/wp-content\/uploads\/2020\/06\/Primitivo-300x147.jpg 300w, https:\/\/cologneweb.com\/AtelierThomasPlum\/wp-content\/uploads\/2020\/06\/Primitivo-1024x501.jpg 1024w, https:\/\/cologneweb.com\/AtelierThomasPlum\/wp-content\/uploads\/2020\/06\/Primitivo-768x376.jpg 768w, https:\/\/cologneweb.com\/AtelierThomasPlum\/wp-content\/uploads\/2020\/06\/Primitivo-1536x751.jpg 1536w, https:\/\/cologneweb.com\/AtelierThomasPlum\/wp-content\/uploads\/2020\/06\/Primitivo-2048x1002.jpg 2048w, https:\/\/cologneweb.com\/AtelierThomasPlum\/wp-content\/uploads\/2020\/06\/Primitivo-1200x587.jpg 1200w\" sizes=\"(max-width: 300px) 85vw, 300px\" \/><\/a><figcaption>[Primitivo] Pigmente, Gouache, Rotwein, Gummi arabicum auf Lw., 20*40 cm, 2020<\/figcaption><\/figure>\n\n\n\n<figure class=\"wp-block-image size-medium\"><a href=\"https:\/\/cologneweb.com\/AtelierThomasPlum\/wp-content\/uploads\/2020\/06\/Heidelandschaft-1.jpg\"><img loading=\"lazy\" decoding=\"async\" width=\"300\" height=\"175\" src=\"https:\/\/cologneweb.com\/AtelierThomasPlum\/wp-content\/uploads\/2020\/06\/Heidelandschaft-1-300x175.jpg\" alt=\"\" class=\"wp-image-2468\" srcset=\"https:\/\/cologneweb.com\/AtelierThomasPlum\/wp-content\/uploads\/2020\/06\/Heidelandschaft-1-300x175.jpg 300w, https:\/\/cologneweb.com\/AtelierThomasPlum\/wp-content\/uploads\/2020\/06\/Heidelandschaft-1-1024x599.jpg 1024w, https:\/\/cologneweb.com\/AtelierThomasPlum\/wp-content\/uploads\/2020\/06\/Heidelandschaft-1-768x449.jpg 768w, https:\/\/cologneweb.com\/AtelierThomasPlum\/wp-content\/uploads\/2020\/06\/Heidelandschaft-1.jpg 1170w\" sizes=\"(max-width: 300px) 85vw, 300px\" \/><\/a><figcaption>[Heidelandschaft] Pigmente, Marmormehl, Sand, Blanc fixe (Bariumsulfat), Graphit, Gummi arabicum, Acryl, Gouache auf Lw., 30*50 cm, 2017\/2020<\/figcaption><\/figure>\n\n\n\n<figure class=\"wp-block-image size-medium\"><a href=\"https:\/\/cologneweb.com\/AtelierThomasPlum\/wp-content\/uploads\/2020\/04\/gaze_ultramarin.jpg\"><img loading=\"lazy\" decoding=\"async\" width=\"300\" height=\"240\" src=\"https:\/\/cologneweb.com\/AtelierThomasPlum\/wp-content\/uploads\/2020\/04\/gaze_ultramarin-300x240.jpg\" alt=\"\" class=\"wp-image-1572\" srcset=\"https:\/\/cologneweb.com\/AtelierThomasPlum\/wp-content\/uploads\/2020\/04\/gaze_ultramarin-300x240.jpg 300w, https:\/\/cologneweb.com\/AtelierThomasPlum\/wp-content\/uploads\/2020\/04\/gaze_ultramarin-1024x820.jpg 1024w, https:\/\/cologneweb.com\/AtelierThomasPlum\/wp-content\/uploads\/2020\/04\/gaze_ultramarin-768x615.jpg 768w, https:\/\/cologneweb.com\/AtelierThomasPlum\/wp-content\/uploads\/2020\/04\/gaze_ultramarin-1536x1230.jpg 1536w, https:\/\/cologneweb.com\/AtelierThomasPlum\/wp-content\/uploads\/2020\/04\/gaze_ultramarin-2048x1640.jpg 2048w, https:\/\/cologneweb.com\/AtelierThomasPlum\/wp-content\/uploads\/2020\/04\/gaze_ultramarin-1200x961.jpg 1200w\" sizes=\"(max-width: 300px) 85vw, 300px\" \/><\/a><figcaption>[Baum] Pigmente, Gaze, Papier, Dammarfirnis auf Lw., 70*100 cm, 1994\/2020<\/figcaption><\/figure>\n\n\n\n<figure class=\"wp-block-image size-medium\"><a href=\"https:\/\/cologneweb.com\/AtelierThomasPlum\/wp-content\/uploads\/2020\/11\/01_Titanweiss_Gelb_Vertikal-7.jpg\"><img loading=\"lazy\" decoding=\"async\" width=\"150\" height=\"300\" src=\"https:\/\/cologneweb.com\/AtelierThomasPlum\/wp-content\/uploads\/2020\/11\/01_Titanweiss_Gelb_Vertikal-7-150x300.jpg\" alt=\"\" class=\"wp-image-3023\" srcset=\"https:\/\/cologneweb.com\/AtelierThomasPlum\/wp-content\/uploads\/2020\/11\/01_Titanweiss_Gelb_Vertikal-7-150x300.jpg 150w, https:\/\/cologneweb.com\/AtelierThomasPlum\/wp-content\/uploads\/2020\/11\/01_Titanweiss_Gelb_Vertikal-7.jpg 500w\" sizes=\"(max-width: 150px) 85vw, 150px\" \/><\/a><figcaption>[Titanweiss Gelb] Pigmente (Titanweiss, Kadmiumgelb hellst), Gummi arabicum auf Lw., 100*50 cm, 2020<\/figcaption><\/figure>\n\n\n\n<figure class=\"wp-block-image size-medium\"><a href=\"https:\/\/cologneweb.com\/AtelierThomasPlum\/wp-content\/uploads\/2020\/06\/IMG_5559-scaled.jpg\"><img loading=\"lazy\" decoding=\"async\" width=\"300\" height=\"223\" src=\"https:\/\/cologneweb.com\/AtelierThomasPlum\/wp-content\/uploads\/2020\/06\/IMG_5559-300x223.jpg\" alt=\"\" class=\"wp-image-2491\" srcset=\"https:\/\/cologneweb.com\/AtelierThomasPlum\/wp-content\/uploads\/2020\/06\/IMG_5559-300x223.jpg 300w, https:\/\/cologneweb.com\/AtelierThomasPlum\/wp-content\/uploads\/2020\/06\/IMG_5559-1024x762.jpg 1024w, https:\/\/cologneweb.com\/AtelierThomasPlum\/wp-content\/uploads\/2020\/06\/IMG_5559-768x572.jpg 768w, https:\/\/cologneweb.com\/AtelierThomasPlum\/wp-content\/uploads\/2020\/06\/IMG_5559-1536x1143.jpg 1536w, https:\/\/cologneweb.com\/AtelierThomasPlum\/wp-content\/uploads\/2020\/06\/IMG_5559-2048x1524.jpg 2048w, https:\/\/cologneweb.com\/AtelierThomasPlum\/wp-content\/uploads\/2020\/06\/IMG_5559-1200x893.jpg 1200w\" sizes=\"(max-width: 300px) 85vw, 300px\" \/><\/a><figcaption>Pigmente, Gummi arabicum auf Lw., 40*50 cm, 2019\/2020<\/figcaption><\/figure>\n\n\n\n<figure class=\"wp-block-image size-medium\"><a href=\"https:\/\/cologneweb.com\/AtelierThomasPlum\/wp-content\/uploads\/2020\/03\/Rundbild_blau.jpg\"><img loading=\"lazy\" decoding=\"async\" width=\"300\" height=\"300\" src=\"https:\/\/cologneweb.com\/AtelierThomasPlum\/wp-content\/uploads\/2020\/03\/Rundbild_blau-300x300.jpg\" alt=\"\" class=\"wp-image-1307\" srcset=\"https:\/\/cologneweb.com\/AtelierThomasPlum\/wp-content\/uploads\/2020\/03\/Rundbild_blau-300x300.jpg 300w, https:\/\/cologneweb.com\/AtelierThomasPlum\/wp-content\/uploads\/2020\/03\/Rundbild_blau-1024x1024.jpg 1024w, https:\/\/cologneweb.com\/AtelierThomasPlum\/wp-content\/uploads\/2020\/03\/Rundbild_blau-150x150.jpg 150w, https:\/\/cologneweb.com\/AtelierThomasPlum\/wp-content\/uploads\/2020\/03\/Rundbild_blau-768x768.jpg 768w, https:\/\/cologneweb.com\/AtelierThomasPlum\/wp-content\/uploads\/2020\/03\/Rundbild_blau-1536x1536.jpg 1536w, https:\/\/cologneweb.com\/AtelierThomasPlum\/wp-content\/uploads\/2020\/03\/Rundbild_blau-2048x2048.jpg 2048w, https:\/\/cologneweb.com\/AtelierThomasPlum\/wp-content\/uploads\/2020\/03\/Rundbild_blau-1200x1200.jpg 1200w\" sizes=\"(max-width: 300px) 85vw, 300px\" \/><\/a><figcaption>Pigmente (Indigo, K\u00f6nigsblau, Kobaldblau t\u00fcrkis), Blanc fixe, Eisenpulver, Stahlwolle, Salz, Grapefruitsaft, Gummi arabicum auf Lw., \u00f8 50 cm, 2020<\/figcaption><\/figure>\n\n\n\n<figure class=\"wp-block-image size-medium\"><a href=\"https:\/\/cologneweb.com\/AtelierThomasPlum\/wp-content\/uploads\/2020\/03\/rot_gelb_vertikal.jpg\"><img loading=\"lazy\" decoding=\"async\" width=\"150\" height=\"300\" src=\"https:\/\/cologneweb.com\/AtelierThomasPlum\/wp-content\/uploads\/2020\/03\/rot_gelb_vertikal-150x300.jpg\" alt=\"\" class=\"wp-image-1289\" srcset=\"https:\/\/cologneweb.com\/AtelierThomasPlum\/wp-content\/uploads\/2020\/03\/rot_gelb_vertikal-150x300.jpg 150w, https:\/\/cologneweb.com\/AtelierThomasPlum\/wp-content\/uploads\/2020\/03\/rot_gelb_vertikal.jpg 500w\" sizes=\"(max-width: 150px) 85vw, 150px\" \/><\/a><figcaption>[Gelb Rot] Pigmente (Kadmiumgelb hellst, Echtrot), Gummi arabicum auf Lw., 100*50 cm, 2020<\/figcaption><\/figure>\n\n\n\n<hr class=\"wp-block-separator has-css-opacity\"\/>\n\n\n\n<p><a href=\"https:\/\/cologneweb.com\/AtelierThomasPlum\/Galerie\">Galerie<\/a><\/p>\n","protected":false},"excerpt":{"rendered":"<p>Galerie Galerie<\/p>\n","protected":false},"author":1,"featured_media":0,"parent":305,"menu_order":0,"comment_status":"closed","ping_status":"closed","template":"","meta":{"footnotes":""},"_links":{"self":[{"href":"https:\/\/cologneweb.com\/AtelierThomasPlum\/wp-json\/wp\/v2\/pages\/1326"}],"collection":[{"href":"https:\/\/cologneweb.com\/AtelierThomasPlum\/wp-json\/wp\/v2\/pages"}],"about":[{"href":"https:\/\/cologneweb.com\/AtelierThomasPlum\/wp-json\/wp\/v2\/types\/page"}],"author":[{"embeddable":true,"href":"https:\/\/cologneweb.com\/AtelierThomasPlum\/wp-json\/wp\/v2\/users\/1"}],"replies":[{"embeddable":true,"href":"https:\/\/cologneweb.com\/AtelierThomasPlum\/wp-json\/wp\/v2\/comments?post=1326"}],"version-history":[{"count":51,"href":"https:\/\/cologneweb.com\/AtelierThomasPlum\/wp-json\/wp\/v2\/pages\/1326\/revisions"}],"predecessor-version":[{"id":4690,"href":"https:\/\/cologneweb.com\/AtelierThomasPlum\/wp-json\/wp\/v2\/pages\/1326\/revisions\/4690"}],"up":[{"embeddable":true,"href":"https:\/\/cologneweb.com\/AtelierThomasPlum\/wp-json\/wp\/v2\/pages\/305"}],"wp:attachment":[{"href":"https:\/\/cologneweb.com\/AtelierThomasPlum\/wp-json\/wp\/v2\/media?parent=1326"}],"curies":[{"name":"wp","href":"https:\/\/api.w.org\/{rel}","templated":true}]}}