{"id":5287,"date":"2025-08-01T12:23:31","date_gmt":"2025-08-01T10:23:31","guid":{"rendered":"https:\/\/cologneweb.com\/AbisZ\/?page_id=5287"},"modified":"2025-08-06T10:38:19","modified_gmt":"2025-08-06T08:38:19","slug":"fuer-studenten-freelancer-und-pendler-handytarife-fuer-alle-in-koeln","status":"publish","type":"page","link":"https:\/\/cologneweb.com\/AbisZ\/service\/empfehlungen\/fuer-studenten-freelancer-und-pendler-handytarife-fuer-alle-in-koeln\/","title":{"rendered":"F\u00fcr Studenten, Freelancer und Pendler &#8211; Handytarife f\u00fcr alle in K\u00f6ln"},"content":{"rendered":"\n<p class=\"has-drop-cap\">K\u00f6ln ist eine bunte, kreative Stadt voller Dynamik &#8211; ob auf dem Campus, im stylishen Co-Working-Space oder auf dem Weg zur Arbeit zwischen der Eifel und der Domstadt. K\u00f6ln steht niemals still und genau deshalb ist ein zuverl\u00e4ssiger und fairer Mobilfunktarif keine Frage des Luxus, sondern eine der Alltagstauglichkeit.<br><br>Viel unterwegs sein bedeutet, auf ein stabiles und verl\u00e4ssliches Netz angewiesen zu sein. Zus\u00e4tzlich dazu braucht es einen Tarif, der zur Lebensrealit\u00e4t passt. Hier kommen&nbsp;<a href=\"https:\/\/www.o2online.de\/tarife\/\" target=\"_blank\">die o2 Handytarife ins Spiel<\/a>, auch&nbsp;f\u00fcr Studenten und Berufst\u00e4tige. Sie bieten Flexibilit\u00e4t, Transparenz und vor allem eines: gute Konditionen f\u00fcr jeden Geldbeutel.<\/p>\n\n\n\n<h2 class=\"wp-block-heading\">Ideal f\u00fcr Studierende der Uni K\u00f6ln<\/h2>\n\n\n\n<figure class=\"wp-block-image size-large\"><a href=\"https:\/\/pixabay.com\/photos\/people-girls-women-students-2557399\/\" target=\"_blank\" rel=\" noreferrer noopener\"><img loading=\"lazy\" decoding=\"async\" width=\"1024\" height=\"682\" src=\"https:\/\/cologneweb.com\/AbisZ\/wp-content\/uploads\/2025\/08\/people-2557399_1280-1024x682.jpg\" alt=\"Studierende an der Uni K\u00f6ln\nhttps:\/\/pixabay.com\/photos\/people-girls-women-students-2557399\/\" class=\"wp-image-5302\" srcset=\"https:\/\/cologneweb.com\/AbisZ\/wp-content\/uploads\/2025\/08\/people-2557399_1280-1024x682.jpg 1024w, https:\/\/cologneweb.com\/AbisZ\/wp-content\/uploads\/2025\/08\/people-2557399_1280-300x200.jpg 300w, https:\/\/cologneweb.com\/AbisZ\/wp-content\/uploads\/2025\/08\/people-2557399_1280-768x512.jpg 768w, https:\/\/cologneweb.com\/AbisZ\/wp-content\/uploads\/2025\/08\/people-2557399_1280-1200x800.jpg 1200w, https:\/\/cologneweb.com\/AbisZ\/wp-content\/uploads\/2025\/08\/people-2557399_1280.jpg 1280w\" sizes=\"auto, (max-width: 709px) 85vw, (max-width: 909px) 67vw, (max-width: 1362px) 62vw, 840px\" \/><\/a><\/figure>\n\n\n\n<p>Studieren in K\u00f6ln ist vielseitig, aber oft auch finanziell herausfordernd. Zwischen den Vorlesungen, dem Nebenjob und der WG-K\u00fcche will sich deshalb niemand mit \u00fcberteuerten Vertr\u00e4gen herumschlagen. Die o2 Handytarife sind gerade f\u00fcr Studierende der Universit\u00e4t zu K\u00f6ln und der TH K\u00f6ln faire Pakete, die sich dem Alltag der Studierenden anpassen.<br><br>Unbegrenztes Datenvolumen? Nicht jeder braucht diesen Luxus. Wer allerdings viel recherchiert und das Handy in seinen Alltag als Studierender einbindet, profitiert deutlich von den zahlreichen Datenpaketen bei o2. Die Variabilit\u00e4t ist die gro\u00dfe St\u00e4rke. Besonders flexibel sind die monatlich k\u00fcndbaren Vertr\u00e4ge. Gerade in der Kombination mit den Studentenvorteilen, den Rabatten und den verg\u00fcnstigten Konditionen f\u00e4llt so der Vertrag finanziell weniger ins Gewicht.<\/p>\n\n\n\n<h2 class=\"wp-block-heading\">Freelancer und ihre Flexibilit\u00e4t<\/h2>\n\n\n\n<p>K\u00f6ln ist eine&nbsp;<a href=\"https:\/\/insidecologne.de\/angebote\/koelner-lebensart\/\" target=\"_blank\">Medienstadt mit einer eigenen Lebensart<\/a>, in der es vor kreativen K\u00f6pfen nur so wimmelt. Freiberufler und Start-up-Gr\u00fcnder geben sich hier die Klinke in die Hand. In Ehrenfeld, im Belgischen Viertel oder in M\u00fclheim entstehen so Ideen, die h\u00e4ufig ortsungebunden sind, aber immer online stattfinden. Was braucht diese Zielgruppe f\u00fcr einen Handytarif? Wichtig ist, dass diese kreativen K\u00f6pfe Optionen haben, die sich individuell anpassen &#8211; ganz ohne teure Knebelvertr\u00e4ge. Viel Datenvolumen f\u00fcr den Kunden-Call im Gr\u00fcnen oder die stabile Netzverbindung f\u00fcrs mobile Arbeiten auf dem Balkon? Die o2-Tarife schaffen Spielraum und gleichzeitig bieten sie faire Preise f\u00fcr wechselnde Arbeitsmodelle.<\/p>\n\n\n\n<h2 class=\"wp-block-heading\">Berufspendler zwischen der Stadtgrenze und dem Rhein-Sieg-Kreis<\/h2>\n\n\n\n<p>Das&nbsp;<a href=\"https:\/\/www.rundschau-online.de\/koeln\/koeln-neue-rad-pendler-routen-sollen-das-umland-anbinden-1055938\" target=\"_blank\">Pendeln zwischen K\u00f6ln und dem Umland<\/a>&nbsp;ist f\u00fcr viele die t\u00e4gliche Realit\u00e4t. Um auch entlang der Strecke arbeiten zu k\u00f6nnen, braucht es ein stabiles Netz. Im Zug, im Bus oder auf der Stra\u00dfe &#8211; niemand m\u00f6chte, dass Telefonate abbrechen und die wichtigsten Mails m\u00fcssen auch von unterwegs abrufbar sein. Die&nbsp;<a href=\"https:\/\/www.connect.de\/vergleich\/mobilfunknetztest-2024-bestes-handy-netz-koeln-3204570.html\" target=\"_blank\">Netzabdeckung von o2<\/a>&nbsp;ist in K\u00f6ln und in der Umgebung f\u00fcr ihre Stabilit\u00e4t bekannt. Pendler verlassen sich auf dauerhaft gute Verbindungen, selbst in den Sto\u00dfzeiten.<br><br>F\u00fcr Pendler sind besonders \u00fcberzeugend die smarten Tarifkombinationen mit zus\u00e4tzlichen Features wie der Hotspot-Nutzung, dem EU-Roaming oder der M\u00f6glichkeit, Datentarife mit einem Familienmitglied zu teilen.<\/p>\n\n\n\n<h2 class=\"wp-block-heading\">Das ideale Hilfsmittel f\u00fcr den K\u00f6lner Alltag<\/h2>\n\n\n\n<p><br>Studierende, Freelancer, Pendler&nbsp;<a href=\"https:\/\/koeln.mitvergnuegen.com\/2025\/fehler-zugezogene\/\" target=\"_blank\">oder Zugezogene<\/a>, die sich langsam in K\u00f6ln einleben m\u00f6chten, finden bei o2 die passenden Tarife, ohne sich langfristig zu binden. Die L\u00f6sung ist \u00fcberzeugend, und damit bleibt K\u00f6ln nicht nur kulturell und wirtschaftlich versetzt, sondern bleibt auch digital auf der H\u00f6he.<br><br>Die Tarife passen sich den verschiedenen Realit\u00e4ten des Alltags an. Genau das braucht es in einer Stadt, die quicklebendig ist und voller junger Kreativer nur so wimmelt.<\/p>\n","protected":false},"excerpt":{"rendered":"<p>K\u00f6ln ist eine bunte, kreative Stadt voller Dynamik &#8211; ob auf dem Campus, im stylishen Co-Working-Space oder auf dem Weg zur Arbeit zwischen der Eifel und der Domstadt. K\u00f6ln steht niemals still und genau deshalb ist ein zuverl\u00e4ssiger und fairer Mobilfunktarif keine Frage des Luxus, sondern eine der Alltagstauglichkeit. Viel unterwegs sein bedeutet, auf ein &hellip; <a href=\"https:\/\/cologneweb.com\/AbisZ\/service\/empfehlungen\/fuer-studenten-freelancer-und-pendler-handytarife-fuer-alle-in-koeln\/\" class=\"more-link\"><span class=\"screen-reader-text\">\u201eF\u00fcr Studenten, Freelancer und Pendler &#8211; Handytarife f\u00fcr alle in K\u00f6ln\u201c<\/span> weiterlesen<\/a><\/p>\n","protected":false},"author":1,"featured_media":0,"parent":1200,"menu_order":0,"comment_status":"closed","ping_status":"closed","template":"","meta":{"footnotes":""},"class_list":["post-5287","page","type-page","status-publish","hentry"],"_links":{"self":[{"href":"https:\/\/cologneweb.com\/AbisZ\/wp-json\/wp\/v2\/pages\/5287","targetHints":{"allow":["GET"]}}],"collection":[{"href":"https:\/\/cologneweb.com\/AbisZ\/wp-json\/wp\/v2\/pages"}],"about":[{"href":"https:\/\/cologneweb.com\/AbisZ\/wp-json\/wp\/v2\/types\/page"}],"author":[{"embeddable":true,"href":"https:\/\/cologneweb.com\/AbisZ\/wp-json\/wp\/v2\/users\/1"}],"replies":[{"embeddable":true,"href":"https:\/\/cologneweb.com\/AbisZ\/wp-json\/wp\/v2\/comments?post=5287"}],"version-history":[{"count":5,"href":"https:\/\/cologneweb.com\/AbisZ\/wp-json\/wp\/v2\/pages\/5287\/revisions"}],"predecessor-version":[{"id":5303,"href":"https:\/\/cologneweb.com\/AbisZ\/wp-json\/wp\/v2\/pages\/5287\/revisions\/5303"}],"up":[{"embeddable":true,"href":"https:\/\/cologneweb.com\/AbisZ\/wp-json\/wp\/v2\/pages\/1200"}],"wp:attachment":[{"href":"https:\/\/cologneweb.com\/AbisZ\/wp-json\/wp\/v2\/media?parent=5287"}],"curies":[{"name":"wp","href":"https:\/\/api.w.org\/{rel}","templated":true}]}}