{"id":39,"date":"2021-02-25T17:54:02","date_gmt":"2021-02-25T16:54:02","guid":{"rendered":"https:\/\/cologneweb.com\/AbisZ\/?page_id=39"},"modified":"2025-12-13T23:36:10","modified_gmt":"2025-12-13T22:36:10","slug":"impressum","status":"publish","type":"page","link":"https:\/\/cologneweb.com\/AbisZ\/impressum\/","title":{"rendered":"Impressum"},"content":{"rendered":"\n<figure class=\"wp-block-image\"><img decoding=\"async\" src=\"https:\/\/www.cologneweb.com\/cw-logo.gif\" alt=\"CologneWeb\"\/><\/figure>\n\n\n\n<figure class=\"wp-block-image\"><img decoding=\"async\" src=\"https:\/\/www.cologneweb.com\/linie01.gif\" alt=\"\"\/><\/figure>\n\n\n\n<p>Angaben gem\u00e4\u00df <a href=\"https:\/\/www.bfdi.bund.de\/DE\/Buerger\/Inhalte\/Telemedien\/DDG\/Digitale_Dienste_Gesetz.html\" data-type=\"link\" data-id=\"https:\/\/www.bfdi.bund.de\/DE\/Buerger\/Inhalte\/Telemedien\/DDG\/Digitale_Dienste_Gesetz.html\" target=\"_blank\" rel=\"noreferrer noopener\">Digitale Dienste Gesetz (DDG)<\/a>:<\/p>\n\n\n\n<p>Die Website <strong>https:\/\/cologneweb.com<\/strong> wird pr\u00e4sentiert von der <a href=\"https:\/\/www.insidecologne.de\/\">inside Cologne GmbH<\/a><\/p>\n\n\n\n<h2 class=\"wp-block-heading\">Websitebetreiber und inhaltlich Verantwortlicher<\/h2>\n\n\n\n<p>inside Cologne GmbH<br>D\u00fcsseldorfer Stra\u00dfe 45<br>51063 K\u00f6ln<\/p>\n\n\n\n<p><strong>Vertretungsberechtigte Gesch\u00e4ftsf\u00fchrer<\/strong><br>Dr. Thomas Plum | Yvonne Plum<\/p>\n\n\n\n<p><strong>Kontakt<\/strong><br>E-Mail: contact{at}insidecologne.de<br>Telefon:&nbsp;<a href=\"tel:+49 221 \/ 52 19 77\">+49 221 \/ 52 19 77<\/a><\/p>\n\n\n\n<p><strong>Registergericht<\/strong><br>Amtsgericht K\u00f6ln HRB 48074<\/p>\n\n\n\n<p><strong>Umsatzsteuer-Identifikationsnummer<\/strong>&nbsp;gem\u00e4\u00df \u00a727 a <a href=\"https:\/\/www.gesetze-im-internet.de\/ustg_1980\/\" target=\"_blank\" rel=\"noreferrer noopener\">Umsatzsteuergesetz<\/a>: DE225334031<\/p>\n\n\n<p><a name=\"Seitenprovider\"><\/a><\/p>\n\n\n\n<h2 class=\"wp-block-heading\">Seitenprovider<\/h2>\n\n\n\n<p><a href=\"https:\/\/www.is-fun.de\/\" target=\"_blank\" rel=\"noreferrer noopener\">iS-Fun Internet Services GmbH<\/a><br>Badhausweg 8<br>76307 Karlsbad<br>E-Mail: info{at}is-fun.de<br>Telefon:&nbsp;<a href=\"tel:+49 7248 \/ 932 763\">+49 7248 \/ 932 763<\/a><br>Telefax:&nbsp;<a href=\"tel:+49 7248 \/ 932 765\">+49 7248 \/ 932 765<\/a><\/p>\n\n\n\n<h2 class=\"wp-block-heading\">Haftungsausschluss (Disclaimer)<\/h2>\n\n\n\n<h3 class=\"wp-block-heading\"><strong>Haftung f\u00fcr Inhalte<\/strong><\/h3>\n\n\n\n<p>Als Diensteanbieter sind wir f\u00fcr eigene Inhalte auf diesen Seiten nach den allgemeinen Gesetzen verantwortlich. Wir sind als Diensteanbieter jedoch nicht verpflichtet, \u00fcbermittelte oder gespeicherte fremde Informationen zu \u00fcberwachen oder nach Umst\u00e4nden zu forschen, die auf eine rechtswidrige T\u00e4tigkeit hinweisen. Verpflichtungen zur Entfernung oder Sperrung der Nutzung von Informationen nach den allgemeinen Gesetzen bleiben hiervon unber\u00fchrt. Eine diesbez\u00fcgliche Haftung ist jedoch erst ab dem Zeitpunkt der Kenntnis einer konkreten Rechtsverletzung m\u00f6glich. Bei Bekanntwerden von entsprechenden Rechtsverletzungen werden wir diese Inhalte umgehend entfernen.<\/p>\n\n\n\n<h3 class=\"wp-block-heading\"><strong>Haftung f\u00fcr Links<\/strong><\/h3>\n\n\n\n<p>Unser Angebot enth\u00e4lt Links zu externen Webseiten Dritter, auf deren Inhalte wir keinen Einfluss haben. Deshalb k\u00f6nnen wir f\u00fcr diese fremden Inhalte auch keine Gew\u00e4hr \u00fcbernehmen. F\u00fcr die Inhalte der verlinkten Seiten ist stets der jeweilige Anbieter oder Betreiber der Seiten verantwortlich. Die verlinkten Seiten wurden zum Zeitpunkt der Verlinkung auf m\u00f6gliche Rechtsverst\u00f6\u00dfe \u00fcberpr\u00fcft. Rechtswidrige Inhalte waren zum Zeitpunkt der Verlinkung nicht erkennbar. Eine permanente inhaltliche Kontrolle der verlinkten Seiten ist jedoch ohne konkrete Anhaltspunkte einer Rechtsverletzung nicht zumutbar. Bei Bekanntwerden von Rechtsverletzungen werden wir derartige Links umgehend entfernen.<\/p>\n\n\n\n<h2 class=\"wp-block-heading\">Urheberrecht<\/h2>\n\n\n\n<p>Die durch den <a href=\"https:\/\/cologneweb.com\/AbisZ\/impressum#Verantwortlicher\">Websitebetreiber<\/a> erstellten Inhalte und Werke auf diesen Seiten unterliegen dem deutschen Urheberrecht. Die Vervielf\u00e4ltigung, Bearbeitung, Verbreitung und jede Art der Verwertung au\u00dferhalb der Grenzen des Urheberrechtes bed\u00fcrfen der schriftlichen Zustimmung des jeweiligen Autors bzw. Erstellers. Downloads und Kopien dieser Seite sind nur f\u00fcr den privaten, nicht kommerziellen Gebrauch gestattet. Soweit die Inhalte auf dieser Seite nicht vom Betreiber erstellt wurden, werden die Urheberrechte Dritter beachtet. Insbesondere werden Inhalte Dritter als solche gekennzeichnet. Sollten Sie trotzdem auf eine Urheberrechtsverletzung aufmerksam werden, bitten wir um einen entsprechenden Hinweis. Bei Bekanntwerden von Rechtsverletzungen werden wir derartige Inhalte umgehend entfernen.<\/p>\n\n\n\n<h2 class=\"wp-block-heading\">Gew\u00e4hrleistung<\/h2>\n\n\n\n<p>Alle in unseren Internetseiten enthaltenen Angaben und Informationen wurden vom <a href=\"https:\/\/cologneweb.com\/AbisZ\/impressum#Verantwortlicher\">Websitebetreiber<\/a>&nbsp;mit gr\u00f6\u00dfter Sorgfalt recherchiert und gepr\u00fcft. Es wird ausdr\u00fccklich darauf hingewiesen, dass keine Garantie f\u00fcr die Fehlerfreiheit der vermittelten Informationen \u00fcbernommen wird. Ein Anspruch auf Vollst\u00e4ndigkeit wird nicht erhoben. F\u00fcr Internetseiten Dritter, auf diese Website durch Hyperlinks verweist, tragen die jeweiligen Anbieter die Verantwortung. Der <a href=\"https:\/\/cologneweb.com\/AbisZ\/impressum#Verantwortlicher\">Websitebetreiber<\/a> ist f\u00fcr den Inhalt solcher Seiten Dritter nicht verantwortlich.<\/p>\n\n\n\n<h2 class=\"wp-block-heading\">Informationspflichten aus dem Verbraucherstreitbeilegungsgesetz (VSBG)<\/h2>\n\n\n\n<p>Wir sind nicht bereit oder verpflichtet, an Streitbeilegungsverfahren vor einer Verbraucherschlichtungsstelle teilzunehmen<\/p>\n","protected":false},"excerpt":{"rendered":"<p>Angaben gem\u00e4\u00df Digitale Dienste Gesetz (DDG): Die Website https:\/\/cologneweb.com wird pr\u00e4sentiert von der inside Cologne GmbH Websitebetreiber und inhaltlich Verantwortlicher inside Cologne GmbHD\u00fcsseldorfer Stra\u00dfe 4551063 K\u00f6ln Vertretungsberechtigte Gesch\u00e4ftsf\u00fchrerDr. Thomas Plum | Yvonne Plum KontaktE-Mail: contact{at}insidecologne.deTelefon:&nbsp;+49 221 \/ 52 19 77 RegistergerichtAmtsgericht K\u00f6ln HRB 48074 Umsatzsteuer-Identifikationsnummer&nbsp;gem\u00e4\u00df \u00a727 a Umsatzsteuergesetz: DE225334031 Seitenprovider iS-Fun Internet Services GmbHBadhausweg 876307 &hellip; <a href=\"https:\/\/cologneweb.com\/AbisZ\/impressum\/\" class=\"more-link\"><span class=\"screen-reader-text\">\u201eImpressum\u201c<\/span> weiterlesen<\/a><\/p>\n","protected":false},"author":1,"featured_media":0,"parent":0,"menu_order":0,"comment_status":"closed","ping_status":"closed","template":"","meta":{"footnotes":""},"class_list":["post-39","page","type-page","status-publish","hentry"],"_links":{"self":[{"href":"https:\/\/cologneweb.com\/AbisZ\/wp-json\/wp\/v2\/pages\/39","targetHints":{"allow":["GET"]}}],"collection":[{"href":"https:\/\/cologneweb.com\/AbisZ\/wp-json\/wp\/v2\/pages"}],"about":[{"href":"https:\/\/cologneweb.com\/AbisZ\/wp-json\/wp\/v2\/types\/page"}],"author":[{"embeddable":true,"href":"https:\/\/cologneweb.com\/AbisZ\/wp-json\/wp\/v2\/users\/1"}],"replies":[{"embeddable":true,"href":"https:\/\/cologneweb.com\/AbisZ\/wp-json\/wp\/v2\/comments?post=39"}],"version-history":[{"count":17,"href":"https:\/\/cologneweb.com\/AbisZ\/wp-json\/wp\/v2\/pages\/39\/revisions"}],"predecessor-version":[{"id":5336,"href":"https:\/\/cologneweb.com\/AbisZ\/wp-json\/wp\/v2\/pages\/39\/revisions\/5336"}],"wp:attachment":[{"href":"https:\/\/cologneweb.com\/AbisZ\/wp-json\/wp\/v2\/media?parent=39"}],"curies":[{"name":"wp","href":"https:\/\/api.w.org\/{rel}","templated":true}]}}