{"id":3849,"date":"2023-09-02T13:39:46","date_gmt":"2023-09-02T11:39:46","guid":{"rendered":"https:\/\/cologneweb.com\/AbisZ\/?page_id=3849"},"modified":"2025-08-28T00:59:56","modified_gmt":"2025-08-27T22:59:56","slug":"in-memoriam-parzival","status":"publish","type":"page","link":"https:\/\/cologneweb.com\/AbisZ\/service\/kunst\/in-memoriam-parzival\/","title":{"rendered":"In memoriam Parzival"},"content":{"rendered":"\n<h2 class=\"wp-block-heading\"><strong>Frank &#8222;Parzival&#8220; Poersch \u2020 1961-2023<\/strong><\/h2>\n\n\n\n<p class=\"has-light-blue-background-color has-background\"><a href=\"https:\/\/cologneweb.com\/AbisZ\/service\/kunst\/\" data-type=\"page\" data-id=\"839\">Kunst<\/a> | <a href=\"https:\/\/cologneweb.com\/AbisZ\/service\/kunst\/in-memoriam-klaus-winterfeld\/\" data-type=\"page\" data-id=\"1367\">In memoriam Klaus Winterfeld<\/a><\/p>\n\n\n\n<p class=\"has-light-gray-background-color has-background\"><a rel=\"noreferrer noopener\" href=\"https:\/\/www.kunstforum.de\/nachrichten\/aktionskuenstler-parzival-gestorben\/\" target=\"_blank\">KUNSTFORUM International: Aktionsk\u00fcnstler Parzival gestorben<\/a> &#8211; Nachruf von <a rel=\"noreferrer noopener\" href=\"https:\/\/de.wikipedia.org\/wiki\/J%C3%BCrgen_Raap\" target=\"_blank\">J\u00fcrgen Raap<\/a> &#8211; 18. August 2023<\/p>\n\n\n\n<figure class=\"wp-block-image size-full\"><a href=\"https:\/\/web.archive.org\/web\/20080124133447\/http:\/\/artclub-galerie.de\/archivraum.php\" target=\"_blank\" rel=\"noreferrer noopener\"><img loading=\"lazy\" decoding=\"async\" width=\"560\" height=\"420\" src=\"https:\/\/cologneweb.com\/AbisZ\/wp-content\/uploads\/2023\/09\/IMG_6841.jpeg\" alt=\"artclub -Ausstellungsraum mit aktivem K\u00fcnstlerarchiv - Foto: Parzival 2008\" class=\"wp-image-3895\" srcset=\"https:\/\/cologneweb.com\/AbisZ\/wp-content\/uploads\/2023\/09\/IMG_6841.jpeg 560w, https:\/\/cologneweb.com\/AbisZ\/wp-content\/uploads\/2023\/09\/IMG_6841-300x225.jpeg 300w\" sizes=\"auto, (max-width: 560px) 85vw, 560px\" \/><\/a><figcaption class=\"wp-element-caption\"><a href=\"https:\/\/web.archive.org\/web\/20160828221513\/http:\/\/www.artclub-galerie.de\/index.php\" target=\"_blank\" rel=\"noreferrer noopener\">artclub -Ausstellungsraum mit aktivem K\u00fcnstlerarchiv<\/a> &#8211; Foto: Parzival 2008<\/figcaption><\/figure>\n\n\n\n<div style=\"height:20px\" aria-hidden=\"true\" class=\"wp-block-spacer\"><\/div>\n\n\n\n<figure class=\"wp-block-image size-full\"><a href=\"http:\/\/www.weltrekordblick.de\/\" target=\"_blank\" rel=\"noreferrer noopener\"><img loading=\"lazy\" decoding=\"async\" width=\"560\" height=\"423\" src=\"https:\/\/cologneweb.com\/AbisZ\/wp-content\/uploads\/2023\/09\/IMG_6842.jpeg\" alt=\"Die CyberView-Kunstbrillen erm\u00f6glichen eine wirklich neue, verr\u00fcckte und interaktive Weltsicht; ohne Strom, Computer und v\u00f6llig frei. \u00dcber 46 Milliarden unterschiedliche Einzelbilder k\u00f6nnen individuell eingestellt werden und bieten eine neue Dynamik des Sehens. Ein fantastisches SehAbenteuer. Daf\u00fcr erfolgte der Eintrag im Guinness Buch der Rekorde 2000, der &quot;Millenium Edition&quot;.\u00a0\nweltrekordblick.de - \nDokumentation von 20 Jahren Cyberview \" class=\"wp-image-3902\" srcset=\"https:\/\/cologneweb.com\/AbisZ\/wp-content\/uploads\/2023\/09\/IMG_6842.jpeg 560w, https:\/\/cologneweb.com\/AbisZ\/wp-content\/uploads\/2023\/09\/IMG_6842-300x227.jpeg 300w\" sizes=\"auto, (max-width: 560px) 85vw, 560px\" \/><\/a><figcaption class=\"wp-element-caption\">Die CyberView-Kunstbrillen erm\u00f6glichen eine wirklich neue, verr\u00fcckte und interaktive Weltsicht; ohne Strom, Computer und v\u00f6llig frei. \u00dcber 46 Milliarden unterschiedliche Einzelbilder k\u00f6nnen individuell eingestellt werden und bieten eine neue Dynamik des Sehens. Ein fantastisches SehAbenteuer. Daf\u00fcr erfolgte der Eintrag im Guinness Buch der Rekorde 2000, der &#8222;Millenium Edition&#8220;.\u00a0<br><a href=\"https:\/\/web.archive.org\/web\/20130718114939\/http:\/\/weltrekordblick.de\/\" target=\"_blank\" rel=\"noreferrer noopener\">weltrekordblick.de<\/a> &#8211; Dokumentation von 20 Jahren Cyberview<\/figcaption><\/figure>\n\n\n\n<figure class=\"wp-block-embed is-type-wp-embed is-provider-blog-st wp-block-embed-blog-st\"><div class=\"wp-block-embed__wrapper\">\n<blockquote class=\"wp-embedded-content\" data-secret=\"6FJ88P9M74\"><a href=\"https:\/\/sven-teuber.info\/wordpress\/artclub-koln\/\">Artclub K\u00f6ln Kunstprojekt 12.01 ab 20:00<\/a><\/blockquote><iframe loading=\"lazy\" class=\"wp-embedded-content\" sandbox=\"allow-scripts\" security=\"restricted\" style=\"position: absolute; visibility: hidden;\" title=\"&#8222;Artclub K\u00f6ln Kunstprojekt 12.01 ab 20:00&#8220; &#8212; Blog ST\" src=\"https:\/\/sven-teuber.info\/wordpress\/artclub-koln\/embed\/#?secret=vEVAgYRicD#?secret=6FJ88P9M74\" data-secret=\"6FJ88P9M74\" width=\"600\" height=\"338\" frameborder=\"0\" marginwidth=\"0\" marginheight=\"0\" scrolling=\"no\"><\/iframe>\n<\/div><\/figure>\n\n\n\n<figure class=\"wp-block-gallery has-nested-images columns-default is-cropped wp-block-gallery-1 is-layout-flex wp-block-gallery-is-layout-flex\">\n<figure class=\"wp-block-image size-large\"><a href=\"https:\/\/cologneweb.com\/AbisZ\/wp-content\/uploads\/2023\/09\/CrazyAirball.jpg\"><img loading=\"lazy\" decoding=\"async\" width=\"394\" height=\"267\" data-id=\"3856\" src=\"https:\/\/cologneweb.com\/AbisZ\/wp-content\/uploads\/2023\/09\/CrazyAirball.jpg\" alt=\"Crazy Games \u2013 Die verr\u00fcckten Party-Spiele 2014. Foto: Parzival\" class=\"wp-image-3856\" srcset=\"https:\/\/cologneweb.com\/AbisZ\/wp-content\/uploads\/2023\/09\/CrazyAirball.jpg 394w, https:\/\/cologneweb.com\/AbisZ\/wp-content\/uploads\/2023\/09\/CrazyAirball-300x203.jpg 300w\" sizes=\"auto, (max-width: 394px) 85vw, 394px\" \/><\/a><\/figure>\n\n\n\n<figure class=\"wp-block-image size-large\"><a href=\"https:\/\/cologneweb.com\/AbisZ\/wp-content\/uploads\/2023\/09\/CrazyJonglage.jpg\"><img loading=\"lazy\" decoding=\"async\" width=\"394\" height=\"304\" data-id=\"3857\" src=\"https:\/\/cologneweb.com\/AbisZ\/wp-content\/uploads\/2023\/09\/CrazyJonglage.jpg\" alt=\"Crazy Games \u2013 Die verr\u00fcckten Party-Spiele 2014. Foto: Parzival\" class=\"wp-image-3857\" srcset=\"https:\/\/cologneweb.com\/AbisZ\/wp-content\/uploads\/2023\/09\/CrazyJonglage.jpg 394w, https:\/\/cologneweb.com\/AbisZ\/wp-content\/uploads\/2023\/09\/CrazyJonglage-300x231.jpg 300w\" sizes=\"auto, (max-width: 394px) 85vw, 394px\" \/><\/a><\/figure>\n\n\n\n<figure class=\"wp-block-image size-large\"><a href=\"https:\/\/cologneweb.com\/AbisZ\/wp-content\/uploads\/2023\/09\/CrazyMiniGolf1.jpg\"><img loading=\"lazy\" decoding=\"async\" width=\"391\" height=\"368\" data-id=\"3858\" src=\"https:\/\/cologneweb.com\/AbisZ\/wp-content\/uploads\/2023\/09\/CrazyMiniGolf1.jpg\" alt=\"Crazy Games \u2013 Die verr\u00fcckten Party-Spiele 2014. Foto: Parzival\" class=\"wp-image-3858\" srcset=\"https:\/\/cologneweb.com\/AbisZ\/wp-content\/uploads\/2023\/09\/CrazyMiniGolf1.jpg 391w, https:\/\/cologneweb.com\/AbisZ\/wp-content\/uploads\/2023\/09\/CrazyMiniGolf1-300x282.jpg 300w\" sizes=\"auto, (max-width: 391px) 85vw, 391px\" \/><\/a><\/figure>\n\n\n\n<figure class=\"wp-block-image size-large\"><a href=\"https:\/\/cologneweb.com\/AbisZ\/wp-content\/uploads\/2023\/09\/CrazyMiniGolf2.jpg\"><img loading=\"lazy\" decoding=\"async\" width=\"394\" height=\"274\" data-id=\"3859\" src=\"https:\/\/cologneweb.com\/AbisZ\/wp-content\/uploads\/2023\/09\/CrazyMiniGolf2.jpg\" alt=\"Crazy Games \u2013 Die verr\u00fcckten Party-Spiele 2014. Foto: Parzival\" class=\"wp-image-3859\" srcset=\"https:\/\/cologneweb.com\/AbisZ\/wp-content\/uploads\/2023\/09\/CrazyMiniGolf2.jpg 394w, https:\/\/cologneweb.com\/AbisZ\/wp-content\/uploads\/2023\/09\/CrazyMiniGolf2-300x209.jpg 300w\" sizes=\"auto, (max-width: 394px) 85vw, 394px\" \/><\/a><\/figure>\n\n\n\n<figure class=\"wp-block-image size-large\"><a href=\"https:\/\/cologneweb.com\/AbisZ\/wp-content\/uploads\/2023\/09\/CrazyRingRing.jpg\"><img loading=\"lazy\" decoding=\"async\" width=\"394\" height=\"432\" data-id=\"3860\" src=\"https:\/\/cologneweb.com\/AbisZ\/wp-content\/uploads\/2023\/09\/CrazyRingRing.jpg\" alt=\"Crazy Games \u2013 Die verr\u00fcckten Party-Spiele 2014. Foto: Parzival\" class=\"wp-image-3860\" srcset=\"https:\/\/cologneweb.com\/AbisZ\/wp-content\/uploads\/2023\/09\/CrazyRingRing.jpg 394w, https:\/\/cologneweb.com\/AbisZ\/wp-content\/uploads\/2023\/09\/CrazyRingRing-274x300.jpg 274w\" sizes=\"auto, (max-width: 394px) 85vw, 394px\" \/><\/a><\/figure>\n\n\n\n<figure class=\"wp-block-image size-large\"><a href=\"https:\/\/cologneweb.com\/AbisZ\/wp-content\/uploads\/2023\/09\/PERFORMANCETOUR1.jpg\"><img loading=\"lazy\" decoding=\"async\" width=\"600\" height=\"391\" data-id=\"3861\" src=\"https:\/\/cologneweb.com\/AbisZ\/wp-content\/uploads\/2023\/09\/PERFORMANCETOUR1.jpg\" alt=\"&quot;Performance-Tour&quot; 2013\" class=\"wp-image-3861\" srcset=\"https:\/\/cologneweb.com\/AbisZ\/wp-content\/uploads\/2023\/09\/PERFORMANCETOUR1.jpg 600w, https:\/\/cologneweb.com\/AbisZ\/wp-content\/uploads\/2023\/09\/PERFORMANCETOUR1-300x196.jpg 300w\" sizes=\"auto, (max-width: 600px) 85vw, 600px\" \/><\/a><\/figure>\n\n\n\n<figure class=\"wp-block-image size-large\"><a href=\"https:\/\/cologneweb.com\/AbisZ\/wp-content\/uploads\/2023\/09\/PerformanceTour04.jpg\"><img loading=\"lazy\" decoding=\"async\" width=\"472\" height=\"354\" data-id=\"3862\" src=\"https:\/\/cologneweb.com\/AbisZ\/wp-content\/uploads\/2023\/09\/PerformanceTour04.jpg\" alt=\"&quot;Performance-Tour&quot; 2013\" class=\"wp-image-3862\" srcset=\"https:\/\/cologneweb.com\/AbisZ\/wp-content\/uploads\/2023\/09\/PerformanceTour04.jpg 472w, https:\/\/cologneweb.com\/AbisZ\/wp-content\/uploads\/2023\/09\/PerformanceTour04-300x225.jpg 300w\" sizes=\"auto, (max-width: 472px) 85vw, 472px\" \/><\/a><\/figure>\n\n\n\n<figure class=\"wp-block-image size-large\"><a href=\"https:\/\/cologneweb.com\/AbisZ\/wp-content\/uploads\/2023\/09\/PerformanceTour08.jpg\"><img loading=\"lazy\" decoding=\"async\" width=\"472\" height=\"354\" data-id=\"3863\" src=\"https:\/\/cologneweb.com\/AbisZ\/wp-content\/uploads\/2023\/09\/PerformanceTour08.jpg\" alt=\"&quot;Performance-Tour&quot; 2013\" class=\"wp-image-3863\" srcset=\"https:\/\/cologneweb.com\/AbisZ\/wp-content\/uploads\/2023\/09\/PerformanceTour08.jpg 472w, https:\/\/cologneweb.com\/AbisZ\/wp-content\/uploads\/2023\/09\/PerformanceTour08-300x225.jpg 300w\" sizes=\"auto, (max-width: 472px) 85vw, 472px\" \/><\/a><\/figure>\n<figcaption class=\"blocks-gallery-caption wp-element-caption\">Fotos 1-5: Anl\u00e4sslich 20 Jahre CyberView startete Parzival 2014 im artclub eine neue Veranstaltungsreihe: &#8222;Crazy Games \u2013 Die verr\u00fcckten Party-Spiele&#8220;. <br>Fotos 6-8: Am 21.06.2013 f\u00fchrte er eine bei <a rel=\"noreferrer noopener\" href=\"https:\/\/insidecologne.de\" target=\"_blank\">inside Cologne<\/a> gebuchte &#8222;Performance-Tour&#8220; durch.<\/figcaption><\/figure>\n\n\n\n<div style=\"height:20px\" aria-hidden=\"true\" class=\"wp-block-spacer\"><\/div>\n\n\n\n<figure class=\"wp-block-image size-large\"><a href=\"http:\/\/www.plakat-pirat.de\/\" target=\"_blank\" rel=\"noreferrer noopener\"><img loading=\"lazy\" decoding=\"async\" width=\"788\" height=\"1024\" src=\"https:\/\/cologneweb.com\/AbisZ\/wp-content\/uploads\/2023\/09\/Beschlagung203Doku-788x1024.jpg\" alt=\"Plakat-Pirat - Parzival BESCHLAGUNGEN Subversive Transformationen im \u00f6ffentlichen Raum.\nFotos: Elena Sevillano 2011\n\" class=\"wp-image-3956\" srcset=\"https:\/\/cologneweb.com\/AbisZ\/wp-content\/uploads\/2023\/09\/Beschlagung203Doku-788x1024.jpg 788w, https:\/\/cologneweb.com\/AbisZ\/wp-content\/uploads\/2023\/09\/Beschlagung203Doku-231x300.jpg 231w, https:\/\/cologneweb.com\/AbisZ\/wp-content\/uploads\/2023\/09\/Beschlagung203Doku-768x998.jpg 768w, https:\/\/cologneweb.com\/AbisZ\/wp-content\/uploads\/2023\/09\/Beschlagung203Doku.jpg 827w\" sizes=\"auto, (max-width: 788px) 85vw, 788px\" \/><\/a><figcaption class=\"wp-element-caption\"><a rel=\"noreferrer noopener\" href=\"http:\/\/www.plakat-pirat.de\/\" target=\"_blank\">Plakat-Pirat &#8211; Parzival BESCHLAGUNGEN Subversive Transformationen im \u00f6ffentlichen Raum<\/a><\/figcaption><\/figure>\n\n\n\n<div style=\"height:20px\" aria-hidden=\"true\" class=\"wp-block-spacer\"><\/div>\n\n\n<figure class=\"wp-block-embed-youtube wp-block-embed is-type-video is-provider-youtube wp-embed-aspect-16-9 wp-has-aspect-ratio\"><div class=\"lyte-wrapper fourthree\" style=\"width:420px;max-width:100%;margin:5px;\"><div class=\"lyMe\" id=\"WYL_eID_lYOd5dg\"><div id=\"lyte_eID_lYOd5dg\" data-src=\"https:\/\/cologneweb.com\/AbisZ\/wp-content\/plugins\/wp-youtube-lyte\/lyteCache.php?origThumbUrl=%2F%2Fi.ytimg.com%2Fvi%2FeID_lYOd5dg%2Fhqdefault.jpg\" class=\"pL\"><div class=\"tC\"><div class=\"tT\"><\/div><\/div><div class=\"play\"><\/div><div class=\"ctrl\"><div class=\"Lctrl\"><\/div><div class=\"Rctrl\"><\/div><\/div><\/div><noscript><a href=\"https:\/\/youtu.be\/eID_lYOd5dg\" rel=\"nofollow\"><img loading=\"lazy\" decoding=\"async\" src=\"https:\/\/cologneweb.com\/AbisZ\/wp-content\/plugins\/wp-youtube-lyte\/lyteCache.php?origThumbUrl=https%3A%2F%2Fi.ytimg.com%2Fvi%2FeID_lYOd5dg%2F0.jpg\" alt=\"YouTube-Video-Thumbnail\" width=\"420\" height=\"295\" \/><\/a><\/noscript><\/div><\/div><div class=\"lL\" style=\"max-width:100%;width:420px;margin:5px;\"> <a href=\"https:\/\/youtu.be\/eID_lYOd5dg\" target=\"_blank\">Dieses Video auf YouTube ansehen<\/a>.<\/div><figcaption><\/figcaption><\/figure>\n\n\n<figure class=\"wp-block-image size-large\"><img decoding=\"async\" src=\"http:\/\/cologneweb.com\/68elf\/Parzival\/DekoCardWeb.jpg\" alt=\"\"\/><figcaption class=\"wp-element-caption\"><a rel=\"noreferrer noopener\" href=\"http:\/\/cologneweb.com\/68elf\/Parzival\/\" target=\"_blank\">Ausstellung \u00bbDeko\u00ab \u2013 Malerei + C-Prints in der Galerie 68elf, K\u00f6ln, 9.5.\u201330.5.2001 <\/a>mit Fotos von <a rel=\"noreferrer noopener\" href=\"https:\/\/cologneweb.com\/AtelierThomasPlum\/\" target=\"_blank\">Thomas Plum<\/a><\/figcaption><\/figure>\n\n\n\n<p class=\"has-light-gray-background-color has-background\"><a rel=\"noreferrer noopener\" href=\"https:\/\/www.kunstforum.de\/artikel\/parzival\/\" target=\"_blank\">KUNSTFORIUM International: <\/a> Artikel zur Ausstellung <a rel=\"noreferrer noopener\" href=\"http:\/\/cologneweb.com\/68elf\/Parzival\/\" target=\"_blank\">\u00bbDeko\u00ab \u2013 Malerei + C-Prints<\/a>  von <a rel=\"noreferrer noopener\" href=\"https:\/\/de.wikipedia.org\/wiki\/J%C3%BCrgen_Raap\" target=\"_blank\">J\u00fcrgen Raap<\/a><\/p>\n\n\n\n<div style=\"height:20px\" aria-hidden=\"true\" class=\"wp-block-spacer\"><\/div>\n\n\n\n<p class=\"has-light-gray-background-color has-background\"><a rel=\"noreferrer noopener\" href=\"http:\/\/www.schmerzschatten.de\/Die_Kunstler\/Parzival\/parzival.html\" target=\"_blank\">Ausstellung &#8222;SchmerzSchatten&#8220; im Hochbunker K\u00f6tnerstra\u00dfe in K\u00f6ln-Ehrenfeld 22.11.-13.12.2002<\/a><\/p>\n\n\n\n<div style=\"height:20px\" aria-hidden=\"true\" class=\"wp-block-spacer\"><\/div>\n\n\n\n<figure class=\"wp-block-image size-large is-resized\"><img loading=\"lazy\" decoding=\"async\" width=\"672\" height=\"1024\" src=\"https:\/\/cologneweb.com\/AbisZ\/wp-content\/uploads\/2023\/09\/UltimateAcademy128-672x1024.jpg\" alt=\"Am 5.11.1993 wird von Parzival in der Ultimate Akademie die kleinste Kunstmesse der Welt &quot;mikrofair&quot; mit den klerinsten Originalkunstwerken er\u00f6ffnet.\nS. 128, Ultimate Akademie : eine Geschichte von 1987 bis 1996 in Text und Bild \/ hrsg. von R.J.Kirsch &amp; Dietmar Pokoyski im Auftr. der Ultimate Akademie e.V. - K\u00f6ln: Krash-Verl.; K\u00f6ln: Vilter-Verl., 1996\" class=\"wp-image-3970\" style=\"width:631px;height:961px\" srcset=\"https:\/\/cologneweb.com\/AbisZ\/wp-content\/uploads\/2023\/09\/UltimateAcademy128-672x1024.jpg 672w, https:\/\/cologneweb.com\/AbisZ\/wp-content\/uploads\/2023\/09\/UltimateAcademy128-197x300.jpg 197w, https:\/\/cologneweb.com\/AbisZ\/wp-content\/uploads\/2023\/09\/UltimateAcademy128-768x1171.jpg 768w, https:\/\/cologneweb.com\/AbisZ\/wp-content\/uploads\/2023\/09\/UltimateAcademy128-1008x1536.jpg 1008w, https:\/\/cologneweb.com\/AbisZ\/wp-content\/uploads\/2023\/09\/UltimateAcademy128-1344x2048.jpg 1344w, https:\/\/cologneweb.com\/AbisZ\/wp-content\/uploads\/2023\/09\/UltimateAcademy128-1200x1829.jpg 1200w, https:\/\/cologneweb.com\/AbisZ\/wp-content\/uploads\/2023\/09\/UltimateAcademy128-scaled.jpg 1680w\" sizes=\"auto, (max-width: 672px) 85vw, 672px\" \/><figcaption class=\"wp-element-caption\">Am 5.11.1993 wird von Parzival in der Ultimate Akademie die kleinste Kunstmesse der Welt &#8222;mikrofair&#8220; mit den klerinsten Originalkunstwerken er\u00f6ffnet. <br>S. 128, Ultimate Akademie : eine Geschichte von 1987 bis 1996 in Text und Bild \/ hrsg. von R.J.Kirsch &amp; Dietmar Pokoyski im Auftr. der Ultimate Akademie e.V. &#8211; K\u00f6ln: Krash-Verl.; K\u00f6ln: Vilter-Verl., 1996<\/figcaption><\/figure>\n\n\n\n<div style=\"height:20px\" aria-hidden=\"true\" class=\"wp-block-spacer\"><\/div>\n\n\n\n<figure class=\"wp-block-image size-large\"><a href=\"https:\/\/cologneweb.com\/AbisZ\/wp-content\/uploads\/2023\/09\/UltimateAcademy69.jpg\"><img loading=\"lazy\" decoding=\"async\" width=\"1024\" height=\"710\" src=\"https:\/\/cologneweb.com\/AbisZ\/wp-content\/uploads\/2023\/09\/UltimateAcademy69-1024x710.jpg\" alt=\"Performance &quot;Freisetzung von Luft&quot;\nGeld &amp; Energie in der Ultimate Akademie 1991\nS. 69, Ultimate Akademie : eine Geschichte von 1987 bis 1996 in Text und Bild \/ hrsg. von R.J.Kirsch &amp; Dietmar Pokoyski im Auftr. der Ultimate Akademie e.V. - K\u00f6ln: Krash-Verl.; K\u00f6ln: Vilter-Verl., 1996\" class=\"wp-image-3943\" srcset=\"https:\/\/cologneweb.com\/AbisZ\/wp-content\/uploads\/2023\/09\/UltimateAcademy69-1024x710.jpg 1024w, https:\/\/cologneweb.com\/AbisZ\/wp-content\/uploads\/2023\/09\/UltimateAcademy69-300x208.jpg 300w, https:\/\/cologneweb.com\/AbisZ\/wp-content\/uploads\/2023\/09\/UltimateAcademy69-768x533.jpg 768w, https:\/\/cologneweb.com\/AbisZ\/wp-content\/uploads\/2023\/09\/UltimateAcademy69-1536x1065.jpg 1536w, https:\/\/cologneweb.com\/AbisZ\/wp-content\/uploads\/2023\/09\/UltimateAcademy69-1200x832.jpg 1200w, https:\/\/cologneweb.com\/AbisZ\/wp-content\/uploads\/2023\/09\/UltimateAcademy69.jpg 1619w\" sizes=\"auto, (max-width: 709px) 85vw, (max-width: 909px) 67vw, (max-width: 1362px) 62vw, 840px\" \/><\/a><figcaption class=\"wp-element-caption\">Performance &#8222;Freisetzung von Luft&#8220;<br>Geld &amp; Energie in der Ultimate Akademie 1991<br>Foto: \u00a9 Pietro Pellini<br>S. 69, Ultimate Akademie : eine Geschichte von 1987 bis 1996 in Text und Bild \/ hrsg. von R.J.Kirsch &amp; Dietmar Pokoyski im Auftr. der Ultimate Akademie e.V. &#8211; K\u00f6ln: Krash-Verl.; K\u00f6ln: Vilter-Verl., 1996<\/figcaption><\/figure>\n\n\n\n<figure class=\"wp-block-image size-large\"><a href=\"https:\/\/cologneweb.com\/AbisZ\/wp-content\/uploads\/2023\/09\/UltimateAcademy1989.jpg\"><img loading=\"lazy\" decoding=\"async\" width=\"1024\" height=\"945\" src=\"https:\/\/cologneweb.com\/AbisZ\/wp-content\/uploads\/2023\/09\/UltimateAcademy1989-1024x945.jpg\" alt=\"Yola Berbesz mit Parzival im K\u00fcnstlerzoo (17.-18.11.1989) in der Ultimate Akademie. Zoodirektor hielt eine Rede zur Er\u00f6ffnung. Foto: Pietro Pellini, S. 49 in: Ultimate Akademie : eine Geschichte von 1987 bis 1996 in Text und Bild \/ hrsg. von R.J.Kirsch &amp; Dietmar Pokoyski im Auftr. der Ultimate Akademie e.V. - K\u00f6ln: Krash-Verl.; K\u00f6ln: Vilter-Verl,, 1996\" class=\"wp-image-3922\" srcset=\"https:\/\/cologneweb.com\/AbisZ\/wp-content\/uploads\/2023\/09\/UltimateAcademy1989-1024x945.jpg 1024w, https:\/\/cologneweb.com\/AbisZ\/wp-content\/uploads\/2023\/09\/UltimateAcademy1989-300x277.jpg 300w, https:\/\/cologneweb.com\/AbisZ\/wp-content\/uploads\/2023\/09\/UltimateAcademy1989-768x709.jpg 768w, https:\/\/cologneweb.com\/AbisZ\/wp-content\/uploads\/2023\/09\/UltimateAcademy1989-1200x1108.jpg 1200w, https:\/\/cologneweb.com\/AbisZ\/wp-content\/uploads\/2023\/09\/UltimateAcademy1989.jpg 1302w\" sizes=\"auto, (max-width: 709px) 85vw, (max-width: 909px) 67vw, (max-width: 1362px) 62vw, 840px\" \/><\/a><figcaption class=\"wp-element-caption\">Yola Berbesz mit Parzival im K\u00fcnstlerzoo (17.-18.11.1989) in der Ultimate Akademie. Zoodirektor hielt eine Rede zur Er\u00f6ffnung. Foto: \u00a9 Pietro Pellini, S. 49 in: Ultimate Akademie : eine Geschichte von 1987 bis 1996 in Text und Bild \/ hrsg. von R.J.Kirsch &amp; Dietmar Pokoyski im Auftr. der Ultimate Akademie e.V. &#8211; K\u00f6ln: Krash-Verl.; K\u00f6ln: Vilter-Verl., 1996<\/figcaption><\/figure>\n\n\n\n<p class=\"has-light-gray-background-color has-background\"><a rel=\"noreferrer noopener\" href=\"https:\/\/www.kunstforum.de\/artikel\/parzival-benefizgeld\/\" target=\"_blank\">KUNSTFORUM International Nr. 149, M\u00e4rz 2000: Parzival: Benefizgeld<\/a> Nr. 149, M\u00e4rz 2000 Artikel von <a rel=\"noreferrer noopener\" href=\"https:\/\/de.wikipedia.org\/wiki\/J%C3%BCrgen_Raap\" target=\"_blank\">J\u00fcrgen Raap<\/a><\/p>\n","protected":false},"excerpt":{"rendered":"<p>Frank &#8222;Parzival&#8220; Poersch \u2020 1961-2023 Kunst | In memoriam Klaus Winterfeld KUNSTFORUM International: Aktionsk\u00fcnstler Parzival gestorben &#8211; Nachruf von J\u00fcrgen Raap &#8211; 18. August 2023 KUNSTFORIUM International: Artikel zur Ausstellung \u00bbDeko\u00ab \u2013 Malerei + C-Prints von J\u00fcrgen Raap Ausstellung &#8222;SchmerzSchatten&#8220; im Hochbunker K\u00f6tnerstra\u00dfe in K\u00f6ln-Ehrenfeld 22.11.-13.12.2002 KUNSTFORUM International Nr. 149, M\u00e4rz 2000: Parzival: Benefizgeld Nr. &hellip; <a href=\"https:\/\/cologneweb.com\/AbisZ\/service\/kunst\/in-memoriam-parzival\/\" class=\"more-link\"><span class=\"screen-reader-text\">\u201eIn memoriam Parzival\u201c<\/span> weiterlesen<\/a><\/p>\n","protected":false},"author":1,"featured_media":3864,"parent":839,"menu_order":0,"comment_status":"closed","ping_status":"closed","template":"","meta":{"footnotes":""},"class_list":["post-3849","page","type-page","status-publish","has-post-thumbnail","hentry"],"_links":{"self":[{"href":"https:\/\/cologneweb.com\/AbisZ\/wp-json\/wp\/v2\/pages\/3849","targetHints":{"allow":["GET"]}}],"collection":[{"href":"https:\/\/cologneweb.com\/AbisZ\/wp-json\/wp\/v2\/pages"}],"about":[{"href":"https:\/\/cologneweb.com\/AbisZ\/wp-json\/wp\/v2\/types\/page"}],"author":[{"embeddable":true,"href":"https:\/\/cologneweb.com\/AbisZ\/wp-json\/wp\/v2\/users\/1"}],"replies":[{"embeddable":true,"href":"https:\/\/cologneweb.com\/AbisZ\/wp-json\/wp\/v2\/comments?post=3849"}],"version-history":[{"count":60,"href":"https:\/\/cologneweb.com\/AbisZ\/wp-json\/wp\/v2\/pages\/3849\/revisions"}],"predecessor-version":[{"id":5345,"href":"https:\/\/cologneweb.com\/AbisZ\/wp-json\/wp\/v2\/pages\/3849\/revisions\/5345"}],"up":[{"embeddable":true,"href":"https:\/\/cologneweb.com\/AbisZ\/wp-json\/wp\/v2\/pages\/839"}],"wp:featuredmedia":[{"embeddable":true,"href":"https:\/\/cologneweb.com\/AbisZ\/wp-json\/wp\/v2\/media\/3864"}],"wp:attachment":[{"href":"https:\/\/cologneweb.com\/AbisZ\/wp-json\/wp\/v2\/media?parent=3849"}],"curies":[{"name":"wp","href":"https:\/\/api.w.org\/{rel}","templated":true}]}}