{"id":32,"date":"2021-02-25T17:30:27","date_gmt":"2021-02-25T16:30:27","guid":{"rendered":"https:\/\/cologneweb.com\/AbisZ\/?page_id=32"},"modified":"2026-03-16T17:01:26","modified_gmt":"2026-03-16T16:01:26","slug":"herzlich-willkommen","status":"publish","type":"page","link":"https:\/\/cologneweb.com\/AbisZ\/","title":{"rendered":"Zu Besuch in K\u00f6ln? Wir zeigen&#8217;s Ihnen!"},"content":{"rendered":"\n<p class=\"has-drop-cap\">Sie m\u00f6chten mit Familie oder Freunden K\u00f6ln besuchen und dabei die Stadt n\u00e4her kennenlernen? Ihr <a href=\"https:\/\/cologneweb.com\/AbisZ\/service\/kinder\/\" data-type=\"page\" data-id=\"178\">Kind<\/a> soll eine unvergessliche <a href=\"https:\/\/insidecologne.de\/angebote\/fuehrungen-und-stadtspiele-fuer-kinder\/\">Geburtstagsfeier<\/a> bekommen? Ihre <a href=\"https:\/\/cologneweb.com\/AbisZ\/service\/schulen\/\" data-type=\"page\" data-id=\"211\">Sch\u00fclerinnen und Sch\u00fcler<\/a> sollen erfahren, dass <a href=\"https:\/\/cologneweb.com\/AbisZ\/service\/historie\/\" data-type=\"page\" data-id=\"1240\">Geschichte<\/a> spannend sein kann? <\/p>\n\n\n<div class=\"wp-block-image is-style-default\">\n<figure class=\"alignleft size-medium is-resized\"><a href=\"https:\/\/insidecologne.de\/wp-content\/uploads\/2021\/04\/DSCF4636-768x1024.jpg\"><img decoding=\"async\" src=\"https:\/\/insidecologne.de\/wp-content\/uploads\/2021\/04\/DSCF4636-225x300.jpg\" alt=\"T\u00fcnnes\" class=\"wp-image-2074\" style=\"width:169px;height:225px\"\/><\/a><figcaption class=\"wp-element-caption\">T\u00fcnnes<\/figcaption><\/figure>\n<\/div>\n\n\n<p>Seit \u00fcber drei\u00dfig Jahren begeistern wir Gro\u00df und Klein mit ausgefallenen Themen und ungew\u00f6hnlichen <a href=\"https:\/\/insidecologne.de\">Stadtf\u00fchrungen in K\u00f6ln<\/a>.<\/p>\n\n\n\n<p>W\u00e4hlen Sie aus einer bunten Palette an ungeahnten M\u00f6glichkeiten f\u00fcr Aktivit\u00e4ten <a href=\"https:\/\/insidecologne.de\/angebote\/show-und-unterhaltung-exklusives-fuer-drinnen\/\">drinnen<\/a> und <a href=\"https:\/\/insidecologne.de\/angebote\/koeln-ganz-anders-exklusives-fuer-draussen\/\">drau\u00dfen<\/a> in und <a href=\"https:\/\/insidecologne.de\/angebote\/gruppenreisen-in-die-region\/\">um<\/a> K\u00f6ln, die Ihren Besuch der Domstadt zum unvergesslichen Erlebnis werden l\u00e4sst!<\/p>\n\n\n\n<p>Bei uns k\u00f6nnen Sie Entdeckertouren mit wirklichen Insidern buchen, die Ihnen und Ihren G\u00e4sten die Stadt so zeigen, wie Sie sie noch nicht kennen. <\/p>\n\n\n\n<p>Ob <a href=\"https:\/\/insidecologne.de\/angebote\/koeln-ganz-anders-exklusives-fuer-draussen\/\">Sightseeing<\/a> zu den Sehensw\u00fcrdigkeiten, die j\u00e4hrlich Millionen von Touristen f\u00fcr die Metropole am Rhein begeistern, <a href=\"https:\/\/insidecologne.de\/angebote\/koelner-stadtgeschichte\/\">historische Stadtf\u00fchrung<\/a> durch die zweitausendj\u00e4hrige <a href=\"https:\/\/cologneweb.com\/AbisZ\/service\/historie\/\" target=\"_blank\" rel=\"noreferrer noopener\">K\u00f6lner Geschichte<\/a>, s\u00fcffige <a href=\"https:\/\/insidecologne.de\/angebote\/koelner-lebensart\/\">K\u00f6lsch-Tour<\/a> zu urigen <a href=\"https:\/\/cologneweb.com\/AbisZ\/service\/koelsch\/\" target=\"_blank\" rel=\"noreferrer noopener\">Brauh\u00e4usern<\/a>, Stadterkundung zu <a href=\"https:\/\/insidecologne.de\/angebote\/kunst-und-kultur\/\">Kunst, Kitsch und Kuriosem<\/a>, spannende <a href=\"https:\/\/insidecologne.de\/angebote\/veedels-insider\/\">Veedelstour<\/a> oder gem\u00fctlicher <a href=\"https:\/\/insidecologne.de\/angebote\/koelner-stadtgeschichte\/\">Altstadtbummel<\/a>&nbsp;\u2013 wir haben f\u00fcr Sie und Ihre G\u00e4ste das passende Angebot.<\/p>\n\n\n<div class=\"wp-block-image is-style-default\">\n<figure class=\"alignright size-medium is-resized\"><img decoding=\"async\" src=\"https:\/\/insidecologne.de\/wp-content\/uploads\/2021\/04\/DSCF4635-225x300.jpg\" alt=\"Sch\u00e4l\" class=\"wp-image-2076\" style=\"width:169px;height:225px\"\/><figcaption class=\"wp-element-caption\">Sch\u00e4l<\/figcaption><\/figure>\n<\/div>\n\n\n<p>Gerne darf es auch eine Nummer gr\u00f6\u00dfer sein: Sie planen eine Tagung und haben noch nicht das passende Rahmenprogramm? Wir helfen mit originellen <a href=\"https:\/\/insidecologne.de\/angebote\/show-und-unterhaltung-exklusives-fuer-drinnen\/\">Locations, Musik, Schauspiel<\/a> und coolen <a href=\"https:\/\/insidecologne.de\/angebote\/kreativ-und-aktiv-rallyes-stadtspiele-workshops-und-mehr\/\">Team-Events<\/a> wie Rallyes oder Kreativ-Workshops, abgestimmt auf Ihre individuellen W\u00fcnsche. Nat\u00fcrlich d\u00fcrfen es auch <a href=\"https:\/\/insidecologne.de\/angebote\/koeln-ganz-anders-exklusives-fuer-draussen\/\">unterhaltsame und alternative<\/a> Stadtf\u00fchrungen in K\u00f6ln sein.<\/p>\n\n\n\n<p>Sie m\u00f6chten von K\u00f6ln aus das <a href=\"https:\/\/cologneweb.com\/AbisZ\/service\/umland\/\" target=\"_blank\" rel=\"noreferrer noopener\">Umland<\/a> erkunden? Wir organisieren auch Tagesprogramme mit <a href=\"https:\/\/insidecologne.de\/angebote\/gruppenreisen-in-die-region\/\">Ausfl\u00fcgen in die Region<\/a> per Schiff, Bus oder Bahn.<\/p>\n\n\n\n<p>Unsere <a href=\"https:\/\/insidecologne.de\/angebote\/\">Programmvorschl\u00e4ge<\/a> bieten wir exklusiv f\u00fcr geschlossene Gruppen an. Datum und Uhrzeit bestimmen Sie. Auch das Thema k\u00f6nnen Sie frei w\u00e4hlen. Wir richten uns ganz nach Ihnen.<\/p>\n","protected":false},"excerpt":{"rendered":"<p>Sie m\u00f6chten mit Familie oder Freunden K\u00f6ln besuchen und dabei die Stadt n\u00e4her kennenlernen? Ihr Kind soll eine unvergessliche Geburtstagsfeier bekommen? Ihre Sch\u00fclerinnen und Sch\u00fcler sollen erfahren, dass Geschichte spannend sein kann? Seit \u00fcber drei\u00dfig Jahren begeistern wir Gro\u00df und Klein mit ausgefallenen Themen und ungew\u00f6hnlichen Stadtf\u00fchrungen in K\u00f6ln. W\u00e4hlen Sie aus einer bunten Palette &hellip; <a href=\"https:\/\/cologneweb.com\/AbisZ\/\" class=\"more-link\"><span class=\"screen-reader-text\">\u201eZu Besuch in K\u00f6ln? Wir zeigen&#8217;s Ihnen!\u201c<\/span> weiterlesen<\/a><\/p>\n","protected":false},"author":1,"featured_media":0,"parent":0,"menu_order":0,"comment_status":"closed","ping_status":"closed","template":"","meta":{"footnotes":""},"class_list":["post-32","page","type-page","status-publish","hentry"],"_links":{"self":[{"href":"https:\/\/cologneweb.com\/AbisZ\/wp-json\/wp\/v2\/pages\/32","targetHints":{"allow":["GET"]}}],"collection":[{"href":"https:\/\/cologneweb.com\/AbisZ\/wp-json\/wp\/v2\/pages"}],"about":[{"href":"https:\/\/cologneweb.com\/AbisZ\/wp-json\/wp\/v2\/types\/page"}],"author":[{"embeddable":true,"href":"https:\/\/cologneweb.com\/AbisZ\/wp-json\/wp\/v2\/users\/1"}],"replies":[{"embeddable":true,"href":"https:\/\/cologneweb.com\/AbisZ\/wp-json\/wp\/v2\/comments?post=32"}],"version-history":[{"count":119,"href":"https:\/\/cologneweb.com\/AbisZ\/wp-json\/wp\/v2\/pages\/32\/revisions"}],"predecessor-version":[{"id":5440,"href":"https:\/\/cologneweb.com\/AbisZ\/wp-json\/wp\/v2\/pages\/32\/revisions\/5440"}],"wp:attachment":[{"href":"https:\/\/cologneweb.com\/AbisZ\/wp-json\/wp\/v2\/media?parent=32"}],"curies":[{"name":"wp","href":"https:\/\/api.w.org\/{rel}","templated":true}]}}