{"id":2661,"date":"2022-05-25T12:33:36","date_gmt":"2022-05-25T10:33:36","guid":{"rendered":"https:\/\/cologneweb.com\/AbisZ\/?page_id=2661"},"modified":"2026-04-13T19:03:42","modified_gmt":"2026-04-13T17:03:42","slug":"aktuelle-termine-kino","status":"publish","type":"page","link":"https:\/\/cologneweb.com\/AbisZ\/service\/kino\/aktuelle-termine-kino\/","title":{"rendered":"Aktuelle Termine: Kino"},"content":{"rendered":"\n<p class=\"has-light-gray-background-color has-background\"><a href=\"https:\/\/cologneweb.com\/AbisZ\/service\/kino\/\" data-type=\"page\" data-id=\"187\">Kino<\/a><\/p>\n\n\n\n<h2 class=\"wp-block-heading\"><a href=\"https:\/\/fantasyfilmfest.com\/\" target=\"_blank\" rel=\"noreferrer noopener\">Fantasy Filmfest Nights<\/a><\/h2>\n\n\n\n<p class=\"has-medium-font-size\">16. \u2013 19.04.2026 in <a href=\"https:\/\/fantasyfilmfest.com\/tickets-nights-koeln\/\" target=\"_blank\" rel=\"noreferrer noopener\">K\u00f6ln<\/a><\/p>\n\n\n\n<p>RESIDENZ Astor Film Lounge<\/p>\n\n\n\n<hr class=\"wp-block-separator has-alpha-channel-opacity\"\/>\n\n\n\n<h2 class=\"wp-block-heading\"><a href=\"https:\/\/www.museum-ludwig.de\/de\/besuch\/veranstaltungen\/filmforum.html\" target=\"_blank\" rel=\"noreferrer noopener\">Filmforum<\/a><\/h2>\n\n\n\n<h2 class=\"wp-block-heading\"><a href=\"https:\/\/filmhaus-koeln.de\/\" target=\"_blank\" rel=\"noreferrer noopener\">Filmhaus K\u00f6ln<\/a><\/h2>\n\n\n\n<h2 class=\"wp-block-heading\"><a href=\"https:\/\/www.on-cologne.de\/\" target=\"_blank\" rel=\"noreferrer noopener\">ON &#8211; Neue Musik in K\u00f6ln<\/a><\/h2>\n\n\n\n<p><\/p>\n","protected":false},"excerpt":{"rendered":"<p>Kino Fantasy Filmfest Nights 16. \u2013 19.04.2026 in K\u00f6ln RESIDENZ Astor Film Lounge Filmforum Filmhaus K\u00f6ln ON &#8211; Neue Musik in K\u00f6ln<\/p>\n","protected":false},"author":1,"featured_media":0,"parent":187,"menu_order":0,"comment_status":"closed","ping_status":"closed","template":"","meta":{"footnotes":""},"class_list":["post-2661","page","type-page","status-publish","hentry"],"_links":{"self":[{"href":"https:\/\/cologneweb.com\/AbisZ\/wp-json\/wp\/v2\/pages\/2661","targetHints":{"allow":["GET"]}}],"collection":[{"href":"https:\/\/cologneweb.com\/AbisZ\/wp-json\/wp\/v2\/pages"}],"about":[{"href":"https:\/\/cologneweb.com\/AbisZ\/wp-json\/wp\/v2\/types\/page"}],"author":[{"embeddable":true,"href":"https:\/\/cologneweb.com\/AbisZ\/wp-json\/wp\/v2\/users\/1"}],"replies":[{"embeddable":true,"href":"https:\/\/cologneweb.com\/AbisZ\/wp-json\/wp\/v2\/comments?post=2661"}],"version-history":[{"count":126,"href":"https:\/\/cologneweb.com\/AbisZ\/wp-json\/wp\/v2\/pages\/2661\/revisions"}],"predecessor-version":[{"id":5794,"href":"https:\/\/cologneweb.com\/AbisZ\/wp-json\/wp\/v2\/pages\/2661\/revisions\/5794"}],"up":[{"embeddable":true,"href":"https:\/\/cologneweb.com\/AbisZ\/wp-json\/wp\/v2\/pages\/187"}],"wp:attachment":[{"href":"https:\/\/cologneweb.com\/AbisZ\/wp-json\/wp\/v2\/media?parent=2661"}],"curies":[{"name":"wp","href":"https:\/\/api.w.org\/{rel}","templated":true}]}}