{"id":250,"date":"2021-02-26T21:51:01","date_gmt":"2021-02-26T20:51:01","guid":{"rendered":"https:\/\/cologneweb.com\/AbisZ\/?page_id=250"},"modified":"2026-03-13T12:21:23","modified_gmt":"2026-03-13T11:21:23","slug":"umland","status":"publish","type":"page","link":"https:\/\/cologneweb.com\/AbisZ\/service\/umland\/","title":{"rendered":"Umland"},"content":{"rendered":"\n<figure class=\"wp-block-image is-style-default\"><img decoding=\"async\" src=\"https:\/\/www.cologneweb.com\/umland.gif\" alt=\"K\u00f6lner Umland\"\/><\/figure>\n\n\n\n<hr class=\"wp-block-separator has-css-opacity\"\/>\n\n\n\n<h4 class=\"wp-block-heading\" id=\"tid139\">R(h)ein romantisch!<\/h4>\n\n\n\n<h5 class=\"wp-block-heading\">Ein Schiffstour entlang der sch\u00f6nsten Landschaft Deutschlands<\/h5>\n\n\n<div class=\"wp-block-image is-style-default\">\n<figure class=\"aligncenter\"><a href=\"https:\/\/insidecologne.de\/wp-content\/uploads\/2021\/03\/IMG_2951-scaled.jpg\"><img decoding=\"async\" src=\"https:\/\/insidecologne.de\/wp-content\/uploads\/2021\/03\/IMG_2951-300x224.jpg\" alt=\"Sonnenuntergang auf dem Rhein\" class=\"wp-image-1822\"\/><\/a><figcaption class=\"wp-element-caption\">Sonnenuntergang auf dem Rhein<\/figcaption><\/figure>\n<\/div>\n\n\n<p class=\"has-light-gray-background-color has-background\">Nicht umsonst wurde im 19. Jahrhundert der Begriff vom \u201eromantischen Rhein\u201c gepr\u00e4gt \u2013 die Landschaft zwischen K\u00f6ln und Mainz geh\u00f6rt zu den sch\u00f6nsten Deutschlands und lockt Besucher aus aller Welt.<br><br>Doch nicht nur landschaftlich hat die Gegend ihre Reize. Sie bietet auch einen gro\u00dfen Sagenschatz, der heute weitgehend in Vergessenheit geraten ist. Lassen Sie sich entf\u00fchren in eine Welt der Geister und Feen, verbotenen Liebschaften und \u2013 nat\u00fcrlich! \u2013 des Vater Rhein h\u00f6chstpers\u00f6nlich, w\u00e4hrend Sie den Anblick sonniger Weinberge und verfallener Burgen genie\u00dfen.<br><br>Mit dem Bus geht es von K\u00f6ln aus los, wobei unsere Reiseleiterin Erstaunliches, Wundersames und Romantisches aus der Sagenwelt zum Besten gibt. Mit dem Schiff fahren wir auf der sch\u00f6nsten Rheinstrecke von St. Goar nach Koblenz. Dann fahren wir mit dem Bus weiter in das Restaurant eines Weingutes an der Mosel, das ist in einer historischen M\u00fchle aus dem 11. Jahrhundert eingerichtet ist. Danach bringt uns der Bus zur\u00fcck nach K\u00f6ln.<\/p>\n\n\n\n<p class=\"has-light-gray-background-color has-background\">Preisbeispiel f\u00fcr ein Tagesprogramm:<br>08:00-17:00 Uhr<br>25 Personen: \u20ac 2.000,-<br>Speisen und Getr\u00e4nke nicht enthalten.<\/p>\n\n\n\n<p class=\"has-yellow-background-color has-background\">Bitte benutzen Sie das Buchungsformular, um <a href=\"https:\/\/buchung.insidecologne.de\/de\/buchung?tid=139\">diese Veranstaltung (R(h)ein romantisch!) zu buchen<\/a>.<\/p>\n\n\n\n<hr class=\"wp-block-separator has-css-opacity\"\/>\n\n\n\n<p> <a rel=\"noreferrer noopener\" href=\"http:\/\/www.aachen.de\/\" target=\"_blank\">Aachen<\/a><\/p>\n\n\n\n<p><a href=\"https:\/\/arpmuseum.org\/\" target=\"_blank\" rel=\"noreferrer noopener\">Arp Museum Bahnhof Rolandseck<\/a> <\/p>\n\n\n\n<p>\n<a rel=\"noreferrer noopener\" href=\"https:\/\/www.bergischgladbach.de\" target=\"_blank\">Bergisch Gladbach<\/a>\n<\/p>\n\n\n\n<p>\n<a rel=\"noreferrer noopener\" href=\"https:\/\/www.bergheim.de\" target=\"_blank\">Bergheim<\/a><\/p>\n\n\n\n<p>\n<a href=\"https:\/\/wasserburg-geretzhoven.de\/\" target=\"_blank\" rel=\"noreferrer noopener\">Wasserburg Geretzhoven<\/a>\n<\/p>\n\n\n\n<p>\n<a rel=\"noreferrer noopener\" href=\"https:\/\/www.bonn.de\" target=\"_blank\">Bonn<\/a>\n<\/p>\n\n\n\n<p><a rel=\"noreferrer noopener\" href=\"https:\/\/www.bruehl.de\" target=\"_blank\">Br\u00fchl<\/a>\n<\/p>\n\n\n\n<p><a rel=\"noreferrer noopener\" href=\"https:\/\/www.phantasialand.de\" target=\"_blank\">Br\u00fchl, Phantasialand<\/a>\n<\/p>\n\n\n\n<p><a rel=\"noreferrer noopener\" href=\"https:\/\/www.duesseldorf.de\" target=\"_blank\">D\u00fcsseldorf<\/a><\/p>\n\n\n\n<p><a href=\"https:\/\/cologneweb.com\/AbisZ\/service\/empfehlungen\/freiburg-im-breisgau-warum-die-stadt-als-nachhaltige-metropole-gilt\/\">Freiburg im Breisgau<\/a><\/p>\n\n\n\n<p><a rel=\"noreferrer noopener\" href=\"http:\/\/www.geschichtswerkstatt-duesseldorf.de\/\" target=\"_blank\">Geschichtswerkstatt D\u00fcsseldorf<\/a><\/p>\n\n\n\n<p><a rel=\"noreferrer noopener\" href=\"https:\/\/www.nationalpark-eifel.de\/de\/\" target=\"_blank\">Nationalpark Eifel<\/a><\/p>\n\n\n\n<p><a rel=\"noreferrer noopener\" href=\"https:\/\/www.inselhombroich.de\/de\" target=\"_blank\">Museumsinsel Hombroich<\/a><\/p>\n\n\n\n<p><a rel=\"noreferrer noopener\" href=\"https:\/\/www.juelich.de\/\" target=\"_blank\">J\u00fclich<\/a><\/p>\n\n\n\n<p><a rel=\"noreferrer noopener\" href=\"https:\/\/www.stadt-kerpen.de\/\" target=\"_blank\">Kerpen<\/a><\/p>\n\n\n\n<p><a href=\"https:\/\/www.koenigswinter.de\/\" target=\"_blank\" rel=\"noreferrer noopener\">K\u00f6nigswinter<\/a><\/p>\n\n\n\n<p><a rel=\"noreferrer noopener\" href=\"https:\/\/www.leverkusen.de\/\" target=\"_blank\">Leverkusen<\/a><\/p>\n\n\n\n<p><a rel=\"noreferrer noopener\" href=\"https:\/\/lohmar.de\/startseite\/\" target=\"_blank\">Lohmar<\/a><\/p>\n\n\n\n<p><a href=\"https:\/\/www.monschau.de\/de\/\" target=\"_blank\" rel=\"noreferrer noopener\">Monschau<\/a><\/p>\n\n\n\n<p><a rel=\"noreferrer noopener\" href=\"https:\/\/www.siegburg.de\" target=\"_blank\">Siegburg<\/a><\/p>\n\n\n\n<p><a rel=\"noreferrer noopener\" href=\"https:\/\/www.troisdorf.de\/\" target=\"_blank\">Troisdorf<\/a><\/p>\n\n\n\n<p><a rel=\"noreferrer noopener\" href=\"https:\/\/www.wuppertal.de\/\" target=\"_blank\">Wuppertal<\/a><\/p>\n\n\n\n<p><a rel=\"noreferrer noopener\" href=\"https:\/\/www.rheintal.de\/\" target=\"_blank\">Rheintal<\/a><\/p>\n\n\n\n<p><a rel=\"noreferrer noopener\" href=\"http:\/\/www.nrw.de\" target=\"_blank\">Landesregierung NRW<\/a><\/p>\n\n\n\n<p><a rel=\"noreferrer noopener\" href=\"http:\/\/kulturserver-nrw.de\/\" target=\"_blank\">Kulturserver NRW<\/a><\/p>\n","protected":false},"excerpt":{"rendered":"<p>R(h)ein romantisch! Ein Schiffstour entlang der sch\u00f6nsten Landschaft Deutschlands Nicht umsonst wurde im 19. Jahrhundert der Begriff vom \u201eromantischen Rhein\u201c gepr\u00e4gt \u2013 die Landschaft zwischen K\u00f6ln und Mainz geh\u00f6rt zu den sch\u00f6nsten Deutschlands und lockt Besucher aus aller Welt. Doch nicht nur landschaftlich hat die Gegend ihre Reize. Sie bietet auch einen gro\u00dfen Sagenschatz, der &hellip; <a href=\"https:\/\/cologneweb.com\/AbisZ\/service\/umland\/\" class=\"more-link\"><span class=\"screen-reader-text\">\u201eUmland\u201c<\/span> weiterlesen<\/a><\/p>\n","protected":false},"author":1,"featured_media":0,"parent":23,"menu_order":0,"comment_status":"closed","ping_status":"closed","template":"","meta":{"footnotes":""},"class_list":["post-250","page","type-page","status-publish","hentry"],"_links":{"self":[{"href":"https:\/\/cologneweb.com\/AbisZ\/wp-json\/wp\/v2\/pages\/250","targetHints":{"allow":["GET"]}}],"collection":[{"href":"https:\/\/cologneweb.com\/AbisZ\/wp-json\/wp\/v2\/pages"}],"about":[{"href":"https:\/\/cologneweb.com\/AbisZ\/wp-json\/wp\/v2\/types\/page"}],"author":[{"embeddable":true,"href":"https:\/\/cologneweb.com\/AbisZ\/wp-json\/wp\/v2\/users\/1"}],"replies":[{"embeddable":true,"href":"https:\/\/cologneweb.com\/AbisZ\/wp-json\/wp\/v2\/comments?post=250"}],"version-history":[{"count":28,"href":"https:\/\/cologneweb.com\/AbisZ\/wp-json\/wp\/v2\/pages\/250\/revisions"}],"predecessor-version":[{"id":5733,"href":"https:\/\/cologneweb.com\/AbisZ\/wp-json\/wp\/v2\/pages\/250\/revisions\/5733"}],"up":[{"embeddable":true,"href":"https:\/\/cologneweb.com\/AbisZ\/wp-json\/wp\/v2\/pages\/23"}],"wp:attachment":[{"href":"https:\/\/cologneweb.com\/AbisZ\/wp-json\/wp\/v2\/media?parent=250"}],"curies":[{"name":"wp","href":"https:\/\/api.w.org\/{rel}","templated":true}]}}