{"id":241,"date":"2021-02-26T21:43:10","date_gmt":"2021-02-26T20:43:10","guid":{"rendered":"https:\/\/cologneweb.com\/AbisZ\/?page_id=241"},"modified":"2025-08-17T17:54:14","modified_gmt":"2025-08-17T15:54:14","slug":"veranstaltungskalender","status":"publish","type":"page","link":"https:\/\/cologneweb.com\/AbisZ\/service\/veranstaltungskalender\/","title":{"rendered":"Veranstaltungskalender"},"content":{"rendered":"<div class=\"wp-block-image is-style-default\">\n<figure class=\"aligncenter size-medium\"><a href=\"https:\/\/cologneweb.com\/AbisZ\/wp-content\/uploads\/2021\/03\/DSCF1733_1-scaled.jpg\"><img loading=\"lazy\" decoding=\"async\" width=\"300\" height=\"225\" src=\"https:\/\/cologneweb.com\/AbisZ\/wp-content\/uploads\/2021\/03\/DSCF1733_1-300x225.jpg\" alt=\"Heinrich-B\u00f6ll-Platz, Museum Ludwig und K\u00f6lner Dom\" class=\"wp-image-520\" srcset=\"https:\/\/cologneweb.com\/AbisZ\/wp-content\/uploads\/2021\/03\/DSCF1733_1-300x225.jpg 300w, https:\/\/cologneweb.com\/AbisZ\/wp-content\/uploads\/2021\/03\/DSCF1733_1-1024x768.jpg 1024w, https:\/\/cologneweb.com\/AbisZ\/wp-content\/uploads\/2021\/03\/DSCF1733_1-768x576.jpg 768w, https:\/\/cologneweb.com\/AbisZ\/wp-content\/uploads\/2021\/03\/DSCF1733_1-1536x1152.jpg 1536w, https:\/\/cologneweb.com\/AbisZ\/wp-content\/uploads\/2021\/03\/DSCF1733_1-2048x1536.jpg 2048w, https:\/\/cologneweb.com\/AbisZ\/wp-content\/uploads\/2021\/03\/DSCF1733_1-1200x900.jpg 1200w\" sizes=\"auto, (max-width: 300px) 85vw, 300px\" \/><\/a><figcaption class=\"wp-element-caption\">Heinrich-B\u00f6ll-Platz, Museum Ludwig und K\u00f6lner Dom<\/figcaption><\/figure>\n<\/div>\n\n\n<h2 class=\"wp-block-heading\">30 Jahre K\u00f6ln-Insider<\/h2>\n\n\n\n<p class=\"has-drop-cap has-white-background-color has-background\">Wir bieten Ihnen eine bunte Palette an interessanten Angeboten f\u00fcr Ihre Aktivit\u00e4ten drinnen und drau\u00dfen. Bei uns finden Sie garantiert das richtige <a href=\"https:\/\/insidecologne.de\/angebote\/\">K\u00f6ln-Programm<\/a>! Nicht das Passende dabei? Wir organisieren es f\u00fcr Sie und richten uns dabei selbstverst\u00e4ndlich ganz nach Ihren individuellen W\u00fcnschen. <a href=\"https:\/\/insidecologne.de\/ueber-uns\/kontakt\/\">Gerne beraten wir Sie ausf\u00fchrlich<\/a>. Wir freuen uns auf Ihre <strong><a rel=\"noreferrer noopener\" href=\"https:\/\/insidecologne.de\/allgemeines\/buchung\/\" target=\"_blank\">Buchungsanfrage<\/a><\/strong>.<\/p>\n\n\n\n<hr class=\"wp-block-separator has-alpha-channel-opacity\"\/>\n\n\n\n<h2 class=\"wp-block-heading\">Links<\/h2>\n\n\n\n<p><a rel=\"noreferrer noopener\" href=\"http:\/\/www.veranstaltungenkoeln.de\/\" target=\"_blank\">Veranstaltungen K\u00f6ln<\/a><\/p>\n\n\n\n<p><a rel=\"noreferrer noopener\" href=\"http:\/\/www.kirchenmusik-koeln.de\/\" target=\"_blank\">Kirchenkonzerte<\/a><\/p>\n\n\n\n<p><a rel=\"noreferrer noopener\" href=\"http:\/\/www.koelntourismus.de\/events-highlights.html\" target=\"_blank\">K\u00f6lnTourismus: Events &amp; Highlights<\/a><\/p>\n\n\n\n<p><a rel=\"noreferrer noopener\" href=\"http:\/\/www.popula.de\/koeln\" target=\"_blank\">Popula<\/a> <\/p>\n\n\n\n<p><a href=\"https:\/\/kalender.stadtrevue.de\/region\/\" target=\"_blank\" rel=\"noopener\">StadtRevue<\/a> <\/p>\n\n\n\n<p><a rel=\"noreferrer noopener\" href=\"http:\/\/www.koelner.de\/\" target=\"_blank\">K\u00f6lner<\/a> <\/p>\n\n\n\n<p><a href=\"https:\/\/insidecologne.de\/kulturtipp\">Kulturtipp<\/a><\/p>\n\n\n\n<p><a rel=\"noreferrer noopener\" href=\"http:\/\/www.domforum.de\" target=\"_blank\">Domf\u00fchrungen<\/a><\/p>\n","protected":false},"excerpt":{"rendered":"<p>30 Jahre K\u00f6ln-Insider Wir bieten Ihnen eine bunte Palette an interessanten Angeboten f\u00fcr Ihre Aktivit\u00e4ten drinnen und drau\u00dfen. Bei uns finden Sie garantiert das richtige K\u00f6ln-Programm! Nicht das Passende dabei? Wir organisieren es f\u00fcr Sie und richten uns dabei selbstverst\u00e4ndlich ganz nach Ihren individuellen W\u00fcnschen. Gerne beraten wir Sie ausf\u00fchrlich. Wir freuen uns auf Ihre &hellip; <a href=\"https:\/\/cologneweb.com\/AbisZ\/service\/veranstaltungskalender\/\" class=\"more-link\"><span class=\"screen-reader-text\">\u201eVeranstaltungskalender\u201c<\/span> weiterlesen<\/a><\/p>\n","protected":false},"author":1,"featured_media":0,"parent":23,"menu_order":0,"comment_status":"closed","ping_status":"closed","template":"","meta":{"footnotes":""},"class_list":["post-241","page","type-page","status-publish","hentry"],"_links":{"self":[{"href":"https:\/\/cologneweb.com\/AbisZ\/wp-json\/wp\/v2\/pages\/241","targetHints":{"allow":["GET"]}}],"collection":[{"href":"https:\/\/cologneweb.com\/AbisZ\/wp-json\/wp\/v2\/pages"}],"about":[{"href":"https:\/\/cologneweb.com\/AbisZ\/wp-json\/wp\/v2\/types\/page"}],"author":[{"embeddable":true,"href":"https:\/\/cologneweb.com\/AbisZ\/wp-json\/wp\/v2\/users\/1"}],"replies":[{"embeddable":true,"href":"https:\/\/cologneweb.com\/AbisZ\/wp-json\/wp\/v2\/comments?post=241"}],"version-history":[{"count":82,"href":"https:\/\/cologneweb.com\/AbisZ\/wp-json\/wp\/v2\/pages\/241\/revisions"}],"predecessor-version":[{"id":5337,"href":"https:\/\/cologneweb.com\/AbisZ\/wp-json\/wp\/v2\/pages\/241\/revisions\/5337"}],"up":[{"embeddable":true,"href":"https:\/\/cologneweb.com\/AbisZ\/wp-json\/wp\/v2\/pages\/23"}],"wp:attachment":[{"href":"https:\/\/cologneweb.com\/AbisZ\/wp-json\/wp\/v2\/media?parent=241"}],"curies":[{"name":"wp","href":"https:\/\/api.w.org\/{rel}","templated":true}]}}