{"id":236,"date":"2021-02-26T21:39:17","date_gmt":"2021-02-26T20:39:17","guid":{"rendered":"https:\/\/cologneweb.com\/AbisZ\/?page_id=236"},"modified":"2024-08-03T21:33:51","modified_gmt":"2024-08-03T19:33:51","slug":"stadtwappen","status":"publish","type":"page","link":"https:\/\/cologneweb.com\/AbisZ\/service\/stadtwappen\/","title":{"rendered":"Das K\u00f6lner Stadtwappen"},"content":{"rendered":"\n<h1 class=\"wp-block-heading\">Drei K\u00f6nige und elftausend Jungfrauen<\/h1>\n\n\n\n<p class=\"has-drop-cap\">Die drei Kronen sind seit dem 12. Jahrhundert das Hoheitszeichen der Stadt. Sie erinnern an die Heiligen Drei K\u00f6nige, deren Reliquien 1164 der K\u00f6lner Erzbischof Rainald von Dassel als Geschenk des Kaisers Friedrich Barbarossa aus Mailand mitbrachte. Diese Reliquien befinden sich in einem goldenen Schrein hinter dem Hochaltar des Doms. <\/p>\n\n\n\n<p>K\u00f6ln hatte im Mittelalter aufgrund der Vielzahl und Bedeutung der in den Kirchen aufbewahrten &#8222;Heilt\u00fcmer&#8220; den Rang einer heiligen Stadt und nannte sich stolz <em>Sancta Colonia<\/em>.<\/p>\n\n\n\n<p>An den sehr popul\u00e4ren Kult der <a href=\"https:\/\/cologneweb.com\/AbisZ\/service\/st-ursula-stadtpatronin-von-koeln\/\">heiligen Ursula<\/a> erinnern die elf schwarzen Tropfen (oder Flammen). Seit dem 16. Jh. tauchen sie im K\u00f6lner Stadtwappen auf. Ursula war der Legende nach eine bretonische Prinzessin. Auf der R\u00fcckfahrt von einer Pilgerreise nach Rom sollen sie mitsamt ihren Gef\u00e4hrtinnen von Atilla und den Hunnen ermordet worden sein, die damals gerade K\u00f6ln belagert haben sollen. Elftausend Jungfrauen sollen so den M\u00e4rtyrertod gestorben sein!<\/p>\n\n\n\n<p>Bei den Tropfen handelt es sich in Wirklichkeit um Hermelinschw\u00e4nze. Denn das Wappen der Bretagne bestand aus Hermelinfell.<\/p>\n\n\n\n<p>Das Wappen der Stadt K\u00f6ln zeigt den doppelk\u00f6pfigen Reichsadler, der Schwert und Szepter h\u00e4lt. Er erinnert daran, da\u00df die Stadt im Mittelalter seit 1475 offiziell als Freie Reichsstadt zum Heiligen R\u00f6mischen Reich Deutscher Nation geh\u00f6rte. Der Adler hat zwei K\u00f6pfe, weil der r\u00f6mische Kaiser zugleich der deutsche K\u00f6nig war. <\/p>\n\n\n\n<p>Der Schild hat die Farben rot und wei\u00df. Es sind die Farben der Hanse. K\u00f6ln geh\u00f6rte als bedeutende Handelsmetropole nicht nur diesem Bund der Kaufleute und St\u00e4dte an, sondern ist sogar &#8211; zusammen mit L\u00fcbeck &#8211; Mitbegr\u00fcnderin der deutschen Hanse und ist damit eine der&nbsp; \u00e4ltesten Hansest\u00e4dte in Deutschland.<\/p>\n","protected":false},"excerpt":{"rendered":"<p>Drei K\u00f6nige und elftausend Jungfrauen Die drei Kronen sind seit dem 12. Jahrhundert das Hoheitszeichen der Stadt. Sie erinnern an die Heiligen Drei K\u00f6nige, deren Reliquien 1164 der K\u00f6lner Erzbischof Rainald von Dassel als Geschenk des Kaisers Friedrich Barbarossa aus Mailand mitbrachte. Diese Reliquien befinden sich in einem goldenen Schrein hinter dem Hochaltar des Doms. &hellip; <a href=\"https:\/\/cologneweb.com\/AbisZ\/service\/stadtwappen\/\" class=\"more-link\"><span class=\"screen-reader-text\">\u201eDas K\u00f6lner Stadtwappen\u201c<\/span> weiterlesen<\/a><\/p>\n","protected":false},"author":1,"featured_media":1340,"parent":23,"menu_order":0,"comment_status":"closed","ping_status":"closed","template":"","meta":{"footnotes":""},"class_list":["post-236","page","type-page","status-publish","has-post-thumbnail","hentry"],"_links":{"self":[{"href":"https:\/\/cologneweb.com\/AbisZ\/wp-json\/wp\/v2\/pages\/236","targetHints":{"allow":["GET"]}}],"collection":[{"href":"https:\/\/cologneweb.com\/AbisZ\/wp-json\/wp\/v2\/pages"}],"about":[{"href":"https:\/\/cologneweb.com\/AbisZ\/wp-json\/wp\/v2\/types\/page"}],"author":[{"embeddable":true,"href":"https:\/\/cologneweb.com\/AbisZ\/wp-json\/wp\/v2\/users\/1"}],"replies":[{"embeddable":true,"href":"https:\/\/cologneweb.com\/AbisZ\/wp-json\/wp\/v2\/comments?post=236"}],"version-history":[{"count":10,"href":"https:\/\/cologneweb.com\/AbisZ\/wp-json\/wp\/v2\/pages\/236\/revisions"}],"predecessor-version":[{"id":4851,"href":"https:\/\/cologneweb.com\/AbisZ\/wp-json\/wp\/v2\/pages\/236\/revisions\/4851"}],"up":[{"embeddable":true,"href":"https:\/\/cologneweb.com\/AbisZ\/wp-json\/wp\/v2\/pages\/23"}],"wp:featuredmedia":[{"embeddable":true,"href":"https:\/\/cologneweb.com\/AbisZ\/wp-json\/wp\/v2\/media\/1340"}],"wp:attachment":[{"href":"https:\/\/cologneweb.com\/AbisZ\/wp-json\/wp\/v2\/media?parent=236"}],"curies":[{"name":"wp","href":"https:\/\/api.w.org\/{rel}","templated":true}]}}