{"id":224,"date":"2021-02-26T21:27:21","date_gmt":"2021-02-26T20:27:21","guid":{"rendered":"https:\/\/cologneweb.com\/AbisZ\/?page_id=224"},"modified":"2024-08-18T16:43:59","modified_gmt":"2024-08-18T14:43:59","slug":"theater-in-koeln","status":"publish","type":"page","link":"https:\/\/cologneweb.com\/AbisZ\/service\/theater-in-koeln\/","title":{"rendered":"Theater in K\u00f6ln"},"content":{"rendered":"\n<p class=\"has-light-blue-background-color has-background\"><a href=\"https:\/\/cologneweb.com\/AbisZ\/service\/theater-in-koeln\/aktuelle-termine-2\/\" data-type=\"page\" data-id=\"1644\">Aktuelle Termine<\/a><\/p>\n\n\n\n<h2 class=\"wp-block-heading\">B\u00fchne &#8211; <a rel=\"noreferrer noopener\" href=\"https:\/\/insidecologne.de\/angebote\/show-und-unterhaltung-exklusives-fuer-drinnen\/\" target=\"_blank\">Show und Unterhaltung exklusiv<\/a><\/h2>\n\n\n\n<h2 class=\"wp-block-heading\"><strong>Raketenklub &#8211; K\u00f6lner Label f\u00fcr clubkompatibles Theater<\/strong><\/h2>\n\n\n\n<figure class=\"wp-block-gallery has-nested-images columns-default is-cropped wp-block-gallery-1 is-layout-flex wp-block-gallery-is-layout-flex\">\n<figure class=\"wp-block-image size-thumbnail\"><a href=\"https:\/\/cologneweb.com\/AbisZ\/wp-content\/uploads\/2021\/09\/atelier.mobile2_Credit_Katrin.Thier_.jpg\"><img loading=\"lazy\" decoding=\"async\" width=\"150\" height=\"150\" data-id=\"2162\" src=\"https:\/\/cologneweb.com\/AbisZ\/wp-content\/uploads\/2021\/09\/atelier.mobile2_Credit_Katrin.Thier_-150x150.jpg\" alt=\"\" class=\"wp-image-2162\"\/><\/a><\/figure>\n\n\n\n<figure class=\"wp-block-image size-thumbnail\"><a href=\"https:\/\/cologneweb.com\/AbisZ\/wp-content\/uploads\/2021\/09\/GhostTownTraffic.jpg\"><img decoding=\"async\" data-id=\"2163\" src=\"https:\/\/cologneweb.com\/AbisZ\/wp-content\/uploads\/2021\/09\/GhostTownTraffic-150x150.jpg\" alt=\"\" class=\"wp-image-2163\"\/><\/a><\/figure>\n\n\n\n<figure class=\"wp-block-image size-thumbnail\"><a href=\"https:\/\/cologneweb.com\/AbisZ\/wp-content\/uploads\/2021\/09\/Krazy.Taxigirl.jpg\"><img decoding=\"async\" data-id=\"2164\" src=\"https:\/\/cologneweb.com\/AbisZ\/wp-content\/uploads\/2021\/09\/Krazy.Taxigirl-150x150.jpg\" alt=\"\" class=\"wp-image-2164\"\/><\/a><\/figure>\n\n\n\n<figure class=\"wp-block-image size-thumbnail\"><a href=\"https:\/\/cologneweb.com\/AbisZ\/wp-content\/uploads\/2021\/09\/Pirro.Manninen.jpg\"><img decoding=\"async\" data-id=\"2165\" src=\"https:\/\/cologneweb.com\/AbisZ\/wp-content\/uploads\/2021\/09\/Pirro.Manninen-150x150.jpg\" alt=\"\" class=\"wp-image-2165\"\/><\/a><\/figure>\n\n\n\n<figure class=\"wp-block-image size-thumbnail\"><a href=\"https:\/\/cologneweb.com\/AbisZ\/wp-content\/uploads\/2021\/09\/sara.blasco.jpg\"><img decoding=\"async\" data-id=\"2166\" src=\"https:\/\/cologneweb.com\/AbisZ\/wp-content\/uploads\/2021\/09\/sara.blasco-150x150.jpg\" alt=\"\" class=\"wp-image-2166\"\/><\/a><\/figure>\n\n\n\n<figure class=\"wp-block-image size-thumbnail\"><a href=\"https:\/\/cologneweb.com\/AbisZ\/wp-content\/uploads\/2021\/09\/van.den_.Berg_.jpg\"><img decoding=\"async\" data-id=\"2167\" src=\"https:\/\/cologneweb.com\/AbisZ\/wp-content\/uploads\/2021\/09\/van.den_.Berg_-150x150.jpg\" alt=\"\" class=\"wp-image-2167\"\/><\/a><\/figure>\n<\/figure>\n\n\n\n<p class=\"has-white-background-color has-background\"><strong>c\/o Thomas Krutmann<br><a href=\"mailto:thomas.krutmann@hotmail.de\">thomas.krutmann@hotmail.de<\/a><br>fon 01575-75 75 893<\/strong><\/p>\n\n\n\n<figure class=\"wp-block-image size-large\"><a href=\"https:\/\/www.tiemann.tv\/theater-ex-libris\/\" target=\"_blank\" rel=\"noreferrer noopener\"><img decoding=\"async\" src=\"https:\/\/www.tiemann.tv\/images\/teaser\/TEL-Podcast_HS-Logo_sl.png\" alt=\"Theater ex Libris\"\/><\/a><figcaption class=\"wp-element-caption\"><a href=\"https:\/\/www.tiemann.tv\/theater-ex-libris.html\" target=\"_blank\" rel=\"noreferrer noopener\">Theater ex Libris<\/a><\/figcaption><\/figure>\n\n\n\n<p><a rel=\"noreferrer noopener\" href=\"http:\/\/www.buehnenkoeln.de\/\" target=\"_blank\">B\u00fchnen der Stadt K\u00f6ln<\/a><\/p>\n\n\n\n<p><a href=\"https:\/\/wehr51.com\/\" target=\"_blank\" rel=\"noreferrer noopener\">WEHR51 Performative K\u00fcnste<\/a><\/p>\n\n\n\n<p><a href=\"http:\/\/Portal &quot;Qultor - Freie Kunst und Kultur&quot;\" target=\"_blank\" rel=\"noreferrer noopener\">Portal &#8222;Qultor &#8211; Freie Kunst und Kultur&#8220;<\/a><\/p>\n\n\n<div class='yrm-content yrm-content-1 yrm-content-hide  ' id='yrm-cAUWY' data-id='1' data-show-status='false' data-after-action='' style=\"visibility: hidden;height: 0;\">\n\t\t\t<div id='yrm-inner-content-yrm-cAUWY' class='yrm-inner-content-wrapper yrm-cntent-1'><\/p>\n\n\n<h2 class=\"wp-block-heading\">Die Opernkritik<\/h2>\n\n\n\n<p><a rel=\"noreferrer noopener\" href=\"https:\/\/www.cologneweb.com\/Opernkritik\/rheingold.html\" target=\"_blank\">Rheingold<\/a><br><a rel=\"noreferrer noopener\" href=\"https:\/\/www.cologneweb.com\/Opernkritik\/freischuetz.html\" target=\"_blank\">Der Freisch\u00fctz<\/a><br><a rel=\"noreferrer noopener\" href=\"https:\/\/www.cologneweb.com\/Opernkritik\/boheme.html\" target=\"_blank\">La Boh\u00e8me<\/a><br><a rel=\"noreferrer noopener\" href=\"https:\/\/www.cologneweb.com\/Opernkritik\/tristan.html\" target=\"_blank\">Tristan und Isolde<\/a><br><a rel=\"noreferrer noopener\" href=\"https:\/\/www.cologneweb.com\/Opernkritik\/stadt.html\" target=\"_blank\">Die tote Stadt<\/a><\/p>\n\n\n<p><\/div>\n\t\t<\/div><div class='yrm-btn-wrapper yrm-btn-wrapper-1 yrm-more-button-wrapper  '\n\t\tdata-custom-more-class-name='' data-custom-less-class-name=''><span title='' data-less-title='' data-more-title='' class='yrm-toggle-expand  yrm-toggle-expand-1 ' data-rel='yrm-cAUWY' data-more='Mehr' data-less='Weniger'><span class='yrm-text-wrapper yrm-text-wrapper-custom-dimensions'><span class=\"yrm-button-text-1 yrm-button-text-span\">Mehr<\/span><\/span><\/span><\/div>\n\n<p><a name=\"villon\"><\/a><\/p>\n\n\n\n<h2 class=\"wp-block-heading\" id=\"tid204\">Balladen und Gedichte des Fran\u00e7ois Villon, pr\u00e4sentiert von <a href=\"https:\/\/matthiasvandenberg.de\/\" target=\"_blank\" rel=\"noreferrer noopener\">Matthias van den Berg<\/a> <a href=\"http:\/\/www.youtube.com\/watch?v=XRCBuNVCFdQ\"><\/a> <\/h2>\n\n\n\n<h3 class=\"wp-block-heading\">\u201eMir ist es wirklich schei\u00dfegal, wo ich verrecken tu\u201c<\/h3>\n\n\n<div class=\"wp-block-image\">\n<figure class=\"alignleft size-medium\"><a href=\"https:\/\/insidecologne.de\/wp-content\/uploads\/2021\/03\/matze-finger-scaled.jpg\"><img decoding=\"async\" src=\"https:\/\/insidecologne.de\/wp-content\/uploads\/2021\/03\/matze-finger-300x201.jpg\" alt=\"\" class=\"wp-image-1665\"\/><\/a><figcaption class=\"wp-element-caption\">Matthias van den Berg als Fran\u00e7ois Villon<\/figcaption><\/figure>\n<\/div>\n\n\n<p class=\"has-light-gray-background-color has-background\">Fran\u00e7ois Villon gilt als bedeutendster franz\u00f6sischer Dichter  des sp\u00e4ten Mittelalters. Er wurde vermutlich 1431 als Sohn armer Eltern  ungekl\u00e4rten Namens in Paris geboren. Im Verlauf seines Studiums, das ihm  sein Pflegevater und sp\u00e4terer Namensgeber erm\u00f6glichte, glitt er ab ins  Proletariat und schlie\u00dflich ins Kriminellenmilieu. Er f\u00fchrte fortan ein  unstetes Wanderleben, dass ihm u. a. nach einer Messerstecherei bei der  sein Widersacher starb und einem Einbruch mit stattlicher Beute mehrfach  den Kerker einbrachte. Mit 31 Jahren wurde er zum Tode verurteilt, dann  begnadigt, aber verbannt. Nach 1463 verliert sich seine Spur. <\/p>\n\n\n<div class=\"wp-block-image\">\n<figure class=\"alignright size-medium\"><a href=\"https:\/\/insidecologne.de\/wp-content\/uploads\/2021\/05\/Dscf2345.jpg\"><img decoding=\"async\" src=\"https:\/\/insidecologne.de\/wp-content\/uploads\/2021\/05\/Dscf2345-300x200.jpg\" alt=\"\" class=\"wp-image-2157\"\/><\/a><figcaption class=\"wp-element-caption\">Matthias van den Berg als Fran\u00e7ois Villon<\/figcaption><\/figure>\n<\/div>\n\n\n<p class=\"has-light-gray-background-color has-background\"> Villon gei\u00dfelte in seinen witzigen Versen, bissigen Gedichten und  Balladen die Schw\u00e4chen und Laster vieler Herrschaften der Pariser  Gesellschaft des 15. Jahrhunderts. Der Zorn \u00fcber die Obrigkeiten seiner Zeit l\u00e4sst ihn mit bissiger Ironie  und teilweise derben Beschimpfungen mit denen abrechnen, die ihm das  Leben so schwer machten. Das Risiko, das er damit einging, bescherte ihm ein entbehrliches und  mitunter leidvolles aber auch \u00e4u\u00dferst bewegtes Leben. Seine Gabe, die  F\u00fclle prek\u00e4rer Momente und Krisenphasen, seine pers\u00f6nliche Betroffenheit  und Gef\u00fchlswelt derart pr\u00e4gnant, lebendig und ausdrucksstark zu  verarbeiten, spricht uns \u00fcber ein halbes Jahrtausend sp\u00e4ter unvermindert  an. Mit seinem Stil seiner Zeit weit voraus, k\u00f6nnte man Villon auch als  ersten modernen Lyriker betrachten. <br><\/p>\n\n\n\n<p class=\"has-light-gray-background-color has-background\">Matthias van den Berg ist seit \u00fcber 20 Jahren in diversen Theater-,  Film- und Fernseh- Arrangements, in H\u00f6rspielen und Lesungen engagiert,  bringt er die Lebenslust, Zerrissenheit und Auflehnung aus der Feder des  Dichters mal in eine mittelalterliche Spelunke, mal in dunkle Ecken  eines Kerkers.  <br> Auch die leise, melancholische, sensible und nachdenkliche Seite des  Dichters f\u00fcgt er in das unglaublich vielschichtige Bild der Figur  \u201eVillon\u201c. <br> Ebenso facettenreich wie seine Gedichte, mal woll\u00fcstig, mal liebevoll,  mal aufbrausend, mal zerbrechlich, aber immer echt und im prallen Leben,  spiegelt van den Berg den Schmerz, den Zorn, die Liebe, das Leiden, den  scharfsinnigen Sarkasmus als Waffe gegen seine Feinde, genauso wie die  feine, g\u00fctige, mitunter liebevolle Ansprache, die der Dichter seinen  Freunden und Geliebten widmet.   <\/p>\n\n\n\n<blockquote class=\"wp-block-quote is-layout-flow wp-block-quote-is-layout-flow\">\n<p>\u2026van den Berg mimt Francois Villon wortgewaltig, leidenschaftlich, imposant\u2026<\/p>\n<cite><a href=\"https:\/\/www.ksta.de\/\" target=\"_blank\" rel=\"noreferrer noopener\">K\u00f6lner Stadt-Anzeiger<\/a> zur K\u00f6lner Theaternacht 2009<\/cite><\/blockquote>\n\n\n\n<blockquote class=\"wp-block-quote is-layout-flow wp-block-quote-is-layout-flow\">\n<p>..van den Berg brilliert als egozentrischer, m\u00f6chtegern-intellektueller Faust\u2026<\/p>\n<cite><a href=\"https:\/\/www.koelner.de\/\" target=\"_blank\" rel=\"noreferrer noopener\">K\u00d6LNER<\/a> 2009 zur Rolle als Faust in Faust 1.0<\/cite><\/blockquote>\n\n\n\n<figure class=\"wp-block-image size-medium\"><a href=\"https:\/\/insidecologne.de\/wp-content\/uploads\/2021\/05\/nw-kritik.jpg\"><img decoding=\"async\" src=\"https:\/\/insidecologne.de\/wp-content\/uploads\/2021\/05\/nw-kritik-189x300.jpg\" alt=\"\" class=\"wp-image-2158\"\/><\/a><figcaption class=\"wp-element-caption\">Rezension in Neue Westf\u00e4lische<\/figcaption><\/figure>\n\n\n<figure class=\"wp-block-embed-youtube wp-block-embed is-type-video is-provider-youtube wp-embed-aspect-4-3 wp-has-aspect-ratio\"><div class=\"lyte-wrapper fourthree\" style=\"width:420px;max-width:100%;margin:5px;\"><div class=\"lyMe\" id=\"WYL_XRCBuNVCFdQ\"><div id=\"lyte_XRCBuNVCFdQ\" data-src=\"https:\/\/cologneweb.com\/AbisZ\/wp-content\/plugins\/wp-youtube-lyte\/lyteCache.php?origThumbUrl=%2F%2Fi.ytimg.com%2Fvi%2FXRCBuNVCFdQ%2Fhqdefault.jpg\" class=\"pL\"><div class=\"tC\"><div class=\"tT\"><\/div><\/div><div class=\"play\"><\/div><div class=\"ctrl\"><div class=\"Lctrl\"><\/div><div class=\"Rctrl\"><\/div><\/div><\/div><noscript><a href=\"https:\/\/youtu.be\/XRCBuNVCFdQ\" rel=\"nofollow\"><img loading=\"lazy\" decoding=\"async\" src=\"https:\/\/cologneweb.com\/AbisZ\/wp-content\/plugins\/wp-youtube-lyte\/lyteCache.php?origThumbUrl=https%3A%2F%2Fi.ytimg.com%2Fvi%2FXRCBuNVCFdQ%2F0.jpg\" alt=\"YouTube-Video-Thumbnail\" width=\"420\" height=\"295\" \/><\/a><\/noscript><\/div><\/div><div class=\"lL\" style=\"max-width:100%;width:420px;margin:5px;\"> <a href=\"https:\/\/youtu.be\/XRCBuNVCFdQ\" target=\"_blank\">Dieses Video auf YouTube ansehen<\/a>.<\/div><figcaption><\/figcaption><\/figure>\n\n\n<p class=\"has-light-gray-background-color has-background\">Musikalische Untermalung m\u00f6glich, auch in Kombination mit mittelalterlichem Gaumenschmaus<\/p>\n\n\n\n<p class=\"has-light-gray-background-color has-background\">Dauer: 1 Stunde<\/p>\n\n\n\n<p class=\"has-light-gray-background-color has-background\">Preis: Soloprogramm \u20ac 25,- pro Person, Mindestpreis \u20ac 500,-<br>Mit Musiker \u20ac 45,- pro Person, Mindestpreis \u20ac 900,-<br>Speisen und Getr\u00e4nke nicht enthalten.<\/p>\n\n\n\n<p class=\"has-light-gray-background-color has-background\">Gerne reservieren wir f\u00fcr Sie geeignete R\u00e4umlichkeiten.                 <\/p>\n\n\n\n<p class=\"has-yellow-background-color has-background\"><a href=\"https:\/\/buchung.insidecologne.de\/de\/buchung?tid=204\">Dieese Veranstaltung (Balladen und Gedichte des Fran\u00e7ois Villon, pr\u00e4sentiert von Matthias van den Berg) anfragen oder buchen<\/a><\/p>\n\n\n\n<hr class=\"wp-block-separator has-css-opacity\"\/>\n\n\n\n<h2 class=\"wp-block-heading\" id=\"tid208\">Vollmond \u00fcberm Eigelstein<\/h2>\n\n\n\n<h3 class=\"wp-block-heading\">spoken dance squad<\/h3>\n\n\n<div class=\"wp-block-image is-style-default\">\n<figure class=\"alignleft\"><img decoding=\"async\" src=\"https:\/\/insidecologne.de\/wp-content\/uploads\/2021\/03\/IMG_4208-300x224.jpg\" alt=\"Gequ\u00e4ltes Nachtgesch\u00f6pf: Wurth tanzt einen Verdammten\" class=\"wp-image-1686\"\/><figcaption class=\"wp-element-caption\">Gequ\u00e4ltes Nachtgesch\u00f6pf: Wurth tanzt einen Verdammten<\/figcaption><\/figure>\n<\/div>\n\n\n<p class=\"has-light-gray-background-color has-background\">Mit szenischer Lesung, Musik und Pantomime interpretieren Schauspieler Thomas Krutmann und Pantomime Volker Wurth eine Werwolfs- und eine Spukgeschichte, beide geschrieben von der Autorin Yvonne Plum.<\/p>\n\n\n\n<p class=\"has-light-gray-background-color has-background\">Mit mal best\u00fcrzend-sensiblen, mal handfesten Bildern und Kl\u00e4ngen \u2013 durch den ungew\u00f6hnlichen &gt;squad&lt;-Mix aus physischem Vorlesen, abstrahierendem Tanz und einem begleitendem musikalischem Soundtrack, der sich diesmal ganz rheinisch auch vor dem gro\u00dfen Gef\u00fchl nicht f\u00fcrchtet.<br><br><\/p>\n\n\n<div class=\"wp-block-image is-style-default\">\n<figure class=\"alignright\"><a href=\"https:\/\/insidecologne.de\/wp-content\/uploads\/2021\/03\/6-Vollmond-ueberm-Eigelstein1.jpg\"><img decoding=\"async\" src=\"https:\/\/insidecologne.de\/wp-content\/uploads\/2021\/03\/6-Vollmond-ueberm-Eigelstein1-300x225.jpg\" alt=\"\" class=\"wp-image-1684\"\/><\/a><\/figure>\n<\/div>\n\n\n<p class=\"has-light-gray-background-color has-background\">Autorin: Yvonne Plum<br>Erz\u00e4hler: Thomas Krutmann<br>T\u00e4nzer\/Soundtrack: Volker Wurth \/ DJ: tba<br><br><br>Das St\u00fcck wurde bei der <a rel=\"noreferrer noopener\" href=\"http:\/\/www.theaternacht.de\/\" target=\"_blank\">K\u00f6lner Theaternacht<\/a> 2013 uraufgef\u00fchrt.<\/p>\n\n\n\n<p class=\"has-light-blue-background-color has-background\">Die Texte wurden erstmals von Yvonne Plum in \u201e<a rel=\"noreferrer noopener\" href=\"https:\/\/buchung.insidecologne.de\/geisterspuk.html\" target=\"_blank\">Teufelswerk und Geisterspuk<\/a>\u201c (2005 Emons) ver\u00f6ffentlicht.<br>Das Buch ist \u00fcber unseren <a href=\"https:\/\/insidecologne.de\/service\/shop\/\" target=\"_blank\" rel=\"noreferrer noopener\">Shop<\/a> erh\u00e4ltlich.<\/p>\n\n\n\n<p class=\"has-light-gray-background-color has-background\">Preis: \u20ac 35,- Euro p.P., Mindestpreis \u20ac 1.350,-<\/p>\n\n\n\n<p class=\"has-light-gray-background-color has-background\">Gerne reservieren wir f\u00fcr Sie geeignete R\u00e4umlichkeiten.<\/p>\n\n\n\n<p class=\"has-light-gray-background-color has-background\">Die Veranstaltung kann au\u00dfer in K\u00f6ln im gesamten deutschsprachigen Raum stattfinden. In diesem Fall kommen Reisekosten f\u00fcr die K\u00fcnstler hinzu.<\/p>\n\n\n\n<p class=\"has-yellow-background-color has-background\"><a href=\"https:\/\/buchung.insidecologne.de\/de\/buchung?tid=208\">Diese Veranstaltung (Vollmond \u00fcberm Eigelstein) anfragen oder buchen<\/a><\/p>\n","protected":false},"excerpt":{"rendered":"<p>Aktuelle Termine B\u00fchne &#8211; Show und Unterhaltung exklusiv Raketenklub &#8211; K\u00f6lner Label f\u00fcr clubkompatibles Theater c\/o Thomas Krutmannthomas.krutmann@hotmail.defon 01575-75 75 893 B\u00fchnen der Stadt K\u00f6ln WEHR51 Performative K\u00fcnste Portal &#8222;Qultor &#8211; Freie Kunst und Kultur&#8220; Balladen und Gedichte des Fran\u00e7ois Villon, pr\u00e4sentiert von Matthias van den Berg \u201eMir ist es wirklich schei\u00dfegal, wo ich verrecken &hellip; <a href=\"https:\/\/cologneweb.com\/AbisZ\/service\/theater-in-koeln\/\" class=\"more-link\"><span class=\"screen-reader-text\">\u201eTheater in K\u00f6ln\u201c<\/span> weiterlesen<\/a><\/p>\n","protected":false},"author":1,"featured_media":976,"parent":23,"menu_order":0,"comment_status":"closed","ping_status":"closed","template":"","meta":{"footnotes":""},"class_list":["post-224","page","type-page","status-publish","has-post-thumbnail","hentry"],"_links":{"self":[{"href":"https:\/\/cologneweb.com\/AbisZ\/wp-json\/wp\/v2\/pages\/224","targetHints":{"allow":["GET"]}}],"collection":[{"href":"https:\/\/cologneweb.com\/AbisZ\/wp-json\/wp\/v2\/pages"}],"about":[{"href":"https:\/\/cologneweb.com\/AbisZ\/wp-json\/wp\/v2\/types\/page"}],"author":[{"embeddable":true,"href":"https:\/\/cologneweb.com\/AbisZ\/wp-json\/wp\/v2\/users\/1"}],"replies":[{"embeddable":true,"href":"https:\/\/cologneweb.com\/AbisZ\/wp-json\/wp\/v2\/comments?post=224"}],"version-history":[{"count":42,"href":"https:\/\/cologneweb.com\/AbisZ\/wp-json\/wp\/v2\/pages\/224\/revisions"}],"predecessor-version":[{"id":4879,"href":"https:\/\/cologneweb.com\/AbisZ\/wp-json\/wp\/v2\/pages\/224\/revisions\/4879"}],"up":[{"embeddable":true,"href":"https:\/\/cologneweb.com\/AbisZ\/wp-json\/wp\/v2\/pages\/23"}],"wp:featuredmedia":[{"embeddable":true,"href":"https:\/\/cologneweb.com\/AbisZ\/wp-json\/wp\/v2\/media\/976"}],"wp:attachment":[{"href":"https:\/\/cologneweb.com\/AbisZ\/wp-json\/wp\/v2\/media?parent=224"}],"curies":[{"name":"wp","href":"https:\/\/api.w.org\/{rel}","templated":true}]}}