{"id":217,"date":"2021-02-26T21:20:22","date_gmt":"2021-02-26T20:20:22","guid":{"rendered":"https:\/\/cologneweb.com\/AbisZ\/?page_id=217"},"modified":"2024-07-30T22:21:41","modified_gmt":"2024-07-30T20:21:41","slug":"koelner-stadtteile","status":"publish","type":"page","link":"https:\/\/cologneweb.com\/AbisZ\/service\/koelner-stadtteile\/","title":{"rendered":"K\u00f6lner Stadtteile"},"content":{"rendered":"\n<p class=\"has-light-gray-background-color has-background\"><a href=\"https:\/\/insidecologne.de\/veedels-insider\/\">Veedels-Insider &#8211; individuelle Stadtf\u00fchrungen<\/a><\/p>\n\n\n\n<h2 class=\"wp-block-heading\" id=\"UrbanArt\">Ehrenfeld &#8211; historisch und hip!<\/h2>\n\n\n\n<h3 class=\"wp-block-heading\">Urban Art Tour<\/h3>\n\n\n\n<figure class=\"wp-block-image size-medium\"><a href=\"https:\/\/insidecologne.de\/wp-content\/uploads\/2021\/12\/UrbanArtTour-scaled.jpg\"><img decoding=\"async\" src=\"https:\/\/insidecologne.de\/wp-content\/uploads\/2021\/12\/UrbanArtTour-300x225.jpg\" alt=\"\" class=\"wp-image-2408\"\/><\/a><\/figure>\n\n\n\n<p class=\"has-drop-cap has-light-gray-background-color has-background\">1845 als Arbeiterviertel und Industriestandort f\u00fcr die stetig wachsende Stadt K\u00f6ln gegr\u00fcndet, zieht gerade in den letzten Jahren ein bunter Mix aus Tradition und Moderne Menschen und Firmen in diesen multikulturell gepr\u00e4gten Stadtteil.<br><br>Hier, wo die christlichen Wurzeln bis in die R\u00f6merzeit reichen, entstand die gr\u00f6\u00dfte Moschee Deutschlands. Wo einst Industrieabgase mit dem Duft von 4711 konkurrierten, ringen heute Streetart, Graffiti sowie ungew\u00f6hnliche Ausstellungsr\u00e4ume um die Aufmerksamkeit der Besucher. Und \u00fcber allem thront Helios, der einzige Leuchtturm K\u00f6lns.<br><br>Moment mal &#8211; ein Leuchtturm?! Ja.<br><br>Wir versprechen: Ehrenfeld macht neugierig! Machen Sie sich doch selbst ein Bild und folgen Sie unseren Insidern auf einem Spaziergang durch eines unserer spannendsten Veedel.<\/p>\n\n\n\n<p class=\"has-light-gray-background-color has-background\">Max. 25 Personen<\/p>\n\n\n\n<p class=\"has-light-gray-background-color has-background\">Dauer: ca. 2 Std. <\/p>\n\n\n\n<p class=\"has-light-gray-background-color has-background\">Treffpunkt: Neptunbad, Neptunplatz 1        <\/p>\n\n\n\n<p class=\"has-light-gray-background-color has-background\">Gruppenpreis: \u20ac 205,-<\/p>\n\n\n\n<p class=\"has-yellow-background-color has-background\"><a href=\"https:\/\/buchung.insidecologne.de\/de\/buchung?tid=234\">Diese Veranstaltung (Ehrenfeld &#8211; historisch und hip!) anfragen oder buchen<\/a><\/p>\n\n\n<p><a name=\"taha\"><\/a><\/p>\n\n\n\n<h2 class=\"wp-block-heading\">Hip und Chic<\/h2>\n\n\n\n<h3 class=\"wp-block-heading\">Mode und Design im Belgischen Viertel<\/h3>\n\n\n<div class=\"wp-block-image is-style-default\">\n<figure class=\"aligncenter size-large is-resized\"><a href=\"https:\/\/www.tahamode.de\/Die_Boutiquen\/Moltkestr\/img\/02.jpg\"><img decoding=\"async\" src=\"https:\/\/www.tahamode.de\/Die_Boutiquen\/Venloerstr\/img\/02.jpg\" alt=\"\" style=\"width:290px;height:205px\"\/><\/a><figcaption class=\"wp-element-caption\">Die Boutique Taha Mode-Design auf der Venloer Stra\u00dfe<\/figcaption><\/figure>\n<\/div>\n\n\n<p class=\"has-drop-cap has-light-gray-background-color has-background\">Einst absch\u00e4tzig als K\u00f6lner Westend bezeichnet, hat der inzwischen als Belgisches Viertel bekannte Stadtteil einen langen Weg hinter sich, hin zum hippen Mode- und Designzentrum von heute.&nbsp; Sein Name geht auf die Stra\u00dfen rund um den Br\u00fcsseler Platz zur\u00fcck, die alle nach belgischen St\u00e4dten benannt sind. Und genau dort er\u00f6ffneten in den Neunzigern immer mehr, meist inhabergef\u00fchrte, kleine Mode- und Designl\u00e4den sowie Caf\u00e9s, Clubs und Restaurants.<\/p>\n\n\n\n<p class=\"has-light-gray-background-color has-background\">Wir beginnen mit einem Spaziergang durchs Viertel. Der Weg f\u00fchrt uns von der Aachener Stra\u00dfe mit dem <a href=\"https:\/\/www.theaterimbauturm.de\/\" target=\"_blank\" rel=\"noreferrer noopener\">Theater im Bauturm<\/a> und vielen originellen Caf\u00e9s und Restaurants \u00fcber die Br\u00fcsseler Stra\u00dfe bis zum <a href=\"https:\/\/stadtgarten.de\/\" target=\"_blank\" rel=\"noreferrer noopener\">Stadtgarten<\/a>.<\/p>\n\n\n\n<p class=\"has-light-gray-background-color has-background\">Kr\u00f6nender H\u00f6hepunkt unserer Veranstaltung ist der Besuch der Boutique <a href=\"https:\/\/www.tahamode.de\/Start\/\" target=\"_blank\" rel=\"noreferrer noopener\">Taha Mode-Design<\/a>, wo uns die Inhaber Demet und Hisham Taha empfangen. Hier d\u00fcrfen Sie sich auf einen kleinen Vortrag, eine exklusive Modevorf\u00fchrung und nat\u00fcrlich auch ausreichend Gelegenheit zum Anprobieren und Shoppen freuen.<\/p>\n\n\n\n<p class=\"has-light-gray-background-color has-background\">Nach einer Ausbildung als Herrenschneiderin hatte sich Demet Taha zun\u00e4chst der Herstellung von Kost\u00fcmen f\u00fcr Theater und Film gewidmet. Im Laufe der Zeit faszinierte sie jedoch das versteckte und geheimnisvolle &#8222;Darunter&#8220; immer mehr und 2005 er\u00f6ffnete sie ihr erstes &nbsp;<a href=\"https:\/\/www.tahamode.de\/Die_Boutiquen\/Moltkestr\/\" target=\"_blank\" rel=\"noreferrer noopener\">Lingerie-Boutique-Atelier<\/a> im Belgischen Viertel. Um der stetig wachsenden Nachfrage gerecht zu werden, betreibt sie seit 2008 gemeinsam mit ihrem Ehemann Hisham eine <a href=\"https:\/\/www.tahamode.de\/Die_Boutiquen\/Venloerstr\/\" target=\"_blank\" rel=\"noreferrer noopener\">weitere Boutique<\/a>. Anfang 2018 hat Taha Mode-Design das Angebot erweitert und bietet nun auch f\u00fcr M\u00e4nner attraktive Bademode, Unterw\u00e4sche, Accessoires und Oberbekleidung an.<\/p>\n\n\n\n<p class=\"has-light-gray-background-color has-background\">Dauer: ca. 3 Stunden<\/p>\n\n\n\n<p class=\"has-light-gray-background-color has-background\">Teilnehmer: max. 25<\/p>\n\n\n\n<p class=\"has-light-gray-background-color has-background\">Leistungen: Organisation, Getr\u00e4nke und Snacks, 2 Models, 1 Guide<\/p>\n\n\n\n<p class=\"has-light-gray-background-color has-background\">Preis: \u20ac 115,- p.P., Mindestpreis \u20ac 2.300,-<\/p>\n\n\n\n<p class=\"has-yellow-background-color has-background\"><a href=\"https:\/\/buchung.insidecologne.de\/de\/buchung?tid=233\">Diese Veranstaltung (Hip und Chic) anfragen oder buchen<\/a><\/p>\n\n\n\n<hr class=\"wp-block-separator has-css-opacity\"\/>\n\n\n\n<hr class=\"wp-block-separator has-css-opacity\"\/>\n\n\n\n<h2 class=\"wp-block-heading\" id=\"tid46\">Im Vringsveedel<\/h2>\n\n\n\n<h3 class=\"wp-block-heading\">Die S\u00fcdstadt zwischen Tradition und Schicki-Micki<\/h3>\n\n\n<div class=\"wp-block-image\">\n<figure class=\"aligncenter size-large\"><img decoding=\"async\" src=\"https:\/\/insidecologne.de\/wp-content\/uploads\/2020\/10\/severinstor.jpg\" alt=\"Severinstorburg\" class=\"wp-image-1468\"\/><\/figure>\n<\/div>\n\n\n<p class=\"has-drop-cap has-light-gray-background-color has-background\">\n\t\t\t\t\t\t\t\t\t\tDas Viertel um St. Severin \u2013 das Vringsveedel eben \u2013 blickt \nauf eine wirklich bewegte Geschichte zur\u00fcck. Hier hatte einst der gr\u00f6\u00dfte\n aller Verf\u00fchrer, Giacomo Casanova, ein Fistern\u00f6llchen mit der Frau des \nB\u00fcrgermeisters und die K\u00f6lner Arbeiterschaft lieferte sich ebenda 1933 \neine Stra\u00dfenschlacht mit den Nazis. Die F\u00fchrung zeigt die vielen \nGesichter dieses urk\u00f6lschen Stadtteils.\n\t\t\t\t\t\t\t\t<\/p>\n\n\n\n<p class=\"has-light-gray-background-color has-background\">Max. 25 Personen<\/p>\n\n\n\n<p class=\"has-light-gray-background-color has-background\">Dauer: ca. 1,5 Std. <\/p>\n\n\n\n<p class=\"has-light-gray-background-color has-background\"><br>Treffpunkt: Severinstorburg, Chlodwigplatz                 <\/p>\n\n\n\n<p class=\"has-light-gray-background-color has-background\">Gruppenpreis: \u20ac 205,-<\/p>\n\n\n\n<p class=\"has-yellow-background-color has-background\"><a href=\"https:\/\/buchung.insidecologne.de\/de\/buchung?tid=46\">Diese Veranstaltung (Im Vringsveedel) anfragen oder buchen<\/a><\/p>\n\n\n\n<hr class=\"wp-block-separator has-css-opacity\"\/>\n\n\n\n<hr class=\"wp-block-separator has-css-opacity\"\/>\n\n\n\n<h2 class=\"wp-block-heading\" id=\"tid214\">M\u00fclheimer Stadtteilrallye<\/h2>\n\n\n<div class=\"wp-block-image\">\n<figure class=\"aligncenter size-medium\"><a href=\"https:\/\/insidecologne.de\/wp-content\/uploads\/2021\/05\/Wappen-von-Muelheim.jpg\"><img decoding=\"async\" src=\"https:\/\/insidecologne.de\/wp-content\/uploads\/2021\/05\/Wappen-von-Muelheim-225x300.jpg\" alt=\"Das Stadtwappen von M\u00fclheim\" class=\"wp-image-2192\"\/><\/a><figcaption class=\"wp-element-caption\">Das Stadtwappen von M\u00fclheim<\/figcaption><\/figure>\n<\/div>\n\n\n<p class=\"has-drop-cap has-light-gray-background-color has-background\">\n\t\t\t\t\t\t\t\t\t\tM\u00fclheim am Rhein geh\u00f6rt erst seit 100 Jahre zu K\u00f6ln. Vom \nkleinen Fischerdorf entwickelte sich der Vorort, der schon im \nMittelalter die &#8222;Freiheit&#8220; erhielt, im Laufe des 19. Jahrhunderts zur \nrechtsrheinischen Wirtschaftsmetropole, die K\u00f6ln Konkurrenz machte. \nNicht zuletzt war das dem Gewerbeflei\u00df und der Innovationskraft der in \nder Domstadt nicht tolerierten Juden und Protestanten zu verdanken, die \nin M\u00fclheim Zuflucht fanden. Im vorigen Jahrhundert pr\u00e4gten vor allem \nImmigranten aus der T\u00fcrkei das Image dieses Stadtteils. Heute entsteht \nauf dem Gel\u00e4ndes des Carlswerks des Kabelherstellers Felten &amp; \nGuilleaume die &#8222;Boomtown&#8220; der Medien- und Kreativwirtschaft. Erkunden \nSie die zahlreichen Facetten dieses faszinierenden Stadtteils!\n\t\t\t\t\t\t\t\t<\/p>\n\n\n\n<p class=\"has-light-gray-background-color has-background\">Diese Veranstaltung wurde von der Autorin <a href=\"https:\/\/cologneweb.com\/AbisZ\/service\/literatur\/yvonne-plum\/\" target=\"_blank\" rel=\"noreferrer noopener\">Yvonne Plum <\/a>konzipiert. Sie hat mit der <a href=\"https:\/\/www.geschichtswerkstatt-muelheim.de\/\">Ge<\/a><a href=\"https:\/\/www.geschichtswerkstatt-muelheim.de\/\" target=\"_blank\" rel=\"noreferrer noopener\">schichtswerkstatt M\u00fclheim<\/a> mehrere Brosch\u00fcren herausgegeben und f\u00fchrt auch am <a href=\"https:\/\/www.geschichtswerkstatt-muelheim.de\/2024\/09\/07\/villen-zwischen-industrie-und-rhein-rundgang-zur-d\u00fcsseldorfer-stra\u00dfe\/\" target=\"_blank\" rel=\"noreferrer noopener\">Tag des offenen Denkmals<\/a> durch den Stadtteil.<\/p>\n\n\n\n<p class=\"has-light-gray-background-color has-background\">   Bitte teilen Sie Ihre Gruppe in Teams von 5-10  Personen ein. Jedes Team erh\u00e4lt ein Aufgabenheft. F\u00fcr die Aufgaben gibt  es Punkte. Am Ziel erfolgt die Auswertung durch unsere Guides. Daf\u00fcr  reservieren wir f\u00fcr Sie einen geschlossenen Raum. Die Reservierung  nehmen wir gerne f\u00fcr Sie vor. Wenn Sie m\u00f6chten, k\u00f6nnen Sie anschlie\u00dfend  zum Essen bleiben.  Es m\u00fcssen dann Zusatzaufgaben gel\u00f6st werden.<br> Anschlie\u00dfend werden die Sieger geehrt. Jeder Teilnehmer erh\u00e4lt eine  personalisierte Siegerurkunde. Die Siegerurkunden werden von uns nach  Ihren Vorgaben (z.B. mit Ihrem Firmenlogo) gestaltet.<\/p>\n\n\n\n<p class=\"has-light-gray-background-color has-background\">Wir ben\u00f6tigen sp\u00e4testens 8 Tage vor der Veranstaltung eine Liste mit den Namen der Teilnehmer und die Teamaufteilung.<\/p>\n\n\n\n<p class=\"has-light-gray-background-color has-background\">Max. 100 Personen<\/p>\n\n\n\n<p class=\"has-light-gray-background-color has-background\">Dauer: ca. 3 Std.<\/p>\n\n\n\n<p class=\"has-light-gray-background-color has-background\">Treffpunkt: 2020-Denkmal, Wiener Platz                 <\/p>\n\n\n\n<p class=\"has-light-gray-background-color has-background\">Preis: \u20ac 25,- pro Teilnehmer, Mindestpreis \u20ac 325,- <\/p>\n\n\n\n<p class=\"has-yellow-background-color has-background\"><a href=\"https:\/\/buchung.insidecologne.de\/de\/buchung?tid=214\">Diese Veranstaltung (M\u00fclheimer Stadtteilrallye) anfragen oder buchen<\/a><\/p>\n\n\n\n<figure class=\"wp-block-image size-large\"><a href=\"https:\/\/insidecologne.de\/wp-content\/uploads\/2024\/02\/Artikel_KStA_Stadtteile_15.02.2024.jpg\"><img decoding=\"async\" src=\"https:\/\/insidecologne.de\/wp-content\/uploads\/2024\/02\/Artikel_KStA_Stadtteile_15.02.2024-1024x715.jpg\" alt=\"Artikel im K\u00f6lner Stadt-Anzeiger vom 15.02.2024\" class=\"wp-image-3013\"\/><\/a><\/figure>\n\n\n\n<hr class=\"wp-block-separator has-css-opacity\"\/>\n\n\n\n<hr class=\"wp-block-separator has-css-opacity\"\/>\n\n\n\n<h1 class=\"wp-block-heading\">Links<\/h1>\n\n\n\n<figure class=\"wp-block-image size-medium is-style-default\"><a href=\"https:\/\/cologneweb.com\/AbisZ\/wp-content\/uploads\/2021\/02\/strassenfest.jpg\"><img loading=\"lazy\" decoding=\"async\" width=\"300\" height=\"218\" src=\"https:\/\/cologneweb.com\/AbisZ\/wp-content\/uploads\/2021\/02\/strassenfest-300x218.jpg\" alt=\"Kirmes in der Zugasse 1961 - Foto: Erik Schwarz\" class=\"wp-image-219\" srcset=\"https:\/\/cologneweb.com\/AbisZ\/wp-content\/uploads\/2021\/02\/strassenfest-300x218.jpg 300w, https:\/\/cologneweb.com\/AbisZ\/wp-content\/uploads\/2021\/02\/strassenfest-768x558.jpg 768w, https:\/\/cologneweb.com\/AbisZ\/wp-content\/uploads\/2021\/02\/strassenfest.jpg 874w\" sizes=\"auto, (max-width: 300px) 85vw, 300px\" \/><\/a><figcaption class=\"wp-element-caption\"><a href=\"https:\/\/insidecologne.de\/service\/kulturtipp\/ausstellung\/\" target=\"_blank\" rel=\"noreferrer noopener\">Kirmes in der Zugasse 1961<\/a> &#8211; Foto: Erik Schwarz<\/figcaption><\/figure>\n\n\n\n<p><a href=\"http:\/\/Veedels-Insider: F\u00fchrungen durch K\u00f6lner Stadtteile\">Veedels-Insider: F\u00fchrungen durch K\u00f6lner Stadtteile<\/a><\/p>\n\n\n\n<p><a rel=\"noreferrer noopener\" href=\"http:\/\/www.koeln-brueck.de\/\" target=\"_blank\">Br\u00fcck<\/a><\/p>\n\n\n\n<p><a href=\"https:\/\/insidecologne.de\/angebote\/veedels-insider\/#UrbanArt\" target=\"_blank\" rel=\"noreferrer noopener\">Ehrenfeld<\/a><\/p>\n\n\n\n<p><a rel=\"noreferrer noopener\" href=\"http:\/\/www.esch-aktuell.de\/\" target=\"_blank\">Esch<\/a><\/p>\n\n\n\n<p><a href=\"https:\/\/www.geschichtswerkstatt-muelheim.de\/\" target=\"_blank\" rel=\"noreferrer noopener\">M\u00fclheim<\/a><\/p>\n\n\n\n<p><a href=\"http:\/\/www.porz-online.de\" target=\"_blank\" rel=\"noreferrer noopener\">Porz<\/a><\/p>\n\n\n\n<p><a rel=\"noreferrer noopener\" href=\"http:\/\/www.123rath.de\" target=\"_blank\">Rath-Heumar<\/a><\/p>\n\n\n\n<p><a rel=\"noreferrer noopener\" href=\"http:\/\/www.suerth-digital.de\" target=\"_blank\">S\u00fcrth<\/a><\/p>\n\n\n\n<p><\/p>\n","protected":false},"excerpt":{"rendered":"<p>Veedels-Insider &#8211; individuelle Stadtf\u00fchrungen Ehrenfeld &#8211; historisch und hip! Urban Art Tour 1845 als Arbeiterviertel und Industriestandort f\u00fcr die stetig wachsende Stadt K\u00f6ln gegr\u00fcndet, zieht gerade in den letzten Jahren ein bunter Mix aus Tradition und Moderne Menschen und Firmen in diesen multikulturell gepr\u00e4gten Stadtteil. Hier, wo die christlichen Wurzeln bis in die R\u00f6merzeit reichen, &hellip; <a href=\"https:\/\/cologneweb.com\/AbisZ\/service\/koelner-stadtteile\/\" class=\"more-link\"><span class=\"screen-reader-text\">\u201eK\u00f6lner Stadtteile\u201c<\/span> weiterlesen<\/a><\/p>\n","protected":false},"author":1,"featured_media":0,"parent":23,"menu_order":0,"comment_status":"closed","ping_status":"closed","template":"","meta":{"footnotes":""},"class_list":["post-217","page","type-page","status-publish","hentry"],"_links":{"self":[{"href":"https:\/\/cologneweb.com\/AbisZ\/wp-json\/wp\/v2\/pages\/217","targetHints":{"allow":["GET"]}}],"collection":[{"href":"https:\/\/cologneweb.com\/AbisZ\/wp-json\/wp\/v2\/pages"}],"about":[{"href":"https:\/\/cologneweb.com\/AbisZ\/wp-json\/wp\/v2\/types\/page"}],"author":[{"embeddable":true,"href":"https:\/\/cologneweb.com\/AbisZ\/wp-json\/wp\/v2\/users\/1"}],"replies":[{"embeddable":true,"href":"https:\/\/cologneweb.com\/AbisZ\/wp-json\/wp\/v2\/comments?post=217"}],"version-history":[{"count":44,"href":"https:\/\/cologneweb.com\/AbisZ\/wp-json\/wp\/v2\/pages\/217\/revisions"}],"predecessor-version":[{"id":4825,"href":"https:\/\/cologneweb.com\/AbisZ\/wp-json\/wp\/v2\/pages\/217\/revisions\/4825"}],"up":[{"embeddable":true,"href":"https:\/\/cologneweb.com\/AbisZ\/wp-json\/wp\/v2\/pages\/23"}],"wp:attachment":[{"href":"https:\/\/cologneweb.com\/AbisZ\/wp-json\/wp\/v2\/media?parent=217"}],"curies":[{"name":"wp","href":"https:\/\/api.w.org\/{rel}","templated":true}]}}