{"id":211,"date":"2021-02-26T21:15:03","date_gmt":"2021-02-26T20:15:03","guid":{"rendered":"https:\/\/cologneweb.com\/AbisZ\/?page_id=211"},"modified":"2021-02-26T21:15:03","modified_gmt":"2021-02-26T20:15:03","slug":"schulen","status":"publish","type":"page","link":"https:\/\/cologneweb.com\/AbisZ\/service\/schulen\/","title":{"rendered":"Schulen"},"content":{"rendered":"\n<figure class=\"wp-block-image size-large is-style-default\"><img loading=\"lazy\" decoding=\"async\" width=\"531\" height=\"89\" src=\"https:\/\/cologneweb.com\/AbisZ\/wp-content\/uploads\/2021\/02\/schulen.jpg\" alt=\"\" class=\"wp-image-212\" srcset=\"https:\/\/cologneweb.com\/AbisZ\/wp-content\/uploads\/2021\/02\/schulen.jpg 531w, https:\/\/cologneweb.com\/AbisZ\/wp-content\/uploads\/2021\/02\/schulen-300x50.jpg 300w\" sizes=\"auto, (max-width: 531px) 85vw, 531px\" \/><\/figure>\n\n\n\n<ul class=\"wp-block-list\"><li><a href=\"http:\/\/www.koelnerbildungsserver.de\/17links.htm\" target=\"_blank\" rel=\"noreferrer noopener\">K\u00f6lner Schulen on&#8230;line<\/a> (K\u00f6lnerBildungsServer)<\/li><li><a href=\"http:\/\/www.hs-rendsburger-platz.de\" target=\"_blank\" rel=\"noreferrer noopener\">Hauptschule Rendsburger Platz<\/a><\/li><li><a href=\"http:\/\/www.hvb-gymnasium.de\/\" target=\"_blank\" rel=\"noreferrer noopener\">Hildegard-von-Bingen-Gymnasium<\/a><\/li><li><a href=\"http:\/\/www.koenigin-luise-schule.de\/\" target=\"_blank\" rel=\"noreferrer noopener\">K\u00f6nigin-Luise-Schule<\/a><\/li><li><a href=\"http:\/\/www.rhein-gymnasium.de\" target=\"_blank\" rel=\"noreferrer noopener\">Rhein-Gymnasium K\u00f6ln (M\u00fclheim)<\/a><\/li><li><a href=\"http:\/\/www.berufskolleg-ulrepforte.de\" target=\"_blank\" rel=\"noreferrer noopener\">Berufskolleg Ulrepforte<\/a><\/li><li><a href=\"http:\/\/www.stgeorgesschool.de\" target=\"_blank\" rel=\"noreferrer noopener\">St. George&#8217;s School Cologne<\/a><\/li><li><a href=\"http:\/\/gbg.de.cx\">Georg B\u00fcchner Gymnasium<\/a> I<\/li><li><a href=\"http:\/\/members.aol.com\/gbgym\/\">Georg B\u00fcchner Gymnasium<\/a> II<\/li><li><a href=\"http:\/\/www.dkg-koeln.de\">Dreik\u00f6nigsgymnasium K\u00f6ln<\/a><\/li><li><a href=\"http:\/\/www.shuttle.schule.de\/k\/europaschule\" target=\"_blank\" rel=\"noreferrer noopener\">Europaschule K\u00f6ln\/Gesamtschule Zollstock<\/a><\/li><li><a href=\"http:\/\/www.shuttle.schule.de\/k\/ringelnatz\" target=\"_blank\" rel=\"noreferrer noopener\">Hauptschule Ringelnatzstra\u00dfe K\u00f6ln-Rodenkirchen<\/a><\/li><li><a href=\"http:\/\/www.k.shuttle.de\/k\/hsborsigst\/\" target=\"_blank\" rel=\"noreferrer noopener\">Hauptschule Borsigstra\u00dfe<\/a><\/li><li><a href=\"http:\/\/www.kreuzgasse.de\" target=\"_blank\" rel=\"noreferrer noopener\">Gymnasium Kreuzgasse<\/a><\/li><li><a href=\"http:\/\/www.kbs-koeln.de\/kaiserin-theophanu-schule\" target=\"_blank\" rel=\"noreferrer noopener\">Kaiserin-Theophanu-Schule K\u00f6ln-Kalk<\/a><\/li><li><a href=\"http:\/\/www.lfs-koeln.de\/\" target=\"_blank\" rel=\"noreferrer noopener\">Liebfrauenschule K\u00f6ln<\/a><\/li><li><a href=\"http:\/\/home.t-online.de\/home\/Ursulinenschule.Koeln\/\" target=\"_blank\" rel=\"noreferrer noopener\">Ursulinenschule K\u00f6ln<\/a><\/li><li><a href=\"http:\/\/www.gymnasium-rodenkirchen.de\" target=\"_blank\" rel=\"noreferrer noopener\">Gymnasium Rodenkirchen<\/a><\/li><li><a href=\"http:\/\/irmgardis.com\" target=\"_blank\" rel=\"noreferrer noopener\">Irmgardis-Gymnasium<\/a><\/li><li><a href=\"http:\/\/www.k.shuttle.de\/k\/hoelderlin-gymnasium\/\" target=\"_blank\" rel=\"noreferrer noopener\">H\u00f6lderlin-Gymnasium K\u00f6ln-M\u00fclheim<\/a><\/li><li><a href=\"http:\/\/www.k.shuttle.de\/k\/gym-nippes\" target=\"_blank\" rel=\"noreferrer noopener\">Gymnasium K\u00f6ln-Nippes<\/a><\/li><li><a href=\"http:\/\/www.erft.de\/schulen\/uks\/\" target=\"_blank\" rel=\"noreferrer noopener\">Ursula-Kuhr-Hauptschule Volkhovener Weg<\/a><\/li><li><a href=\"http:\/\/www.k.shuttle.de\/uu1093\/\" target=\"_blank\" rel=\"noreferrer noopener\">Heinrich-Mann-Gymnasium<\/a><\/li><li><a href=\"http:\/\/members.aol.com\/oschule\/index.htm\" target=\"_blank\" rel=\"noreferrer noopener\">Otto-Lilienthal-Schule (St\u00e4dtische Realschule K\u00f6ln-Porz Wahn)<\/a><\/li><li><a href=\"http:\/\/www.k.shuttle.de\/ksm\/\" target=\"_blank\" rel=\"noreferrer noopener\">Kollegschule Modemannstra\u00dfe<\/a><\/li><li><a href=\"http:\/\/www.k.shuttle.de\/k\/gso\/\" target=\"_blank\" rel=\"noreferrer noopener\">Georg-Simon-Ohm-Schule (Medienberufsschule)<\/a><\/li><li><a href=\"http:\/\/www.k.shuttle.de\/k\/bk17\/\" target=\"_blank\" rel=\"noreferrer noopener\">Hans-B\u00f6ckler-Berufskolleg<\/a><\/li><li><a href=\"http:\/\/www.stadt-koeln.de\/vhs\" target=\"_blank\" rel=\"noreferrer noopener\">Volkshochschule K\u00f6ln<\/a><\/li><li><a href=\"http:\/\/www.kbs-koeln.de\" target=\"_blank\" rel=\"noreferrer noopener\">K\u00f6lner BildungsServer (KBS)<\/a><\/li><li><a href=\"https:\/\/www.cologneweb.com\/hs.htm\">Hochschulen und andere Forschungsinstitute in K\u00f6ln<\/a><\/li><li><a href=\"http:\/\/www.scoolz.de\" target=\"_blank\" rel=\"noreferrer noopener\">SCOOLZ &#8211; Das Sch\u00fclermagazin<\/a><\/li><li><a href=\"http:\/\/www.junge-presse.de\/\" target=\"_blank\" rel=\"noreferrer noopener\">Junge Presse NRW<\/a><\/li><li><a href=\"http:\/\/www.netdays.nrw.de\" target=\"_blank\" rel=\"noreferrer noopener\">Netd@ys NRW<\/a><\/li><li><a href=\"http:\/\/www.netdays.de\" target=\"_blank\" rel=\"noreferrer noopener\">Netd@ys<\/a><\/li><li><a href=\"http:\/\/www.netcologne.de\/KIF\" target=\"_blank\" rel=\"noreferrer noopener\">K\u00f6lner Internet-F\u00fchrerschein f\u00fcr Lehrerinnen und Lehrer<\/a><\/li><li><a href=\"http:\/\/www.san-ev.de\/\" target=\"_blank\" rel=\"noreferrer noopener\">Schulen ans Netz e.V.<\/a><\/li><li><a href=\"http:\/\/www.learn-line.nrw.de\" target=\"_blank\" rel=\"noreferrer noopener\">learn:line<\/a><\/li><li><a href=\"http:\/\/www.schulweb.de\/schulen.html\" target=\"_blank\" rel=\"noreferrer noopener\">SchulWeb<\/a><\/li><li><a href=\"http:\/\/www.privatschulen-vergleich.de\" target=\"_blank\" rel=\"noreferrer noopener\">privatschulen-vergleich.de<\/a><\/li><li><a href=\"http:\/\/paed.com\/\" target=\"_blank\" rel=\"noreferrer noopener\">paed.com<\/a><\/li><li><a href=\"https:\/\/www.cologneweb.com\/schulmus.htm\" target=\"_blank\" rel=\"noreferrer noopener\">Schulmuseum Bergisch Gladbach<\/a><\/li><li><a href=\"https:\/\/www.cologneweb.com\/hs.htm\">Hochschulen und andere Forschungs- und Bildungsinstitute<\/a><\/li><li><a href=\"http:\/\/www.studienwahl.de\/\" target=\"_blank\" rel=\"noreferrer noopener\">Studien- und Berufswahl<\/a><\/li><li><a href=\"http:\/\/www.bildung.de\" target=\"_blank\" rel=\"noreferrer noopener\">Bildung.de<\/a><\/li><\/ul>\n","protected":false},"excerpt":{"rendered":"<p>K\u00f6lner Schulen on&#8230;line (K\u00f6lnerBildungsServer) Hauptschule Rendsburger Platz Hildegard-von-Bingen-Gymnasium K\u00f6nigin-Luise-Schule Rhein-Gymnasium K\u00f6ln (M\u00fclheim) Berufskolleg Ulrepforte St. George&#8217;s School Cologne Georg B\u00fcchner Gymnasium I Georg B\u00fcchner Gymnasium II Dreik\u00f6nigsgymnasium K\u00f6ln Europaschule K\u00f6ln\/Gesamtschule Zollstock Hauptschule Ringelnatzstra\u00dfe K\u00f6ln-Rodenkirchen Hauptschule Borsigstra\u00dfe Gymnasium Kreuzgasse Kaiserin-Theophanu-Schule K\u00f6ln-Kalk Liebfrauenschule K\u00f6ln Ursulinenschule K\u00f6ln Gymnasium Rodenkirchen Irmgardis-Gymnasium H\u00f6lderlin-Gymnasium K\u00f6ln-M\u00fclheim Gymnasium K\u00f6ln-Nippes Ursula-Kuhr-Hauptschule Volkhovener Weg Heinrich-Mann-Gymnasium &hellip; <a href=\"https:\/\/cologneweb.com\/AbisZ\/service\/schulen\/\" class=\"more-link\"><span class=\"screen-reader-text\">\u201eSchulen\u201c<\/span> weiterlesen<\/a><\/p>\n","protected":false},"author":1,"featured_media":0,"parent":23,"menu_order":0,"comment_status":"closed","ping_status":"closed","template":"","meta":{"footnotes":""},"class_list":["post-211","page","type-page","status-publish","hentry"],"_links":{"self":[{"href":"https:\/\/cologneweb.com\/AbisZ\/wp-json\/wp\/v2\/pages\/211","targetHints":{"allow":["GET"]}}],"collection":[{"href":"https:\/\/cologneweb.com\/AbisZ\/wp-json\/wp\/v2\/pages"}],"about":[{"href":"https:\/\/cologneweb.com\/AbisZ\/wp-json\/wp\/v2\/types\/page"}],"author":[{"embeddable":true,"href":"https:\/\/cologneweb.com\/AbisZ\/wp-json\/wp\/v2\/users\/1"}],"replies":[{"embeddable":true,"href":"https:\/\/cologneweb.com\/AbisZ\/wp-json\/wp\/v2\/comments?post=211"}],"version-history":[{"count":1,"href":"https:\/\/cologneweb.com\/AbisZ\/wp-json\/wp\/v2\/pages\/211\/revisions"}],"predecessor-version":[{"id":213,"href":"https:\/\/cologneweb.com\/AbisZ\/wp-json\/wp\/v2\/pages\/211\/revisions\/213"}],"up":[{"embeddable":true,"href":"https:\/\/cologneweb.com\/AbisZ\/wp-json\/wp\/v2\/pages\/23"}],"wp:attachment":[{"href":"https:\/\/cologneweb.com\/AbisZ\/wp-json\/wp\/v2\/media?parent=211"}],"curies":[{"name":"wp","href":"https:\/\/api.w.org\/{rel}","templated":true}]}}