{"id":198,"date":"2021-02-26T21:01:52","date_gmt":"2021-02-26T20:01:52","guid":{"rendered":"https:\/\/cologneweb.com\/AbisZ\/?page_id=198"},"modified":"2025-07-21T11:28:27","modified_gmt":"2025-07-21T09:28:27","slug":"musik","status":"publish","type":"page","link":"https:\/\/cologneweb.com\/AbisZ\/service\/musik\/","title":{"rendered":"Musik"},"content":{"rendered":"\n<h2 class=\"wp-block-heading\">K\u00f6lner Musik- und Konzertszene<\/h2>\n\n\n\n<p class=\"has-light-blue-background-color has-background\"><a href=\"https:\/\/cologneweb.com\/AbisZ\/aktuelle-termine\/\" data-type=\"page\" data-id=\"1851\">Aktuelle Termine <\/a><\/p>\n\n\n\n<hr class=\"wp-block-separator has-css-opacity\"\/>\n\n\n\n<h3 class=\"wp-block-heading\">Vereine und Institutionen<\/h3>\n\n\n\n<p><a rel=\"noreferrer noopener\" href=\"https:\/\/musik-in-koeln.de\" target=\"_blank\">Iniatiative Freie Musik e.V.<\/a><\/p>\n\n\n\n<p><a href=\"https:\/\/kgnm.culturebase.org\/\" target=\"_blank\" rel=\"noreferrer noopener\">K\u00f6lner Gesellschaft f\u00fcr Neue Musik e.V.  <\/a>  <\/p>\n\n\n\n<p><a rel=\"noreferrer noopener\" href=\"http:\/\/www.on-cologne.de\/\" target=\"_blank\">Neue Musik K\u00f6ln e.V.<\/a><\/p>\n\n\n\n<p><a href=\"https:\/\/www.guerzenich-orchester.de\/de\/\" target=\"_blank\" rel=\"noreferrer noopener\">G\u00fcrzenich Orchester K\u00f6ln<\/a><\/p>\n\n\n\n<p><a href=\"https:\/\/www.koelner-philharmonie.de\/de\/\" target=\"_blank\" rel=\"noreferrer noopener\">K\u00f6lner Philharmonie<\/a>    <\/p>\n\n\n\n<p><a rel=\"noreferrer noopener\" href=\"http:\/\/www.kirchenmusik-koeln.de\" target=\"_blank\">\u00d6kumenischer Kantorenkonvent K\u00f6ln<\/a>    <\/p>\n\n\n\n<p><a href=\"https:\/\/koelner-dommusik.de\/\" target=\"_blank\" rel=\"noreferrer noopener\">K\u00f6lner Dommusik <\/a> <\/p>\n\n\n\n<p><a href=\"https:\/\/www.sankt-peter-koeln.de\/wp\/musik\/ubersichtseite-musik\/\" target=\"_blank\" rel=\"noreferrer noopener\">Kunst-Station Sankt Peter<\/a><\/p>\n\n\n\n<p><a href=\"https:\/\/www.e-werk.de\/\" target=\"_blank\" rel=\"noreferrer noopener\">E-Werk Kulturzentrum<\/a><\/p>\n\n\n\n<p><a href=\"https:\/\/www.odonien.de\/start\/\" target=\"_blank\" rel=\"noreferrer noopener\">Odonien<\/a><\/p>\n\n\n\n<p><a href=\"https:\/\/www.stadtgarten.de\/\" target=\"_blank\" rel=\"noreferrer noopener\">JazzHausK\u00f6ln<\/a><\/p>\n\n\n\n<p><a href=\"https:\/\/jazzstadtkoeln.de\/\" target=\"_blank\" rel=\"noreferrer noopener\">Jazzstadt K\u00f6ln<\/a><\/p>\n\n\n\n<p><a rel=\"noreferrer noopener\" href=\"https:\/\/www.deutscher-chorverband.de\/\" target=\"_blank\">Deutscher Chorverband<\/a>   <\/p>\n\n\n\n<p><a rel=\"noreferrer noopener\" href=\"http:\/\/www.mhs-koeln.de\" target=\"_blank\">Hochschule f\u00fcr Musik und Tanz K\u00f6ln<\/a><\/p>\n\n\n\n<p><a rel=\"noreferrer noopener\" href=\"Zentrum f\u00fcr alte Musik\" target=\"_blank\">zamus: Zentrum f\u00fcr alte Musik K\u00f6ln<\/a><\/p>\n\n\n\n<h3 class=\"wp-block-heading\">Musiker und Bands<\/h3>\n\n\n\n<p><a href=\"https:\/\/www.bap.de\/startseite\/startseite\/\" target=\"_blank\" rel=\"noreferrer noopener\">BAP<\/a>    <\/p>\n\n\n\n<p><a rel=\"noreferrer noopener\" href=\"https:\/\/www.brings.com\/\" target=\"_blank\">BRINGS <\/a>   <\/p>\n\n\n\n<p><a rel=\"noreferrer noopener\" href=\"https:\/\/www.blaeckfoeoess.de\/\" target=\"_blank\">Bl\u00e4ck F\u00f6\u00f6ss <\/a>  <\/p>\n\n\n\n<p><a rel=\"noreferrer noopener\" href=\"http:\/\/www.cologne-concert-brass.de\" target=\"_blank\">Cologne Concert Brass<\/a>    <\/p>\n\n\n\n<p><a rel=\"noreferrer noopener\" href=\"http:\/\/www.jo-n.de\" target=\"_blank\">Johanna Fa\u00dfbender<\/a>    <\/p>\n\n\n\n<p><a href=\"https:\/\/insidecologne.de\/angebote\/show-und-unterhaltung-exklusives-fuer-drinnen\/#annefink\" target=\"_blank\" rel=\"noreferrer noopener\">Anne Fink<\/a><\/p>\n\n\n\n<p><a href=\"https:\/\/insidecologne.de\/angebote\/show-und-unterhaltung-exklusives-fuer-drinnen\/#halbmondzeiten\" target=\"_blank\" rel=\"noreferrer noopener\">Halbmondzeiten &#8211; Piano und Poesie<\/a><\/p>\n\n\n\n<p><a href=\"https:\/\/www.jazzthing.de\/\" target=\"_blank\" rel=\"noreferrer noopener\">Jazz thing <\/a>   <\/p>\n\n\n\n<p><a href=\"https:\/\/www.gerd-koester.de\/\" target=\"_blank\" rel=\"noreferrer noopener\">Gerd K\u00f6ster<\/a><\/p>\n\n\n\n<p><a href=\"https:\/\/www.christinalux.de\/\" target=\"_blank\" rel=\"noreferrer noopener\">Christina Lux <\/a>   <\/p>\n\n\n\n<p><a rel=\"noreferrer noopener\" href=\"http:\/\/www.rheinlaender.de\" target=\"_blank\">Rheinl\u00e4nder<\/a>    <\/p>\n\n\n\n<p><a href=\"https:\/\/www.purpleschulz.de\/\" target=\"_blank\" rel=\"noreferrer noopener\">Purple Schulz <\/a>   <\/p>\n\n\n\n<p><a rel=\"noreferrer noopener\" href=\"http:\/\/www.schallusie.de\" target=\"_blank\">SchalluSie &#8211; Frauen a-cappella aus K\u00f6ln<\/a>  <\/p>\n\n\n\n<p><a href=\"https:\/\/www.facebook.com\/slantscheva\" target=\"_blank\" rel=\"noreferrer noopener\">Slainte Mhath &#8211; Irish + Scottish Folk aus K\u00f6ln<\/a><\/p>\n\n\n\n<p><a href=\"http:\/\/tanja-meyer-band.de\/\">Tanja Meyer Band<\/a><\/p>\n\n\n\n<p><a href=\"https:\/\/haas-koeln.de\/Thistle-Robert-1945\" target=\"_blank\" rel=\"noreferrer noopener\">Robert Thistle<\/a><\/p>\n\n\n\n<hr class=\"wp-block-separator has-css-opacity\"\/>\n","protected":false},"excerpt":{"rendered":"<p>K\u00f6lner Musik- und Konzertszene Aktuelle Termine Vereine und Institutionen Iniatiative Freie Musik e.V. K\u00f6lner Gesellschaft f\u00fcr Neue Musik e.V. Neue Musik K\u00f6ln e.V. G\u00fcrzenich Orchester K\u00f6ln K\u00f6lner Philharmonie \u00d6kumenischer Kantorenkonvent K\u00f6ln K\u00f6lner Dommusik Kunst-Station Sankt Peter E-Werk Kulturzentrum Odonien JazzHausK\u00f6ln Jazzstadt K\u00f6ln Deutscher Chorverband Hochschule f\u00fcr Musik und Tanz K\u00f6ln zamus: Zentrum f\u00fcr alte Musik &hellip; <a href=\"https:\/\/cologneweb.com\/AbisZ\/service\/musik\/\" class=\"more-link\"><span class=\"screen-reader-text\">\u201eMusik\u201c<\/span> weiterlesen<\/a><\/p>\n","protected":false},"author":1,"featured_media":981,"parent":23,"menu_order":0,"comment_status":"closed","ping_status":"closed","template":"","meta":{"footnotes":""},"class_list":["post-198","page","type-page","status-publish","has-post-thumbnail","hentry"],"_links":{"self":[{"href":"https:\/\/cologneweb.com\/AbisZ\/wp-json\/wp\/v2\/pages\/198","targetHints":{"allow":["GET"]}}],"collection":[{"href":"https:\/\/cologneweb.com\/AbisZ\/wp-json\/wp\/v2\/pages"}],"about":[{"href":"https:\/\/cologneweb.com\/AbisZ\/wp-json\/wp\/v2\/types\/page"}],"author":[{"embeddable":true,"href":"https:\/\/cologneweb.com\/AbisZ\/wp-json\/wp\/v2\/users\/1"}],"replies":[{"embeddable":true,"href":"https:\/\/cologneweb.com\/AbisZ\/wp-json\/wp\/v2\/comments?post=198"}],"version-history":[{"count":99,"href":"https:\/\/cologneweb.com\/AbisZ\/wp-json\/wp\/v2\/pages\/198\/revisions"}],"predecessor-version":[{"id":5275,"href":"https:\/\/cologneweb.com\/AbisZ\/wp-json\/wp\/v2\/pages\/198\/revisions\/5275"}],"up":[{"embeddable":true,"href":"https:\/\/cologneweb.com\/AbisZ\/wp-json\/wp\/v2\/pages\/23"}],"wp:featuredmedia":[{"embeddable":true,"href":"https:\/\/cologneweb.com\/AbisZ\/wp-json\/wp\/v2\/media\/981"}],"wp:attachment":[{"href":"https:\/\/cologneweb.com\/AbisZ\/wp-json\/wp\/v2\/media?parent=198"}],"curies":[{"name":"wp","href":"https:\/\/api.w.org\/{rel}","templated":true}]}}