{"id":192,"date":"2021-02-26T20:53:34","date_gmt":"2021-02-26T19:53:34","guid":{"rendered":"https:\/\/cologneweb.com\/AbisZ\/?page_id=192"},"modified":"2025-10-31T13:41:27","modified_gmt":"2025-10-31T12:41:27","slug":"koelsch","status":"publish","type":"page","link":"https:\/\/cologneweb.com\/AbisZ\/service\/koelsch\/","title":{"rendered":"K\u00f6lsch (das Bier)"},"content":{"rendered":"\n<h1 class=\"wp-block-heading\"><strong>600 Jahre K\u00f6lner Brau-Kultur 1396-1996<\/strong><\/h1>\n\n\n\n<hr class=\"wp-block-separator has-css-opacity\"\/>\n\n\n<div class=\"wp-block-image is-style-default\">\n<figure class=\"alignleft\"><img decoding=\"async\" src=\"https:\/\/www.cologneweb.com\/echtkoelsch.jpg\" alt=\"Echt K\u00f6lsch\"\/><\/figure>\n<\/div>\n\n\n<p>Wer h\u00e4tte das gedacht? Der erste schriftliche Beleg \u00fcber Biergenu\u00df in K\u00f6ln hat einen traurigen Anla\u00df. Irgendwann gegen Ende des 11. Jahrhunderts mu\u00df es gewesen sein, als zw\u00f6lf M\u00e4nner die Totenwacht f\u00fcr einen verstorbenen Erzbischof hielten und daf\u00fcr neben Brot und Speck reichlich mit goldenem Gerstensaft entlohnt wurden. Dabei handelte es sich um Almosenempf\u00e4nger im Hospital bei St. Lupus an der Trankgasse, am heutigen Bahnhofsvorplatz. Glaubt man dem Dokument, durften sich die Lupusbr\u00fcder t\u00e4glich einen halben Ohm Bier teilen. Und das bedeutete: Jeder von ihnen schluckte pro Tag mehr als 5,5 Liter Bier! So unsicher auch die damalige Umrechnung von Ohm in Liter ist, so sicher ist diese Totenwacht-Geschichte das \u00e4lteste K\u00f6lner Bier-Dokument.<\/p>\n\n\n\n<p>Seit 600 Jahren besteht die St. Peter von Mailand Bruderschaft. Die Vereinigung sieht sich als religi\u00f6se Gemeinschaft im <a href=\"https:\/\/koelschverbindet.de\/\" data-type=\"link\" data-id=\"https:\/\/koelschverbindet.de\/\" target=\"_blank\" rel=\"noreferrer noopener\">K\u00f6lner Brauerei-Verband<\/a> und schl\u00e4gt somit die Br\u00fccke zwischen K\u00f6lsch und Kirche. Wie andere Handwerkergruppen, die sich im Mittelalter zu Bruderschaften zusammenschlossen, erkoren sich auch die Brauer einen Heiligen als Schutzpatron.<\/p>\n\n\n<div class='yrm-content yrm-content-1 yrm-content-hide  ' id='yrm-7rtCF' data-id='1' data-show-status='false' data-after-action='' style=\"visibility: hidden;height: 0;\">\n\t\t\t<div id='yrm-inner-content-yrm-7rtCF' class='yrm-inner-content-wrapper yrm-cntent-1'><\/p>\n\n<div class=\"wp-block-image is-style-default\">\n<figure class=\"alignright size-large\"><img loading=\"lazy\" decoding=\"async\" width=\"150\" height=\"283\" src=\"https:\/\/cologneweb.com\/AbisZ\/wp-content\/uploads\/2021\/03\/petrus.jpg\" alt=\"Petrus von Mailand\" class=\"wp-image-437\"\/><figcaption class=\"wp-element-caption\">Petrus von Mailand<\/figcaption><\/figure>\n<\/div>\n\n\n<p>In K\u00f6ln war er nie gewesen, K\u00f6lsch hat er demzufolge nie probieren k\u00f6nnen &#8211; und dennoch ist der legend\u00e4re Petrus von Mailand ein Ur-K\u00f6lner. F\u00fcr die echten K\u00f6lsch-Kenner ist er nicht nur ein Heiliger unter vielen, sondern der wichtigste Schutzpatron der Domstadt \u00fcberhaupt. Angerufen wurde er damals in erster Linie zum Schutz vor Unwettersch\u00e4den, und das war eine gute Voraussetzung f\u00fcr einen Brauer-Heiligen, f\u00fcrchteten doch die Brauherren immer wieder verregnete Hopfen- und Gerstenernten. Wie der Dominikanerm\u00f6nch aus Verona (1205-1252) schlie\u00dflich zu der Ehre gelangte, Brauerpatron zu werden, l\u00e4\u00dft sich heute nur noch vermuten. Fest steht, da\u00df St. Peter als Kirchenlehrer und Diplomat sehr popul\u00e4r war und sein Dominikanerorden in K\u00f6ln gro\u00dfen Einflu\u00df hatte. Wer wei\u00df, vielleicht waren es die Dominikaner, die &#8222;ihren Peter&#8220; vorschlugen. Wie auch immer: Der \u00dcberlieferung nach wurde Petrus von Mailand auf einer Mission 1252 in Farga bei Como von zwei Ketzern durch einen Schwertsto\u00df in den Kopf ermordet, ein Jahr sp\u00e4ter von Papst Innozenz IV. heiliggesprochen und 1396 zum Schutzpatron der K\u00f6lner Bruderschaft ausgew\u00e4hlt. Das Brauerbanner der St. Peter von Mailand Bruderschaft zeigt den M\u00e4rtyrer traditionsgem\u00e4\u00df mit einem Schwert in der linken Hand.<\/p>\n\n\n\n<p>Die enge Verbindung zwischen K\u00f6lsch und Kirche wundert kaum, bedenkt man die schwierige Situation von Stadt und Brauern im Jahr 1396. Ein t\u00fcchtiger Schutzpatron war vonn\u00f6ten. Die Macht der Patrizier war zerbrochen, die Z\u00fcnfte \u00fcbernahmen die Herrschaft und unterzeichneten den Verbundbrief, der als erste demokratische Verfassung Deutschlands in die Geschichte einging. Die St. Peter von Mailand Bruderschaft gr\u00fcndete sich neben Zunft und Gaffel und hatte viel zu regeln. Es galt, die ungeliebte Konkurrenz auszuschalten, denn neben den privaten Bierherstellern (in fast jedem Haushalt) kamen die Niederl\u00e4nder und verh\u00f6kerten ihr billiges Bier auf Rheinschiffen. Wie Dokumente belegen, herrschten auch innerhalb der Bruderschaft strenge Regeln. Wer im Jahre 1603 zum Treffen im Zunfthaus zu sp\u00e4t kam, mu\u00dfte einen Schilling berappen, und wer zum Patronatsfest erst gar nicht erschien, hatte ein halbes Pfund Kerzenwachs abzuliefern.<\/p>\n\n\n\n<p>Die K\u00f6lner sind eben nicht nur stolz auf ihr K\u00f6lsch, sondern auch auf den vergleichsweise recht hohen Konsum. Einer \u00dcbersicht des Jahres 1907 zufolge wurden in K\u00f6ln knapp \u00fcber 80 Millionen Liter Bier pro Jahr verbraucht &#8211; das waren pro Kopf 175 Liter und damit 50 Liter mehr als im Reichsdurchschnitt!<br>Na, dann passen die zw\u00f6lf Totenw\u00e4chter mit ihren 5,5 Litern am Tag ja gut ins Bild der K\u00f6lschen Brau-Kultur&#8230;<br><br><\/p>\n\n\n<p><\/div>\n\t\t<\/div><div class='yrm-btn-wrapper yrm-btn-wrapper-1 yrm-more-button-wrapper  '\n\t\tdata-custom-more-class-name='' data-custom-less-class-name=''><span title='' data-less-title='' data-more-title='' class='yrm-toggle-expand  yrm-toggle-expand-1 ' data-rel='yrm-7rtCF' data-more='Mehr' data-less='Weniger'><span class='yrm-text-wrapper yrm-text-wrapper-custom-dimensions'><span class=\"yrm-button-text-1 yrm-button-text-span\">Mehr<\/span><\/span><\/span><\/div>\n\n\n<h2 class=\"wp-block-heading\" id=\"tid26\">Die K\u00f6lsch-Tour<\/h2>\n\n\n\n<h3 class=\"wp-block-heading\">Stadtgeschichte muss nicht trocken sein<\/h3>\n\n\n<div class=\"wp-block-image is-style-default\">\n<figure class=\"aligncenter size-medium\"><a href=\"https:\/\/cologneweb.com\/AbisZ\/wp-content\/uploads\/2021\/03\/frueh-scaled.jpg\"><img loading=\"lazy\" decoding=\"async\" width=\"300\" height=\"224\" src=\"https:\/\/cologneweb.com\/AbisZ\/wp-content\/uploads\/2021\/03\/frueh-300x224.jpg\" alt=\"\" class=\"wp-image-431\" srcset=\"https:\/\/cologneweb.com\/AbisZ\/wp-content\/uploads\/2021\/03\/frueh-300x224.jpg 300w, https:\/\/cologneweb.com\/AbisZ\/wp-content\/uploads\/2021\/03\/frueh-1024x765.jpg 1024w, https:\/\/cologneweb.com\/AbisZ\/wp-content\/uploads\/2021\/03\/frueh-768x574.jpg 768w, https:\/\/cologneweb.com\/AbisZ\/wp-content\/uploads\/2021\/03\/frueh-1536x1147.jpg 1536w, https:\/\/cologneweb.com\/AbisZ\/wp-content\/uploads\/2021\/03\/frueh-2048x1530.jpg 2048w, https:\/\/cologneweb.com\/AbisZ\/wp-content\/uploads\/2021\/03\/frueh-1200x896.jpg 1200w\" sizes=\"auto, (max-width: 300px) 85vw, 300px\" \/><\/a><\/figure>\n<\/div>\n\n\n<p class=\"has-drop-cap has-light-gray-background-color has-background\">Diese F\u00fchrung zeigt K\u00f6lner Lebensart von ihrer fl\u00fcssigsten Seite, f\u00fchrt in die Brauh\u00e4user der Altstadt und erz\u00e4hlt von Heiligen, Braugeschichte und der gesundheitsf\u00f6rdernden Wirkung des Bieres. Prost!<br>K\u00f6lsch ist das \u201eNationalgetr\u00e4nk\u201c der Stadt, ihre Brauh\u00e4user sind Kommunikationszentren und Begegnungsst\u00e4tten, Anziehungspunkte f\u00fcr Einheimische und Touristen aller Alters- und gesellschaftlichen Klassen, um die sich Historie und Hist\u00f6rchen ranken.<\/p>\n\n\n\n<p class=\"has-light-gray-background-color has-background\">Max. 25 Personen<\/p>\n\n\n\n<p class=\"has-light-gray-background-color has-background\">Dauer: 1,5-2 Std.<\/p>\n\n\n\n<p class=\"has-light-gray-background-color has-background\">Treffpunkt: Heinzelm\u00e4nnchenbrunnen, Am Hof<\/p>\n\n\n\n<p class=\"has-light-gray-background-color has-background\">Gruppenpreis: \u20ac 205,-<\/p>\n\n\n\n<p class=\"has-light-gray-background-color has-background\">Getr\u00e4nke sind im Preis nicht enthalten.<\/p>\n\n\n\n<p class=\"has-yellow-background-color has-background\"><a href=\"https:\/\/buchung.insidecologne.de\/de\/buchung?tid=26\">Diese Veranstaltung (Die K\u00f6lsch-Tour) anfragen oder buchen<\/a><\/p>\n\n\n\n<p class=\"has-light-gray-background-color has-background\">F\u00fcr besonders Durstige:<br>Die K\u00f6lsch-Tour XL \u2013 Dauer: 2 1\/2 bis 3 Std., \u20ac 280,-<\/p>\n\n\n\n<p class=\"has-yellow-background-color has-background\"><a href=\"https:\/\/buchung.insidecologne.de\/de\/buchung?tid=157\">Diese Veranstaltung (Die K\u00f6lsch-Tour XL) anfragen oder buchen<\/a><\/p>\n\n\n\n<hr class=\"wp-block-separator has-css-opacity\"\/>\n\n\n\n<p><a rel=\"noreferrer noopener\" href=\"http:\/\/www.biergartenkoeln.de\/\" target=\"_blank\">Bierg\u00e4rten<\/a> <\/p>\n\n\n\n<p><a href=\"https:\/\/koeln.mitvergnuegen.com\/2025\/urige-brauhaeuser\/\" target=\"_blank\" rel=\"noreferrer noopener\">Brauh\u00e4user<\/a><\/p>\n\n\n\n<p><a rel=\"noreferrer noopener\" href=\"https:\/\/koelschverbindet.de\/\" target=\"_blank\">K\u00f6lner Brauerei-Verband<\/a><\/p>\n\n\n\n<p><a rel=\"noreferrer noopener\" href=\"https:\/\/de.wikipedia.org\/wiki\/K%C3%B6lsch_(Bier)\" target=\"_blank\">K\u00f6lsch bei Wikipedia<\/a><\/p>\n\n\n\n<p><a rel=\"noreferrer noopener\" href=\"https:\/\/patto1ro.home.xs4all.nl\/kolnbrew.htm\" target=\"_blank\">Cologne (K\u00f6ln) Breweries K\u00f6lsch and other beers<\/a><\/p>\n\n\n\n<p><a rel=\"noreferrer noopener\" href=\"https:\/\/www.bier.de\/\" target=\"_blank\">Bier.de<\/a><\/p>\n\n\n\n<p><\/p>\n","protected":false},"excerpt":{"rendered":"<p>600 Jahre K\u00f6lner Brau-Kultur 1396-1996 Wer h\u00e4tte das gedacht? Der erste schriftliche Beleg \u00fcber Biergenu\u00df in K\u00f6ln hat einen traurigen Anla\u00df. Irgendwann gegen Ende des 11. Jahrhunderts mu\u00df es gewesen sein, als zw\u00f6lf M\u00e4nner die Totenwacht f\u00fcr einen verstorbenen Erzbischof hielten und daf\u00fcr neben Brot und Speck reichlich mit goldenem Gerstensaft entlohnt wurden. Dabei handelte &hellip; <a href=\"https:\/\/cologneweb.com\/AbisZ\/service\/koelsch\/\" class=\"more-link\"><span class=\"screen-reader-text\">\u201eK\u00f6lsch (das Bier)\u201c<\/span> weiterlesen<\/a><\/p>\n","protected":false},"author":1,"featured_media":0,"parent":23,"menu_order":0,"comment_status":"closed","ping_status":"closed","template":"","meta":{"footnotes":""},"class_list":["post-192","page","type-page","status-publish","hentry"],"_links":{"self":[{"href":"https:\/\/cologneweb.com\/AbisZ\/wp-json\/wp\/v2\/pages\/192","targetHints":{"allow":["GET"]}}],"collection":[{"href":"https:\/\/cologneweb.com\/AbisZ\/wp-json\/wp\/v2\/pages"}],"about":[{"href":"https:\/\/cologneweb.com\/AbisZ\/wp-json\/wp\/v2\/types\/page"}],"author":[{"embeddable":true,"href":"https:\/\/cologneweb.com\/AbisZ\/wp-json\/wp\/v2\/users\/1"}],"replies":[{"embeddable":true,"href":"https:\/\/cologneweb.com\/AbisZ\/wp-json\/wp\/v2\/comments?post=192"}],"version-history":[{"count":19,"href":"https:\/\/cologneweb.com\/AbisZ\/wp-json\/wp\/v2\/pages\/192\/revisions"}],"predecessor-version":[{"id":5439,"href":"https:\/\/cologneweb.com\/AbisZ\/wp-json\/wp\/v2\/pages\/192\/revisions\/5439"}],"up":[{"embeddable":true,"href":"https:\/\/cologneweb.com\/AbisZ\/wp-json\/wp\/v2\/pages\/23"}],"wp:attachment":[{"href":"https:\/\/cologneweb.com\/AbisZ\/wp-json\/wp\/v2\/media?parent=192"}],"curies":[{"name":"wp","href":"https:\/\/api.w.org\/{rel}","templated":true}]}}