{"id":1859,"date":"2021-04-29T15:54:10","date_gmt":"2021-04-29T13:54:10","guid":{"rendered":"https:\/\/cologneweb.com\/AbisZ\/?page_id=1859"},"modified":"2026-04-12T11:11:17","modified_gmt":"2026-04-12T09:11:17","slug":"aktuelle-termine","status":"publish","type":"page","link":"https:\/\/cologneweb.com\/AbisZ\/service\/kunst\/aktuelle-termine\/","title":{"rendered":"Aktuelle Termine: Kunst"},"content":{"rendered":"\n<h2 class=\"wp-block-heading\"><a href=\"https:\/\/galerie-karsten-greve.com\/ausstellungen\/detail\/12198\" target=\"_blank\" rel=\"noreferrer noopener\">GALERIE KARSTEN GREVE<\/a><br>John Chamberlain<\/h2>\n\n\n\n<p class=\"has-medium-font-size\">17.  April bis 18. Juli 2026<\/p>\n\n\n\n<p><strong>Vernissage <\/strong>am Freitag, 17. April&nbsp;2026, 18 &#8211; 20&nbsp;Uhr<\/p>\n\n\n\n<figure class=\"wp-block-image size-full\"><img loading=\"lazy\" decoding=\"async\" width=\"699\" height=\"383\" src=\"https:\/\/cologneweb.com\/AbisZ\/wp-content\/uploads\/2026\/04\/Chamberlain.jpg\" alt=\"John Chamberlain\nGondola Charles Olson, 1982, bemalter und chromierter Stahl, 120 x 521 x 114.5 cm\" class=\"wp-image-5780\" srcset=\"https:\/\/cologneweb.com\/AbisZ\/wp-content\/uploads\/2026\/04\/Chamberlain.jpg 699w, https:\/\/cologneweb.com\/AbisZ\/wp-content\/uploads\/2026\/04\/Chamberlain-300x164.jpg 300w\" sizes=\"auto, (max-width: 699px) 85vw, 699px\" \/><\/figure>\n\n\n\n<p>Durch Knittern, Rollen, Stauchen, Komprimieren und Strecken von Metallelementen transformierte er das Material zu komplex gefalteten Oberfl\u00e4chen, deren Spannung zwischen kontrollierter Ordnung und dynamischer Bewegung liegt. Die verdichteten, facettenreichen Oberfl\u00e4chen seiner Skulpturen, oft durchsetzt von leuchtenden Autolacken, verschr\u00e4nken Gestik mit industrieller Materialit\u00e4t. Die komplexe Verschachtelung und Verdrehung der metallischen Fragmente rufen fortw\u00e4hrend neue Konstellationen hervor: Fl\u00e4chen kippen in den Raum, Linien brechen ab oder setzen sich fort, Volumina scheinen sich je nach Standpunkt auszudehnen.&nbsp;<\/p>\n\n\n\n<div data-wp-interactive=\"core\/file\" class=\"wp-block-file\"><object data-wp-bind--hidden=\"!state.hasPdfPreview\" hidden class=\"wp-block-file__embed\" data=\"https:\/\/cologneweb.com\/AbisZ\/wp-content\/uploads\/2026\/04\/Pressemitteilung_John_Chamberlain.pdf\" type=\"application\/pdf\" style=\"width:100%;height:600px\" aria-label=\"Einbettung von Pressemitteilung_John_Chamberlain.\"><\/object><a id=\"wp-block-file--media-5175b5cd-e136-44ed-a753-2ffda1fc6172\" href=\"https:\/\/cologneweb.com\/AbisZ\/wp-content\/uploads\/2026\/04\/Pressemitteilung_John_Chamberlain.pdf\">Pressemitteilung_John_Chamberlain<\/a><a href=\"https:\/\/cologneweb.com\/AbisZ\/wp-content\/uploads\/2026\/04\/Pressemitteilung_John_Chamberlain.pdf\" class=\"wp-block-file__button wp-element-button\" download aria-describedby=\"wp-block-file--media-5175b5cd-e136-44ed-a753-2ffda1fc6172\">Herunterladen<\/a><\/div>\n","protected":false},"excerpt":{"rendered":"<p>GALERIE KARSTEN GREVEJohn Chamberlain 17. April bis 18. Juli 2026 Vernissage am Freitag, 17. April&nbsp;2026, 18 &#8211; 20&nbsp;Uhr Durch Knittern, Rollen, Stauchen, Komprimieren und Strecken von Metallelementen transformierte er das Material zu komplex gefalteten Oberfl\u00e4chen, deren Spannung zwischen kontrollierter Ordnung und dynamischer Bewegung liegt. Die verdichteten, facettenreichen Oberfl\u00e4chen seiner Skulpturen, oft durchsetzt von leuchtenden Autolacken, &hellip; <a href=\"https:\/\/cologneweb.com\/AbisZ\/service\/kunst\/aktuelle-termine\/\" class=\"more-link\"><span class=\"screen-reader-text\">\u201eAktuelle Termine: Kunst\u201c<\/span> weiterlesen<\/a><\/p>\n","protected":false},"author":1,"featured_media":0,"parent":839,"menu_order":0,"comment_status":"closed","ping_status":"closed","template":"","meta":{"footnotes":""},"class_list":["post-1859","page","type-page","status-publish","hentry"],"_links":{"self":[{"href":"https:\/\/cologneweb.com\/AbisZ\/wp-json\/wp\/v2\/pages\/1859","targetHints":{"allow":["GET"]}}],"collection":[{"href":"https:\/\/cologneweb.com\/AbisZ\/wp-json\/wp\/v2\/pages"}],"about":[{"href":"https:\/\/cologneweb.com\/AbisZ\/wp-json\/wp\/v2\/types\/page"}],"author":[{"embeddable":true,"href":"https:\/\/cologneweb.com\/AbisZ\/wp-json\/wp\/v2\/users\/1"}],"replies":[{"embeddable":true,"href":"https:\/\/cologneweb.com\/AbisZ\/wp-json\/wp\/v2\/comments?post=1859"}],"version-history":[{"count":386,"href":"https:\/\/cologneweb.com\/AbisZ\/wp-json\/wp\/v2\/pages\/1859\/revisions"}],"predecessor-version":[{"id":5784,"href":"https:\/\/cologneweb.com\/AbisZ\/wp-json\/wp\/v2\/pages\/1859\/revisions\/5784"}],"up":[{"embeddable":true,"href":"https:\/\/cologneweb.com\/AbisZ\/wp-json\/wp\/v2\/pages\/839"}],"wp:attachment":[{"href":"https:\/\/cologneweb.com\/AbisZ\/wp-json\/wp\/v2\/media?parent=1859"}],"curies":[{"name":"wp","href":"https:\/\/api.w.org\/{rel}","templated":true}]}}