{"id":178,"date":"2021-02-26T20:38:32","date_gmt":"2021-02-26T19:38:32","guid":{"rendered":"https:\/\/cologneweb.com\/AbisZ\/?page_id=178"},"modified":"2025-11-30T09:40:00","modified_gmt":"2025-11-30T08:40:00","slug":"kinder","status":"publish","type":"page","link":"https:\/\/cologneweb.com\/AbisZ\/service\/kinder\/","title":{"rendered":"Kinder"},"content":{"rendered":"\n<figure class=\"wp-block-image size-medium is-style-default\"><img loading=\"lazy\" decoding=\"async\" width=\"300\" height=\"224\" src=\"https:\/\/cologneweb.com\/AbisZ\/wp-content\/uploads\/2021\/02\/IMG_0288-300x224.jpg\" alt=\"\" class=\"wp-image-179\" srcset=\"https:\/\/cologneweb.com\/AbisZ\/wp-content\/uploads\/2021\/02\/IMG_0288-300x224.jpg 300w, https:\/\/cologneweb.com\/AbisZ\/wp-content\/uploads\/2021\/02\/IMG_0288-1024x765.jpg 1024w, https:\/\/cologneweb.com\/AbisZ\/wp-content\/uploads\/2021\/02\/IMG_0288-768x574.jpg 768w, https:\/\/cologneweb.com\/AbisZ\/wp-content\/uploads\/2021\/02\/IMG_0288-1536x1147.jpg 1536w, https:\/\/cologneweb.com\/AbisZ\/wp-content\/uploads\/2021\/02\/IMG_0288-2048x1530.jpg 2048w, https:\/\/cologneweb.com\/AbisZ\/wp-content\/uploads\/2021\/02\/IMG_0288-1568x1171.jpg 1568w\" sizes=\"auto, (max-width: 300px) 85vw, 300px\" \/><\/figure>\n\n\n\n<figure class=\"wp-block-image is-style-default\"><img decoding=\"async\" src=\"https:\/\/www.cologneweb.com\/kids-logo.gif\" alt=\"K\u00f6ln f\u00fcr Kids\"\/><\/figure>\n\n\n\n<figure class=\"wp-block-image size-medium\"><a href=\"https:\/\/cologneweb.com\/AbisZ\/wp-content\/uploads\/2022\/11\/Sie_kommen-gerade-scaled.jpg\"><img loading=\"lazy\" decoding=\"async\" width=\"300\" height=\"144\" src=\"https:\/\/cologneweb.com\/AbisZ\/wp-content\/uploads\/2022\/11\/Sie_kommen-gerade-300x144.jpg\" alt=\"Sie kommen!\" class=\"wp-image-3098\" srcset=\"https:\/\/cologneweb.com\/AbisZ\/wp-content\/uploads\/2022\/11\/Sie_kommen-gerade-300x144.jpg 300w, https:\/\/cologneweb.com\/AbisZ\/wp-content\/uploads\/2022\/11\/Sie_kommen-gerade-1024x491.jpg 1024w, https:\/\/cologneweb.com\/AbisZ\/wp-content\/uploads\/2022\/11\/Sie_kommen-gerade-768x368.jpg 768w, https:\/\/cologneweb.com\/AbisZ\/wp-content\/uploads\/2022\/11\/Sie_kommen-gerade-1536x736.jpg 1536w, https:\/\/cologneweb.com\/AbisZ\/wp-content\/uploads\/2022\/11\/Sie_kommen-gerade-2048x981.jpg 2048w, https:\/\/cologneweb.com\/AbisZ\/wp-content\/uploads\/2022\/11\/Sie_kommen-gerade-1200x575.jpg 1200w\" sizes=\"auto, (max-width: 300px) 85vw, 300px\" \/><\/a><\/figure>\n\n\n\n<h2 class=\"wp-block-heading\"><a href=\"https:\/\/insidecologne.de\/angebote\/fuehrungen-und-stadtspiele-fuer-kinder\/\" target=\"_blank\" rel=\"noreferrer noopener\">F\u00fchrungen und Stadtspiele f\u00fcr Kinder<\/a><\/h2>\n\n\n\n<p class=\"has-light-blue-background-color has-background\">Besonders gut geeignet f\u00fcr Schulklassen, Kindergeburtstage und Familienausfl\u00fcge. Auch die Erwachsenen haben ihren Spa\u00df!<\/p>\n\n\n\n<hr class=\"wp-block-separator has-css-opacity\"\/>\n\n\n\n<hr class=\"wp-block-separator has-alpha-channel-opacity\"\/>\n\n\n\n<figure class=\"wp-block-image size-full\"><a href=\"https:\/\/www.jfc.info\/\" target=\"_blank\" rel=\"noreferrer noopener\"><img loading=\"lazy\" decoding=\"async\" width=\"300\" height=\"70\" src=\"https:\/\/cologneweb.com\/AbisZ\/wp-content\/uploads\/2023\/10\/injw8.png\" alt=\"\" class=\"wp-image-4076\"\/><\/a><\/figure>\n\n\n\n<hr class=\"wp-block-separator has-alpha-channel-opacity\"\/>\n\n\n\n<h2 class=\"wp-block-heading\" id=\"tid180\">Die K\u00f6lner Kinder-Stadtrallye<\/h2>\n\n\n\n<h3 class=\"wp-block-heading\">Das kreative Stadtentdeckungsspiel f\u00fcr Schulkinder<\/h3>\n\n\n<div class=\"wp-block-image is-style-default\">\n<figure class=\"aligncenter size-medium\"><a href=\"https:\/\/cologneweb.com\/AbisZ\/wp-content\/uploads\/2021\/03\/kallendresser-altermarkt.jpg\"><img loading=\"lazy\" decoding=\"async\" width=\"300\" height=\"266\" src=\"https:\/\/cologneweb.com\/AbisZ\/wp-content\/uploads\/2021\/03\/kallendresser-altermarkt-300x266.jpg\" alt=\"Der Kallendresser am Alter Markt\" class=\"wp-image-408\" srcset=\"https:\/\/cologneweb.com\/AbisZ\/wp-content\/uploads\/2021\/03\/kallendresser-altermarkt-300x266.jpg 300w, https:\/\/cologneweb.com\/AbisZ\/wp-content\/uploads\/2021\/03\/kallendresser-altermarkt-768x680.jpg 768w, https:\/\/cologneweb.com\/AbisZ\/wp-content\/uploads\/2021\/03\/kallendresser-altermarkt.jpg 973w\" sizes=\"auto, (max-width: 300px) 85vw, 300px\" \/><\/a><figcaption class=\"wp-element-caption\">Der Kallendresser am Alter Markt<\/figcaption><\/figure>\n<\/div>\n\n\n<p class=\"has-drop-cap has-light-gray-background-color has-background\">Diese von unseren P\u00e4dagogen speziell f\u00fcr Schulkinder entwickelte Stadtrallye besteht aus spannenden Wissens-, Spiel- und Suchstationen. Sie findet in der K\u00f6lner Altstadt zwischen Dom, Rheinufer und Rathaus statt. Entlang der Spuren der K\u00f6lner Stadtgeschichte k\u00f6nnen die Kinder spielerisch die Stadt erkunden und dabei so manches entdecken, was meistens unbeachtet bleibt. Ein Stadtplan ist hierf\u00fcr nicht erforderlich.<br>Start ist der Heinzelm\u00e4nnchenbrunnen, Ziel das Rathaus. Die Kinder werden in einzelne Gruppen (3 bis 6 Kinder) mit je einem Erziehungsberechtigten aufgeteilt. Jedes Team erh\u00e4lt einen Aufgabenbogen mit ca. 40 Fragen bzw. Aufgaben.<br>F\u00fcr die einzelnen Aufgaben gibt es Punkte. Am Ziel erfolgt die Auswertung durch unsere Betreuer. Bei Punktgleichstand gibt es ein Stechen. Es m\u00fcssen dann Zusatzaufgaben gel\u00f6st werden. Neben einer Urkunde gibt es eine kleine \u00dcberraschung.<\/p>\n\n\n\n<p class=\"has-light-gray-background-color has-background\"><em>Empfohlenes Alter: 5-12 Jahre, Begleitung durch Erwachsene erforderlich.<\/em><br><br><em>Die Rallye ist auch sehr gut f\u00fcr einen Kindergeburtstag geeignet.<\/em><\/p>\n\n\n\n<p class=\"has-light-gray-background-color has-background\">Max. 30 Kinder<\/p>\n\n\n\n<p class=\"has-light-gray-background-color has-background\">Dauer: ca. 1,5 Std.<\/p>\n\n\n\n<p class=\"has-light-gray-background-color has-background\">Treffpunkt: Heinzelm\u00e4nnchenbrunnen, Am Hof<\/p>\n\n\n\n<p class=\"has-light-gray-background-color has-background\">Gruppenpreis: 205,-<\/p>\n\n\n\n<p class=\"has-yellow-background-color has-background\"><a href=\"https:\/\/buchung.insidecologne.de\/de\/buchung?tid=180\" target=\"_blank\" rel=\"noreferrer noopener\">Diese Veranstaltung (Die K\u00f6lner Kinder-Stadtrallye) anfragen oder buchen<\/a><\/p>\n\n\n\n<hr class=\"wp-block-separator has-css-opacity\"\/>\n\n\n\n<h2 class=\"wp-block-heading\">Links<\/h2>\n\n\n\n<p><a href=\"https:\/\/de.bester-geburtstag.de\/activities\/die-kolner-kinder-stadtrallye-531\" target=\"_blank\" rel=\"noreferrer noopener\">bestergeburtstag.de<\/a><\/p>\n\n\n\n<p><a rel=\"noreferrer noopener\" href=\"https:\/\/www.wdrmaus.de\" target=\"_blank\">Die Sendung mit der Maus<\/a><\/p>\n\n\n\n<p><a rel=\"noreferrer noopener\" href=\"http:\/\/www.kaenguru-online.de\" target=\"_blank\">K\u00e4nguru &#8211; Stadtmagazin f\u00fcr Familien in K\u00f6ln<\/a><\/p>\n\n\n\n<p><a href=\"https:\/\/kigorosa.de\/ausflugsziel_detail\/1481200780779x356454749290102800\" target=\"_blank\" rel=\"noreferrer noopener\">Kigorosa &#8211; Das Ausflugsportal f\u00fcr Familien<\/a><\/p>\n\n\n\n<p><a rel=\"noreferrer noopener\" href=\"https:\/\/www.urbia.de\" target=\"_blank\">urbia<\/a><\/p>\n","protected":false},"excerpt":{"rendered":"<p>F\u00fchrungen und Stadtspiele f\u00fcr Kinder Besonders gut geeignet f\u00fcr Schulklassen, Kindergeburtstage und Familienausfl\u00fcge. Auch die Erwachsenen haben ihren Spa\u00df! Die K\u00f6lner Kinder-Stadtrallye Das kreative Stadtentdeckungsspiel f\u00fcr Schulkinder Diese von unseren P\u00e4dagogen speziell f\u00fcr Schulkinder entwickelte Stadtrallye besteht aus spannenden Wissens-, Spiel- und Suchstationen. Sie findet in der K\u00f6lner Altstadt zwischen Dom, Rheinufer und Rathaus statt. &hellip; <a href=\"https:\/\/cologneweb.com\/AbisZ\/service\/kinder\/\" class=\"more-link\"><span class=\"screen-reader-text\">\u201eKinder\u201c<\/span> weiterlesen<\/a><\/p>\n","protected":false},"author":1,"featured_media":0,"parent":23,"menu_order":0,"comment_status":"closed","ping_status":"closed","template":"","meta":{"footnotes":""},"class_list":["post-178","page","type-page","status-publish","hentry"],"_links":{"self":[{"href":"https:\/\/cologneweb.com\/AbisZ\/wp-json\/wp\/v2\/pages\/178","targetHints":{"allow":["GET"]}}],"collection":[{"href":"https:\/\/cologneweb.com\/AbisZ\/wp-json\/wp\/v2\/pages"}],"about":[{"href":"https:\/\/cologneweb.com\/AbisZ\/wp-json\/wp\/v2\/types\/page"}],"author":[{"embeddable":true,"href":"https:\/\/cologneweb.com\/AbisZ\/wp-json\/wp\/v2\/users\/1"}],"replies":[{"embeddable":true,"href":"https:\/\/cologneweb.com\/AbisZ\/wp-json\/wp\/v2\/comments?post=178"}],"version-history":[{"count":37,"href":"https:\/\/cologneweb.com\/AbisZ\/wp-json\/wp\/v2\/pages\/178\/revisions"}],"predecessor-version":[{"id":5483,"href":"https:\/\/cologneweb.com\/AbisZ\/wp-json\/wp\/v2\/pages\/178\/revisions\/5483"}],"up":[{"embeddable":true,"href":"https:\/\/cologneweb.com\/AbisZ\/wp-json\/wp\/v2\/pages\/23"}],"wp:attachment":[{"href":"https:\/\/cologneweb.com\/AbisZ\/wp-json\/wp\/v2\/media?parent=178"}],"curies":[{"name":"wp","href":"https:\/\/api.w.org\/{rel}","templated":true}]}}