{"id":1644,"date":"2021-04-06T15:56:49","date_gmt":"2021-04-06T13:56:49","guid":{"rendered":"https:\/\/cologneweb.com\/AbisZ\/?page_id=1644"},"modified":"2026-04-20T21:42:15","modified_gmt":"2026-04-20T19:42:15","slug":"aktuelle-termine-2","status":"publish","type":"page","link":"https:\/\/cologneweb.com\/AbisZ\/service\/theater-in-koeln\/aktuelle-termine-2\/","title":{"rendered":"Aktuelle Termine: Theater und Kleinkunst"},"content":{"rendered":"\n<p class=\"has-light-gray-background-color has-background\"><a href=\"https:\/\/cologneweb.com\/AbisZ\/service\/theater-in-koeln\/\" data-type=\"page\" data-id=\"224\">Theater in K\u00f6ln<\/a><\/p>\n\n\n\n<figure class=\"wp-block-image size-full\"><img loading=\"lazy\" decoding=\"async\" width=\"579\" height=\"388\" src=\"https:\/\/cologneweb.com\/AbisZ\/wp-content\/uploads\/2026\/04\/Vaganten-1.jpg\" alt=\"\" class=\"wp-image-5821\" srcset=\"https:\/\/cologneweb.com\/AbisZ\/wp-content\/uploads\/2026\/04\/Vaganten-1.jpg 579w, https:\/\/cologneweb.com\/AbisZ\/wp-content\/uploads\/2026\/04\/Vaganten-1-300x201.jpg 300w\" sizes=\"auto, (max-width: 579px) 85vw, 579px\" \/><\/figure>\n\n\n\n<figure class=\"wp-block-table\"><table class=\"has-fixed-layout\"><tbody><tr><td> Ahoj,<br>steigende Vorfreude auf nahendes Rendez-Vous in <strong>Raketenklub\u00b4s &#8222;Vaganten-Variet\u00e9&#8220;<\/strong>!<br><br>Vaganten waren umherziehende K\u00fcnstler und Bohemi\u00e9ns des Mittelalters. Das Raketenklub-Ensemble sind heute tourende K\u00fcnstlerInnen, die den Vaganten-Spirit weitertragen. Im Variet\u00e9 treffen sie einander und ihr Publikum und das heutige Lagerfeuer der Umherziehenden ist der \u201eClub Unterwegs&#8220;!<br>Dessen Komponenten sind ein spannender Ort, ein unorthodoxes Live-Programm zwischen Theater\/Rezitation, Performance\/Tanz und Singer\/Songwriter sowie gemeinsames \u00b4Rumstehen mit Sch\u00f6nschnack an der Bar und dem Raketenklub-Soundtrack!<br><br>Dieser Do. 23.4. ab 19:30, im sch\u00f6n-schummrigen B\u00fchnenkeller des &gt;B\u00fcrgerhaus Kalk&lt; und seiner Veranstaltungsreihe \u201eKunstSt\u00fcck!\u201c, wird endlich wieder einer dieser Abende wie in der legend\u00e4ren fr\u00fcheren Spielst\u00e4tte am Eigelstein: aus Kunstgenu\u00df, Crazyness und Kiezgem\u00fct, garniert mit fein ausgew\u00e4hltem Bar Sound und der begehtrinkbaren Installation &#8222;Waikiki Bar&#8220;!<br><br>herzlich, Thomas f\u00fcr die ProduzentInnen<br><a href=\"https:\/\/vdk-koeln.de\/mitglied\/raketenklub\/\" target=\"_blank\" rel=\"noreferrer noopener\">Raketenklub im Verein f\u00fcr Darstellende K\u00fcnste K\u00f6ln e.V.<\/a><br><br>&#8230; und jetzt zur Show:<br><br><strong>Special Theater Performance Musik Bar Sound<\/strong><br><strong>Do. 23.4. ab 19:30 Raketenklub und B\u00fcrgerhaus Kalk pr\u00e4sentieren in der Reihe \u201eKunstSt\u00fcck\u201c!&nbsp;<\/strong> <strong>Vaganten-Variet\u00e9<\/strong><br><strong><a href=\"http:\/\/www.buergerhauskalk.de\" target=\"_blank\" rel=\"noreferrer noopener\">B\u00fcrgerhaus Kalk <\/a><\/strong><br>Kalk-M\u00fclheimer Stra\u00dfe 58, 51 103 K\u00f6ln-Kalk, <br><a href=\"https:\/\/t26ff8791.emailsys1a.net\/c\/25\/9117861\/94\/0\/1519447\/615\/518850\/735a148929.html\" target=\"_blank\"><strong>KVB<\/strong><\/a>: U&amp;Bus Kalk-Post<br><br>\u200bMunter mischen sich die Genres &#8211; die Singer-Songwriterin rezitiert Poesie, die Lesung kommt mit deeper Bluesgitarre, der T\u00e4nzer mit Gruselgeschichte, die Rock\u00b4n Roll-Sketchtruppe mit Seemannsromantik und der Rock\u00b4n Roll mit Croonerqualit\u00e4t.<br>Warum?! Diese K\u00fcnstlerInnen sind Einh\u00f6rner, seltsame Fabelwesen verliebt zwischen den Genres, frei von ihren Zuweisungen. Und vielleicht deshalb teils seit Jahrzehnten feste Garanten K\u00f6lner Kulturlebens und weit dar\u00fcber hinaus.&nbsp;<br><br><em>Stiefel und Seifenblasen, Wort und Lied, Nacht und Welt: Krazy, Frederike Bohr, Regina Melech&nbsp;<\/em>  <em>Diese irren Momente zwischen Wachwerden und Tag, getanzt und erz\u00e4hlt: spoken danze squad<\/em><br><br><strong>Krazy<\/strong>, K\u00f6lner S\u00e4ngerin, Songster, Bohemienne erz\u00e4hlt schmerzhaft-sch\u00f6n vom Alltagsleben in Stiefeln. Mal bewegend, mal bitterbose, immer besonders. Dazwischen gr\u00e4tscht die Musikerin mit Stra\u00dfen- und Theatercredits Rezitationen ihres literarischen Pendants Peter R\u00fchmkorf.&nbsp;<a href=\"https:\/\/t26ff8791.emailsys1a.net\/c\/25\/9117861\/94\/0\/1519447\/615\/518861\/aa699b12c9.html\" target=\"_blank\">www.krazysongster.de\/<\/a><br><br>Theaterproduzentin-Schauspielerin <strong>Frederike Bohr<\/strong> und Bluesgitarristin-S\u00e4ngerin <strong>Regina Melech<\/strong> sind bew\u00e4hre Kollaborateurinnen, die sensibel-best\u00fcrzend-sch\u00f6ne Momente entstehen lassen. Eigens f\u00fcr heute Abend tun sich die versierten K\u00fcnstlerinnen zusammen f\u00fcr die Wort-Lied-Perormance: &#8222;Nacht und Welt&#8220;.&nbsp;<a href=\"https:\/\/t26ff8791.emailsys1a.net\/c\/25\/9117861\/94\/0\/1519447\/615\/518853\/755c7d0593.html\" target=\"_blank\">frederikebohr.com\/<\/a>,&nbsp;<a href=\"https:\/\/t26ff8791.emailsys1a.net\/c\/25\/9117861\/94\/0\/1519447\/615\/518854\/c630473b24.html\" target=\"_blank\">Regina Melech auf youtube<\/a><br><br>Setzt der T\u00e4nzer den Erz\u00e4hler in Gang oder &#8230;?! Die <strong>spoken dance squad<\/strong> mixt mit Tanz (Volker Wurth) und Erz\u00e4hlen (Thomas Krutmann) zwei der \u00e4ltesten Unterhaltungsformen. Heute Abend mit dem Kunstm\u00e4rchen &#8222;Bis in die Innerste Kammer&#8220;, kompiliert aus Islandsagas, RM Rilke, Unterbewu\u00dftem, Malereirezeption, Herr der Ringe und garniert mit einem feinen Elektro-Sondtrack des Bildenden K\u00fcnstlers Manuel Schroeder. <a href=\"https:\/\/t26ff8791.emailsys1a.net\/c\/25\/9117861\/94\/0\/1519447\/615\/518862\/a246f30c87.html\" target=\"_blank\">spoken dance squad auf youtube.<\/a><br><br><em>&#8222;Ick moderiere Ihnen&#8220; Kapitan Grobi kreiert auch den Sound der Waikiki-Bar und des Raketenklub. D\u00fcse&amp;Hinkel machen aus jeder Geisterstadt \u00b4nen Honky-Tonk<\/em>  <em>Impresaria mit Rasselbande: &#8222;Die Oessling&#8220; und drei Noizy Neighbors<\/em><br><br>Als <strong>Ghost Town Traffic<\/strong>&nbsp;pl\u00fcndern sie versiert, h\u00f6chstsubjektiv und schamlos 100 Jahre und die eigene Musikgeschichte: ohne den Rock\u00b4n Roll-Silberr\u00fccken Wolly D\u00fcse k\u00e4me K\u00f6ln weder klar, noch h\u00e4tte Nirvana hier auftreten k\u00f6nnen, und Seb Hynckel, unser Vertrauenslehrer von der &#8222;Rock\u00b4n Roll High School&#8220;, erz\u00e4hlt so mitrei\u00dfend, als w\u00e4re Mick Jagger jahrelang mit ihm getourt.&nbsp; Uva.: <a href=\"https:\/\/t26ff8791.emailsys1a.net\/c\/25\/9117861\/94\/0\/1519447\/615\/518857\/78f309112e.html\" target=\"_blank\">Ghost Town Traffic auf youtube<\/a><br><br>Special Guest: <strong>Brigitte Oessling<\/strong>, langj\u00e4hrige WDR-\/DW-Sprecherin und Zampan\u00e1 ihres \u201eR\u00f6merpark Ensemble\u201c, arbeitet seit Jahren mit dem Raketenklub. Mit Schauspieler und Raketenklubber Matthias van den Berg hat sie ein Seemannsiederprogramm produziert, heute Abend holt sie mit der Puppenspielerin Marion Bihler-Kerluku und Seb Hynckel zwei weitere&nbsp;<strong>Noizy Neighbors <\/strong>in die Revue: \u201eMeer, Matrosen, La Paloma\u201c!&nbsp;&nbsp;<a href=\"https:\/\/t26ff8791.emailsys1a.net\/c\/25\/9117861\/94\/0\/1519447\/615\/518858\/e6302ea220.html\" target=\"_blank\">www.brigitteoessling.de\/<\/a>,&nbsp;<a href=\"https:\/\/t26ff8791.emailsys1a.net\/c\/25\/9117861\/94\/0\/1519447\/615\/518864\/f127515a13.html\" target=\"_blank\">www.lukpuppentheater.de\/<\/a><br>Klingt ein bi\u00dfchen wie Knef\/Extrabreit f\u00fcr die Theaterb\u00fchne.<br><br><strong>Moderation und Barsound:<\/strong> Wolfgang Pohle aka Kapitan Grobi&nbsp;<br><strong>Waikiki Bar: <\/strong>BumBum Beusen<br><strong>Technische Betreung<\/strong> vom Janzen: Rolf Mayer<br><br>Seid mit uns!<\/td><\/tr><\/tbody><\/table><\/figure>\n\n\n\n<figure class=\"wp-block-gallery has-nested-images columns-default is-cropped wp-block-gallery-1 is-layout-flex wp-block-gallery-is-layout-flex\">\n<figure class=\"wp-block-image size-large\"><img loading=\"lazy\" decoding=\"async\" width=\"580\" height=\"524\" data-id=\"5816\" src=\"https:\/\/cologneweb.com\/AbisZ\/wp-content\/uploads\/2026\/04\/vaganten1.jpg\" alt=\"\" class=\"wp-image-5816\" srcset=\"https:\/\/cologneweb.com\/AbisZ\/wp-content\/uploads\/2026\/04\/vaganten1.jpg 580w, https:\/\/cologneweb.com\/AbisZ\/wp-content\/uploads\/2026\/04\/vaganten1-300x271.jpg 300w\" sizes=\"auto, (max-width: 580px) 85vw, 580px\" \/><\/figure>\n<\/figure>\n\n\n\n<hr class=\"wp-block-separator has-alpha-channel-opacity\"\/>\n\n\n\n<p class=\"has-background\" style=\"background:linear-gradient(135deg,rgb(255,245,203) 0%,rgb(182,227,212) 100%,rgb(51,167,181) 100%)\"><strong>KABARETT A-Z, Krefelder Str. 26, 50670 K\u00f6ln<\/strong>\n<br>Kartentelefon: 0177 839 67 87<\/p>\n\n\n\n<h2 class=\"wp-block-heading\" id=\"KabarettA-Z\"><strong><a href=\"https:\/\/kabarett-a-z.de\/\" target=\"_blank\" rel=\"noreferrer noopener\">KABARETT A-Z<\/a><\/strong><\/h2>\n\n\n\n<p class=\"has-medium-font-size\"><a href=\"https:\/\/kabarett-a-z.de\/start\/terminuebersicht\/\" target=\"_blank\" rel=\"noreferrer noopener\">Spielplan<\/a><\/p>\n\n\n\n<p>Sa 02. MAI 19:30 Uhr: <strong>THEATER<\/strong>\n<br>&#8222;Der verliebte Papagei\u201c\n<br>Kom\u00f6die \u00fcber Kunst, Lebens- u. \u00dcberlebensk\u00fcnstler mit Corinne Sophia Walter und Frank Zollner<\/p>\n\n\n\n<p>Sa 09. MAI 19:30 Uhr: <strong>THEATER<\/strong>\n<br>&#8222;Robo &amp; Julia\u201c<br>Die neue urkomische Science-Fiction Kom\u00f6die mit Corinne Sophia Walter und Frank Zollner<\/p>\n\n\n<p><!-- \/wp:post-content --><\/p>\n<p><!-- wp:heading --><\/p>\n<h2 class=\"wp-block-heading\"><a href=\"https:\/\/www.sommerblut.de\/de\" target=\"_blank\" rel=\"noreferrer noopener\">Sommerblut Kulturfestival<\/a><\/h2>\n<p><!-- \/wp:heading --><\/p>\n<p><!-- wp:paragraph {\"fontSize\":\"medium\"} --><\/p>\n<p class=\"has-medium-font-size\">13.-24.5.2026<\/p>\n<p><!-- \/wp:paragraph --><\/p>","protected":false},"excerpt":{"rendered":"<p>Theater in K\u00f6ln Ahoj,steigende Vorfreude auf nahendes Rendez-Vous in Raketenklub\u00b4s &#8222;Vaganten-Variet\u00e9&#8220;!Vaganten waren umherziehende K\u00fcnstler und Bohemi\u00e9ns des Mittelalters. Das Raketenklub-Ensemble sind heute tourende K\u00fcnstlerInnen, die den Vaganten-Spirit weitertragen. Im Variet\u00e9 treffen sie einander und ihr Publikum und das heutige Lagerfeuer der Umherziehenden ist der \u201eClub Unterwegs&#8220;!Dessen Komponenten sind ein spannender Ort, ein unorthodoxes Live-Programm zwischen &hellip; <a href=\"https:\/\/cologneweb.com\/AbisZ\/service\/theater-in-koeln\/aktuelle-termine-2\/\" class=\"more-link\"><span class=\"screen-reader-text\">\u201eAktuelle Termine: Theater und Kleinkunst\u201c<\/span> weiterlesen<\/a><\/p>\n","protected":false},"author":1,"featured_media":0,"parent":224,"menu_order":0,"comment_status":"closed","ping_status":"closed","template":"","meta":{"footnotes":""},"class_list":["post-1644","page","type-page","status-publish","hentry"],"_links":{"self":[{"href":"https:\/\/cologneweb.com\/AbisZ\/wp-json\/wp\/v2\/pages\/1644","targetHints":{"allow":["GET"]}}],"collection":[{"href":"https:\/\/cologneweb.com\/AbisZ\/wp-json\/wp\/v2\/pages"}],"about":[{"href":"https:\/\/cologneweb.com\/AbisZ\/wp-json\/wp\/v2\/types\/page"}],"author":[{"embeddable":true,"href":"https:\/\/cologneweb.com\/AbisZ\/wp-json\/wp\/v2\/users\/1"}],"replies":[{"embeddable":true,"href":"https:\/\/cologneweb.com\/AbisZ\/wp-json\/wp\/v2\/comments?post=1644"}],"version-history":[{"count":236,"href":"https:\/\/cologneweb.com\/AbisZ\/wp-json\/wp\/v2\/pages\/1644\/revisions"}],"predecessor-version":[{"id":5823,"href":"https:\/\/cologneweb.com\/AbisZ\/wp-json\/wp\/v2\/pages\/1644\/revisions\/5823"}],"up":[{"embeddable":true,"href":"https:\/\/cologneweb.com\/AbisZ\/wp-json\/wp\/v2\/pages\/224"}],"wp:attachment":[{"href":"https:\/\/cologneweb.com\/AbisZ\/wp-json\/wp\/v2\/media?parent=1644"}],"curies":[{"name":"wp","href":"https:\/\/api.w.org\/{rel}","templated":true}]}}