{"id":1541,"date":"2021-03-29T12:52:18","date_gmt":"2021-03-29T10:52:18","guid":{"rendered":"https:\/\/cologneweb.com\/AbisZ\/?page_id=1541"},"modified":"2025-08-18T13:09:49","modified_gmt":"2025-08-18T11:09:49","slug":"yvonne-plum","status":"publish","type":"page","link":"https:\/\/cologneweb.com\/AbisZ\/service\/literatur\/yvonne-plum\/","title":{"rendered":"Yvonne Plum"},"content":{"rendered":"\n<h3 class=\"wp-block-heading\">Schriftstellerin, Erz\u00e4hlerin, Tourguide und <a href=\"https:\/\/tinnef.koeln\" target=\"_blank\" rel=\"noreferrer noopener\">Macherin<\/a><\/h3>\n\n\n<p><a name=\"buchstabenblut\"><\/a><\/p>\n\n\n\n<p class=\"has-light-gray-background-color has-background\"><a href=\"https:\/\/cologneweb.com\/AbisZ\/service\/literatur\/yvonne-plum\/lesungen-und-vortraege\/\" data-type=\"page\" data-id=\"1474\">Lesungen und Vortr\u00e4ge<\/a> |<a href=\"https:\/\/cologneweb.com\/AbisZ\/service\/literatur\/yvonne-plum\/publikationen\/\" data-type=\"page\" data-id=\"1479\"> Publikationen<\/a> | <a href=\"https:\/\/cologneweb.com\/AbisZ\/service\/literatur\/yvonne-plum\/texte\/\">Texte<\/a> | <a href=\"https:\/\/cologneweb.com\/AbisZ\/service\/literatur\/yvonne-plum\/vita\/\">Vita<\/a><\/p>\n\n\n<div class=\"wp-block-image is-style-default\">\n<figure class=\"alignleft size-large\"><a href=\"https:\/\/cologneweb.com\/AbisZ\/wp-content\/uploads\/2021\/03\/buchstabenblut-1.jpg\" target=\"_blank\" rel=\"noopener\"><img loading=\"lazy\" decoding=\"async\" width=\"276\" height=\"413\" src=\"https:\/\/cologneweb.com\/AbisZ\/wp-content\/uploads\/2021\/03\/buchstabenblut.jpg\" alt=\"buchstabenblut. texte zwischen k\u00f6ln und amsterdam\nK\u00f6ln: Ferber und Partner 1999\" class=\"wp-image-588\" srcset=\"https:\/\/cologneweb.com\/AbisZ\/wp-content\/uploads\/2021\/03\/buchstabenblut.jpg 276w, https:\/\/cologneweb.com\/AbisZ\/wp-content\/uploads\/2021\/03\/buchstabenblut-200x300.jpg 200w\" sizes=\"auto, (max-width: 276px) 85vw, 276px\" \/><\/a><\/figure>\n<\/div>\n\n\n<p><a rel=\"noopener\" href=\"https:\/\/cologneweb.com\/literatur\/buchstabenblut.htm\" target=\"_blank\"><\/a><strong>buchstabenblut<br>texte zwischen k\u00f6ln und amsterdam<\/strong>  <br>Umschlagentwurf: <a href=\"http:\/\/thomasplum.de\/\" target=\"_blank\" rel=\"noreferrer noopener\">Thomas Plum<\/a> <br>bibliothek (neuer) autoren  <br>K\u00f6ln: ferber und partner 1999<\/p>\n\n\n\n<pre class=\"wp-block-verse\"> <strong>Die Trauernde<\/strong>\n\n \n Hinter der Gro\u00dfen\n auf r\u00f6mischem H\u00fcgel\n stehst du,\n wie einst Lots Weib.\n\n Doch w\u00e4scht dich nicht fort\n eine Flut aus Tr\u00e4nen.\n\n Zur\u00fcckgeschaut hast du,\n und\n       &nbsp;&nbsp;&nbsp;gesehen<\/pre>\n\n\n\n<p><a href=\"https:\/\/cologneweb.com\/literatur\/littour.htm\" target=\"_blank\" rel=\"noreferrer noopener\">Weitere Leseproben<\/a> | Sie k\u00f6nnen das Buch direkt bei uns <a href=\"https:\/\/insidecologne.de\/ueber-uns\/kontakt\/\" target=\"_blank\" rel=\"noreferrer noopener\">bestellen<\/a>.<\/p>\n\n\n\n<hr class=\"wp-block-separator has-css-opacity\"\/>\n","protected":false},"excerpt":{"rendered":"<p>Schriftstellerin, Erz\u00e4hlerin, Tourguide und Macherin Lesungen und Vortr\u00e4ge | Publikationen | Texte | Vita buchstabenbluttexte zwischen k\u00f6ln und amsterdam Umschlagentwurf: Thomas Plum bibliothek (neuer) autoren K\u00f6ln: ferber und partner 1999 Die Trauernde Hinter der Gro\u00dfen auf r\u00f6mischem H\u00fcgel stehst du, wie einst Lots Weib. Doch w\u00e4scht dich nicht fort eine Flut aus Tr\u00e4nen. Zur\u00fcckgeschaut hast &hellip; <a href=\"https:\/\/cologneweb.com\/AbisZ\/service\/literatur\/yvonne-plum\/\" class=\"more-link\"><span class=\"screen-reader-text\">\u201eYvonne Plum\u201c<\/span> weiterlesen<\/a><\/p>\n","protected":false},"author":1,"featured_media":0,"parent":587,"menu_order":0,"comment_status":"closed","ping_status":"closed","template":"","meta":{"footnotes":""},"class_list":["post-1541","page","type-page","status-publish","hentry"],"_links":{"self":[{"href":"https:\/\/cologneweb.com\/AbisZ\/wp-json\/wp\/v2\/pages\/1541","targetHints":{"allow":["GET"]}}],"collection":[{"href":"https:\/\/cologneweb.com\/AbisZ\/wp-json\/wp\/v2\/pages"}],"about":[{"href":"https:\/\/cologneweb.com\/AbisZ\/wp-json\/wp\/v2\/types\/page"}],"author":[{"embeddable":true,"href":"https:\/\/cologneweb.com\/AbisZ\/wp-json\/wp\/v2\/users\/1"}],"replies":[{"embeddable":true,"href":"https:\/\/cologneweb.com\/AbisZ\/wp-json\/wp\/v2\/comments?post=1541"}],"version-history":[{"count":10,"href":"https:\/\/cologneweb.com\/AbisZ\/wp-json\/wp\/v2\/pages\/1541\/revisions"}],"predecessor-version":[{"id":5342,"href":"https:\/\/cologneweb.com\/AbisZ\/wp-json\/wp\/v2\/pages\/1541\/revisions\/5342"}],"up":[{"embeddable":true,"href":"https:\/\/cologneweb.com\/AbisZ\/wp-json\/wp\/v2\/pages\/587"}],"wp:attachment":[{"href":"https:\/\/cologneweb.com\/AbisZ\/wp-json\/wp\/v2\/media?parent=1541"}],"curies":[{"name":"wp","href":"https:\/\/api.w.org\/{rel}","templated":true}]}}