{"id":1466,"date":"2021-03-28T13:13:50","date_gmt":"2021-03-28T11:13:50","guid":{"rendered":"https:\/\/cologneweb.com\/AbisZ\/?page_id=1466"},"modified":"2025-08-18T13:07:38","modified_gmt":"2025-08-18T11:07:38","slug":"vita","status":"publish","type":"page","link":"https:\/\/cologneweb.com\/AbisZ\/service\/literatur\/yvonne-plum\/vita\/","title":{"rendered":"Vita"},"content":{"rendered":"\n<h2 class=\"wp-block-heading\"><a href=\"https:\/\/cologneweb.com\/AbisZ\/service\/literatur\/yvonne-plum\/\/#buchstabenblut\" target=\"_blank\" rel=\"noreferrer noopener\">Yvonne Plum<\/a><\/h2>\n\n\n\n<p class=\"has-light-gray-background-color has-background\"><a href=\"https:\/\/cologneweb.com\/AbisZ\/service\/literatur\/yvonne-plum\/lesungen-und-vortraege\/\" data-type=\"page\">Lesungen und Vortr\u00e4ge<\/a> | <a href=\"https:\/\/cologneweb.com\/AbisZ\/service\/literatur\/yvonne-plum\/publikationen\/\" data-type=\"page\">Publikationen<\/a> | <a href=\"https:\/\/cologneweb.com\/AbisZ\/service\/literatur\/yvonne-plum\/vita\/\">Texte<\/a><\/p>\n\n\n\n<hr class=\"wp-block-separator has-css-opacity\"\/>\n\n\n\n<p>Yvonne Plum wurde 1957 in K\u00f6ln als einziges Kind der Eheleute Erika und <a href=\"https:\/\/insidecologne.de\/ausstellung\" data-type=\"URL\" data-id=\"https:\/\/insidecologne.de\/ausstellung\" target=\"_blank\" rel=\"noreferrer noopener\">Erik Schwarz<\/a> geboren.<\/p>\n\n\n\n<p>1978-1981 Studium an der PH-Rheinland, Studiengang Lehramt f\u00fcr Sonderp\u00e4dagogik, Fachbereich Lernbehinderte und Erziehungsschwierige, Unterrichtsfach Kunst.<\/p>\n\n\n\n<p>1981-1993 Studium diverser Sprachen (Russisch, Spanisch, Anglistik, Niederlandistik, Germanistik) an der Fachhochschule K\u00f6ln (heute <a href=\"https:\/\/www.th-koeln.de\/\" target=\"_blank\" rel=\"noreferrer noopener\">TH K\u00f6ln<\/a>), <a href=\"https:\/\/www.uni-koeln.de\/\" target=\"_blank\" rel=\"noreferrer noopener\">Uni K\u00f6ln<\/a> und <a href=\"https:\/\/www.uni-bonn.de\/\" target=\"_blank\" rel=\"noreferrer noopener\">Uni Bonn<\/a><\/p>\n\n\n\n<div style=\"height:1px\" aria-hidden=\"true\" class=\"wp-block-spacer\"><\/div>\n\n\n\n<p>1982\u20131983 Besucherbetreuung beim <a rel=\"noreferrer noopener\" href=\"https:\/\/www1.wdr.de\/index.html\" target=\"_blank\">WDR<\/a>, deutsche und englische F\u00fchrungen<\/p>\n\n\n\n<p>1983 Heirat mit <a href=\"https:\/\/cologneweb.com\/AtelierThomasPlum\/ueber-mich\/vita\/\" target=\"_blank\" rel=\"noreferrer noopener\">Thomas Plum<\/a><\/p>\n\n\n\n<p>1985 Geburt des Sohnes <a href=\"https:\/\/foss-haas.de\/\" target=\"_blank\" rel=\"noreferrer noopener\">Alan<\/a><\/p>\n\n\n\n<p>1989\u20131993 Teilnahme an den Schreibwerkst\u00e4tten <em>Autorenwerkstatt der Uni K\u00f6ln<\/em> (mit Beteiligung an und Organisation von Lesungen) und <em>Literaturatelier<\/em><\/p>\n\n\n\n<p>1990\u20131993 Freiberufliche T\u00e4tigkeit als Stadtf\u00fchrerin f\u00fcr das <em>Verkehrsamt der Stadt K\u00f6ln<\/em> (heute: <a rel=\"noreferrer noopener\" href=\"https:\/\/koelntourismus.de\" target=\"_blank\">K\u00f6lnTourismus<\/a>). Durchf\u00fchrung von Rundg\u00e4ngen und \u2013fahrten sowie Reiseleitungen in Deutsch, Englisch und Niederl\u00e4ndisch. <\/p>\n\n\n\n<p>Dolmetscherin (vom Deutschen ins Englische) f\u00fcr das <a href=\"https:\/\/www.stadt-koeln.de\/politik-und-verwaltung\/rathaus\/index.html\" target=\"_blank\" rel=\"noreferrer noopener\">Rathaus der Stadt K\u00f6ln<\/a><\/p>\n\n\n\n<p>1993 Gr\u00fcndung des Stadtf\u00fchrungsunternehmens <em>inside Cologne City Tours<\/em> (zusammen mit <a href=\"https:\/\/cologneweb.com\/AtelierThomasPlum\/\" data-type=\"link\" data-id=\"https:\/\/cologneweb.com\/AtelierThomasPlum\/\" target=\"_blank\" rel=\"noreferrer noopener\">Thomas Plum<\/a>), seit 2002 Eventagentur <a href=\"https:\/\/insidecologne.de\" target=\"_blank\" rel=\"noreferrer noopener\">inside Cologne GmbH<\/a> (seit 2025 Gesch\u00e4ftsf\u00fchrerin)<\/p>\n\n\n\n<p>Seit 1995 freie Mitarbeit als autorisierte Dom- und Kirchenf\u00fchrerin beim <a rel=\"noreferrer noopener\" href=\"https:\/\/www.domforum.de\/\" target=\"_blank\">Domforum<\/a>. F\u00fchrungen auf Deutsch, Englisch und Niederl\u00e4ndisch<\/p>\n\n\n\n<p>1996\u20132005 Mitgliedschaft im <a href=\"http:\/\/www.vs-koeln.de\/\" target=\"_blank\" rel=\"noreferrer noopener\">VS K\u00f6ln<\/a> (Ortsgruppe des Verbandes deutscher Schriftstellerinnen und Schriftsteller in <a rel=\"noreferrer noopener\" href=\"https:\/\/www.verdi.de\/\" target=\"_blank\">ver.di<\/a>)<\/p>\n\n\n\n<p>Mitorganisation der Veranstaltungsreihe <em>Empfindsame Biester<\/em> des VS K\u00f6ln im Modeatelier Gesine Moritz. Dabei handelte es sich um zwei Lesungen der erfolgreichsten und langlebigsten Veranstaltungsreihe des <a rel=\"noreferrer noopener\" href=\"http:\/\/www.vs-koeln.de\/\" target=\"_blank\">VS K\u00f6ln<\/a><\/p>\n\n\n\n<p>1999 Leitung der Autorenwerkstatt <em>Sage und Schreibe<\/em> der <a rel=\"noreferrer noopener\" href=\"https:\/\/www.fes.de\/startseite\" target=\"_blank\">Friedrich-Ebert-Stiftung<\/a><\/p>\n\n\n\n<p>1999\u20132001 Teilnahme am <em>Creative Writing Course<\/em> des <a rel=\"noreferrer noopener\" href=\"https:\/\/anglistik.phil-fak.uni-koeln.de\/\" target=\"_blank\">Seminars f\u00fcr Anglistik der Uni K\u00f6ln<\/a><\/p>\n\n\n\n<p>1999\u20132003 Beisitzerin im Vorstand des <a rel=\"noreferrer noopener\" href=\"http:\/\/www.vs-koeln.de\/\" target=\"_blank\">VS K\u00f6ln<\/a><\/p>\n\n\n\n<p>1999\u20132015 Lesungen u.a. in K\u00f6ln, <a href=\"https:\/\/www.oberberg-aktuell.de\/index.php?id=144&amp;tx_ttnews%5Btt_news%5D=104521\" target=\"_blank\" rel=\"noreferrer noopener\">Marienheide<\/a>, Pulheim und <a href=\"https:\/\/foss-haas.de\/2015119kriminacht-2015\/\" target=\"_blank\" rel=\"noreferrer noopener\">Rheda<\/a><\/p>\n\n\n\n<p>2000\u20132002 Initiation und Durchf\u00fchrung des <em>Mondtagstreffens<\/em>, eines monatlichen Autorengespr\u00e4chs<\/p>\n\n\n\n<p>2000 Organisation zweier Lesungen in Kooperation mit dem <a href=\"https:\/\/www.koelnisches-stadtmuseum.de\/\" target=\"_blank\" rel=\"noreferrer noopener\">K\u00f6lnischen Stadtmuseum<\/a>. Koordination und Moderation der Lesung zur Ausstellung <em><a href=\"http:\/\/www.ohlow.de\/\" target=\"_blank\" rel=\"noreferrer noopener\">Eva Ohlow <\/a>\u2013 Arbeiten in Gummi<\/em>. Mitorganisation der Lesung in der Reihe <em>Empfindsame Biester<\/em> im Frauencaf\u00e9 George Sand<\/p>\n\n\n\n<p>2001\u20132007 Organisation und Durchf\u00fchrung eines monatlichen, unabh\u00e4ngigen SchriftstellerInnenstammtisches in K\u00f6ln<\/p>\n\n\n\n<p>2003\u20132004 Vorstandsvorsitzende des <a href=\"http:\/\/www.vs-koeln.de\/\" target=\"_blank\" rel=\"noreferrer noopener\">VS K\u00f6ln<\/a> (zusammen mit Margit H\u00e4hner)<\/p>\n\n\n\n<p>2010 &#8211; 2014 &nbsp;Moderation des monatlichen Leseabends in der Gastst\u00e4tte Limes in K\u00f6ln-M\u00fclheim.<\/p>\n\n\n\n<p>2011 &#8211; 2013&nbsp;&nbsp;Organisation und Moderation des monatlichen Autorentreffs \u201eDie LitterRatten\u201c, zuerst im Caf\u00e9 Bl\u00e4nke am Kulturbunker, dann im Limes in K\u00f6ln-M\u00fclheim.<\/p>\n\n\n\n<p>Seit 2014 Regelm\u00e4\u00dfige Teilnahme an <a rel=\"noreferrer noopener\" href=\"https:\/\/tinnef.koeln\/veranstaltungen\/archiv\/\" target=\"_blank\">Szene-M\u00e4rkten<\/a> (Gothic und Steampunk)<\/p>\n\n\n\n<p>2015\u20132017 Leitung des Ladenlokals <a rel=\"noreferrer noopener\" href=\"https:\/\/tinnef.koeln\/\" target=\"_blank\">Tinnef \u2013 Raum f\u00fcr Kultur und Zeitreisen<\/a> in K\u00f6ln-M\u00fclheim. Anfertigung und Verkauf von Kunst, Schmuck und Accessoires; Veranstaltung von Konzerten, Vortr\u00e4gen und Lesungen<\/p>\n\n\n\n<p>2018-2022 Organisation des monatlichen Leseabends <em>Lies mal!<\/em> f\u00fcr den Verein <a href=\"https:\/\/einraumfuermuelheim.wordpress.com\/\" target=\"_blank\" rel=\"noreferrer noopener\">Ein Raum f\u00fcr M\u00fclheim e.V.<\/a>; Organisation von <a href=\"https:\/\/tinnef.koeln\/veranstaltungen\/archiv\/\" target=\"_blank\" rel=\"noreferrer noopener\">Handmade im Veedel<\/a><\/p>\n\n\n\n<p>Seit 2023 freie Mitarbeiterin beim <a href=\"https:\/\/museumsdienst.koeln\/\" data-type=\"link\" data-id=\"https:\/\/museumsdienst.koeln\/\" target=\"_blank\" rel=\"noreferrer noopener\">Museumsdienst der Stadt K\u00f6ln<\/a> f\u00fcr F\u00fchrungen im <a href=\"https:\/\/www.koelnisches-stadtmuseum.de\/\" data-type=\"link\" data-id=\"https:\/\/www.koelnisches-stadtmuseum.de\/\" target=\"_blank\" rel=\"noreferrer noopener\">K\u00f6lnischen Stadtmuseum<\/a> und im <a href=\"https:\/\/www.stadt-koeln.de\/artikel\/05391\/index.html\" data-type=\"link\" data-id=\"https:\/\/www.stadt-koeln.de\/artikel\/05391\/index.html\" target=\"_blank\" rel=\"noreferrer noopener\">Historischen Rathaus<\/a><\/p>\n","protected":false},"excerpt":{"rendered":"<p>Yvonne Plum Lesungen und Vortr\u00e4ge | Publikationen | Texte Yvonne Plum wurde 1957 in K\u00f6ln als einziges Kind der Eheleute Erika und Erik Schwarz geboren. 1978-1981 Studium an der PH-Rheinland, Studiengang Lehramt f\u00fcr Sonderp\u00e4dagogik, Fachbereich Lernbehinderte und Erziehungsschwierige, Unterrichtsfach Kunst. 1981-1993 Studium diverser Sprachen (Russisch, Spanisch, Anglistik, Niederlandistik, Germanistik) an der Fachhochschule K\u00f6ln (heute TH &hellip; <a href=\"https:\/\/cologneweb.com\/AbisZ\/service\/literatur\/yvonne-plum\/vita\/\" class=\"more-link\"><span class=\"screen-reader-text\">\u201eVita\u201c<\/span> weiterlesen<\/a><\/p>\n","protected":false},"author":1,"featured_media":589,"parent":1541,"menu_order":0,"comment_status":"closed","ping_status":"closed","template":"","meta":{"footnotes":""},"class_list":["post-1466","page","type-page","status-publish","has-post-thumbnail","hentry"],"_links":{"self":[{"href":"https:\/\/cologneweb.com\/AbisZ\/wp-json\/wp\/v2\/pages\/1466","targetHints":{"allow":["GET"]}}],"collection":[{"href":"https:\/\/cologneweb.com\/AbisZ\/wp-json\/wp\/v2\/pages"}],"about":[{"href":"https:\/\/cologneweb.com\/AbisZ\/wp-json\/wp\/v2\/types\/page"}],"author":[{"embeddable":true,"href":"https:\/\/cologneweb.com\/AbisZ\/wp-json\/wp\/v2\/users\/1"}],"replies":[{"embeddable":true,"href":"https:\/\/cologneweb.com\/AbisZ\/wp-json\/wp\/v2\/comments?post=1466"}],"version-history":[{"count":20,"href":"https:\/\/cologneweb.com\/AbisZ\/wp-json\/wp\/v2\/pages\/1466\/revisions"}],"predecessor-version":[{"id":5341,"href":"https:\/\/cologneweb.com\/AbisZ\/wp-json\/wp\/v2\/pages\/1466\/revisions\/5341"}],"up":[{"embeddable":true,"href":"https:\/\/cologneweb.com\/AbisZ\/wp-json\/wp\/v2\/pages\/1541"}],"wp:featuredmedia":[{"embeddable":true,"href":"https:\/\/cologneweb.com\/AbisZ\/wp-json\/wp\/v2\/media\/589"}],"wp:attachment":[{"href":"https:\/\/cologneweb.com\/AbisZ\/wp-json\/wp\/v2\/media?parent=1466"}],"curies":[{"name":"wp","href":"https:\/\/api.w.org\/{rel}","templated":true}]}}