{"id":136,"date":"2021-02-26T17:18:34","date_gmt":"2021-02-26T16:18:34","guid":{"rendered":"https:\/\/cologneweb.com\/AbisZ\/?page_id=136"},"modified":"2024-08-03T21:31:40","modified_gmt":"2024-08-03T19:31:40","slug":"grinkoepfe","status":"publish","type":"page","link":"https:\/\/cologneweb.com\/AbisZ\/service\/grinkoepfe\/","title":{"rendered":"Grink\u00f6pfe"},"content":{"rendered":"\n<h1 class=\"wp-block-heading\">Altstadt-Monster<\/h1>\n\n\n<div class=\"wp-block-image is-style-default\">\n<figure class=\"alignleft size-medium\"><a href=\"https:\/\/cologneweb.com\/AbisZ\/wp-content\/uploads\/2021\/02\/grinkopf-scaled.jpg\"><img loading=\"lazy\" decoding=\"async\" width=\"300\" height=\"224\" src=\"https:\/\/cologneweb.com\/AbisZ\/wp-content\/uploads\/2021\/02\/grinkopf-300x224.jpg\" alt=\"Grinkopf\" class=\"wp-image-148\" srcset=\"https:\/\/cologneweb.com\/AbisZ\/wp-content\/uploads\/2021\/02\/grinkopf-300x224.jpg 300w, https:\/\/cologneweb.com\/AbisZ\/wp-content\/uploads\/2021\/02\/grinkopf-1024x765.jpg 1024w, https:\/\/cologneweb.com\/AbisZ\/wp-content\/uploads\/2021\/02\/grinkopf-768x574.jpg 768w, https:\/\/cologneweb.com\/AbisZ\/wp-content\/uploads\/2021\/02\/grinkopf-1536x1147.jpg 1536w, https:\/\/cologneweb.com\/AbisZ\/wp-content\/uploads\/2021\/02\/grinkopf-2048x1530.jpg 2048w, https:\/\/cologneweb.com\/AbisZ\/wp-content\/uploads\/2021\/02\/grinkopf-1568x1171.jpg 1568w\" sizes=\"auto, (max-width: 300px) 85vw, 300px\" \/><\/a><\/figure>\n<\/div>\n\n\n<p class=\"has-drop-cap\"><a href=\"https:\/\/www.cologneweb.com\/grinengl.htm\"><\/a>Am Heumarkt steht an der Ecke zum Seidmacherinneng\u00e4\u00dfchen das Gasthaus &#8222;Gilden im Zims&#8220;. Es ist eines der sch\u00f6nsten H\u00e4user in der Altstadt. Es wurde im 16. Jahrhundert durch den K\u00f6lner Ratsherren Wilhelm Peter ter Laen von Lennep gebaut. Die dicht aneinandergereihten Fenster mit ihren abgerundeten Ecken sind f\u00fcr die repr\u00e4sentativen B\u00fcrgerh\u00e4user dieser Zeit ebenso typisch wie der dreifach geschwungene Volutengiebel. An derselben Stelle befand sich bereits im 12. Jahrhundert ein Geb\u00e4ude unter dem damaligen Namen &#8222;Minnefusshaus&#8220;.<br>Hier kann man an der Seitenwand noch ein besonders gut erhaltenes Exemplar eines sogenannten Grinkopfes finden.<\/p>\n\n\n\n<p>Welches Geheimnis mag sich wohl hinter dieser grausigen Fratze verbergen? Eine alte K\u00f6lner Sage gibt darauf folgende Antwort:<\/p>\n\n\n<div class='yrm-content yrm-content-1 yrm-content-hide  ' id='yrm-TPkyl' data-id='1' data-show-status='false' data-after-action='' style=\"visibility: hidden;height: 0;\">\n\t\t\t<div id='yrm-inner-content-yrm-TPkyl' class='yrm-inner-content-wrapper yrm-cntent-1'><\/p>\n\n\n<p>Zur Zeit des Erzbischofs Anno, also gegen Ende des 11. Jahrhunderts, lebte in K\u00f6ln eine Witwe, die ganz auf sich alleine gestellt war, da sie auch keine Kinder hatte, die ihr helfen und sie unterst\u00fctzen konnten. Eines Tages ging diese Frau nun zu einem reichen K\u00f6lner Kaufmann und gab bei ihm eine ziemlich gro\u00dfe Bestellung auf. Wie es damals \u00fcblich war, wurde der Handel mit einem Handschlag besiegelt und die Ware im voraus bezahlt. Die Frau ging beruhigt nach Hause und war gewi\u00df, da\u00df der H\u00e4ndler sie schon benachrichtigen werde, wenn ihre Sachen eingetroffen seien. Doch Woche um Woche verstrich und keine Nachricht kam.<\/p>\n\n\n\n<p>Schlie\u00dflich suchte sie den Kaufmann noch einmal auf und fragte, was denn die Lieferung so lange hinausz\u00f6gere. Dieser war jedoch ein rechtes Schlitzohr und glaubte, die betagte Dame ungestraft um ihr Geld betr\u00fcgen zu k\u00f6nnen. Er stellte sich unwissend und tat so, als habe er nie einen solchen Handel mit ihr abgeschlossen, geschweige denn Geld daf\u00fcr bekommen. Als sie aber gar nicht locker lassen wollte, da begann er, sie zu beschimpfen, und forderte sie auf, ihre Zeugen zu nennen. Da sagte die Frau: &#8222;Zeugen habe ich keine, au\u00dfer Gott. M\u00f6ge der es dir vergelten, was du mir angetan hast!&#8220; Damit wandte sie sich ab und verlie\u00df das Haus.<\/p>\n\n\n<div class=\"wp-block-image is-style-default\">\n<figure class=\"alignright size-medium\"><a href=\"https:\/\/cologneweb.com\/AbisZ\/wp-content\/uploads\/2021\/03\/IMG_5390-scaled.jpg\"><img loading=\"lazy\" decoding=\"async\" width=\"300\" height=\"224\" src=\"https:\/\/cologneweb.com\/AbisZ\/wp-content\/uploads\/2021\/03\/IMG_5390-300x224.jpg\" alt=\"\" class=\"wp-image-354\" srcset=\"https:\/\/cologneweb.com\/AbisZ\/wp-content\/uploads\/2021\/03\/IMG_5390-300x224.jpg 300w, https:\/\/cologneweb.com\/AbisZ\/wp-content\/uploads\/2021\/03\/IMG_5390-1024x765.jpg 1024w, https:\/\/cologneweb.com\/AbisZ\/wp-content\/uploads\/2021\/03\/IMG_5390-768x574.jpg 768w, https:\/\/cologneweb.com\/AbisZ\/wp-content\/uploads\/2021\/03\/IMG_5390-1536x1147.jpg 1536w, https:\/\/cologneweb.com\/AbisZ\/wp-content\/uploads\/2021\/03\/IMG_5390-2048x1530.jpg 2048w, https:\/\/cologneweb.com\/AbisZ\/wp-content\/uploads\/2021\/03\/IMG_5390-1200x896.jpg 1200w\" sizes=\"auto, (max-width: 300px) 85vw, 300px\" \/><\/a><\/figure>\n<\/div>\n\n\n<p>Die Geschichte lie\u00df ihr keine Ruhe. Was war naheliegender, als das Recht bei den Sch\u00f6ffen zu suchen? So machte sie sich auf und trug ihre Klage den zw\u00f6lf Sch\u00f6ffen vor. Doch die waren von dem Kaufmann l\u00e4ngst bestochen und machten gemeinsame Sache mit ihm. Auch sie sagten der Frau, sie k\u00f6nnten ihr kein Recht geben, solange sie keine Zeugen f\u00fcr den Handel habe. Und sie antwortete wieder: &#8222;Zeugen habe ich keine, au\u00dfer Gott. M\u00f6ge der euch vergelten, was ihr mir angetan habt!&#8220;<\/p>\n\n\n\n<p>In ihrer Verzweiflung wu\u00dfte sich die Frau nun keinen anderen Rat mehr, als sich an den K\u00f6lner Erzbischof zu wenden, der in jener Zeit die Stadt regierte. Anno hielt sich damals gerade in der Abtei Siegburg auf, so da\u00df sie auch noch eine f\u00fcr sie sicherlich beschwerliche Reise auf sich nehmen mu\u00dfte. Endlich angekommen wurde sie schon bald zum Erzbischof vorgelassen, dem sie erz\u00e4hlte, wie \u00fcbel man ihr in K\u00f6ln mitgespielt hatte. Anno wurde daraufhin zornig und schwor, da\u00df er solch sch\u00e4ndliches Verhalten in seinem &#8222;Heiligen K\u00f6ln&#8220; nicht dulden werde. Sofort befahl er die Sch\u00f6ffen und den Kaufmann zu sich.<\/p>\n\n\n\n<p>Kaum waren sie angekommen, nahm er sie auch schon aufs sch\u00e4rfste ins Verh\u00f6r. Anfangs versuchten die Dreizehn zu leugnen, doch einer der Sch\u00f6ffen, der fr\u00fcher bei Anno im Dienst gestanden hatte und wu\u00dfte, was f\u00fcr ein harter Herr dieser sein konnte, r\u00fcckte schlie\u00dflich mit der Wahrheit heraus.<br>Annos Urteil erwies sich in der Tat als hart: er lie\u00df sie alle blenden. Dem einen jedoch, der die Wahrheit gestanden hatte, wurde nur ein Auge ausgestochen, so da\u00df er die anderen nach K\u00f6ln zur\u00fcckf\u00fchren konnte. \u00dcber den Hauseing\u00e4ngen der dreizehn \u00dcbelt\u00e4ter aber lie\u00df Anno grausige Steinfratzen anbringen, die wie tot oder ausgestochen wirkende Augen hatten, um die K\u00f6lner zu warnen, da\u00df sie nicht vom rechten Weg abkommen sollten, da ihnen sonst \u00e4hnliches drohen k\u00f6nnte.<\/p>\n\n\n\n<p>Soweit die Sage.<\/p>\n\n\n<div class=\"wp-block-image is-style-default\">\n<figure class=\"alignleft size-medium\"><a href=\"https:\/\/cologneweb.com\/AbisZ\/wp-content\/uploads\/2021\/03\/grinkopf5.jpg\"><img loading=\"lazy\" decoding=\"async\" width=\"225\" height=\"300\" src=\"https:\/\/cologneweb.com\/AbisZ\/wp-content\/uploads\/2021\/03\/grinkopf5-225x300.jpg\" alt=\"\" class=\"wp-image-353\" srcset=\"https:\/\/cologneweb.com\/AbisZ\/wp-content\/uploads\/2021\/03\/grinkopf5-225x300.jpg 225w, https:\/\/cologneweb.com\/AbisZ\/wp-content\/uploads\/2021\/03\/grinkopf5-768x1024.jpg 768w, https:\/\/cologneweb.com\/AbisZ\/wp-content\/uploads\/2021\/03\/grinkopf5-1152x1536.jpg 1152w, https:\/\/cologneweb.com\/AbisZ\/wp-content\/uploads\/2021\/03\/grinkopf5.jpg 1200w\" sizes=\"auto, (max-width: 225px) 85vw, 225px\" \/><\/a><\/figure>\n<\/div>\n\n\n<p>Die Wirklichkeit ist viel harmloser. Was bei den Grink\u00f6pfen auff\u00e4llt, ist, da\u00df sie keinen Unterkiefer, daf\u00fcr aber lange Metallz\u00e4hne haben, die V-f\u00f6rmig nach unten zusammengehen. Dahinter befindet sich eine kleine H\u00f6hlung in der Mauer. Und unter einem alten Grinkopf (es gibt inzwischen auch ein paar moderne, die nur noch zur Zierde dienen) befindet sich, wenn er noch an seinem alten Platz ist, ein Kellerloch. Zwischen die Z\u00e4hne steckte man eine Stange bis in die H\u00f6hlung. Dar\u00fcber wurde ein Seil gelegt und damit hatte man einen simplen aber sehr effektiven Flaschenzug, mit dem man Waren aus dem Keller holen oder auch in ihn hinunterlassen konnte. Die Fratzen dar\u00fcber dienten nur der Zierde.<\/p>\n\n\n\n<p>Text: \u00a9 <em>Yvonne Plum<\/em><\/p>\n\n\n\n<hr class=\"wp-block-separator has-css-opacity\"\/>\n\n\n<p><\/div>\n\t\t<\/div><div class='yrm-btn-wrapper yrm-btn-wrapper-1 yrm-more-button-wrapper  '\n\t\tdata-custom-more-class-name='' data-custom-less-class-name=''><span title='' data-less-title='' data-more-title='' class='yrm-toggle-expand  yrm-toggle-expand-1 ' data-rel='yrm-TPkyl' data-more='Mehr' data-less='Weniger'><span class='yrm-text-wrapper yrm-text-wrapper-custom-dimensions'><span class=\"yrm-button-text-1 yrm-button-text-span\">Mehr<\/span><\/span><\/span><\/div>\n\n\n<h2 class=\"wp-block-heading\" id=\"tid31\">Geister, Teufel, arme Seelen \u2013 das Original<\/h2>\n\n\n\n<h3 class=\"wp-block-heading\">Nicht nur der H\u00f6llenf\u00fcrst selbst soll hier schon sein Unwesen getrieben haben! Folgen Sie uns auf den Spuren der Geister der Vergangenheit zur dunklen Seite K\u00f6lns.<\/h3>\n\n\n<div class=\"wp-block-image is-style-default\">\n<figure class=\"aligncenter size-medium\"><a href=\"https:\/\/cologneweb.com\/AbisZ\/wp-content\/uploads\/2021\/03\/DSCF4709-scaled.jpg\"><img loading=\"lazy\" decoding=\"async\" width=\"300\" height=\"225\" src=\"https:\/\/cologneweb.com\/AbisZ\/wp-content\/uploads\/2021\/03\/DSCF4709-300x225.jpg\" alt=\"Wasserspeier am Dom\" class=\"wp-image-868\" srcset=\"https:\/\/cologneweb.com\/AbisZ\/wp-content\/uploads\/2021\/03\/DSCF4709-300x225.jpg 300w, https:\/\/cologneweb.com\/AbisZ\/wp-content\/uploads\/2021\/03\/DSCF4709-1024x768.jpg 1024w, https:\/\/cologneweb.com\/AbisZ\/wp-content\/uploads\/2021\/03\/DSCF4709-768x576.jpg 768w, https:\/\/cologneweb.com\/AbisZ\/wp-content\/uploads\/2021\/03\/DSCF4709-1536x1152.jpg 1536w, https:\/\/cologneweb.com\/AbisZ\/wp-content\/uploads\/2021\/03\/DSCF4709-2048x1536.jpg 2048w, https:\/\/cologneweb.com\/AbisZ\/wp-content\/uploads\/2021\/03\/DSCF4709-1200x900.jpg 1200w\" sizes=\"auto, (max-width: 300px) 85vw, 300px\" \/><\/a><figcaption class=\"wp-element-caption\">Wasserspeier am Dom<\/figcaption><\/figure>\n<\/div>\n\n\n<p class=\"has-drop-cap has-light-gray-background-color has-background\">Wo eine gro\u00dfe Kirche steht, sind Erz\u00e4hlungen vom Teufel nicht weit. Das gilt auch f\u00fcr den K\u00f6lner Dom. Doch nicht nur der H\u00f6llenf\u00fcrst soll einstmals sein Unwesen in der Stadt getrieben haben. Diese F\u00fchrung zeigt, wo au\u00dferdem spukende Milchm\u00e4dchen und B\u00fcrgermeister, tote Schiffer und heidnische D\u00e4monen nach Einbruch der Dunkelheit die Stra\u00dfen K\u00f6lns bev\u00f6lkerten.<\/p>\n\n\n\n<p class=\"has-light-gray-background-color has-background\">Der erste Ghost Walk in K\u00f6ln wurde vor \u00fcber zwanzig Jahren von der Autorin, Erz\u00e4hlerin und Stadtf\u00fchrerin <a href=\"https:\/\/cologneweb.com\/AbisZ\/service\/literatur\/yvonne-plum\/\" data-type=\"page\" data-id=\"1541\">Yvonne Plum<\/a> konzipiert. Die Tour basiert auf ihren B\u00fcchern \u201e<a href=\"https:\/\/buchung.insidecologne.de\/geister.html\" target=\"_blank\" rel=\"noreferrer noopener\">Geister, Teufel, arme Seelen<\/a>\u201c und \u201e<a href=\"https:\/\/buchung.insidecologne.de\/geisterspuk.html\" target=\"_blank\" rel=\"noreferrer noopener\">Teufelswerk und Geisterspuk<\/a>\u201c.<br>Beide Publikationen sind \u00fcber unseren <a href=\"https:\/\/cologneweb.com\/AbisZ\/service\/shop\/\">Shop<\/a> erh\u00e4ltlich. Inzwischen haben viele unserer Mitbewerber uns kopiert. Buchen Sie das Original!<\/p>\n\n\n\n<p class=\"has-light-gray-background-color has-background\">Max. 25 Teilnehmer<\/p>\n\n\n\n<p class=\"has-light-gray-background-color has-background\">Dauer ca. 1,5 Std.<\/p>\n\n\n\n<p class=\"has-light-gray-background-color has-background\">Treffpunkt: Heinzelm\u00e4nnchenbrunnen, Am Hof<\/p>\n\n\n\n<p class=\"has-light-gray-background-color has-background\">Gruppenpreis:<br>tags\u00fcber (bis 20 Uhr) \u20ac 205,-,  nachts \u20ac 235,- <br>Kost\u00fcmf\u00fchrung<br>tags\u00fcber (bis 20 Uhr) \u20ac 235,-, nachts \u20ac 265,-<\/p>\n\n\n\n<p class=\"has-yellow-background-color has-background\"><a href=\"https:\/\/buchung.insidecologne.de\/de\/buchung?tid=31\" target=\"_blank\" rel=\"noreferrer noopener\">Diese Veranstaltung (Geister, Teufel, arme Seelen \u2013 das Original) anfragen oder buchen<\/a><\/p>\n\n\n\n<hr class=\"wp-block-separator has-css-opacity\"\/>\n\n\n\n<h2 class=\"wp-block-heading\" id=\"tid65\">Schrecklich sch\u00f6ne Schauerm\u00e4rchen<\/h2>\n\n\n\n<h3 class=\"wp-block-heading\">Entdeckungsreise zu den Schaupl\u00e4tzen unheimlicher Geschichten<\/h3>\n\n\n<div class=\"wp-block-image is-style-default\">\n<figure class=\"aligncenter size-medium\"><a href=\"https:\/\/cologneweb.com\/AbisZ\/wp-content\/uploads\/2021\/03\/DSCF4713-scaled.jpg\"><img loading=\"lazy\" decoding=\"async\" width=\"225\" height=\"300\" src=\"https:\/\/cologneweb.com\/AbisZ\/wp-content\/uploads\/2021\/03\/DSCF4713-225x300.jpg\" alt=\"Wasserspeier am Dom\" class=\"wp-image-871\" srcset=\"https:\/\/cologneweb.com\/AbisZ\/wp-content\/uploads\/2021\/03\/DSCF4713-225x300.jpg 225w, https:\/\/cologneweb.com\/AbisZ\/wp-content\/uploads\/2021\/03\/DSCF4713-768x1024.jpg 768w, https:\/\/cologneweb.com\/AbisZ\/wp-content\/uploads\/2021\/03\/DSCF4713-1152x1536.jpg 1152w, https:\/\/cologneweb.com\/AbisZ\/wp-content\/uploads\/2021\/03\/DSCF4713-1536x2048.jpg 1536w, https:\/\/cologneweb.com\/AbisZ\/wp-content\/uploads\/2021\/03\/DSCF4713-1200x1600.jpg 1200w, https:\/\/cologneweb.com\/AbisZ\/wp-content\/uploads\/2021\/03\/DSCF4713-scaled.jpg 1920w\" sizes=\"auto, (max-width: 225px) 85vw, 225px\" \/><\/a><figcaption class=\"wp-element-caption\">Wasserspeier am Dom<\/figcaption><\/figure>\n<\/div>\n\n\n<p class=\"has-drop-cap has-light-gray-background-color has-background\">Fr\u00fcher soll es in K\u00f6ln an manchen Stellen gespukt haben. Da erschien bei Nacht eine wei\u00dfe Frau, dort eine lichterloh brennende Kutsche. An manchen H\u00e4usern h\u00e4ngen heute seltsame steinerne Gestalten, mit deren lebendigen Vorbildern es ein gar furchtbares Ende genommen haben soll. Was es mit all dem auf sich hat, erkl\u00e4rt dieser spannende Stadtrundgang.<br><\/p>\n\n\n\n<p class=\"has-light-gray-background-color has-background\"><em>Empfohlenes Alter: 6-10 Jahre, Begleitung durch Erwachsene erforderlich.<\/em><\/p>\n\n\n\n<p>Der erste Ghost Walk in K\u00f6ln wurde vor fast zwanzig Jahren von der Autorin, Erz\u00e4hlerin und Stadtf\u00fchrerin <a href=\"https:\/\/cologneweb.com\/AbisZ\/service\/literatur\/yvonne-plum\/\" data-type=\"page\" data-id=\"1541\">Yvonne Plum<\/a> konzipiert. Die Tour basiert auf ihren B\u00fcchern \u201e<a href=\"https:\/\/buchung.insidecologne.de\/geister.html\" target=\"_blank\" rel=\"noreferrer noopener\">Geister, Teufel, arme Seelen<\/a>\u201c und \u201e<a href=\"https:\/\/buchung.insidecologne.de\/geisterspuk.html\" target=\"_blank\" rel=\"noreferrer noopener\">Teufelswerk und Geisterspuk<\/a>\u201c.<br>Beide Publikationen sind \u00fcber unseren <a href=\"https:\/\/cologneweb.com\/AbisZ\/service\/shop\/\">Shop<\/a> erh\u00e4ltlich.<\/p>\n\n\n\n<p class=\"has-light-gray-background-color has-background\">Max. 30 Personen<\/p>\n\n\n\n<p class=\"has-light-gray-background-color has-background\">Dauer 1 \u2013 1,5 Std.<\/p>\n\n\n\n<p class=\"has-light-gray-background-color has-background\">Treffpunkt: Heinzelm\u00e4nnchenbrunnen, Am Hof<\/p>\n\n\n\n<p class=\"has-light-gray-background-color has-background\">Gruppenpreis \u20ac 165,-<\/p>\n\n\n\n<p class=\"has-yellow-background-color has-background\"><a href=\"https:\/\/buchung.insidecologne.de\/de\/buchung?tid=65\" target=\"_blank\" rel=\"noreferrer noopener\">Diese Veranstaltung (Schrecklich sch\u00f6ne Schauerm\u00e4rchen) anfragen oder buchen<\/a><\/p>\n\n\n\n<hr class=\"wp-block-separator has-css-opacity\"\/>\n\n\n\n<h2 class=\"wp-block-heading\" id=\"tid41\">Kunst, Kitsch und Kurioses<\/h2>\n\n\n\n<h3 class=\"wp-block-heading\">Von der Himmelss\u00e4ule bis zum Kallendresser<\/h3>\n\n\n<div class=\"wp-block-image is-style-default\">\n<figure class=\"aligncenter size-medium\"><a href=\"https:\/\/cologneweb.com\/AbisZ\/wp-content\/uploads\/2021\/03\/kallendresser-altermarkt.jpg\"><img loading=\"lazy\" decoding=\"async\" width=\"300\" height=\"266\" src=\"https:\/\/cologneweb.com\/AbisZ\/wp-content\/uploads\/2021\/03\/kallendresser-altermarkt-300x266.jpg\" alt=\"Kallendresser am Alter Markt von Ewald Matar\u00e9\" class=\"wp-image-408\" srcset=\"https:\/\/cologneweb.com\/AbisZ\/wp-content\/uploads\/2021\/03\/kallendresser-altermarkt-300x266.jpg 300w, https:\/\/cologneweb.com\/AbisZ\/wp-content\/uploads\/2021\/03\/kallendresser-altermarkt-768x680.jpg 768w, https:\/\/cologneweb.com\/AbisZ\/wp-content\/uploads\/2021\/03\/kallendresser-altermarkt.jpg 973w\" sizes=\"auto, (max-width: 300px) 85vw, 300px\" \/><\/a><figcaption class=\"wp-element-caption\">Kallendresser am Alter Markt<\/figcaption><\/figure>\n<\/div>\n\n\n<p class=\"has-drop-cap has-light-gray-background-color has-background\">Sie sind einfach da: Kunstwerke im Stra\u00dfenraum. Stehen mehr oder weniger beachtet, gew\u00fcrdigt oder diskutiert herum. Werden be\u00e4ugt, bef\u00fchlt, besch\u00e4digt, l\u00f6sen tiefsinnige Betrachtungen oder blankes Unverst\u00e4ndnis aus. Laden zum Verweilen ein oder werden einfach \u00fcbersehen. Die K\u00f6lner City ist reich an Beispielen f\u00fcr jede dieser Varianten des Umgangs mit Kunst. Die F\u00fchrung zeigt Werke, die neben gro\u00dfen Museen und weltbekannten Kirchen oft ein Schattendasein f\u00fchren, hilft beim Verst\u00e4ndnis und nimmt im \u00dcbrigen die Kunst nicht ernster als diese sich selbst.<\/p>\n\n\n\n<p class=\"has-light-gray-background-color has-background\">Diese Tour wurde von dem K\u00fcnstler und Kulturvermittler<a href=\"https:\/\/cologneweb.com\/AtelierThomasPlum\/\" data-type=\"link\" data-id=\"https:\/\/cologneweb.com\/AtelierThomasPlum\/\" target=\"_blank\" rel=\"noreferrer noopener\"> Dr.Thomas Plum<\/a> konzipiert, der sie auch selber f\u00fchrt.<\/p>\n\n\n\n<p class=\"has-light-gray-background-color has-background\">Max. 25 Personen<\/p>\n\n\n\n<p class=\"has-light-gray-background-color has-background\">Dauer: ca. 1,5 Std.<\/p>\n\n\n\n<p class=\"has-light-gray-background-color has-background\">Treffpunkt: Heinzelm\u00e4nnchenbrunnen, Am Hof<\/p>\n\n\n\n<p class=\"has-light-gray-background-color has-background\">Gruppenpreis \u20ac 205,-<\/p>\n\n\n\n<p class=\"has-yellow-background-color has-background\"><a href=\"https:\/\/buchung.insidecologne.de\/de\/buchung?tid=41\" target=\"_blank\" rel=\"noreferrer noopener\">Diese Veranstaltung (Kunst, Kitsch und Kurioses) anfragen oder buchen<\/a><\/p>\n\n\n\n<hr class=\"wp-block-separator has-css-opacity\"\/>\n\n\n\n<hr class=\"wp-block-separator has-css-opacity\"\/>\n\n\n\n<p><a href=\"https:\/\/cologneweb.com\/AbisZ\/service\/grinkoepfe\/grinkopf-stone-masks\/\" data-type=\"page\" data-id=\"139\">Grinkopf Stone Masks<\/a><\/p>\n","protected":false},"excerpt":{"rendered":"<p>Altstadt-Monster Am Heumarkt steht an der Ecke zum Seidmacherinneng\u00e4\u00dfchen das Gasthaus &#8222;Gilden im Zims&#8220;. Es ist eines der sch\u00f6nsten H\u00e4user in der Altstadt. Es wurde im 16. Jahrhundert durch den K\u00f6lner Ratsherren Wilhelm Peter ter Laen von Lennep gebaut. Die dicht aneinandergereihten Fenster mit ihren abgerundeten Ecken sind f\u00fcr die repr\u00e4sentativen B\u00fcrgerh\u00e4user dieser Zeit ebenso &hellip; <a href=\"https:\/\/cologneweb.com\/AbisZ\/service\/grinkoepfe\/\" class=\"more-link\"><span class=\"screen-reader-text\">\u201eGrink\u00f6pfe\u201c<\/span> weiterlesen<\/a><\/p>\n","protected":false},"author":1,"featured_media":0,"parent":23,"menu_order":0,"comment_status":"closed","ping_status":"closed","template":"","meta":{"footnotes":""},"class_list":["post-136","page","type-page","status-publish","hentry"],"_links":{"self":[{"href":"https:\/\/cologneweb.com\/AbisZ\/wp-json\/wp\/v2\/pages\/136","targetHints":{"allow":["GET"]}}],"collection":[{"href":"https:\/\/cologneweb.com\/AbisZ\/wp-json\/wp\/v2\/pages"}],"about":[{"href":"https:\/\/cologneweb.com\/AbisZ\/wp-json\/wp\/v2\/types\/page"}],"author":[{"embeddable":true,"href":"https:\/\/cologneweb.com\/AbisZ\/wp-json\/wp\/v2\/users\/1"}],"replies":[{"embeddable":true,"href":"https:\/\/cologneweb.com\/AbisZ\/wp-json\/wp\/v2\/comments?post=136"}],"version-history":[{"count":26,"href":"https:\/\/cologneweb.com\/AbisZ\/wp-json\/wp\/v2\/pages\/136\/revisions"}],"predecessor-version":[{"id":4850,"href":"https:\/\/cologneweb.com\/AbisZ\/wp-json\/wp\/v2\/pages\/136\/revisions\/4850"}],"up":[{"embeddable":true,"href":"https:\/\/cologneweb.com\/AbisZ\/wp-json\/wp\/v2\/pages\/23"}],"wp:attachment":[{"href":"https:\/\/cologneweb.com\/AbisZ\/wp-json\/wp\/v2\/media?parent=136"}],"curies":[{"name":"wp","href":"https:\/\/api.w.org\/{rel}","templated":true}]}}