{"id":1240,"date":"2021-03-19T13:24:00","date_gmt":"2021-03-19T12:24:00","guid":{"rendered":"https:\/\/cologneweb.com\/AbisZ\/?page_id=1240"},"modified":"2025-02-19T20:21:43","modified_gmt":"2025-02-19T19:21:43","slug":"historie","status":"publish","type":"page","link":"https:\/\/cologneweb.com\/AbisZ\/service\/historie\/","title":{"rendered":"Historie"},"content":{"rendered":"\n<p><a href=\"https:\/\/cologneweb.com\/AbisZ\/service\/agrippina\/\" data-type=\"page\" data-id=\"273\">Agrippina<\/a><\/p>\n\n\n\n<p><a href=\"https:\/\/cologneweb.com\/AbisZ\/service\/begraebnisse-im-fruehen-koeln\/\" data-type=\"page\" data-id=\"316\">Begr\u00e4bnisse im fr\u00fchen K\u00f6ln<\/a><\/p>\n\n\n\n<p><a href=\"https:\/\/cologneweb.com\/AbisZ\/service\/chronik-der-stadt-koeln\/\" data-type=\"page\" data-id=\"115\">Chronik der Stadt K\u00f6ln<\/a><\/p>\n\n\n\n<p><a href=\"https:\/\/cologneweb.com\/AbisZ\/service\/eine-kurze-geschichte-der-stadt-koeln\/\" data-type=\"page\" data-id=\"131\">Eine kurze Geschichte der Stadt K\u00f6ln<\/a><\/p>\n\n\n\n<p><a href=\"https:\/\/cologneweb.com\/AbisZ\/service\/stadtwappen\/\" data-type=\"page\" data-id=\"236\">Das K\u00f6lner Stadtwappen<\/a><\/p>\n\n\n\n<p><a href=\"https:\/\/insidecologne.de\/angebote\/koelner-stadtgeschichte\/\" target=\"_blank\" rel=\"noreferrer noopener\">F\u00fchrungen zur K\u00f6lner Stadtgeschichte<\/a><\/p>\n\n\n\n<p><a href=\"https:\/\/cologneweb.com\/AbisZ\/service\/st-ursula-stadtpatronin-von-koeln\/\" data-type=\"page\" data-id=\"229\">St. Ursula &#8211; Stadtpatronin von K\u00f6ln<\/a><\/p>\n\n\n\n\n\n<p><a href=\"https:\/\/www.roemisch-germanisches-museum.de\/Startseite\" target=\"_blank\" rel=\"noreferrer noopener\">R\u00f6misch-Germanisches Museum<\/a><\/p>\n\n\n\n<p><a rel=\"noreferrer noopener\" href=\"https:\/\/www.koelnisches-stadtmuseum.de\/\" target=\"_blank\">K\u00f6lnisches Stadtmuseum<\/a><\/p>\n\n\n\n<p><a rel=\"noreferrer noopener\" href=\"https:\/\/www.stadt-koeln.de\/leben-in-koeln\/kultur\/historisches-archiv\/index.html\" target=\"_blank\">Historisches Archiv der Stadt K\u00f6ln<\/a><\/p>\n\n\n\n<p><a href=\"https:\/\/www.erzbistum-koeln.de\/kultur_und_bildung\/historisches-archiv\/\" target=\"_blank\" rel=\"noreferrer noopener\">Historisches Archiv des Erzbistums K\u00f6ln<\/a><\/p>\n\n\n\n<p><a href=\"https:\/\/www.fortis-colonia.de\/\" target=\"_blank\" rel=\"noreferrer noopener\">FORTIS COLONIA <\/a><\/p>\n\n\n\n<hr class=\"wp-block-separator has-css-opacity\"\/>\n\n\n\n<h2 class=\"wp-block-heading\" id=\"tid4\">Die K\u00f6ln-Story: K\u00f6ln f\u00fcr Einsteiger<\/h2>\n\n\n\n<h3 class=\"wp-block-heading\">Stadtwanderung zu Historie und Hist\u00f6rchen \u2013 f\u00fcr K\u00f6lner und solche, die es werden wollen<\/h3>\n\n\n<div class=\"wp-block-image is-style-default\">\n<figure class=\"aligncenter\"><img decoding=\"async\" src=\"https:\/\/insidecologne.de\/wp-content\/uploads\/2020\/10\/reiterdenkmal1.jpg\" alt=\"Denkmal f\u00fcr K\u00f6nig Friedrich Wilhelm III. auf dem Heumarkt\" class=\"wp-image-1438\"\/><\/figure>\n<\/div>\n\n\n<p class=\"has-light-gray-background-color has-background\">2000 Jahre Stadtgeschichte im unterhaltsamen \u00dcberblick! Die K\u00f6lner blicken stolz und selbstbewusst auf Geschichte ihrer Stadt zur\u00fcck. Diese F\u00fchrung bietet einen Grundkurs in Sachen K\u00f6ln, zeigt die wichtigsten Stationen seiner bewegten Geschichte von den Tagen der R\u00f6mer bis in die Nachkriegszeit und erkl\u00e4rt, was die Metropole am Rhein bis heute so lebenswert macht.<\/p>\n\n\n\n<p class=\"has-light-gray-background-color has-background\"><br>Max. 25 Teilnehmer<\/p>\n\n\n\n<p class=\"has-light-gray-background-color has-background\">Dauer: ca. 1,5 Std.<\/p>\n\n\n\n<p class=\"has-light-gray-background-color has-background\">Treffpunkt: Kreuzblume, Kardinal-H\u00f6ffner-Platz (gegen\u00fcber den Domt\u00fcrmen)<\/p>\n\n\n\n<p class=\"has-light-gray-background-color has-background\">Gruppenpreis: \u20ac 205,-<\/p>\n\n\n\n<p class=\"has-yellow-background-color has-background\"><a href=\"https:\/\/buchung.insidecologne.de\/de\/buchung?tid=4\">Diese Veranstaltung (Die K\u00f6ln-Story: K\u00f6ln f\u00fcr Einsteiger) anfragen oder buchen<\/a><\/p>\n","protected":false},"excerpt":{"rendered":"<p>Agrippina Begr\u00e4bnisse im fr\u00fchen K\u00f6ln Chronik der Stadt K\u00f6ln Eine kurze Geschichte der Stadt K\u00f6ln Das K\u00f6lner Stadtwappen F\u00fchrungen zur K\u00f6lner Stadtgeschichte St. Ursula &#8211; Stadtpatronin von K\u00f6ln R\u00f6misch-Germanisches Museum K\u00f6lnisches Stadtmuseum Historisches Archiv der Stadt K\u00f6ln Historisches Archiv des Erzbistums K\u00f6ln FORTIS COLONIA Die K\u00f6ln-Story: K\u00f6ln f\u00fcr Einsteiger Stadtwanderung zu Historie und Hist\u00f6rchen \u2013 &hellip; <a href=\"https:\/\/cologneweb.com\/AbisZ\/service\/historie\/\" class=\"more-link\"><span class=\"screen-reader-text\">\u201eHistorie\u201c<\/span> weiterlesen<\/a><\/p>\n","protected":false},"author":1,"featured_media":0,"parent":23,"menu_order":0,"comment_status":"closed","ping_status":"closed","template":"","meta":{"footnotes":""},"class_list":["post-1240","page","type-page","status-publish","hentry"],"_links":{"self":[{"href":"https:\/\/cologneweb.com\/AbisZ\/wp-json\/wp\/v2\/pages\/1240","targetHints":{"allow":["GET"]}}],"collection":[{"href":"https:\/\/cologneweb.com\/AbisZ\/wp-json\/wp\/v2\/pages"}],"about":[{"href":"https:\/\/cologneweb.com\/AbisZ\/wp-json\/wp\/v2\/types\/page"}],"author":[{"embeddable":true,"href":"https:\/\/cologneweb.com\/AbisZ\/wp-json\/wp\/v2\/users\/1"}],"replies":[{"embeddable":true,"href":"https:\/\/cologneweb.com\/AbisZ\/wp-json\/wp\/v2\/comments?post=1240"}],"version-history":[{"count":12,"href":"https:\/\/cologneweb.com\/AbisZ\/wp-json\/wp\/v2\/pages\/1240\/revisions"}],"predecessor-version":[{"id":5126,"href":"https:\/\/cologneweb.com\/AbisZ\/wp-json\/wp\/v2\/pages\/1240\/revisions\/5126"}],"up":[{"embeddable":true,"href":"https:\/\/cologneweb.com\/AbisZ\/wp-json\/wp\/v2\/pages\/23"}],"wp:attachment":[{"href":"https:\/\/cologneweb.com\/AbisZ\/wp-json\/wp\/v2\/media?parent=1240"}],"curies":[{"name":"wp","href":"https:\/\/api.w.org\/{rel}","templated":true}]}}