{"id":122,"date":"2021-02-26T16:44:01","date_gmt":"2021-02-26T15:44:01","guid":{"rendered":"https:\/\/cologneweb.com\/AbisZ\/?page_id=122"},"modified":"2026-01-07T17:07:17","modified_gmt":"2026-01-07T16:07:17","slug":"bildung","status":"publish","type":"page","link":"https:\/\/cologneweb.com\/AbisZ\/service\/bildung\/","title":{"rendered":"Bildung und Studium"},"content":{"rendered":"\n<h2 class=\"wp-block-heading\">Hochschulen und andere Forschungs- und Bildungseinrichtungen<\/h2>\n\n\n\n<figure class=\"wp-block-embed is-type-wp-embed is-provider-cologneweb-stadtinformation-k-ln wp-block-embed-cologneweb-stadtinformation-k-ln\"><div class=\"wp-block-embed__wrapper\">\n<blockquote class=\"wp-embedded-content\" data-secret=\"hyMuGMzy0r\"><a href=\"https:\/\/cologneweb.com\/AbisZ\/service\/empfehlungen\/management-studium-2030-warum-kreativitaet-die-neue-waehrung-ist\/\">Management-Studium 2030: Warum Kreativit\u00e4t die neue W\u00e4hrung ist<\/a><\/blockquote><iframe loading=\"lazy\" class=\"wp-embedded-content\" sandbox=\"allow-scripts\" security=\"restricted\" style=\"position: absolute; visibility: hidden;\" title=\"&#8222;Management-Studium 2030: Warum Kreativit\u00e4t die neue W\u00e4hrung ist&#8220; &#8212; CologneWeb - Stadtinformation K\u00f6ln\" src=\"https:\/\/cologneweb.com\/AbisZ\/service\/empfehlungen\/management-studium-2030-warum-kreativitaet-die-neue-waehrung-ist\/embed\/#?secret=CM0F5Jrbkc#?secret=hyMuGMzy0r\" data-secret=\"hyMuGMzy0r\" width=\"600\" height=\"338\" frameborder=\"0\" marginwidth=\"0\" marginheight=\"0\" scrolling=\"no\"><\/iframe>\n<\/div><\/figure>\n\n\n<div class=\"wp-block-image is-style-default\">\n<figure class=\"alignleft size-large\"><img loading=\"lazy\" decoding=\"async\" width=\"150\" height=\"306\" src=\"https:\/\/cologneweb.com\/AbisZ\/wp-content\/uploads\/2021\/02\/albert.jpg\" alt=\"Gerhard Marcks' &quot;Albertus Magnus&quot; ist ein Denkmal des Bildhauers, das 1956 vor der Universit\u00e4t zu K\u00f6ln aufgestellt wurde und den Universalgelehrten Albert den Gro\u00dfen darstellt, der als Namensgeber und Symbol f\u00fcr die Universit\u00e4t steht und Studierende zu wissenschaftlicher Besch\u00e4ftigung einl\u00e4dt.\" class=\"wp-image-246\" srcset=\"https:\/\/cologneweb.com\/AbisZ\/wp-content\/uploads\/2021\/02\/albert.jpg 150w, https:\/\/cologneweb.com\/AbisZ\/wp-content\/uploads\/2021\/02\/albert-147x300.jpg 147w\" sizes=\"auto, (max-width: 150px) 85vw, 150px\" \/><\/figure>\n<\/div>\n\n\n<p><a href=\"https:\/\/filmschule.de\" target=\"_blank\" rel=\"noreferrer noopener\">internationale filmschule k\u00f6ln<\/a><br>Die ifs internationale filmschule k\u00f6ln ist eine k\u00fcnstlerisch-wissenschaftlich ausgerichtete Aus- und Weiterbildungsinstitution f\u00fcr Medienschaffende.<\/p>\n\n\n\n<figure class=\"wp-block-image size-large\"><img decoding=\"async\" src=\"https:\/\/ism.de\/templates\/yootheme\/cache\/b7\/logo-ism-b785933f.webp\" alt=\"International School of Management\nCampus K\u00f6ln\nhttps:\/\/ism.de\/\"\/><\/figure>\n\n\n\n<p><a href=\"https:\/\/ism.de\/campus\/koeln\">ISM &#8211; International School of Management<\/a><br><a href=\"http:\/\/www.fh-koeln.de\/\" target=\"_blank\" rel=\"noreferrer noopener\">Fachhochschule K\u00f6ln<\/a><br><a href=\"http:\/\/www.kisd.de\/\" target=\"_blank\" rel=\"noreferrer noopener\">K\u00f6ln International School of Design<\/a><br><a href=\"http:\/\/www.khm.de\" target=\"_blank\" rel=\"noreferrer noopener\">Kunsthochschule f\u00fcr Medien K\u00f6ln<\/a><br><a href=\"http:\/\/www.mpi-fg-koeln.mpg.de\/\" target=\"_blank\" rel=\"noreferrer noopener\">Max-Planck-Institut f\u00fcr Gesellschaftsforschung<\/a><br><a href=\"http:\/\/www.mpiz-koeln.mpg.de\/\" target=\"_blank\" rel=\"noreferrer noopener\">Max-Planck-Institut f\u00fcr Z\u00fcchtungsforschung<\/a><br><a href=\"https:\/\/www.hfmt-koeln.de\/\" target=\"_blank\" rel=\"noreferrer noopener\">Hochschule f\u00fcr Musik und Tanz K\u00f6ln<\/a><br><a href=\"http:\/\/www.dshs-koeln.de\/\" target=\"_blank\" rel=\"noreferrer noopener\">Deutsche Sporthochschule K\u00f6ln<\/a><br><a href=\"http:\/\/www.uni-koeln.de\/\" target=\"_blank\" rel=\"noreferrer noopener\">Universit\u00e4t zu K\u00f6ln<\/a><br><a href=\"http:\/\/www.stadt-koeln.de\/vhs\" target=\"_blank\" rel=\"noreferrer noopener\">Volkshochschule K\u00f6ln<\/a><br><a href=\"https:\/\/cologneweb.com\/AbisZ\/service\/schulen\/\">Schulen<\/a><\/p>\n\n\n\n<h2 class=\"wp-block-heading\">Infos rund um Bildung und Studium<\/h2>\n\n\n\n<p><a rel=\"noreferrer noopener\" href=\"https:\/\/www.bildung.koeln.de\/\" target=\"_blank\">bildung.koeln.de &#8211; Das K\u00f6lner Bildungsportal<\/a> <br><a rel=\"noreferrer noopener\" href=\"https:\/\/erudera.com\/mba\/mba-in-germany\/\" target=\"_blank\">MBA in Germany Guide<\/a><br><a rel=\"noreferrer noopener\" href=\"https:\/\/www.mba-studium.net\/studiengaenge\" target=\"_blank\">mba-studium.net<\/a><br><a rel=\"noreferrer noopener\" href=\"https:\/\/www.fernstudium-kompakt.de\/programme\" target=\"_blank\">Fernstudieng\u00e4nge im Vergleich<\/a><br><a rel=\"noreferrer noopener\" href=\"https:\/\/www.bachelormaster.net\/studiengaenge\" target=\"_blank\">Bachelor Studieng\u00e4nge im Vergleich<\/a><br><a rel=\"noreferrer noopener\" href=\"https:\/\/www.masterstudium.org\/masterstudiengaenge\" target=\"_blank\">Master Studieng\u00e4nge im Vergleich<\/a><br><a rel=\"noreferrer noopener\" href=\"https:\/\/www.careeradvisor.de\/jobs\" target=\"_blank\">Jobsuchmaschine f\u00fcr Abiturienten<\/a><br><a rel=\"noreferrer noopener\" href=\"https:\/\/www.vergleich.org\/mba-fernstudium\/\" target=\"_blank\">MBA-Fernstudium bei Vergleich.org<\/a><br><em>Vergleich.org hat die MBA-Studieng\u00e4nge von sieben anerkannten Hochschulen miteinander verglichen und spricht in einer \u00fcbersichtlichen Darstellung eine Empfehlung aus. Weiter h\u00e4lt ein Ratgebertext hilfreiche Informationen f\u00fcr Interessenten bereit.<\/em><br><a rel=\"noreferrer noopener\" href=\"http:\/\/www.fernstudium-direkt.de\" target=\"_blank\">Fernstudium Direkt<\/a><br><em>Vergleichen und bewerten Sie Fernstudieng\u00e4nge und Weiterbildungen. Fernstudium Direkt hilft Ihnen bei der Wahl des passenden Fernstudiums.<\/em><br><a rel=\"noreferrer noopener\" href=\"http:\/\/www.fernstudiumcheck.de\" target=\"_blank\">FernstudiumCheck<\/a><br><em>FernstudiumCheck erm\u00f6glicht es eingeschriebenen Studenten und Absolventen, Erfahrungsberichte \u00fcber ihr Fernstudium zu verfassen und diese Erfahrungen mit Studieninteressenten zu teilen. Diese Erfahrungsberichte dienen vielen Interessenten als wertvolle Orientierungshilfe bei der f\u00fcr sie so zentralen Frage \u201eWelcher Fernstudiengang ist der richtige f\u00fcr mich?\u201c. Die Nutzung des Portals ist hierbei selbstredend kostenfrei und ohne Anmeldung m\u00f6glich.<\/em><br><a rel=\"noreferrer noopener\" href=\"http:\/\/master-mba-fernstudium.de\" target=\"_blank\">Master und MBA Fernstudium<\/a><br><em>master-mba-fernstudium.de ist eine umfassende Suchmaschine f\u00fcr Master und MBA Fernstudieng\u00e4nge in Deutschland.<\/em><br><a rel=\"noreferrer noopener\" href=\"https:\/\/fernstudium-in-deutschland.de\" target=\"_blank\">Fernstudium in Deutschland<\/a><br><em>Hier finden Sie alle Informationen rund um das Fernstudium in Deutschland. Wer mit dem Gedanken spielt, sich weiterzubilden oder beruflich voran kommen m\u00f6chte und dazu ein Fernstudium in Deutschland anfangen will, findet auf schnell und einfach die passenden Informationen zu den jeweiligen Fernstudieng\u00e4ngen.<\/em>)<br><a rel=\"noreferrer noopener\" href=\"http:\/\/www.seigopo.com\" target=\"_blank\">Seigopo.de<\/a><br><em>Studenten und Absolventen des Studienganges Erziehungswissenschaft der Universit\u00e4t Jena haben im Rahmen eines gemeinsamen Projektes diese Informationsplattform ins Leben gerufen. Ziel ist es, alle wichtigen Infos zu weiterbildenden Studieng\u00e4ngen, Master, Fernstudium, Zweitstudium und Co. zu liefern. Daf\u00fcr werden Erfahrungsberichte, Infos von und f\u00fcr Studierende, Videos, Lehrpl\u00e4ne, Bewertungen, Neuigkeiten und vieles mehr geboten. Seigopo.de bleibt dabei neutral und informativ.<\/em><br><a rel=\"noreferrer noopener\" href=\"http:\/\/www.edumagazin.de\" target=\"_blank\">Studentische Initiative EduMagazin.de<\/a><br><em>Diese Initiative am Technologiepark der Universit\u00e4t Dortmund bietet umfassende und hilfreiche Informationen rund um das Studium<\/em><br><a rel=\"noreferrer noopener\" href=\"http:\/\/www.studero.de\/k%F6ln\/startseite\" target=\"_blank\">studero.de<\/a><br><em>Das Studentenportal mit Schwarzem Brett f\u00fcr K\u00f6ln &#8211; Neben Kleinanzeigen, Wohnungsgesuchen und Mitfahrgelegenheiten in deiner Region bietet studero.de auch eine Jobb\u00f6rse, sowie einen Partyplaner und eine Mitschriftentauschb\u00f6rse speziell f\u00fcr deine Uni\/FH.<\/em><br><a rel=\"noreferrer noopener\" href=\"http:\/\/www.forumf.de\" target=\"_blank\">forumF &#8211; IT-Kompetenzzentrum<\/a><br><a rel=\"noreferrer noopener\" href=\"http:\/\/www.studienwahl.de\/\" target=\"_blank\">Studien- und Berufswahl<\/a><br><a rel=\"noreferrer noopener\" href=\"http:\/\/www.uni-vergleich.de\/\" target=\"_blank\">Uni-Vergleich.de<\/a><br><a rel=\"noreferrer noopener\" href=\"http:\/\/www.master-vergleich.com\" target=\"_blank\">Master-Vergleich<\/a><br><a rel=\"noreferrer noopener\" href=\"http:\/\/www.bildung.de\/studium\/bachelor\/\" target=\"_blank\">Bachelorstudiengangsuche auf Bildung.de<\/a><br><a rel=\"noreferrer noopener\" href=\"http:\/\/www.bildung.de\/studium\/master\/\" target=\"_blank\">Masterstudiengangsuche auf Bildung.de<\/a><br><a rel=\"noreferrer noopener\" href=\"http:\/\/www.fh-studiengang.de\" target=\"_blank\">fh-studiengang.de &#8211; Berufsbegleitende Studienangebote in Deutschland<\/a><br><em>F\u00fchrend im Bereich berufsbegleitender Studieng\u00e4nge \/ Fernstudium in Deutschland mit den Abschl\u00fcssen Bachelor &amp; Master. Neben Anbieter- und Hochschulinformationen finden angehende Studenten auf jedem Studiengang- oder Weiterbildungsprofil ausf\u00fchrliche Informationen rund um das jeweilige Angebot. Erg\u00e4nzt wird fh-studiengang.de durch eine eigene Studentenjobb\u00f6rse, sowie Inhalte aus dem Themen F\u00f6rderung im Studium\/Weiterbildung, Sprachreisen, einem Glossar und studentischen Themen.<\/em><br><a rel=\"noreferrer noopener\" href=\"http:\/\/www.bachelorstudium.de\" target=\"_blank\">bachelorstudium.de &#8211; Informationen zu Bachelorstudieng\u00e4ngen, Hochschulen, Tipps\/Hinweisen zur Studienwahl<\/a><br><em>Bachelorstudium.de bietet mit seiner interaktiven Hochschulkarte eine Komplett\u00fcbersicht \u00fcber deutsche Hochschulen und Hochschuleinrichtungen.<br>Das Portal wird stetig durch neue Inhalte und Studienm\u00f6glichkeiten erg\u00e4nzt und bietet Besuchern dar\u00fcberhinaus n\u00fctzliche Inhalte zur Begriffs- und Titeldefinition.<\/em><br><a rel=\"noreferrer noopener\" href=\"http:\/\/www.mba-studium.de\" target=\"_blank\">MBA-Studium.de &#8211; Berufsbegleitendes MBA Portal<\/a><br><em>Informationen zu einzelnen MBA Studieng\u00e4ngen und deren Anbieter<\/em><br><a rel=\"noreferrer noopener\" href=\"http:\/\/www.fern-studium.de\" target=\"_blank\">Fern-Studium.de &#8211; Fern-Studium.de Fernstudium subakademisch und akademisch<\/a><br><em>Fern-Studium.de bietet eine Vielzahl von ausf\u00fchrlichen Inhalten zu subakademischen und akademischen Fernstudieng\u00e4ngen.<\/em><br><a rel=\"noreferrer noopener\" href=\"http:\/\/www.psychologie-studieren.de\" target=\"_blank\">Psychologie-Studieren.de &#8211; Psychologiestudium in Deutschland<\/a><br><em>\u00dcbersicht \u00fcber Studienangebote im FB Psychologie und Hochschulen die ein Psychologiestudium erm\u00f6glichen<\/em><br><a rel=\"noreferrer noopener\" href=\"http:\/\/www.studentenwerke.net\" target=\"_blank\">Studentenwerke.net &#8211; Informationen zu den deutschen Studentenwerken und Studierendenwerken<\/a><br><a rel=\"noreferrer noopener\" href=\"http:\/\/www.studieren-berufsbegleitend.de\/berufsbegleitendes-studium-und-fernstudium\/berufsbegleitendes-studium-praesenz-versus-fernstudium\/\" target=\"_blank\">Berufsbegleitendes Studium<\/a><br><a rel=\"noreferrer noopener\" href=\"http:\/\/www.wegweiser-duales-studium.de\/vorteile-nachteile\/\" target=\"_blank\">Vor- und Nachteile des dualen Studiums<\/a><br><a rel=\"noreferrer noopener\" href=\"http:\/\/www.medien-studieren.net\" target=\"_blank\">medien-studieren.net<\/a><br><em>Du m\u00f6chtest \u201ewas mit Medien studieren\u201c, suchst aber noch nach dem richtigen Studiengang? Dann bist du bei Medien-studieren.net richtig. Auf dieser Seite findest du alles, was du f\u00fcr die richtige Studienwahl im Medienbereich wissen musst. Von Medienmanagement \u00fcber Medieninformatik und Film &amp; Fernsehen bis Medienwissenschaften und Medientechnik \u2013 in der Datenbank sind alle Hochschulen gelistet und die zahlreichen Ratgeberartikel beantworten jede Frage, die bei der Suche nach dem richtigen Medienstudium aufkommt.<\/em><br><a rel=\"noreferrer noopener\" href=\"http:\/\/www.der-fernuni-vergleich.de\" target=\"_blank\">der-fernuni-vergleich.de<\/a><br><em>Der Fernuni Vergleich. Die beliebtesten Fernuniversit\u00e4ten Deutschlands auf einen Blick<\/em><br><a rel=\"noreferrer noopener\" href=\"http:\/\/www.fernstudium-1x1.de\" target=\"_blank\">www.fernstudium-1&#215;1.de<\/a><br><em>Das Projekt liefert eine qualifizierte \u00dcbersicht \u00fcber die Angebote der wichtigsten Anbieter von Fernstudienprogrammen. \u00dcber eine Rubriken und Schnellsuche gelangt der Studieninteressierte schnell und einfach zu seinem Wunsch-Fernstudium.<\/em><\/p>\n\n\n\n<h2 class=\"wp-block-heading\"><\/h2>\n","protected":false},"excerpt":{"rendered":"<p>Hochschulen und andere Forschungs- und Bildungseinrichtungen internationale filmschule k\u00f6lnDie ifs internationale filmschule k\u00f6ln ist eine k\u00fcnstlerisch-wissenschaftlich ausgerichtete Aus- und Weiterbildungsinstitution f\u00fcr Medienschaffende. ISM &#8211; International School of ManagementFachhochschule K\u00f6lnK\u00f6ln International School of DesignKunsthochschule f\u00fcr Medien K\u00f6lnMax-Planck-Institut f\u00fcr GesellschaftsforschungMax-Planck-Institut f\u00fcr Z\u00fcchtungsforschungHochschule f\u00fcr Musik und Tanz K\u00f6lnDeutsche Sporthochschule K\u00f6lnUniversit\u00e4t zu K\u00f6lnVolkshochschule K\u00f6lnSchulen Infos rund um Bildung und &hellip; <a href=\"https:\/\/cologneweb.com\/AbisZ\/service\/bildung\/\" class=\"more-link\"><span class=\"screen-reader-text\">\u201eBildung und Studium\u201c<\/span> weiterlesen<\/a><\/p>\n","protected":false},"author":1,"featured_media":0,"parent":23,"menu_order":0,"comment_status":"closed","ping_status":"closed","template":"","meta":{"footnotes":""},"class_list":["post-122","page","type-page","status-publish","hentry"],"_links":{"self":[{"href":"https:\/\/cologneweb.com\/AbisZ\/wp-json\/wp\/v2\/pages\/122","targetHints":{"allow":["GET"]}}],"collection":[{"href":"https:\/\/cologneweb.com\/AbisZ\/wp-json\/wp\/v2\/pages"}],"about":[{"href":"https:\/\/cologneweb.com\/AbisZ\/wp-json\/wp\/v2\/types\/page"}],"author":[{"embeddable":true,"href":"https:\/\/cologneweb.com\/AbisZ\/wp-json\/wp\/v2\/users\/1"}],"replies":[{"embeddable":true,"href":"https:\/\/cologneweb.com\/AbisZ\/wp-json\/wp\/v2\/comments?post=122"}],"version-history":[{"count":21,"href":"https:\/\/cologneweb.com\/AbisZ\/wp-json\/wp\/v2\/pages\/122\/revisions"}],"predecessor-version":[{"id":5614,"href":"https:\/\/cologneweb.com\/AbisZ\/wp-json\/wp\/v2\/pages\/122\/revisions\/5614"}],"up":[{"embeddable":true,"href":"https:\/\/cologneweb.com\/AbisZ\/wp-json\/wp\/v2\/pages\/23"}],"wp:attachment":[{"href":"https:\/\/cologneweb.com\/AbisZ\/wp-json\/wp\/v2\/media?parent=122"}],"curies":[{"name":"wp","href":"https:\/\/api.w.org\/{rel}","templated":true}]}}