{"id":1200,"date":"2021-03-19T02:12:07","date_gmt":"2021-03-19T01:12:07","guid":{"rendered":"https:\/\/cologneweb.com\/AbisZ\/?page_id=1200"},"modified":"2026-03-25T14:05:18","modified_gmt":"2026-03-25T13:05:18","slug":"empfehlungen","status":"publish","type":"page","link":"https:\/\/cologneweb.com\/AbisZ\/service\/empfehlungen\/","title":{"rendered":"Empfehlungen"},"content":{"rendered":"\n<figure class=\"wp-block-embed is-type-wp-embed is-provider-cologneweb-stadtinformation-k-ln wp-block-embed-cologneweb-stadtinformation-k-ln\"><div class=\"wp-block-embed__wrapper\">\n<blockquote class=\"wp-embedded-content\" data-secret=\"xqHO4rSAed\"><a href=\"https:\/\/cologneweb.com\/AbisZ\/service\/empfehlungen\/carsharing-unfall-wer-zahlt-und-was-sie-wissen-muessen\/\">Carsharing-Unfall: Wer zahlt und was Sie wissen m\u00fcssen<\/a><\/blockquote><iframe loading=\"lazy\" class=\"wp-embedded-content\" sandbox=\"allow-scripts\" security=\"restricted\" style=\"position: absolute; visibility: hidden;\" title=\"&#8222;Carsharing-Unfall: Wer zahlt und was Sie wissen m\u00fcssen&#8220; &#8211; CologneWeb - Stadtinformation K\u00f6ln\" src=\"https:\/\/cologneweb.com\/AbisZ\/service\/empfehlungen\/carsharing-unfall-wer-zahlt-und-was-sie-wissen-muessen\/embed\/#?secret=oPi2nFDRFH#?secret=xqHO4rSAed\" data-secret=\"xqHO4rSAed\" width=\"600\" height=\"338\" frameborder=\"0\" marginwidth=\"0\" marginheight=\"0\" scrolling=\"no\"><\/iframe>\n<\/div><\/figure>\n\n\n\n<figure class=\"wp-block-embed is-type-wp-embed is-provider-cologneweb-stadtinformation-k-ln wp-block-embed-cologneweb-stadtinformation-k-ln\"><div class=\"wp-block-embed__wrapper\">\n<blockquote class=\"wp-embedded-content\" data-secret=\"N63E0Kluzt\"><a href=\"https:\/\/cologneweb.com\/AbisZ\/service\/empfehlungen\/die-zukunft-des-fitness-personalisierte-trainingsplaene-fuer-hoechstleistungen\/\">Die Zukunft des Fitness: Personalisierte Trainingspl\u00e4ne f\u00fcr H\u00f6chstleistungen<\/a><\/blockquote><iframe loading=\"lazy\" class=\"wp-embedded-content\" sandbox=\"allow-scripts\" security=\"restricted\" style=\"position: absolute; visibility: hidden;\" title=\"&#8222;Die Zukunft des Fitness: Personalisierte Trainingspl\u00e4ne f\u00fcr H\u00f6chstleistungen&#8220; &#8211; CologneWeb - Stadtinformation K\u00f6ln\" src=\"https:\/\/cologneweb.com\/AbisZ\/service\/empfehlungen\/die-zukunft-des-fitness-personalisierte-trainingsplaene-fuer-hoechstleistungen\/embed\/#?secret=M162ieOnul#?secret=N63E0Kluzt\" data-secret=\"N63E0Kluzt\" width=\"600\" height=\"338\" frameborder=\"0\" marginwidth=\"0\" marginheight=\"0\" scrolling=\"no\"><\/iframe>\n<\/div><\/figure>\n\n\n\n<figure class=\"wp-block-embed is-type-wp-embed is-provider-cologneweb-stadtinformation-k-ln wp-block-embed-cologneweb-stadtinformation-k-ln\"><div class=\"wp-block-embed__wrapper\">\n<blockquote class=\"wp-embedded-content\" data-secret=\"PRV75ncqj8\"><a href=\"https:\/\/cologneweb.com\/AbisZ\/service\/empfehlungen\/digitale-revolution-in-der-immobilienverwaltung-moeglichkeiten-und-potenziale\/\">Digitale Revolution in der Immobilienverwaltung: M\u00f6glichkeiten und Potenziale<\/a><\/blockquote><iframe loading=\"lazy\" class=\"wp-embedded-content\" sandbox=\"allow-scripts\" security=\"restricted\" style=\"position: absolute; visibility: hidden;\" title=\"&#8222;Digitale Revolution in der Immobilienverwaltung: M\u00f6glichkeiten und Potenziale&#8220; &#8211; CologneWeb - Stadtinformation K\u00f6ln\" src=\"https:\/\/cologneweb.com\/AbisZ\/service\/empfehlungen\/digitale-revolution-in-der-immobilienverwaltung-moeglichkeiten-und-potenziale\/embed\/#?secret=ko0SN4ONOj#?secret=PRV75ncqj8\" data-secret=\"PRV75ncqj8\" width=\"600\" height=\"338\" frameborder=\"0\" marginwidth=\"0\" marginheight=\"0\" scrolling=\"no\"><\/iframe>\n<\/div><\/figure>\n\n\n\n<figure class=\"wp-block-embed is-type-wp-embed is-provider-cologneweb-stadtinformation-k-ln wp-block-embed-cologneweb-stadtinformation-k-ln\"><div class=\"wp-block-embed__wrapper\">\n<blockquote class=\"wp-embedded-content\" data-secret=\"AGN7Ai6UVF\"><a href=\"https:\/\/cologneweb.com\/AbisZ\/service\/empfehlungen\/effizientes-office-catering-wie-unternehmen-von-massgeschneiderten-verpflegungsloesungen-profitieren\/\">Effizientes Office Catering: Wie Unternehmen von ma\u00dfgeschneiderten Verpflegungsl\u00f6sungen profitieren<\/a><\/blockquote><iframe loading=\"lazy\" class=\"wp-embedded-content\" sandbox=\"allow-scripts\" security=\"restricted\" style=\"position: absolute; visibility: hidden;\" title=\"&#8222;Effizientes Office Catering: Wie Unternehmen von ma\u00dfgeschneiderten Verpflegungsl\u00f6sungen profitieren&#8220; &#8211; CologneWeb - Stadtinformation K\u00f6ln\" src=\"https:\/\/cologneweb.com\/AbisZ\/service\/empfehlungen\/effizientes-office-catering-wie-unternehmen-von-massgeschneiderten-verpflegungsloesungen-profitieren\/embed\/#?secret=qdVfVMkMMG#?secret=AGN7Ai6UVF\" data-secret=\"AGN7Ai6UVF\" width=\"600\" height=\"338\" frameborder=\"0\" marginwidth=\"0\" marginheight=\"0\" scrolling=\"no\"><\/iframe>\n<\/div><\/figure>\n\n\n\n<figure class=\"wp-block-embed is-type-wp-embed is-provider-cologneweb-stadtinformation-k-ln wp-block-embed-cologneweb-stadtinformation-k-ln\"><div class=\"wp-block-embed__wrapper\">\n<blockquote class=\"wp-embedded-content\" data-secret=\"fm6vuMkbQl\"><a href=\"https:\/\/cologneweb.com\/AbisZ\/service\/empfehlungen\/entruempelung-in-koeln-professionell-zuverlaessig-und-stressfrei\/\">Entr\u00fcmpelung in K\u00f6ln\u00a0\u2013 professionell, zuverl\u00e4ssig und stressfrei<\/a><\/blockquote><iframe loading=\"lazy\" class=\"wp-embedded-content\" sandbox=\"allow-scripts\" security=\"restricted\" style=\"position: absolute; visibility: hidden;\" title=\"&#8222;Entr\u00fcmpelung in K\u00f6ln\u00a0\u2013 professionell, zuverl\u00e4ssig und stressfrei&#8220; &#8211; CologneWeb - Stadtinformation K\u00f6ln\" src=\"https:\/\/cologneweb.com\/AbisZ\/service\/empfehlungen\/entruempelung-in-koeln-professionell-zuverlaessig-und-stressfrei\/embed\/#?secret=HS8M7Ipc8W#?secret=fm6vuMkbQl\" data-secret=\"fm6vuMkbQl\" width=\"600\" height=\"338\" frameborder=\"0\" marginwidth=\"0\" marginheight=\"0\" scrolling=\"no\"><\/iframe>\n<\/div><\/figure>\n\n\n\n<figure class=\"wp-block-embed is-type-wp-embed is-provider-cologneweb-stadtinformation-k-ln wp-block-embed-cologneweb-stadtinformation-k-ln\"><div class=\"wp-block-embed__wrapper\">\n<blockquote class=\"wp-embedded-content\" data-secret=\"Qz6xlsW2Xy\"><a href=\"https:\/\/cologneweb.com\/AbisZ\/service\/empfehlungen\/freiburg-im-breisgau-warum-die-stadt-als-nachhaltige-metropole-gilt\/\">Freiburg im Breisgau: Warum die Stadt als nachhaltige Metropole gilt<\/a><\/blockquote><iframe loading=\"lazy\" class=\"wp-embedded-content\" sandbox=\"allow-scripts\" security=\"restricted\" style=\"position: absolute; visibility: hidden;\" title=\"&#8222;Freiburg im Breisgau: Warum die Stadt als nachhaltige Metropole gilt&#8220; &#8211; CologneWeb - Stadtinformation K\u00f6ln\" src=\"https:\/\/cologneweb.com\/AbisZ\/service\/empfehlungen\/freiburg-im-breisgau-warum-die-stadt-als-nachhaltige-metropole-gilt\/embed\/#?secret=J5czMA7bkB#?secret=Qz6xlsW2Xy\" data-secret=\"Qz6xlsW2Xy\" width=\"600\" height=\"338\" frameborder=\"0\" marginwidth=\"0\" marginheight=\"0\" scrolling=\"no\"><\/iframe>\n<\/div><\/figure>\n\n\n\n<figure class=\"wp-block-embed is-type-wp-embed is-provider-cologneweb-stadtinformation-k-ln wp-block-embed-cologneweb-stadtinformation-k-ln\"><div class=\"wp-block-embed__wrapper\">\n<blockquote class=\"wp-embedded-content\" data-secret=\"xkBdlkYjOS\"><a href=\"https:\/\/cologneweb.com\/AbisZ\/service\/empfehlungen\/fuer-studenten-freelancer-und-pendler-handytarife-fuer-alle-in-koeln\/\">F\u00fcr Studenten, Freelancer und Pendler &#8211; Handytarife f\u00fcr alle in K\u00f6ln<\/a><\/blockquote><iframe loading=\"lazy\" class=\"wp-embedded-content\" sandbox=\"allow-scripts\" security=\"restricted\" style=\"position: absolute; visibility: hidden;\" title=\"&#8222;F\u00fcr Studenten, Freelancer und Pendler &#8211; Handytarife f\u00fcr alle in K\u00f6ln&#8220; &#8211; CologneWeb - Stadtinformation K\u00f6ln\" src=\"https:\/\/cologneweb.com\/AbisZ\/service\/empfehlungen\/fuer-studenten-freelancer-und-pendler-handytarife-fuer-alle-in-koeln\/embed\/#?secret=yMeUfyiEjQ#?secret=xkBdlkYjOS\" data-secret=\"xkBdlkYjOS\" width=\"600\" height=\"338\" frameborder=\"0\" marginwidth=\"0\" marginheight=\"0\" scrolling=\"no\"><\/iframe>\n<\/div><\/figure>\n\n\n\n<figure class=\"wp-block-embed is-type-wp-embed is-provider-cologneweb-stadtinformation-k-ln wp-block-embed-cologneweb-stadtinformation-k-ln\"><div class=\"wp-block-embed__wrapper\">\n<blockquote class=\"wp-embedded-content\" data-secret=\"QLBIAUiOty\"><a href=\"https:\/\/cologneweb.com\/AbisZ\/service\/empfehlungen\/gesunde-zaehne-optimale-zahnstellung-tipps-fuer-langfristige-mundgesundheit\/\">Gesunde Z\u00e4hne &amp; optimale Zahnstellung: Tipps f\u00fcr langfristige Mundgesundheit<\/a><\/blockquote><iframe loading=\"lazy\" class=\"wp-embedded-content\" sandbox=\"allow-scripts\" security=\"restricted\" style=\"position: absolute; visibility: hidden;\" title=\"&#8222;Gesunde Z\u00e4hne &amp; optimale Zahnstellung: Tipps f\u00fcr langfristige Mundgesundheit&#8220; &#8211; CologneWeb - Stadtinformation K\u00f6ln\" src=\"https:\/\/cologneweb.com\/AbisZ\/service\/empfehlungen\/gesunde-zaehne-optimale-zahnstellung-tipps-fuer-langfristige-mundgesundheit\/embed\/#?secret=JYFvJLnf53#?secret=QLBIAUiOty\" data-secret=\"QLBIAUiOty\" width=\"600\" height=\"338\" frameborder=\"0\" marginwidth=\"0\" marginheight=\"0\" scrolling=\"no\"><\/iframe>\n<\/div><\/figure>\n\n\n\n<figure class=\"wp-block-embed is-type-wp-embed is-provider-cologneweb-stadtinformation-k-ln wp-block-embed-cologneweb-stadtinformation-k-ln\"><div class=\"wp-block-embed__wrapper\">\n<blockquote class=\"wp-embedded-content\" data-secret=\"2o9hnYpvpA\"><a href=\"https:\/\/cologneweb.com\/AbisZ\/service\/empfehlungen\/google-ads-fuer-unternehmen-in-koeln-gezielt-sichtbar-werden-wenn-nachfrage-entsteht\/\">Google Ads f\u00fcr Unternehmen in K\u00f6ln: gezielt sichtbar werden, wenn Nachfrage entsteht<\/a><\/blockquote><iframe loading=\"lazy\" class=\"wp-embedded-content\" sandbox=\"allow-scripts\" security=\"restricted\" style=\"position: absolute; visibility: hidden;\" title=\"&#8222;Google Ads f\u00fcr Unternehmen in K\u00f6ln: gezielt sichtbar werden, wenn Nachfrage entsteht&#8220; &#8211; CologneWeb - Stadtinformation K\u00f6ln\" src=\"https:\/\/cologneweb.com\/AbisZ\/service\/empfehlungen\/google-ads-fuer-unternehmen-in-koeln-gezielt-sichtbar-werden-wenn-nachfrage-entsteht\/embed\/#?secret=voFWnvvGEi#?secret=2o9hnYpvpA\" data-secret=\"2o9hnYpvpA\" width=\"600\" height=\"338\" frameborder=\"0\" marginwidth=\"0\" marginheight=\"0\" scrolling=\"no\"><\/iframe>\n<\/div><\/figure>\n\n\n\n<figure class=\"wp-block-embed is-type-wp-embed is-provider-cologneweb-stadtinformation-k-ln wp-block-embed-cologneweb-stadtinformation-k-ln\"><div class=\"wp-block-embed__wrapper\">\n<blockquote class=\"wp-embedded-content\" data-secret=\"mRGAT0Du2M\"><a href=\"https:\/\/cologneweb.com\/AbisZ\/service\/empfehlungen\/koeln-fuer-kunstliebhaber-eine-tour-durch-stadtteilkunst-und-kultur\/\">K\u00f6ln f\u00fcr Kunstliebhaber: Eine Tour durch Stadtteilkunst und -kultur<\/a><\/blockquote><iframe loading=\"lazy\" class=\"wp-embedded-content\" sandbox=\"allow-scripts\" security=\"restricted\" style=\"position: absolute; visibility: hidden;\" title=\"&#8222;K\u00f6ln f\u00fcr Kunstliebhaber: Eine Tour durch Stadtteilkunst und -kultur&#8220; &#8211; CologneWeb - Stadtinformation K\u00f6ln\" src=\"https:\/\/cologneweb.com\/AbisZ\/service\/empfehlungen\/koeln-fuer-kunstliebhaber-eine-tour-durch-stadtteilkunst-und-kultur\/embed\/#?secret=tRoUD0VVqF#?secret=mRGAT0Du2M\" data-secret=\"mRGAT0Du2M\" width=\"600\" height=\"338\" frameborder=\"0\" marginwidth=\"0\" marginheight=\"0\" scrolling=\"no\"><\/iframe>\n<\/div><\/figure>\n\n\n\n<figure class=\"wp-block-embed is-type-wp-embed is-provider-cologneweb-stadtinformation-k-ln wp-block-embed-cologneweb-stadtinformation-k-ln\"><div class=\"wp-block-embed__wrapper\">\n<blockquote class=\"wp-embedded-content\" data-secret=\"NhL9LOSYKY\"><a href=\"https:\/\/cologneweb.com\/AbisZ\/service\/empfehlungen\/koeln-im-rollstuhl-erleben-barrierefreie-erlebnisse-2025\/\">K\u00f6ln im Rollstuhl erleben: Barrierefreie Erlebnisse 2025<\/a><\/blockquote><iframe loading=\"lazy\" class=\"wp-embedded-content\" sandbox=\"allow-scripts\" security=\"restricted\" style=\"position: absolute; visibility: hidden;\" title=\"&#8222;K\u00f6ln im Rollstuhl erleben: Barrierefreie Erlebnisse 2025&#8220; &#8211; CologneWeb - Stadtinformation K\u00f6ln\" src=\"https:\/\/cologneweb.com\/AbisZ\/service\/empfehlungen\/koeln-im-rollstuhl-erleben-barrierefreie-erlebnisse-2025\/embed\/#?secret=wjVi2SeBpT#?secret=NhL9LOSYKY\" data-secret=\"NhL9LOSYKY\" width=\"600\" height=\"338\" frameborder=\"0\" marginwidth=\"0\" marginheight=\"0\" scrolling=\"no\"><\/iframe>\n<\/div><\/figure>\n\n\n\n<figure class=\"wp-block-embed is-type-wp-embed is-provider-cologneweb-stadtinformation-k-ln wp-block-embed-cologneweb-stadtinformation-k-ln\"><div class=\"wp-block-embed__wrapper\">\n<blockquote class=\"wp-embedded-content\" data-secret=\"RMU8nflIg4\"><a href=\"https:\/\/cologneweb.com\/AbisZ\/service\/empfehlungen\/management-studium-2030-warum-kreativitaet-die-neue-waehrung-ist\/\">Management-Studium 2030: Warum Kreativit\u00e4t die neue W\u00e4hrung ist<\/a><\/blockquote><iframe loading=\"lazy\" class=\"wp-embedded-content\" sandbox=\"allow-scripts\" security=\"restricted\" style=\"position: absolute; visibility: hidden;\" title=\"&#8222;Management-Studium 2030: Warum Kreativit\u00e4t die neue W\u00e4hrung ist&#8220; &#8211; CologneWeb - Stadtinformation K\u00f6ln\" src=\"https:\/\/cologneweb.com\/AbisZ\/service\/empfehlungen\/management-studium-2030-warum-kreativitaet-die-neue-waehrung-ist\/embed\/#?secret=7XV2FTWY0e#?secret=RMU8nflIg4\" data-secret=\"RMU8nflIg4\" width=\"600\" height=\"338\" frameborder=\"0\" marginwidth=\"0\" marginheight=\"0\" scrolling=\"no\"><\/iframe>\n<\/div><\/figure>\n\n\n\n\n\n\n\n<figure class=\"wp-block-embed is-type-wp-embed is-provider-cologneweb-stadtinformation-k-ln wp-block-embed-cologneweb-stadtinformation-k-ln\"><div class=\"wp-block-embed__wrapper\">\n<blockquote class=\"wp-embedded-content\" data-secret=\"ZabZfSUcsu\"><a href=\"https:\/\/cologneweb.com\/AbisZ\/service\/empfehlungen\/mut-zum-machen-warum-gruendungswissen-der-wichtigste-baustein-nach-der-schule-ist\/\">Mut zum Machen: Warum Gr\u00fcndungswissen der wichtigste Baustein nach der Schule ist<\/a><\/blockquote><iframe loading=\"lazy\" class=\"wp-embedded-content\" sandbox=\"allow-scripts\" security=\"restricted\" style=\"position: absolute; visibility: hidden;\" title=\"&#8222;Mut zum Machen: Warum Gr\u00fcndungswissen der wichtigste Baustein nach der Schule ist&#8220; &#8211; CologneWeb - Stadtinformation K\u00f6ln\" src=\"https:\/\/cologneweb.com\/AbisZ\/service\/empfehlungen\/mut-zum-machen-warum-gruendungswissen-der-wichtigste-baustein-nach-der-schule-ist\/embed\/#?secret=RnDFQqCqJn#?secret=ZabZfSUcsu\" data-secret=\"ZabZfSUcsu\" width=\"600\" height=\"338\" frameborder=\"0\" marginwidth=\"0\" marginheight=\"0\" scrolling=\"no\"><\/iframe>\n<\/div><\/figure>\n\n\n\n<figure class=\"wp-block-embed is-type-wp-embed is-provider-cologneweb-stadtinformation-k-ln wp-block-embed-cologneweb-stadtinformation-k-ln\"><div class=\"wp-block-embed__wrapper\">\n<blockquote class=\"wp-embedded-content\" data-secret=\"VCmAOJt0dk\"><a href=\"https:\/\/cologneweb.com\/AbisZ\/service\/empfehlungen\/neue-wege-zur-verbesserung-ihrer-sportlichen-leistung-in-der-stadt\/\">Neue Wege zur Verbesserung Ihrer sportlichen Leistung in der Stadt<\/a><\/blockquote><iframe loading=\"lazy\" class=\"wp-embedded-content\" sandbox=\"allow-scripts\" security=\"restricted\" style=\"position: absolute; visibility: hidden;\" title=\"&#8222;Neue Wege zur Verbesserung Ihrer sportlichen Leistung in der Stadt&#8220; &#8211; CologneWeb - Stadtinformation K\u00f6ln\" src=\"https:\/\/cologneweb.com\/AbisZ\/service\/empfehlungen\/neue-wege-zur-verbesserung-ihrer-sportlichen-leistung-in-der-stadt\/embed\/#?secret=xdsJZHmBdO#?secret=VCmAOJt0dk\" data-secret=\"VCmAOJt0dk\" width=\"600\" height=\"338\" frameborder=\"0\" marginwidth=\"0\" marginheight=\"0\" scrolling=\"no\"><\/iframe>\n<\/div><\/figure>\n\n\n\n<figure class=\"wp-block-embed is-type-wp-embed is-provider-cologneweb-stadtinformation-k-ln wp-block-embed-cologneweb-stadtinformation-k-ln\"><div class=\"wp-block-embed__wrapper\">\n<blockquote class=\"wp-embedded-content\" data-secret=\"7gVmxdvI5X\"><a href=\"https:\/\/cologneweb.com\/AbisZ\/service\/empfehlungen\/sicher-durch-den-koelner-winter-tipps-fuer-autofahrer-bei-schnee-und-glaette\/\">Sicher durch den K\u00f6lner Winter: Tipps f\u00fcr Autofahrer bei Schnee und Gl\u00e4tte<\/a><\/blockquote><iframe loading=\"lazy\" class=\"wp-embedded-content\" sandbox=\"allow-scripts\" security=\"restricted\" style=\"position: absolute; visibility: hidden;\" title=\"&#8222;Sicher durch den K\u00f6lner Winter: Tipps f\u00fcr Autofahrer bei Schnee und Gl\u00e4tte&#8220; &#8211; CologneWeb - Stadtinformation K\u00f6ln\" src=\"https:\/\/cologneweb.com\/AbisZ\/service\/empfehlungen\/sicher-durch-den-koelner-winter-tipps-fuer-autofahrer-bei-schnee-und-glaette\/embed\/#?secret=fNq2DWppvx#?secret=7gVmxdvI5X\" data-secret=\"7gVmxdvI5X\" width=\"600\" height=\"338\" frameborder=\"0\" marginwidth=\"0\" marginheight=\"0\" scrolling=\"no\"><\/iframe>\n<\/div><\/figure>\n\n\n\n<figure class=\"wp-block-embed is-type-wp-embed is-provider-cologneweb-stadtinformation-k-ln wp-block-embed-cologneweb-stadtinformation-k-ln\"><div class=\"wp-block-embed__wrapper\">\n<blockquote class=\"wp-embedded-content\" data-secret=\"OupVJ65FpK\"><a href=\"https:\/\/cologneweb.com\/AbisZ\/service\/empfehlungen\/sportliche-aktivitaeten-in-koeln-die-besten-angebote-fuer-fitness-sport-und-bewegung\/\">Sportliche Aktivit\u00e4ten in\u00a0K\u00f6ln:\u00a0die besten Angebote f\u00fcr Fitness, Sport und Bewegung<\/a><\/blockquote><iframe loading=\"lazy\" class=\"wp-embedded-content\" sandbox=\"allow-scripts\" security=\"restricted\" style=\"position: absolute; visibility: hidden;\" title=\"&#8222;Sportliche Aktivit\u00e4ten in\u00a0K\u00f6ln:\u00a0die besten Angebote f\u00fcr Fitness, Sport und Bewegung&#8220; &#8211; CologneWeb - Stadtinformation K\u00f6ln\" src=\"https:\/\/cologneweb.com\/AbisZ\/service\/empfehlungen\/sportliche-aktivitaeten-in-koeln-die-besten-angebote-fuer-fitness-sport-und-bewegung\/embed\/#?secret=R1a0qqA3Z1#?secret=OupVJ65FpK\" data-secret=\"OupVJ65FpK\" width=\"600\" height=\"338\" frameborder=\"0\" marginwidth=\"0\" marginheight=\"0\" scrolling=\"no\"><\/iframe>\n<\/div><\/figure>\n\n\n\n<figure class=\"wp-block-embed is-type-wp-embed is-provider-cologneweb-stadtinformation-k-ln wp-block-embed-cologneweb-stadtinformation-k-ln\"><div class=\"wp-block-embed__wrapper\">\n<blockquote class=\"wp-embedded-content\" data-secret=\"dCrrta23Ud\"><a href=\"https:\/\/cologneweb.com\/AbisZ\/service\/empfehlungen\/strukturelle-seo-audits-so-erkennen-sie-blinde-flecken-in-ihrer-digitalstrategie\/\">Strukturelle SEO-Audits: So erkennen Sie blinde Flecken in Ihrer Digitalstrategie<\/a><\/blockquote><iframe loading=\"lazy\" class=\"wp-embedded-content\" sandbox=\"allow-scripts\" security=\"restricted\" style=\"position: absolute; visibility: hidden;\" title=\"&#8222;Strukturelle SEO-Audits: So erkennen Sie blinde Flecken in Ihrer Digitalstrategie&#8220; &#8211; CologneWeb - Stadtinformation K\u00f6ln\" src=\"https:\/\/cologneweb.com\/AbisZ\/service\/empfehlungen\/strukturelle-seo-audits-so-erkennen-sie-blinde-flecken-in-ihrer-digitalstrategie\/embed\/#?secret=kKby9pR9QI#?secret=dCrrta23Ud\" data-secret=\"dCrrta23Ud\" width=\"600\" height=\"338\" frameborder=\"0\" marginwidth=\"0\" marginheight=\"0\" scrolling=\"no\"><\/iframe>\n<\/div><\/figure>\n\n\n\n<figure class=\"wp-block-embed is-type-wp-embed is-provider-cologneweb-stadtinformation-k-ln wp-block-embed-cologneweb-stadtinformation-k-ln\"><div class=\"wp-block-embed__wrapper\">\n<blockquote class=\"wp-embedded-content\" data-secret=\"DRmZSMcH83\"><a href=\"https:\/\/cologneweb.com\/AbisZ\/service\/empfehlungen\/welche-museen-in-koeln-wirklich-barrierefrei-sind-ein-umfassender-leitfaden-fuer-ihren-museumsbesuch\/\">Welche Museen in K\u00f6ln wirklich barrierefrei sind: Ein umfassender Leitfaden f\u00fcr Ihren Museumsbesuch<\/a><\/blockquote><iframe loading=\"lazy\" class=\"wp-embedded-content\" sandbox=\"allow-scripts\" security=\"restricted\" style=\"position: absolute; visibility: hidden;\" title=\"&#8222;Welche Museen in K\u00f6ln wirklich barrierefrei sind: Ein umfassender Leitfaden f\u00fcr Ihren Museumsbesuch&#8220; &#8211; CologneWeb - Stadtinformation K\u00f6ln\" src=\"https:\/\/cologneweb.com\/AbisZ\/service\/empfehlungen\/welche-museen-in-koeln-wirklich-barrierefrei-sind-ein-umfassender-leitfaden-fuer-ihren-museumsbesuch\/embed\/#?secret=GiuzGMKE55#?secret=DRmZSMcH83\" data-secret=\"DRmZSMcH83\" width=\"600\" height=\"338\" frameborder=\"0\" marginwidth=\"0\" marginheight=\"0\" scrolling=\"no\"><\/iframe>\n<\/div><\/figure>\n\n\n\n<p><\/p>\n","protected":false},"excerpt":{"rendered":"","protected":false},"author":1,"featured_media":0,"parent":23,"menu_order":0,"comment_status":"closed","ping_status":"closed","template":"","meta":{"footnotes":""},"class_list":["post-1200","page","type-page","status-publish","hentry"],"_links":{"self":[{"href":"https:\/\/cologneweb.com\/AbisZ\/wp-json\/wp\/v2\/pages\/1200","targetHints":{"allow":["GET"]}}],"collection":[{"href":"https:\/\/cologneweb.com\/AbisZ\/wp-json\/wp\/v2\/pages"}],"about":[{"href":"https:\/\/cologneweb.com\/AbisZ\/wp-json\/wp\/v2\/types\/page"}],"author":[{"embeddable":true,"href":"https:\/\/cologneweb.com\/AbisZ\/wp-json\/wp\/v2\/users\/1"}],"replies":[{"embeddable":true,"href":"https:\/\/cologneweb.com\/AbisZ\/wp-json\/wp\/v2\/comments?post=1200"}],"version-history":[{"count":161,"href":"https:\/\/cologneweb.com\/AbisZ\/wp-json\/wp\/v2\/pages\/1200\/revisions"}],"predecessor-version":[{"id":5749,"href":"https:\/\/cologneweb.com\/AbisZ\/wp-json\/wp\/v2\/pages\/1200\/revisions\/5749"}],"up":[{"embeddable":true,"href":"https:\/\/cologneweb.com\/AbisZ\/wp-json\/wp\/v2\/pages\/23"}],"wp:attachment":[{"href":"https:\/\/cologneweb.com\/AbisZ\/wp-json\/wp\/v2\/media?parent=1200"}],"curies":[{"name":"wp","href":"https:\/\/api.w.org\/{rel}","templated":true}]}}