{"id":1168,"date":"2021-03-19T00:40:59","date_gmt":"2021-03-18T23:40:59","guid":{"rendered":"https:\/\/cologneweb.com\/AbisZ\/?page_id=1168"},"modified":"2026-03-28T16:09:54","modified_gmt":"2026-03-28T15:09:54","slug":"aktuelles","status":"publish","type":"page","link":"https:\/\/cologneweb.com\/AbisZ\/service\/museen-in-und-um-koeln\/aktuelles\/","title":{"rendered":"Aktuelles"},"content":{"rendered":"\n<p class=\"has-light-blue-background-color has-background\"><a href=\"https:\/\/cologneweb.com\/AbisZ\/service\/museen-in-und-um-koeln\/\" data-type=\"page\" data-id=\"105\">Museen in und um K\u00f6ln<\/a><\/p>\n\n\n\n<h2 class=\"wp-block-heading\"><a href=\"https:\/\/www.museum-ludwig.de\/de\/\" target=\"_blank\" rel=\"noreferrer noopener\">Museum Ludwig<\/a><\/h2>\n\n\n\n<h3 class=\"wp-block-heading\">14. M\u00e4rz \u2013 2. August 2026<\/h3>\n\n\n\n<h1 class=\"wp-block-heading\"><a href=\"https:\/\/www.museum-ludwig.de\/de\/ausstellungen\/yayoi-kusama\" target=\"_blank\" rel=\"noreferrer noopener\">Yayoi Kusama<\/a><\/h1>\n\n\n\n<figure class=\"wp-block-image size-full\"><a href=\"https:\/\/www.museum-ludwig.de\/de\/ausstellungen\/yayoi-kusama\" target=\"_blank\" rel=\" noreferrer noopener\"><img loading=\"lazy\" decoding=\"async\" width=\"634\" height=\"595\" src=\"https:\/\/cologneweb.com\/AbisZ\/wp-content\/uploads\/2026\/03\/kusama.jpg\" alt=\"Yayoi Kusama\n14. M\u00e4rz \u2013 2. August 2026\nMuseum Ludwig\" class=\"wp-image-5726\" srcset=\"https:\/\/cologneweb.com\/AbisZ\/wp-content\/uploads\/2026\/03\/kusama.jpg 634w, https:\/\/cologneweb.com\/AbisZ\/wp-content\/uploads\/2026\/03\/kusama-300x282.jpg 300w\" sizes=\"auto, (max-width: 634px) 85vw, 634px\" \/><\/a><\/figure>\n\n\n\n<p><strong>Im Jahr 2026 widmet das Museum Ludwig in K\u00f6ln anl\u00e4sslich seines 50-j\u00e4hrigen Jubil\u00e4ums der legend\u00e4ren japanischen K\u00fcnstlerin Yayoi Kusama eine gro\u00dfe Ausstellung.<\/strong><\/p>\n\n\n\n<p>Kusama (*1929, Matsumoto) z\u00e4hlt zu den bekanntesten K\u00fcnstler*innen unserer Zeit. Ihre ikonischen Polka Dots, ihre K\u00fcrbisskulpturen und ihre verspiegelten Infinity Rooms sind zu einer Art Markenzeichen geworden und tauchen millionenfach in den Sozialen Medien auf. Die Ausstellung nimmt die Besucher*innen mit auf eine spannende Reise durch Kusamas gesamtes Schaffen mit \u00fcber 300 Arbeiten, von der ersten Zeichnung von ca. 1934 bis heute, und durch eine Vielzahl k\u00fcnstlerischer Medien, wie Malerei, Zeichnung, Skulptur, Installation, Mode, Performance und Literatur.<\/p>\n\n\n\n<p>\u00dcber die gesamte Wechselausstellungsfl\u00e4che des Museum Ludwig hinaus wird die gro\u00df angelegte Ausstellung auch weitere Bereiche des Hauses wie die Dachterrasse mit Domblick bespielen. Eine neue, eigens f\u00fcr die Ausstellung konzipierte immersive Rauminstallation mit integriertem Infinity Mirror Room wird den gr\u00f6\u00dften Saal des Museums f\u00fcllen. Dar\u00fcber hinaus werden fr\u00fche ikonische Arbeiten, wie Kusamas erste, 1963 entstandene Installation <em>Aggregation: One Thousand Boats Show&nbsp;<\/em>zu sehen sein.<\/p>\n\n\n\n<p>Im Zentrum von Kusamas Werk stehen die Natur in ihrem st\u00e4ndigen Wandel, Werden und Vergehen sowie die Unendlichkeit des Universums, in der alles Existierende sich letztlich aufl\u00f6st. Die Punktemuster (Polka Dots), mit denen die K\u00fcnstlerin Gegenst\u00e4nde und Menschen \u00fcberzieht, sind ebenso Ausdruck dieser Weltsicht wie ihre Unendlichkeits-Spiegelr\u00e4ume.<\/p>\n\n\n\n<hr class=\"wp-block-separator has-alpha-channel-opacity\"\/>\n\n\n\n<h2 class=\"wp-block-heading\">HIER UND JETZT im Museum Ludwig<\/h2>\n\n\n\n<h2 class=\"wp-block-heading\">De\/Collecting Memories from Turtle Island<\/h2>\n\n\n\n<figure class=\"wp-block-image size-full\"><img loading=\"lazy\" decoding=\"async\" width=\"620\" height=\"438\" src=\"https:\/\/cologneweb.com\/AbisZ\/wp-content\/uploads\/2026\/01\/19986__5651843_lo.jpg\" alt=\"De\/Collecting Memories from Turtle Island\nMuseum Lzdwig K\u00f6ln\n7. Februar - 8. Novembeer 2026\" class=\"wp-image-5641\" srcset=\"https:\/\/cologneweb.com\/AbisZ\/wp-content\/uploads\/2026\/01\/19986__5651843_lo.jpg 620w, https:\/\/cologneweb.com\/AbisZ\/wp-content\/uploads\/2026\/01\/19986__5651843_lo-300x212.jpg 300w\" sizes=\"auto, (max-width: 620px) 85vw, 620px\" \/><\/figure>\n\n\n\n<p>Erinnerungen sind fragil. Sie werden gesammelt,&nbsp;geteilt, \u00fcberlagert&nbsp;oder ausgel\u00f6scht. Das elfte Projekt&nbsp;der Ausstellungsreihe&nbsp;<strong>HIER UND JETZT<\/strong> widmet sich&nbsp;den Prozessen des kollektiven&nbsp;Erinnerns und bezieht&nbsp;dabei Indigene Positionen aus Turtle Island \u2013 den heutigen USA \u2013 mit ein.<br>Im Zentrum steht die Werkgruppe&nbsp;<em>Thirteen&nbsp;Moons<\/em> der K\u00fcnstlerin Marie Watt,&nbsp;Angeh\u00f6rige der Seneca Nation: dreizehn h\u00e4ngende&nbsp;Skulpturen aus unz\u00e4hligen&nbsp;Zinnschellen,&nbsp;die ber\u00fchrt&nbsp;werden d\u00fcrfen und durch die Ber\u00fchrung ein Rauschen&nbsp;erzeugen. Sie spielen auf den Jingle-Dress-Tanz der&nbsp;Ojibwe an, der um 1900 als Heilungsritual&nbsp;entstand und&nbsp;durch die US-Beh\u00f6rden lange verboten war. F\u00fcr die&nbsp;Ausstellung arbeitete Watt mit der Jingle-Dress-T\u00e4nzerin&nbsp;Acosia Red Elk zusammen. Watts Skulpturen treffen auf&nbsp;um 1900 entstandene Fotochrome der Detroit&nbsp;Publishing&nbsp;Company aus der Sammlung des Museum Ludwig.<\/p>\n\n\n\n<p>Hier finden Sie unser umfangreiches <a href=\"https:\/\/www.museum-ludwig.de\/fileadmin\/content\/00_Ausstellungen\/_Medien\/2025\/Hier_und_Jetzt_DeCollecting_Memories\/Rahmenprogramm.pdf\" target=\"_blank\" rel=\"noreferrer noopener\">Rahmenprogramm<\/a>.&nbsp;<\/p>\n<!-- \/wp:post-content -->","protected":false},"excerpt":{"rendered":"<p>Museen in und um K\u00f6ln Museum Ludwig 14. M\u00e4rz \u2013 2. August 2026 Yayoi Kusama Im Jahr 2026 widmet das Museum Ludwig in K\u00f6ln anl\u00e4sslich seines 50-j\u00e4hrigen Jubil\u00e4ums der legend\u00e4ren japanischen K\u00fcnstlerin Yayoi Kusama eine gro\u00dfe Ausstellung. Kusama (*1929, Matsumoto) z\u00e4hlt zu den bekanntesten K\u00fcnstler*innen unserer Zeit. Ihre ikonischen Polka Dots, ihre K\u00fcrbisskulpturen und ihre &hellip; <a href=\"https:\/\/cologneweb.com\/AbisZ\/service\/museen-in-und-um-koeln\/aktuelles\/\" class=\"more-link\"><span class=\"screen-reader-text\">\u201eAktuelles\u201c<\/span> weiterlesen<\/a><\/p>\n","protected":false},"author":1,"featured_media":0,"parent":105,"menu_order":0,"comment_status":"closed","ping_status":"closed","template":"","meta":{"footnotes":""},"class_list":["post-1168","page","type-page","status-publish","hentry"],"_links":{"self":[{"href":"https:\/\/cologneweb.com\/AbisZ\/wp-json\/wp\/v2\/pages\/1168","targetHints":{"allow":["GET"]}}],"collection":[{"href":"https:\/\/cologneweb.com\/AbisZ\/wp-json\/wp\/v2\/pages"}],"about":[{"href":"https:\/\/cologneweb.com\/AbisZ\/wp-json\/wp\/v2\/types\/page"}],"author":[{"embeddable":true,"href":"https:\/\/cologneweb.com\/AbisZ\/wp-json\/wp\/v2\/users\/1"}],"replies":[{"embeddable":true,"href":"https:\/\/cologneweb.com\/AbisZ\/wp-json\/wp\/v2\/comments?post=1168"}],"version-history":[{"count":98,"href":"https:\/\/cologneweb.com\/AbisZ\/wp-json\/wp\/v2\/pages\/1168\/revisions"}],"predecessor-version":[{"id":5777,"href":"https:\/\/cologneweb.com\/AbisZ\/wp-json\/wp\/v2\/pages\/1168\/revisions\/5777"}],"up":[{"embeddable":true,"href":"https:\/\/cologneweb.com\/AbisZ\/wp-json\/wp\/v2\/pages\/105"}],"wp:attachment":[{"href":"https:\/\/cologneweb.com\/AbisZ\/wp-json\/wp\/v2\/media?parent=1168"}],"curies":[{"name":"wp","href":"https:\/\/api.w.org\/{rel}","templated":true}]}}