{"id":105,"date":"2021-02-26T16:18:17","date_gmt":"2021-02-26T15:18:17","guid":{"rendered":"https:\/\/cologneweb.com\/AbisZ\/?page_id=105"},"modified":"2025-12-13T11:05:45","modified_gmt":"2025-12-13T10:05:45","slug":"museen-in-und-um-koeln","status":"publish","type":"page","link":"https:\/\/cologneweb.com\/AbisZ\/service\/museen-in-und-um-koeln\/","title":{"rendered":"Museen in und um K\u00f6ln"},"content":{"rendered":"\n<h2 class=\"wp-block-heading\"><a href=\"https:\/\/cologneweb.com\/AbisZ\/service\/museen-in-und-um-koeln\/aktuelles\/\" data-type=\"page\" data-id=\"1168\">Aktuelles<\/a><\/h2>\n\n\n\n<hr class=\"wp-block-separator has-css-opacity\"\/>\n\n\n\n<h2 class=\"wp-block-heading\">Museen in der Region und dar\u00fcber hinaus<\/h2>\n\n\n\n<p><a href=\"http:\/\/www.museenkoeln.de\" target=\"_blank\" rel=\"noreferrer noopener\">St\u00e4dtische Museen in K\u00f6ln<\/a><\/p>\n\n\n\n<p><a href=\"https:\/\/cologneweb.com\/AbisZ\/service\/empfehlungen\/welche-museen-in-koeln-wirklich-barrierefrei-sind-ein-umfassender-leitfaden-fuer-ihren-museumsbesuch\/\">Barrierefreier Museumsbesuch f\u00fcr Menschen mit Einschr\u00e4nkungen<\/a><\/p>\n\n\n<div class='yrm-content yrm-content-1 yrm-content-hide  ' id='yrm-E2pKc' data-id='1' data-show-status='false' data-after-action='' style=\"visibility: hidden;height: 0;\">\n\t\t\t<div id='yrm-inner-content-yrm-E2pKc' class='yrm-inner-content-wrapper yrm-cntent-1'><\/p>\n\n\n\n<p><a rel=\"noreferrer noopener\" href=\"https:\/\/arpmuseum.org\/\" target=\"_blank\">Arp Museum Bahnhof Rolandseck<\/a><\/p>\n\n\n\n<p><a rel=\"noreferrer noopener\" href=\"https:\/\/www.artothek.de\/de\/\" target=\"_blank\">artothek<\/a><\/p>\n\n\n\n<p><a rel=\"noreferrer noopener\" href=\"http:\/\/www.brueckenhofmuseum.de\" target=\"_blank\">Br\u00fcckenhofmuseum K\u00f6nigswinter-Oberdollendorf<\/a><\/p>\n\n\n\n<p><a rel=\"noreferrer noopener\" href=\"http:\/\/www.breslauer-sammlung.de\/\" target=\"_blank\">Breslauer Sammlung K\u00f6ln<\/a><\/p>\n\n\n\n<p><a href=\"https:\/\/www.bundeskunsthalle.de\/index.html\" target=\"_blank\" rel=\"noreferrer noopener\">Bundeskunsthalle<\/a><\/p>\n\n\n\n<p><a rel=\"noreferrer noopener\" href=\"https:\/\/www.troisdorf.de\/bilderbuchmuseum\/\" target=\"_blank\">Burg Wissem <\/a><a href=\"https:\/\/www.troisdorf.de\/bilderbuchmuseum\/\" target=\"_blank\" rel=\"noreferrer noopener\">B<\/a><a rel=\"noreferrer noopener\" href=\"https:\/\/www.troisdorf.de\/bilderbuchmuseum\/\" target=\"_blank\">ilderbuchmuseum der Stadt Troisdorf<\/a><\/p>\n\n\n\n<p><a href=\"https:\/\/www.sportmuseum.de\" target=\"_blank\" rel=\"noreferrer noopener\">Deutsches Sport- und Olympia-Museum K\u00f6ln<\/a><\/p>\n\n\n\n<p><a href=\"https:\/\/welt.unter.koeln\/1-Atombunker.html\" target=\"_blank\" rel=\"noreferrer noopener\">Dokumentationsst\u00e4tte Kalter Krieg<\/a><\/p>\n\n\n\n<p><a href=\"https:\/\/domid.org\/\" data-type=\"link\" data-id=\"https:\/\/domid.org\/\" target=\"_blank\" rel=\"noreferrer noopener\">DOMiD e.V. \u2013 Dokumentationszentrum und Museum \u00fcber die Migration in Deutschland<\/a> &#8211; <a href=\"https:\/\/www.museum-selma.de\/\" target=\"_blank\" rel=\"noreferrer noopener\">Museum SELMA<\/a><\/p>\n\n\n\n<p><a href=\"https:\/\/www.koelner-dom.de\/besuchen\/domschatzkammer\" target=\"_blank\" rel=\"noreferrer noopener\">Domschatzkammer<\/a><\/p>\n\n\n\n<p><a href=\"https:\/\/farina1709.com\/de\/\" target=\"_blank\" rel=\"noreferrer noopener\">Duft-Museum (Eau de Cologne Museum im Farina-Haus)<\/a><\/p>\n\n\n\n<p><a href=\"https:\/\/www.kbef-ev.de\/eisenbahnmuseum\/\" target=\"_blank\" rel=\"noreferrer noopener\">Eisenbahnmuseum der K\u00f6ln-Bonner Eisenbahn-Freunde e.V. Wesseling<\/a><\/p>\n\n\n\n<p><a href=\"http:\/\/www.nsdok.de\" target=\"_blank\" rel=\"noreferrer noopener\">EL-DE-Haus\/NS-Dokumentationszentrum der Stadt K\u00f6ln<\/a><\/p>\n\n\n\n<p><a href=\"https:\/\/geologie.uni-koeln.de\/geomuseum\">GeoMuseum der Universit\u00e4t zu K\u00f6ln<\/a><\/p>\n\n\n\n<p><a rel=\"noreferrer noopener\" href=\"http:\/\/www.automobil-rennsport.de\" target=\"_blank\">Gr\u00e4flich Berghe von Trips\u2018sche Sportstiftung zu Burg Hemmersbach<\/a><\/p>\n\n\n\n<p><a href=\"https:\/\/www.hdg.de\/haus-der-geschichte\" target=\"_blank\" rel=\"noreferrer noopener\">Haus der Geschichte Bonn<\/a><\/p>\n\n\n\n<p><a rel=\"noreferrer noopener\" href=\"https:\/\/www.sdw-nrw-koeln.de\/\" target=\"_blank\">Haus des Waldes Gut Leidenhausen<\/a><\/p>\n\n\n\n<p><a rel=\"noreferrer noopener\" href=\"https:\/\/www.stadt-koeln.de\/leben-in-koeln\/kultur\/historisches-archiv\/index.html\" target=\"_blank\">Historisches Archiv<\/a><\/p>\n\n\n\n<p><a href=\"https:\/\/www.kollwitz.de\/\" target=\"_blank\" rel=\"noreferrer noopener\">K\u00e4the Kollwitz Museum<\/a><\/p>\n\n\n\n<p><a href=\"https:\/\/www.keramion.de\" target=\"_blank\" rel=\"noreferrer noopener\">Stiftung KERAMION &#8211; Zentrum f\u00fcr moderne + historische Keramik Frechen<\/a><\/p>\n\n\n\n<p><a href=\"https:\/\/www.koelner-karneval.org\/koelner-karnevalsmuseum\/\" target=\"_blank\" rel=\"noreferrer noopener\">K\u00f6lner Karnevalsmuseum<\/a><\/p>\n\n\n\n<p><a href=\"https:\/\/welt.unter.koeln\/\" target=\"_blank\" rel=\"noreferrer noopener\">K\u00f6lner Festungsmuseum<\/a><\/p>\n\n\n\n<p><a href=\"https:\/\/www.karnevalsorden-museum.de\/\" target=\"_blank\" rel=\"noreferrer noopener\">K\u00f6lner Karnevalsorden Museum Karsten Lang<\/a><\/p>\n\n\n\n<p><a href=\"https:\/\/www.koelnisches-stadtmuseum.de\/Aktuelles\" target=\"_blank\" rel=\"noreferrer noopener\">K\u00f6lnisches Stadtmuseum<\/a><\/p>\n\n\n\n<p><a href=\"https:\/\/www.kolumba.de\/\" target=\"_blank\" rel=\"noreferrer noopener\">KOLUMBA Kunstmuseum des Erzbistums K\u00f6ln<\/a><\/p>\n\n\n\n<p><a href=\"https:\/\/www.kunstmuseum-bonn.de\/information\/aktuell\/\" target=\"_blank\" rel=\"noreferrer noopener\">Kunstmuseum Bonn<\/a><\/p>\n\n\n\n<p><a rel=\"noreferrer noopener\" href=\"https:\/\/www.villa-zanders.de\/\" target=\"_blank\">Kunstmuseum Villa Zanders<\/a><\/p>\n\n\n\n<p><a rel=\"noreferrer noopener\" href=\"http:\/\/www.kunst-und-museumsbibliothek.de\/\" target=\"_blank\">Kunst- und Museumsbibliothek<\/a><\/p>\n\n\n\n<p><a href=\"https:\/\/www.jawne.de\/\" target=\"_blank\" rel=\"noreferrer noopener\">Lern- und Gedenkort Jawne<\/a><\/p>\n\n\n\n<p><a rel=\"noreferrer noopener\" href=\"https:\/\/freilichtmuseum-lindlar.lvr.de\/de\/startseite.html\" target=\"_blank\">LVR Freilichtmuseum Lindlar<\/a><\/p>\n\n\n\n<p><a rel=\"noreferrer noopener\" href=\"https:\/\/industriemuseum.lvr.de\/de\/die_museen\/bergisch_gladbach\/schauplatz_3\/papiermuehle_alte_dombach.html\" target=\"_blank\">LVR Industriemuseum Papierm\u00fchle Alte Dombach<\/a><\/p>\n\n\n\n<p><a rel=\"noreferrer noopener\" href=\"https:\/\/maxernstmuseum.lvr.de\/de\/startseite_1.html\" target=\"_blank\">Max Ernst Museum Br\u00fchl des LVR<\/a><\/p>\n\n\n\n<p><a href=\"http:\/\/www.medien-museum.de\" target=\"_blank\" rel=\"noreferrer noopener\">Medien-Museum<\/a><\/p>\n\n\n\n<p><a href=\"https:\/\/medizinmuseum.cologne\/\" target=\"_blank\" rel=\"noreferrer noopener\">Medizinhistorisches Museum<\/a><\/p>\n\n\n\n<p><a href=\"http:\/\/www.uni-koeln.de\/math-nat-fak\/mineral\/museum\/museum.htm\" target=\"_blank\" rel=\"noreferrer noopener\">Mineralogisches Museum der Universit\u00e4t zu K\u00f6ln<\/a><\/p>\n\n\n\n<p><a rel=\"noreferrer noopener\" href=\"https:\/\/www.august-macke-haus.de\/\" target=\"_blank\">Museum August Macke Haus<\/a><\/p>\n\n\n\n<p><a href=\"https:\/\/makk.de\/\" target=\"_blank\" rel=\"noreferrer noopener\">Museum f\u00fcr Angewandte Kunst<\/a><\/p>\n\n\n\n<p><a href=\"https:\/\/www.popdom.de\/\" target=\"_blank\" rel=\"noreferrer noopener\">Museum f\u00fcr Design der 60er &amp; 70er Jahre im POPDOM<\/a><\/p>\n\n\n\n<p><a href=\"https:\/\/www.deutsches-tanzarchiv.de\/museum\/\" target=\"_blank\" rel=\"noreferrer noopener\">Museum des Deutschen Tanzarchivs K\u00f6ln<\/a><\/p>\n\n\n\n<p><a href=\"https:\/\/www.museum-ludwig.de\/\" target=\"_blank\" rel=\"noreferrer noopener\">Museum Ludwig<\/a><\/p>\n\n\n\n<p><a rel=\"noreferrer noopener\" href=\"http:\/\/www.museum-morsbroich.de\/\" target=\"_blank\">Museum Morsbroich<\/a><\/p>\n\n\n\n<p><a href=\"https:\/\/museum-fuer-ostasiatische-kunst.de\/Start\" target=\"_blank\" rel=\"noreferrer noopener\">Museum f\u00fcr Ostasiatische Kunst<\/a><\/p>\n\n\n\n<p><a href=\"https:\/\/www.museum-raffael-becker.de\/\" target=\"_blank\" rel=\"noreferrer noopener\">Museum Raffael Becker<\/a><\/p>\n\n\n\n<p><a rel=\"noreferrer noopener\" href=\"http:\/\/www.museum-schnuetgen.de\" target=\"_blank\">Museum Schn\u00fctgen<\/a><\/p>\n\n\n\n<p><a href=\"https:\/\/www.inselhombroich.de\/de\" target=\"_blank\" rel=\"noreferrer noopener\">Museumsinsel Hombroich<\/a><\/p>\n\n\n\n<p><a href=\"http:\/\/www.sk-kultur.de\" target=\"_blank\" rel=\"noreferrer noopener\">Die Photographische Sammlung\/SK Stiftung Kultur<\/a><\/p>\n\n\n\n<p><a rel=\"noreferrer noopener\" href=\"https:\/\/miqua.lvr.de\/de\/index.html\" target=\"_blank\">MiQua &#8211; LVR-J\u00fcdisches Museum im Arch\u00e4ologischen Quartier K\u00f6ln<\/a><\/p>\n\n\n\n<p><a rel=\"noreferrer noopener\" href=\"https:\/\/www.holzcity.de\/museum.html\" target=\"_blank\">Privatmuseum Theodor Schumacher S\u00f6hne &#8222;2000 Jahre Geschichte im Vringsveedel&#8220;<\/a><\/p>\n\n\n\n<p><a href=\"http:\/\/radiomuseum-koeln.de\" target=\"_blank\" rel=\"noreferrer noopener\">RadioMuseum K\u00f6ln<\/a><\/p>\n\n\n\n<p><a rel=\"noreferrer noopener\" href=\"http:\/\/www.museenkoeln.de\/rautenstrauch-joest-museum\/\" target=\"_blank\">Rautenstrauch-Joest-Museum &#8211; Kulturen der Welt<\/a><\/p>\n\n\n\n<p><a rel=\"noreferrer noopener\" href=\"https:\/\/www.stadt-koeln.de\/leben-in-koeln\/kultur\/rheinisches-bildarchiv\/index.html\" target=\"_blank\">Rheinisches Bildarchiv<\/a><\/p>\n\n\n\n<p><a rel=\"noreferrer noopener\" href=\"http:\/\/www.rimkoeln.de\/\" target=\"_blank\">Rheinisches Industriebahn-Museum e.V.<\/a><\/p>\n\n\n\n<p><a rel=\"noreferrer noopener\" href=\"https:\/\/www.roemisch-germanisches-museum.de\/Startseite\" target=\"_blank\">R\u00f6misch-Germanisches Museum<\/a><\/p>\n\n\n\n<p><a rel=\"noreferrer noopener\" href=\"https:\/\/www.ksk-koeln.de\/de\/home\/ihre-sparkasse\/geldgeschichte.html\" target=\"_blank\">Sammlung Geldgeschichte der Kreissparkasse K\u00f6ln<\/a><\/p>\n\n\n\n<p><a href=\"http:\/\/www.schokoladenmuseum.de\" target=\"_blank\" rel=\"noreferrer noopener\">Schokoladenmuseum<\/a><\/p>\n\n\n\n<p><a href=\"https:\/\/www.das-schulmuseum.de\/\" target=\"_blank\" rel=\"noreferrer noopener\">Schulmuseum Bergisch Gladbach<\/a><\/p>\n\n\n\n<p><a href=\"http:\/\/www.skulpturenparkkoeln.de\/\" target=\"_blank\" rel=\"noreferrer noopener\">Skulpturenpark K\u00f6ln<\/a><\/p>\n\n\n\n<p><a rel=\"noreferrer noopener\" href=\"https:\/\/www.bergischgladbach.de\/fossiliensammlung.aspx\" target=\"_blank\">Fossiliensammlung der Stadt Bergisch Gladbach<\/a><\/p>\n\n\n\n<p><a href=\"http:\/\/www.stiftung-zanders.de\/\" target=\"_blank\" rel=\"noreferrer noopener\">Stiftung Zanders &#8211; Papiergeschichtliche Sammlung<\/a><\/p>\n\n\n\n<p><a rel=\"noreferrer noopener\" href=\"https:\/\/www.hsk-koeln.de\/german\/\" target=\"_blank\">Stra\u00dfenbahn-Museum Thielenbruch der K\u00f6lner Verkehrs-Betriebe AG<\/a><\/p>\n\n\n\n<p><a href=\"http:\/\/www.therhineart.de\/\" target=\"_blank\" rel=\"noreferrer noopener\">TheRhineArt e.V. (Anne und Konrad Beikircher, Bonn)<\/a><\/p>\n\n\n\n<p><a href=\"http:\/\/www.wallraf.museum\" target=\"_blank\" rel=\"noreferrer noopener\">Wallraf-Richartz-Museum &amp; Fondation Corboud<\/a><\/p>\n\n\n\n<hr class=\"wp-block-separator has-css-opacity\"\/>\n\n\n\n<p><a rel=\"noreferrer noopener\" href=\"http:\/\/www.rheinischemuseen.de\/\" target=\"_blank\">Museen und aktuelle Ausstellungen im Rheinland<\/a><\/p>\n\n\n\n<p><a rel=\"noreferrer noopener\" href=\"http:\/\/www.museen.de\" target=\"_blank\">Museen in Deutschland<\/a><\/p>\n\n\n\n<p><a href=\"https:\/\/de.wikipedia.org\/wiki\/Liste_deutscher_Museen_nach_Themen?wprov=sfti1\">Liste deutscher Museen nach Themen  (Wikimedia-<\/a><a href=\"https:\/\/de.wikipedia.org\/wiki\/Liste_deutscher_Museen_nach_Themen?wprov=sfti1\" target=\"_blank\" rel=\"noreferrer noopener\">Liste)<\/a><\/p>\n\n\n\n<p><a href=\"https:\/\/www.phaenomenta-luedenscheid.de\/\" target=\"_blank\" rel=\"noreferrer noopener\">PH\u00c4NOMENTA L\u00fcdenscheid<\/a><\/p>\n\n\n\n<p><a rel=\"noreferrer noopener\" href=\"http:\/\/www.museumderunerhoertendinge.de\" target=\"_blank\">Museum der Unerh\u00f6rten Dinge Berlin<\/a><\/p>\n\n\n\n<hr class=\"wp-block-separator has-css-opacity\"\/>\n\n\n\n<p>Alle Angaben ohne Gew\u00e4hr. Korrekturen und Erg\u00e4nzungen bitte an die <a href=\"mailto:contact@insidecologne.de\">Redaktion<\/a>.<\/p>\n\n\n<p><\/div>\n\t\t<\/div><div class='yrm-btn-wrapper yrm-btn-wrapper-1 yrm-more-button-wrapper  '\n\t\tdata-custom-more-class-name='' data-custom-less-class-name=''><span title='' data-less-title='' data-more-title='' class='yrm-toggle-expand  yrm-toggle-expand-1 ' data-rel='yrm-E2pKc' data-more='Mehr' data-less='Weniger'><span class='yrm-text-wrapper yrm-text-wrapper-custom-dimensions'><span class=\"yrm-button-text-1 yrm-button-text-span\">Mehr<\/span><\/span><\/span><\/div>\n\n\n<h2 class=\"wp-block-heading\" id=\"tid187\">Das K\u00f6lner Kultur-Picknick<\/h2>\n\n\n\n<h3 class=\"wp-block-heading\">Kunst und Natur links und rechts vom Rhein erleben \u2013 mobil, spannend, anders!<\/h3>\n\n\n<div class=\"wp-block-image is-style-default\">\n<figure class=\"aligncenter size-medium\"><a href=\"https:\/\/cologneweb.com\/AbisZ\/wp-content\/uploads\/2021\/03\/IMG_4284-Kopie-scaled.jpg\"><img loading=\"lazy\" decoding=\"async\" width=\"300\" height=\"224\" src=\"https:\/\/cologneweb.com\/AbisZ\/wp-content\/uploads\/2021\/03\/IMG_4284-Kopie-300x224.jpg\" alt=\"Mit der Fahrradrikscha unterwegs\" class=\"wp-image-527\" srcset=\"https:\/\/cologneweb.com\/AbisZ\/wp-content\/uploads\/2021\/03\/IMG_4284-Kopie-300x224.jpg 300w, https:\/\/cologneweb.com\/AbisZ\/wp-content\/uploads\/2021\/03\/IMG_4284-Kopie-1024x765.jpg 1024w, https:\/\/cologneweb.com\/AbisZ\/wp-content\/uploads\/2021\/03\/IMG_4284-Kopie-768x574.jpg 768w, https:\/\/cologneweb.com\/AbisZ\/wp-content\/uploads\/2021\/03\/IMG_4284-Kopie-1536x1147.jpg 1536w, https:\/\/cologneweb.com\/AbisZ\/wp-content\/uploads\/2021\/03\/IMG_4284-Kopie-2048x1530.jpg 2048w, https:\/\/cologneweb.com\/AbisZ\/wp-content\/uploads\/2021\/03\/IMG_4284-Kopie-1200x896.jpg 1200w\" sizes=\"auto, (max-width: 300px) 85vw, 300px\" \/><\/a><figcaption class=\"wp-element-caption\">Mit der Fahrradrikscha unterwegs<\/figcaption><\/figure>\n<\/div>\n\n\n<p class=\"has-drop-cap has-light-gray-background-color has-background\">Ein bisschen Stadtgeschichte muss einfach sein. Deshalb zeigen wir Ihnen als Einstieg die wichtigsten Sehensw\u00fcrdigkeiten per Bus. <br> Im Anschluss geht es unter kundiger Leitung in den kleinen, aber feinen Skulpturenpark im Norden der Stadt, der mit mehr als 30 interessanten Kunstobjekten in einer idyllischen Gartenlandschaft aufwarten kann. <br> Von hier sind es nur wenige Schritte zur Rheinseilbahn, mit der Sie gem\u00fctlich \u00fcber den Fluss schweben und ganz entspannt den einzigartigen Panoramablick genie\u00dfen k\u00f6nnen, denn es handelt sich um K\u00f6lns sicherstes Verkehrsmittel!<br>Auf der anderen Seite werden Sie im Rheinpark bereits von Ihrer pers\u00f6nlichen Rikschaflotte erwartet, die Ihnen an einem lauschigen Pl\u00e4tzchen ein typisch k\u00f6lsches oder mediterranes Picknick bereitet und Sie schlie\u00dflich zur\u00fcck zum Dom radelt, ohne dass Sie selbst ein einziges Mal in die Pedale treten m\u00fcssen.<\/p>\n\n\n\n<p class=\"has-light-gray-background-color has-background\">Diese Tour wurde von dem K\u00fcnstler und Kulturvermittler<a href=\"https:\/\/cologneweb.com\/AtelierThomasPlum\/\" data-type=\"link\" data-id=\"https:\/\/cologneweb.com\/AtelierThomasPlum\/\" target=\"_blank\" rel=\"noreferrer noopener\"> Dr.Thomas Plum<\/a> konzipiert, der sie auch selber f\u00fchrt.<\/p>\n\n\n\n<ul class=\"wp-block-list has-light-gray-background-color has-background\">\n<li>Reiseleitung durch qualifizierten Guide<\/li>\n\n\n\n<li>Bus mit Fahrer<\/li>\n\n\n\n<li>Anmeldung der F\u00fchrung im Skulpturenpark<\/li>\n\n\n\n<li>Tickets f\u00fcr die Rheinseilbahn<\/li>\n\n\n\n<li>Fahrrad-Rikschas mit Fahrer<\/li>\n\n\n\n<li>Picknick mit kalten Speisen und Getr\u00e4nken<\/li>\n<\/ul>\n\n\n\n<p class=\"has-light-gray-background-color has-background\">In Kooperation mit <a href=\"https:\/\/www.rikolonia.de\/\" target=\"_blank\" rel=\"noreferrer noopener\">Rikolonia<\/a><\/p>\n\n\n\n<p class=\"has-light-gray-background-color has-background\"><em>Dieses Programm ist nur von April bis Oktober durchf\u00fchrbar.<\/em><\/p>\n\n\n\n<p class=\"has-light-gray-background-color has-background\">Gruppen ab 10 Personen, Dauer: ca. 3,5 Std.<\/p>\n\n\n\n<p class=\"has-light-gray-background-color has-background\">Preis: \u20ac 225,00 pro Person, Mindestpreis \u20ac 1.250,- (inkl. Picknick)<\/p>\n\n\n\n<p class=\"has-light-blue-background-color has-background\"><a href=\"https:\/\/buchung.insidecologne.de\/de\/buchung?tid=187\">Diese Veranstaltung (Das K\u00f6lner Kultur-Picknick) anfragen oder buchen<\/a><\/p>\n","protected":false},"excerpt":{"rendered":"<p>Aktuelles Museen in der Region und dar\u00fcber hinaus St\u00e4dtische Museen in K\u00f6ln Barrierefreier Museumsbesuch f\u00fcr Menschen mit Einschr\u00e4nkungen<\/p>\n","protected":false},"author":1,"featured_media":0,"parent":23,"menu_order":0,"comment_status":"closed","ping_status":"closed","template":"","meta":{"footnotes":""},"class_list":["post-105","page","type-page","status-publish","hentry"],"_links":{"self":[{"href":"https:\/\/cologneweb.com\/AbisZ\/wp-json\/wp\/v2\/pages\/105","targetHints":{"allow":["GET"]}}],"collection":[{"href":"https:\/\/cologneweb.com\/AbisZ\/wp-json\/wp\/v2\/pages"}],"about":[{"href":"https:\/\/cologneweb.com\/AbisZ\/wp-json\/wp\/v2\/types\/page"}],"author":[{"embeddable":true,"href":"https:\/\/cologneweb.com\/AbisZ\/wp-json\/wp\/v2\/users\/1"}],"replies":[{"embeddable":true,"href":"https:\/\/cologneweb.com\/AbisZ\/wp-json\/wp\/v2\/comments?post=105"}],"version-history":[{"count":111,"href":"https:\/\/cologneweb.com\/AbisZ\/wp-json\/wp\/v2\/pages\/105\/revisions"}],"predecessor-version":[{"id":5571,"href":"https:\/\/cologneweb.com\/AbisZ\/wp-json\/wp\/v2\/pages\/105\/revisions\/5571"}],"up":[{"embeddable":true,"href":"https:\/\/cologneweb.com\/AbisZ\/wp-json\/wp\/v2\/pages\/23"}],"wp:attachment":[{"href":"https:\/\/cologneweb.com\/AbisZ\/wp-json\/wp\/v2\/media?parent=105"}],"curies":[{"name":"wp","href":"https:\/\/api.w.org\/{rel}","templated":true}]}}